{"id":1351,"date":"2019-05-21T17:08:10","date_gmt":"2019-05-21T17:08:10","guid":{"rendered":"https:\/\/portal.rare.org\/?p=1351"},"modified":"2020-04-29T02:46:37","modified_gmt":"2020-04-29T02:46:37","slug":"community-enterprises","status":"publish","type":"page","link":"https:\/\/portal.rare.org\/br\/program-resources\/community-enterprises\/","title":{"rendered":"Empresas Comunit\u00e1rias"},"content":{"rendered":"<p>A Rare alavancar\u00e1 o sistema de clube de poupan\u00e7a para desenvolver empreendimentos comunit\u00e1rios - neg\u00f3cios ancorados na comunidade e de propriedade de v\u00e1rios membros dessa comunidade. As empresas comunit\u00e1rias ter\u00e3o como objetivo melhorar as cadeias de valor locais de forma a maximizar o valor retido pelas fam\u00edlias de pescadores e manter importantes la\u00e7os sociais e coes\u00e3o.<\/p>\n<p>Os empreendimentos s\u00e3o planejados em torno de uma necessidade comunit\u00e1ria identificada e geralmente fornecem servi\u00e7os que melhoram a cadeia de valor, agregando valor p\u00f3s-colheita, como opera\u00e7\u00f5es de secagem \/ embalagem de peixes, ou fornecendo servi\u00e7os para melhorar a pesca, como produ\u00e7\u00e3o de gelo e armazenamento refrigerado.<\/p>\n\n\n<p><a href=\"https:\/\/portal.rare.org\/wp-content\/uploads\/2019\/05\/Commuity-Enterprises.pdf\">Empresas Comunit\u00e1rias - Planejamento e Implementa\u00e7\u00e3o<\/a><\/p>","protected":false},"excerpt":{"rendered":"<p>Rare will leverage the savings club system to develop community enterprises \u2013 businesses that are anchored in the community and owned by multiple members of that community. Community enterprises will aim to improve local value chains in ways that maximize value retained by fisher households and maintain important social ties [&hellip;]<\/p>\n","protected":false},"author":1,"featured_media":0,"parent":448,"menu_order":6,"comment_status":"closed","ping_status":"closed","template":"template-fullwidth.php","meta":{"footnotes":""},"folder":[],"class_list":["post-1351","page","type-page","status-publish","hentry"],"featured_image_urls":{"full":"","thumbnail":"","medium":"","medium_large":"","large":"","1536x1536":"","2048x2048":"","trp-custom-language-flag":"","homepage-slider":"","homepage-slider-small":"","page-top":"","page-small":"","loop-main":"","thumb-gallery-widget":""},"post_excerpt_stackable":"<p>Rare will leverage the savings club system to develop community enterprises \u2013 businesses that are anchored in the community and owned by multiple members of that community. Community enterprises will aim to improve local value chains in ways that maximize value retained by fisher households and maintain important social ties and cohesion. The enterprises are planned around an identified community need and generally provide services that improve the value chain, either adding value post-harvest such as fish drying\/packaging operations or providing services to improve the fishery such as ice production, cold storage. Community Enterprises &#8211; Planning &amp; Implementation<\/p>\n","category_list":"","author_info":{"name":"gstoyle@rare.org","url":"https:\/\/portal.rare.org\/br\/author\/gstoylerare-org\/"},"comments_num":"0 coment\u00e1rio","featured_image_urls_v2":{"full":"","thumbnail":"","medium":"","medium_large":"","large":"","1536x1536":"","2048x2048":"","trp-custom-language-flag":"","homepage-slider":"","homepage-slider-small":"","page-top":"","page-small":"","loop-main":"","thumb-gallery-widget":""},"post_excerpt_stackable_v2":"<p>Rare will leverage the savings club system to develop community enterprises \u2013 businesses that are anchored in the community and owned by multiple members of that community. Community enterprises will aim to improve local value chains in ways that maximize value retained by fisher households and maintain important social ties and cohesion. The enterprises are planned around an identified community need and generally provide services that improve the value chain, either adding value post-harvest such as fish drying\/packaging operations or providing services to improve the fishery such as ice production, cold storage. Community Enterprises &#8211; Planning &amp; Implementation<\/p>\n","category_list_v2":"","author_info_v2":{"name":"gstoyle@rare.org","url":"https:\/\/portal.rare.org\/br\/author\/gstoylerare-org\/"},"comments_num_v2":"0 coment\u00e1rio","_links":{"self":[{"href":"https:\/\/portal.rare.org\/br\/wp-json\/wp\/v2\/pages\/1351","targetHints":{"allow":["GET"]}}],"collection":[{"href":"https:\/\/portal.rare.org\/br\/wp-json\/wp\/v2\/pages"}],"about":[{"href":"https:\/\/portal.rare.org\/br\/wp-json\/wp\/v2\/types\/page"}],"author":[{"embeddable":true,"href":"https:\/\/portal.rare.org\/br\/wp-json\/wp\/v2\/users\/1"}],"replies":[{"embeddable":true,"href":"https:\/\/portal.rare.org\/br\/wp-json\/wp\/v2\/comments?post=1351"}],"version-history":[{"count":0,"href":"https:\/\/portal.rare.org\/br\/wp-json\/wp\/v2\/pages\/1351\/revisions"}],"up":[{"embeddable":true,"href":"https:\/\/portal.rare.org\/br\/wp-json\/wp\/v2\/pages\/448"}],"wp:attachment":[{"href":"https:\/\/portal.rare.org\/br\/wp-json\/wp\/v2\/media?parent=1351"}],"wp:term":[{"taxonomy":"folder","embeddable":true,"href":"https:\/\/portal.rare.org\/br\/wp-json\/wp\/v2\/folder?post=1351"}],"curies":[{"name":"wp","href":"https:\/\/api.w.org\/{rel}","templated":true}]}}