{"id":1760,"date":"2020-10-28T18:07:12","date_gmt":"2020-10-28T18:07:12","guid":{"rendered":"https:\/\/portal.rare.org\/?page_id=1760"},"modified":"2020-10-28T18:15:27","modified_gmt":"2020-10-28T18:15:27","slug":"privacy","status":"publish","type":"page","link":"https:\/\/portal.rare.org\/br\/privacy\/","title":{"rendered":"Privacidade"},"content":{"rendered":"<p>Sua privacidade \u00e9 importante para n\u00f3s. \u00c9 pol\u00edtica da Rare respeitar sua privacidade em rela\u00e7\u00e3o a qualquer informa\u00e7\u00e3o que possamos coletar de voc\u00ea em nosso site,\u00a0<a href=\"http:\/\/portal.rare.org\/br\/\">http:\/\/portal.rare.org<\/a>e outros sites que possu\u00edmos e operamos.<\/p>\n\n\n\n<p>Solicitamos informa\u00e7\u00f5es pessoais apenas quando realmente precisamos delas para prestar um servi\u00e7o a voc\u00ea. N\u00f3s os recolhemos por meios justos e legais, com o seu conhecimento e consentimento. Tamb\u00e9m informamos por que o estamos coletando e como ele ser\u00e1 usado.<\/p>\n\n\n\n<p>N\u00f3s apenas retemos as informa\u00e7\u00f5es coletadas pelo tempo necess\u00e1rio para lhe fornecer o servi\u00e7o solicitado. Os dados que armazenamos, protegeremos dentro de meios comercialmente aceit\u00e1veis para evitar perda e roubo, bem como acesso n\u00e3o autorizado, divulga\u00e7\u00e3o, c\u00f3pia, uso ou modifica\u00e7\u00e3o.<\/p>\n\n\n\n<p>N\u00e3o compartilhamos nenhuma informa\u00e7\u00e3o de identifica\u00e7\u00e3o pessoal publicamente ou com terceiros, exceto quando exigido por lei.<\/p>\n\n\n\n<p>Nosso site pode conter links para sites externos que n\u00e3o s\u00e3o operados por n\u00f3s. Esteja ciente de que n\u00e3o temos controle sobre o conte\u00fado e as pr\u00e1ticas desses sites e n\u00e3o podemos aceitar a responsabilidade ou obriga\u00e7\u00e3o por suas respectivas pol\u00edticas de privacidade.<\/p>\n\n\n\n<p>Voc\u00ea \u00e9 livre para recusar nossa solicita\u00e7\u00e3o de suas informa\u00e7\u00f5es pessoais, com o entendimento de que podemos n\u00e3o ser capazes de lhe fornecer alguns dos servi\u00e7os desejados.<\/p>\n\n\n\n<p>Seu uso continuado de nosso site ser\u00e1 considerado como aceita\u00e7\u00e3o de nossas pr\u00e1ticas em rela\u00e7\u00e3o \u00e0 privacidade e informa\u00e7\u00f5es pessoais. Se voc\u00ea tiver alguma d\u00favida sobre como lidamos com os dados do usu\u00e1rio e informa\u00e7\u00f5es pessoais, entre em contato conosco.<\/p>\n\n\n\n<p>Esta pol\u00edtica entra em vigor em 28 de outubro de 2020.<\/p>","protected":false},"excerpt":{"rendered":"<p>Your privacy is important to us. It is Rare&#8217;s policy to respect your privacy regarding any information we may collect from you across our website,\u00a0http:\/\/portal.rare.org, and other sites we own and operate. We only ask for personal information when we truly need it to provide a service to you. We [&hellip;]<\/p>\n","protected":false},"author":1,"featured_media":0,"parent":0,"menu_order":18,"comment_status":"closed","ping_status":"closed","template":"","meta":{"footnotes":""},"folder":[],"class_list":["post-1760","page","type-page","status-publish","hentry"],"featured_image_urls":{"full":"","thumbnail":"","medium":"","medium_large":"","large":"","1536x1536":"","2048x2048":"","trp-custom-language-flag":"","homepage-slider":"","homepage-slider-small":"","page-top":"","page-small":"","loop-main":"","thumb-gallery-widget":""},"post_excerpt_stackable":"<p>Your privacy is important to us. It is Rare&#8217;s policy to respect your privacy regarding any information we may collect from you across our website,\u00a0http:\/\/portal.rare.org, and other sites we own and operate. We only ask for personal information when we truly need it to provide a service to you. We collect it by fair and lawful means, with your knowledge and consent. We also let you know why we\u2019re collecting it and how it will be used. We only retain collected information for as long as necessary to provide you with your requested service. What data we store, we\u2019ll protect&hellip;<\/p>\n","category_list":"","author_info":{"name":"gstoyle@rare.org","url":"https:\/\/portal.rare.org\/br\/author\/gstoylerare-org\/"},"comments_num":"0 coment\u00e1rio","featured_image_urls_v2":{"full":"","thumbnail":"","medium":"","medium_large":"","large":"","1536x1536":"","2048x2048":"","trp-custom-language-flag":"","homepage-slider":"","homepage-slider-small":"","page-top":"","page-small":"","loop-main":"","thumb-gallery-widget":""},"post_excerpt_stackable_v2":"<p>Your privacy is important to us. It is Rare&#8217;s policy to respect your privacy regarding any information we may collect from you across our website,\u00a0http:\/\/portal.rare.org, and other sites we own and operate. We only ask for personal information when we truly need it to provide a service to you. We collect it by fair and lawful means, with your knowledge and consent. We also let you know why we\u2019re collecting it and how it will be used. We only retain collected information for as long as necessary to provide you with your requested service. What data we store, we\u2019ll protect&hellip;<\/p>\n","category_list_v2":"","author_info_v2":{"name":"gstoyle@rare.org","url":"https:\/\/portal.rare.org\/br\/author\/gstoylerare-org\/"},"comments_num_v2":"0 coment\u00e1rio","_links":{"self":[{"href":"https:\/\/portal.rare.org\/br\/wp-json\/wp\/v2\/pages\/1760","targetHints":{"allow":["GET"]}}],"collection":[{"href":"https:\/\/portal.rare.org\/br\/wp-json\/wp\/v2\/pages"}],"about":[{"href":"https:\/\/portal.rare.org\/br\/wp-json\/wp\/v2\/types\/page"}],"author":[{"embeddable":true,"href":"https:\/\/portal.rare.org\/br\/wp-json\/wp\/v2\/users\/1"}],"replies":[{"embeddable":true,"href":"https:\/\/portal.rare.org\/br\/wp-json\/wp\/v2\/comments?post=1760"}],"version-history":[{"count":0,"href":"https:\/\/portal.rare.org\/br\/wp-json\/wp\/v2\/pages\/1760\/revisions"}],"wp:attachment":[{"href":"https:\/\/portal.rare.org\/br\/wp-json\/wp\/v2\/media?parent=1760"}],"wp:term":[{"taxonomy":"folder","embeddable":true,"href":"https:\/\/portal.rare.org\/br\/wp-json\/wp\/v2\/folder?post=1760"}],"curies":[{"name":"wp","href":"https:\/\/api.w.org\/{rel}","templated":true}]}}