{"id":18,"date":"2013-03-11T10:15:27","date_gmt":"2013-03-11T10:15:27","guid":{"rendered":"http:\/\/demo.wpzoom.com\/academica-pro\/?page_id=18"},"modified":"2024-02-16T16:20:28","modified_gmt":"2024-02-16T16:20:28","slug":"strategy","status":"publish","type":"page","link":"https:\/\/portal.rare.org\/br\/program-resources\/strategy\/","title":{"rendered":"Estrat\u00e9gia do Programa"},"content":{"rendered":"<div class=\"wp-block-ugb-columns ugb-columns ugb-679c0ee ugb-columns--design-plain ugb-columns--columns-2 ugb-main-block\"><style>.ugb-679c0ee > .ugb-inner-block > .ugb-block-content > .ugb-columns__item{grid-template-columns:0.90fr 1.10fr !important}<\/style><div class=\"ugb-inner-block\"><div class=\"ugb-block-content\"><div class=\"ugb-columns__item ugb-679c0ee-content-wrapper\">\n<div class=\"wp-block-ugb-column ugb-column ugb-9280ddc ugb-column--design-plain ugb-main-block\"><style>@media screen and (min-width:768px){.ugb-9280ddc > .ugb-inner-block > .ugb-block-content > *{justify-content:center}}.ugb-9280ddc > .ugb-inner-block > .ugb-block-content > *{justify-content:center !important}<\/style><div class=\"ugb-inner-block\"><div class=\"ugb-block-content\"><div class=\"ugb-column__item ugb-9280ddc-column-wrapper\"><div class=\"ugb-column__content-wrapper\">\n<div class=\"wp-block-stackable-heading stk-block-heading stk-block-heading--v2 stk-block stk-67e1c88\" id=\"were-building-a-movement-for-change\" data-block-id=\"67e1c88\"><h2 class=\"stk-block-heading__text\">Estamos construindo um movimento de mudan\u00e7a<\/h2><\/div>\n\n\n\n<p><strong>Fish Forever: <\/strong>O programa global da Rare para transformar a forma como protegemos e gerenciamos os mares territoriais do mundo.<\/p>\n\n\n\n<p><br><strong>Nossa solu\u00e7\u00e3o: <\/strong>Gerenciamento liderado pela comunidade de pescarias e ecossistemas costeiros.<\/p>\n\n\n\n<p><br><strong>Nosso trabalho: <\/strong>O Fish Forever revitaliza os habitats marinhos costeiros, como recifes de coral, mangues e ervas marinhas, protege a biodiversidade e garante a subsist\u00eancia das fam\u00edlias de pescadores e de suas comunidades. Juntamente com parceiros e l\u00edderes locais, fortalecemos o gerenciamento da pesca liderado pela comunidade. Fazemos isso usando ci\u00eancias comportamentais, sociais e biol\u00f3gicas, uma abordagem de gerenciamento marinho baseada em \u00e1reas e direitos, envolvimento da comunidade, dados para a tomada de decis\u00f5es, inclus\u00e3o financeira e de mercado, finan\u00e7as combinadas e pol\u00edticas e regulamenta\u00e7\u00f5es favor\u00e1veis.<\/p>\n\n\n\n<p><br><strong>Nosso impacto: <\/strong>O trabalho beneficia as pessoas, a natureza e o clima, ajudando a garantir um suprimento de alimentos mais sustent\u00e1vel, a melhorar a igualdade social e a obter maior resist\u00eancia a impactos externos, como as mudan\u00e7as clim\u00e1ticas.<\/p>\n<\/div><\/div><\/div><\/div><\/div>\n\n\n\n<div class=\"wp-block-ugb-column ugb-column ugb-5e7c455 ugb-column--design-plain ugb-main-block\"><style>@media screen and (min-width:768px){.ugb-5e7c455.ugb-column{margin-top:-35px !important}.ugb-5e7c455 > .ugb-inner-block > .ugb-block-content > *{justify-content:center}}.ugb-5e7c455 > .ugb-inner-block > .ugb-block-content > *{justify-content:center !important}<\/style><div class=\"ugb-inner-block\"><div class=\"ugb-block-content\"><div class=\"ugb-column__item ugb-5e7c455-column-wrapper\"><div class=\"ugb-column__content-wrapper\">\n<div class=\"wp-block-stackable-image stk-block-image stk-block stk-b04f6e6\" data-block-id=\"b04f6e6\"><style>.stk-b04f6e6{align-items:center !important;display:flex !important}<\/style><figure><span class=\"stk-img-wrapper stk-image--shape-stretch\"><img loading=\"lazy\" decoding=\"async\" class=\"stk-img wp-image-10850\" src=\"https:\/\/portal.rare.org\/wp-content\/uploads\/2024\/02\/FF-approach-elements.png\" width=\"1500\" height=\"1500\" srcset=\"https:\/\/portal.rare.org\/wp-content\/uploads\/2024\/02\/FF-approach-elements.png 1500w, https:\/\/portal.rare.org\/wp-content\/uploads\/2024\/02\/FF-approach-elements-300x300.png 300w, https:\/\/portal.rare.org\/wp-content\/uploads\/2024\/02\/FF-approach-elements-1024x1024.png 1024w, https:\/\/portal.rare.org\/wp-content\/uploads\/2024\/02\/FF-approach-elements-150x150.png 150w, https:\/\/portal.rare.org\/wp-content\/uploads\/2024\/02\/FF-approach-elements-768x768.png 768w, https:\/\/portal.rare.org\/wp-content\/uploads\/2024\/02\/FF-approach-elements-12x12.png 12w, https:\/\/portal.rare.org\/wp-content\/uploads\/2024\/02\/FF-approach-elements-947x947.png 947w, https:\/\/portal.rare.org\/wp-content\/uploads\/2024\/02\/FF-approach-elements-624x624.png 624w\" sizes=\"auto, (max-width: 1500px) 100vw, 1500px\" \/><\/span><\/figure><\/div>\n<\/div><\/div><\/div><\/div><\/div>\n<\/div><\/div><\/div><\/div>\n\n\n\n<div class=\"wp-block-ugb-divider ugb-divider ugb-f0a1c8a ugb-divider--v2 ugb-divider--design-dots ugb-main-block\"><style>.ugb-f0a1c8a .ugb-divider__dots{width:10% !important;margin-left:auto !important;margin-right:auto !important}.ugb-f0a1c8a .ugb-divider__dot{height:7px !important;width:7px !important}<\/style><div class=\"ugb-inner-block\"><div class=\"ugb-block-content\"><hr class=\"ugb-divider__hr\"\/><div class=\"ugb-divider__dots\" aria-hidden=\"true\"><div class=\"ugb-divider__dot\"><\/div><div class=\"ugb-divider__dot\"><\/div><div class=\"ugb-divider__dot\"><\/div><\/div><\/div><\/div><\/div>\n\n\n\n<h4 class=\"wp-block-heading\">O modelo Fish Forever: Uma rede de \u00e1reas de acesso gerenciado com reservas<\/h4>\n\n\n\n<p>O Fish Forever usa uma abordagem liderada pela comunidade, centrada no comportamento e baseada em direitos para gerenciar as \u00e1guas territoriais. Nossa abordagem est\u00e1 ancorada em um sistema de gerenciamento marinho em rede chamado Managed Access with Reserves (MA+R), que combina \u00e1reas totalmente protegidas com zonas de uso sustent\u00e1vel, conectadas em rede na escala ecol\u00f3gica e de governan\u00e7a correta.<\/p>\n\n\n\n<div id=\"image-map-pro-3865\"><\/div>\n\n\n\n<p><\/p>","protected":false},"excerpt":{"rendered":"<p>We&#8217;re building a movement for change Fish Forever: Rare&#8217;s global program to transform how we protect and manage the world&#8217;s territorial seas. Our Solution: Community-led management of coastal fisheries and ecosystems. Our Work: Fish Forever revitalizes coastal marine habitats, such as coral reefs, mangroves, and seagrasses, protects biodiversity, and secures [&hellip;]<\/p>\n","protected":false},"author":1,"featured_media":0,"parent":448,"menu_order":1,"comment_status":"closed","ping_status":"closed","template":"template-fullwidth.php","meta":{"footnotes":""},"folder":[368],"class_list":["post-18","page","type-page","status-publish","hentry"],"featured_image_urls":{"full":"","thumbnail":"","medium":"","medium_large":"","large":"","1536x1536":"","2048x2048":"","trp-custom-language-flag":"","homepage-slider":"","homepage-slider-small":"","page-top":"","page-small":"","loop-main":"","thumb-gallery-widget":""},"post_excerpt_stackable":"<p>We&#8217;re building a movement for change Fish Forever: Rare&#8217;s global program to transform how we protect and manage the world&#8217;s territorial seas. Our Solution: Community-led management of coastal fisheries and ecosystems. Our Work: Fish Forever revitalizes coastal marine habitats, such as coral reefs, mangroves, and seagrasses, protects biodiversity, and secures the livelihoods of fisher households and their communities. Together with partners and local leaders, we strengthen community-led fisheries management. We do this by using behavioral, social, and biological sciences, an area- and rights-based marine management approach, community engagement, data for decision-making, financial and market inclusion, blended finance, and enabling policies&hellip;<\/p>\n","category_list":"","author_info":{"name":"gstoyle@rare.org","url":"https:\/\/portal.rare.org\/br\/author\/gstoylerare-org\/"},"comments_num":"0 coment\u00e1rio","featured_image_urls_v2":{"full":"","thumbnail":"","medium":"","medium_large":"","large":"","1536x1536":"","2048x2048":"","trp-custom-language-flag":"","homepage-slider":"","homepage-slider-small":"","page-top":"","page-small":"","loop-main":"","thumb-gallery-widget":""},"post_excerpt_stackable_v2":"<p>We&#8217;re building a movement for change Fish Forever: Rare&#8217;s global program to transform how we protect and manage the world&#8217;s territorial seas. Our Solution: Community-led management of coastal fisheries and ecosystems. Our Work: Fish Forever revitalizes coastal marine habitats, such as coral reefs, mangroves, and seagrasses, protects biodiversity, and secures the livelihoods of fisher households and their communities. Together with partners and local leaders, we strengthen community-led fisheries management. We do this by using behavioral, social, and biological sciences, an area- and rights-based marine management approach, community engagement, data for decision-making, financial and market inclusion, blended finance, and enabling policies&hellip;<\/p>\n","category_list_v2":"","author_info_v2":{"name":"gstoyle@rare.org","url":"https:\/\/portal.rare.org\/br\/author\/gstoylerare-org\/"},"comments_num_v2":"0 coment\u00e1rio","_links":{"self":[{"href":"https:\/\/portal.rare.org\/br\/wp-json\/wp\/v2\/pages\/18","targetHints":{"allow":["GET"]}}],"collection":[{"href":"https:\/\/portal.rare.org\/br\/wp-json\/wp\/v2\/pages"}],"about":[{"href":"https:\/\/portal.rare.org\/br\/wp-json\/wp\/v2\/types\/page"}],"author":[{"embeddable":true,"href":"https:\/\/portal.rare.org\/br\/wp-json\/wp\/v2\/users\/1"}],"replies":[{"embeddable":true,"href":"https:\/\/portal.rare.org\/br\/wp-json\/wp\/v2\/comments?post=18"}],"version-history":[{"count":0,"href":"https:\/\/portal.rare.org\/br\/wp-json\/wp\/v2\/pages\/18\/revisions"}],"up":[{"embeddable":true,"href":"https:\/\/portal.rare.org\/br\/wp-json\/wp\/v2\/pages\/448"}],"wp:attachment":[{"href":"https:\/\/portal.rare.org\/br\/wp-json\/wp\/v2\/media?parent=18"}],"wp:term":[{"taxonomy":"folder","embeddable":true,"href":"https:\/\/portal.rare.org\/br\/wp-json\/wp\/v2\/folder?post=18"}],"curies":[{"name":"wp","href":"https:\/\/api.w.org\/{rel}","templated":true}]}}