{"id":1815,"date":"2019-08-12T16:12:07","date_gmt":"2019-08-12T16:12:07","guid":{"rendered":"https:\/\/portal.rare.org\/?page_id=1815"},"modified":"2022-03-24T17:24:37","modified_gmt":"2022-03-24T17:24:37","slug":"monitoring-evaluation","status":"publish","type":"page","link":"https:\/\/portal.rare.org\/br\/program-resources\/monitoring-evaluation\/","title":{"rendered":"Monitoramento e Avalia\u00e7\u00e3o"},"content":{"rendered":"<h2 class=\"wp-block-heading\"><strong>Medindo o sucesso<\/strong><\/h2>\n\n\n\n<p>Pesca Para Sempre tem tudo a ver com os dados, incluindo os que usamos para nos responsabilizar. At\u00e9 2022, pretendemos alcan\u00e7ar 10 pa\u00edses e um milh\u00e3o de pescadores, proteger 32 milh\u00f5es de hectares de habitats costeiros e garantir 500 compromissos do governo local para a reestrutura\u00e7\u00e3o da pesca.&nbsp; <\/p>\n\n\n\n<p>Sob essas metas gerais, temos uma s\u00e9rie de m\u00e9tricas que garantem que estamos constantemente aprendendo e nos adaptando \u00e0 realidade das \u00e1reas em que trabalhamos. Acompanhamos as a\u00e7\u00f5es, conhecimentos e percep\u00e7\u00f5es da comunidade. Al\u00e9m disso, medimos as demandas econ\u00f4micas da pesca e as respostas a essas demandas para identificar padr\u00f5es e fatores de mudan\u00e7a. <\/p>\n\n\n\n<p>Saiba mais sobre como nossas m\u00e9tricas, resultados e indicadores de impacto e como voc\u00ea pode incorporar alguns deles em sua pr\u00f3pria programa\u00e7\u00e3o atrav\u00e9s do link abaixo. <\/p>\n\n\n\n<div class=\"wp-block-buttons is-layout-flex wp-block-buttons-is-layout-flex\">\n<div class=\"wp-block-button\"><a class=\"wp-block-button__link\" href=\"https:\/\/portal.rare.org\/wp-content\/uploads\/2021\/06\/FF-2.0-Global-M_E-Plan.pdf\" target=\"_blank\" rel=\"noreferrer noopener\">Baixar Plano de M&amp;A<\/a><\/div>\n<\/div>","protected":false},"excerpt":{"rendered":"<p>Measuring Success Fish Forever is all about the data, including the data we use to hold ourselves to account. By 2022, we aim to reach 10 countries and 1 million fishers, to protect 32 million hectares of coastal habitats, and to secure 500 local government commitments for fisheries reform.&nbsp; Beneath [&hellip;]<\/p>\n","protected":false},"author":1,"featured_media":0,"parent":448,"menu_order":3,"comment_status":"closed","ping_status":"closed","template":"template-fullwidth.php","meta":{"footnotes":""},"folder":[368],"class_list":["post-1815","page","type-page","status-publish","hentry"],"featured_image_urls":{"full":"","thumbnail":"","medium":"","medium_large":"","large":"","1536x1536":"","2048x2048":"","trp-custom-language-flag":"","homepage-slider":"","homepage-slider-small":"","page-top":"","page-small":"","loop-main":"","thumb-gallery-widget":""},"post_excerpt_stackable":"<p>Measuring Success Fish Forever is all about the data, including the data we use to hold ourselves to account. By 2022, we aim to reach 10 countries and 1 million fishers, to protect 32 million hectares of coastal habitats, and to secure 500 local government commitments for fisheries reform.&nbsp; Beneath these big picture goals, we have a series of metrics that ensure we are constantly learning and adapting to the reality of the areas where we work. We keep track of community actions, knowledge, and perceptions. In addition, we measure economic demands on fisheries and responses to these demands to&hellip;<\/p>\n","category_list":"","author_info":{"name":"gstoyle@rare.org","url":"https:\/\/portal.rare.org\/br\/author\/gstoylerare-org\/"},"comments_num":"0 coment\u00e1rio","featured_image_urls_v2":{"full":"","thumbnail":"","medium":"","medium_large":"","large":"","1536x1536":"","2048x2048":"","trp-custom-language-flag":"","homepage-slider":"","homepage-slider-small":"","page-top":"","page-small":"","loop-main":"","thumb-gallery-widget":""},"post_excerpt_stackable_v2":"<p>Measuring Success Fish Forever is all about the data, including the data we use to hold ourselves to account. By 2022, we aim to reach 10 countries and 1 million fishers, to protect 32 million hectares of coastal habitats, and to secure 500 local government commitments for fisheries reform.&nbsp; Beneath these big picture goals, we have a series of metrics that ensure we are constantly learning and adapting to the reality of the areas where we work. We keep track of community actions, knowledge, and perceptions. In addition, we measure economic demands on fisheries and responses to these demands to&hellip;<\/p>\n","category_list_v2":"","author_info_v2":{"name":"gstoyle@rare.org","url":"https:\/\/portal.rare.org\/br\/author\/gstoylerare-org\/"},"comments_num_v2":"0 coment\u00e1rio","_links":{"self":[{"href":"https:\/\/portal.rare.org\/br\/wp-json\/wp\/v2\/pages\/1815","targetHints":{"allow":["GET"]}}],"collection":[{"href":"https:\/\/portal.rare.org\/br\/wp-json\/wp\/v2\/pages"}],"about":[{"href":"https:\/\/portal.rare.org\/br\/wp-json\/wp\/v2\/types\/page"}],"author":[{"embeddable":true,"href":"https:\/\/portal.rare.org\/br\/wp-json\/wp\/v2\/users\/1"}],"replies":[{"embeddable":true,"href":"https:\/\/portal.rare.org\/br\/wp-json\/wp\/v2\/comments?post=1815"}],"version-history":[{"count":0,"href":"https:\/\/portal.rare.org\/br\/wp-json\/wp\/v2\/pages\/1815\/revisions"}],"up":[{"embeddable":true,"href":"https:\/\/portal.rare.org\/br\/wp-json\/wp\/v2\/pages\/448"}],"wp:attachment":[{"href":"https:\/\/portal.rare.org\/br\/wp-json\/wp\/v2\/media?parent=1815"}],"wp:term":[{"taxonomy":"folder","embeddable":true,"href":"https:\/\/portal.rare.org\/br\/wp-json\/wp\/v2\/folder?post=1815"}],"curies":[{"name":"wp","href":"https:\/\/api.w.org\/{rel}","templated":true}]}}