{"id":2228,"date":"2020-02-04T20:06:00","date_gmt":"2020-02-04T20:06:00","guid":{"rendered":"https:\/\/portal-dev.rare.org\/?page_id=2228"},"modified":"2025-01-23T19:51:35","modified_gmt":"2025-01-23T19:51:35","slug":"tools-and-data","status":"publish","type":"page","link":"https:\/\/portal.rare.org\/br\/tools-and-data\/","title":{"rendered":"Ferramentas e dados"},"content":{"rendered":"<h2 class=\"wp-block-heading\">Entenda sua pesca e ecossistema<\/h2>\n\n\n\n<p>Este conjunto de ferramentas ajudar\u00e1 voc\u00ea a identificar mudan\u00e7as na produ\u00e7\u00e3o pesqueira, proteger os ecossistemas que os sustentam e garantir o bem-estar das comunidades que dependem deles. Use esses dados e guias para tomar decis\u00f5es informadas e gerenciar efetivamente suas pescarias. <\/p>\n\n\n\n<div class=\"wp-block-columns animated fadeIn is-layout-flex wp-container-core-columns-is-layout-9d6595d7 wp-block-columns-is-layout-flex\">\n<div class=\"wp-block-column is-layout-flow wp-block-column-is-layout-flow\">\n<figure class=\"wp-block-image size-large\"><a href=\"https:\/\/portal.rare.org\/br\/data\/ecological-data\/\"><img loading=\"lazy\" decoding=\"async\" width=\"1024\" height=\"683\" src=\"https:\/\/portal.rare.org\/wp-content\/uploads\/2019\/10\/GWS-00494-1024x683.jpg\" alt=\"\" class=\"wp-image-1937\" srcset=\"https:\/\/portal.rare.org\/wp-content\/uploads\/2019\/10\/GWS-00494.jpg 1024w, https:\/\/portal.rare.org\/wp-content\/uploads\/2019\/10\/GWS-00494-300x200.jpg 300w, https:\/\/portal.rare.org\/wp-content\/uploads\/2019\/10\/GWS-00494-768x512.jpg 768w, https:\/\/portal.rare.org\/wp-content\/uploads\/2019\/10\/GWS-00494-947x632.jpg 947w, https:\/\/portal.rare.org\/wp-content\/uploads\/2019\/10\/GWS-00494-624x416.jpg 624w, https:\/\/portal.rare.org\/wp-content\/uploads\/2019\/10\/GWS-00494-84x56.jpg 84w\" sizes=\"auto, (max-width: 1024px) 100vw, 1024px\" \/><\/a><\/figure>\n\n\n\n<h3 class=\"wp-block-heading\"><a style=\"text-decoration:none;\" href=\"https:\/\/portal.rare.org\/br\/data\/ecological-data\/\">Dados Ecol\u00f3gicos<\/a><\/h3>\n\n\n\n<p>Avaliar a sa\u00fade do ecossistema<\/p>\n<\/div>\n\n\n\n<div class=\"wp-block-column is-layout-flow wp-block-column-is-layout-flow\">\n<figure class=\"wp-block-image size-large\"><a href=\"https:\/\/portal.rare.org\/br\/data\/fisheries-data\/\"><img loading=\"lazy\" decoding=\"async\" width=\"1024\" height=\"684\" src=\"https:\/\/portal.rare.org\/wp-content\/uploads\/2019\/04\/myanmar-fisheries-232-1024x684.jpg\" alt=\"\" class=\"wp-image-818\" srcset=\"https:\/\/portal.rare.org\/wp-content\/uploads\/2019\/04\/myanmar-fisheries-232-1024x684.jpg 1024w, https:\/\/portal.rare.org\/wp-content\/uploads\/2019\/04\/myanmar-fisheries-232-300x200.jpg 300w, https:\/\/portal.rare.org\/wp-content\/uploads\/2019\/04\/myanmar-fisheries-232-768x513.jpg 768w, https:\/\/portal.rare.org\/wp-content\/uploads\/2019\/04\/myanmar-fisheries-232-947x632.jpg 947w, https:\/\/portal.rare.org\/wp-content\/uploads\/2019\/04\/myanmar-fisheries-232-624x417.jpg 624w, https:\/\/portal.rare.org\/wp-content\/uploads\/2019\/04\/myanmar-fisheries-232-84x56.jpg 84w, https:\/\/portal.rare.org\/wp-content\/uploads\/2019\/04\/myanmar-fisheries-232.jpg 2048w\" sizes=\"auto, (max-width: 1024px) 100vw, 1024px\" \/><\/a><\/figure>\n\n\n\n<h3 class=\"wp-block-heading\"><a style=\"text-decoration:none;\" href=\"https:\/\/portal.rare.org\/br\/data\/fisheries-data\/\" data-type=\"URL\" data-id=\"https:\/\/portal.rare.org\/data\/fisheries-data\/\">Dados da pesca<\/a><\/h3>\n\n\n\n<p> Avaliar a produ\u00e7\u00e3o pesqueira<\/p>\n<\/div>\n\n\n\n<div class=\"wp-block-column is-layout-flow wp-block-column-is-layout-flow\">\n<figure class=\"wp-block-image size-large\"><a href=\"https:\/\/portal.rare.org\/br\/data\/household-survey-data\/\"><img loading=\"lazy\" decoding=\"async\" width=\"640\" height=\"426\" src=\"https:\/\/portal.rare.org\/wp-content\/uploads\/2019\/02\/MOZ_GWS-149.jpg\" alt=\"\" class=\"wp-image-1313\" srcset=\"https:\/\/portal.rare.org\/wp-content\/uploads\/2019\/02\/MOZ_GWS-149.jpg 640w, https:\/\/portal.rare.org\/wp-content\/uploads\/2019\/02\/MOZ_GWS-149-300x200.jpg 300w, https:\/\/portal.rare.org\/wp-content\/uploads\/2019\/02\/MOZ_GWS-149-624x415.jpg 624w, https:\/\/portal.rare.org\/wp-content\/uploads\/2019\/02\/MOZ_GWS-149-84x56.jpg 84w\" sizes=\"auto, (max-width: 640px) 100vw, 640px\" \/><\/a><\/figure>\n\n\n\n<h3 class=\"wp-block-heading\"><a href=\"https:\/\/portal.rare.org\/br\/data\/household-survey-data\/\"><\/a><a style=\"text-decoration:none;\" href=\"https:\/\/portal.rare.org\/br\/data\/household-survey-data\/\">Dados socioecon\u00f4micos<\/a><\/h3>\n\n\n\n<p>Explore os resultados da pesquisa socioecon\u00f4mica<\/p>\n<\/div>\n<\/div>\n\n\n\n<div class=\"wp-block-columns animated fadeIn is-layout-flex wp-container-core-columns-is-layout-9d6595d7 wp-block-columns-is-layout-flex\">\n<div class=\"wp-block-column is-layout-flow wp-block-column-is-layout-flow\">\n<figure class=\"wp-block-image size-large\"><a href=\"https:\/\/portal.rare.org\/br\/program-resources\/build-effective-management-bodies\/\"><img loading=\"lazy\" decoding=\"async\" width=\"1024\" height=\"683\" src=\"https:\/\/portal.rare.org\/wp-content\/uploads\/2019\/04\/GWS-09215-1024x683.jpg\" alt=\"\" class=\"wp-image-752\" srcset=\"https:\/\/portal.rare.org\/wp-content\/uploads\/2019\/04\/GWS-09215.jpg 1024w, https:\/\/portal.rare.org\/wp-content\/uploads\/2019\/04\/GWS-09215-300x200.jpg 300w, https:\/\/portal.rare.org\/wp-content\/uploads\/2019\/04\/GWS-09215-768x512.jpg 768w, https:\/\/portal.rare.org\/wp-content\/uploads\/2019\/04\/GWS-09215-947x632.jpg 947w, https:\/\/portal.rare.org\/wp-content\/uploads\/2019\/04\/GWS-09215-624x416.jpg 624w, https:\/\/portal.rare.org\/wp-content\/uploads\/2019\/04\/GWS-09215-84x56.jpg 84w\" sizes=\"auto, (max-width: 1024px) 100vw, 1024px\" \/><\/a><\/figure>\n\n\n\n<h3 class=\"wp-block-heading\"><a style=\"text-decoration:none;\" href=\"https:\/\/portal.rare.org\/br\/program-resources\/build-effective-management-bodies\/\">Gest\u00e3o eficiente da pesca<\/a><\/h3>\n\n\n\n<p>Desenvolver capacidade local para gerenciar a pesca<\/p>\n<\/div>\n\n\n\n<div class=\"wp-block-column is-layout-flow wp-block-column-is-layout-flow\">\n<figure class=\"wp-block-image size-large\"><a href=\"https:\/\/portal.rare.org\/br\/climate-change-vulnerability\/\"><img loading=\"lazy\" decoding=\"async\" width=\"720\" height=\"478\" src=\"https:\/\/portal.rare.org\/wp-content\/uploads\/2019\/04\/ccva.jpg\" alt=\"\" class=\"wp-image-837\" srcset=\"https:\/\/portal.rare.org\/wp-content\/uploads\/2019\/04\/ccva.jpg 720w, https:\/\/portal.rare.org\/wp-content\/uploads\/2019\/04\/ccva-300x199.jpg 300w, https:\/\/portal.rare.org\/wp-content\/uploads\/2019\/04\/ccva-624x414.jpg 624w, https:\/\/portal.rare.org\/wp-content\/uploads\/2019\/04\/ccva-84x56.jpg 84w\" sizes=\"auto, (max-width: 720px) 100vw, 720px\" \/><\/a><\/figure>\n\n\n\n<h3 class=\"wp-block-heading translation-block\"><a href=\"https:\/\/portal.rare.org\/br\/climate-change-vulnerability\/\" target=\"_self\">das Altera\u00e7\u00f5es Clim\u00e1ticas<\/a><br> <a href=\"https:\/\/portal.rare.org\/br\/fma\/\" target=\"_self\">Resili\u00eancia<\/a><\/h3>\n\n\n\n<p>Aumentar a capacidade de se adaptar \u00e0s mudan\u00e7as clim\u00e1ticas<\/p>\n<\/div>\n\n\n\n<div class=\"wp-block-column is-layout-flow wp-block-column-is-layout-flow\">\n<figure class=\"wp-block-image size-large\"><a href=\"https:\/\/portal.rare.org\/br\/program-resources\/network-of-marine-reserves\/\"><img loading=\"lazy\" decoding=\"async\" width=\"640\" height=\"426\" src=\"https:\/\/portal.rare.org\/wp-content\/uploads\/2019\/04\/MAR_Summit_GS_170.jpg\" alt=\"\" class=\"wp-image-774\" srcset=\"https:\/\/portal.rare.org\/wp-content\/uploads\/2019\/04\/MAR_Summit_GS_170.jpg 640w, https:\/\/portal.rare.org\/wp-content\/uploads\/2019\/04\/MAR_Summit_GS_170-300x200.jpg 300w, https:\/\/portal.rare.org\/wp-content\/uploads\/2019\/04\/MAR_Summit_GS_170-624x415.jpg 624w, https:\/\/portal.rare.org\/wp-content\/uploads\/2019\/04\/MAR_Summit_GS_170-84x56.jpg 84w\" sizes=\"auto, (max-width: 640px) 100vw, 640px\" \/><\/a><\/figure>\n\n\n\n<h3 class=\"wp-block-heading\"><a style=\"text-decoration:none;\" href=\"https:\/\/portal.rare.org\/br\/program-resources\/network-of-marine-reserves\/\">Redes de ACRES<\/a><\/h3>\n\n\n\n<p>Identifica ACRES para benef\u00edcio da pesca<\/p>\n<\/div>\n<\/div>\n\n\n\n<div class=\"wp-block-ugb-divider ugb-divider ugb-b28b6b6 ugb-divider--v2 ugb-divider--design-dots ugb-main-block\"><style>.ugb-b28b6b6 .ugb-divider__dots{width:10% !important;margin-left:auto !important;margin-right:auto !important}.ugb-b28b6b6 .ugb-divider__dot{height:7px !important;width:7px !important}<\/style><div class=\"ugb-inner-block\"><div class=\"ugb-block-content\"><hr class=\"ugb-divider__hr\"\/><div class=\"ugb-divider__dots\" aria-hidden=\"true\"><div class=\"ugb-divider__dot\"><\/div><div class=\"ugb-divider__dot\"><\/div><div class=\"ugb-divider__dot\"><\/div><\/div><\/div><\/div><\/div>\n\n\n\n<div class=\"wp-block-ugb-container ugb-container ugb-ca9dec8 ugb-container--v2 ugb-container--design-basic ugb-main-block\"><style>.ugb-ca9dec8-wrapper.ugb-container__wrapper{background-color:#ffffff !important;background-image:url(https:\/\/portal.rare.org\/wp-content\/uploads\/2021\/09\/covid.jpg)}.ugb-ca9dec8-wrapper.ugb-container__wrapper:before{background-color:#ffffff !important;opacity:0.8}.ugb-ca9dec8-content-wrapper > h1,.ugb-ca9dec8-content-wrapper > h2,.ugb-ca9dec8-content-wrapper > h3,.ugb-ca9dec8-content-wrapper > h4,.ugb-ca9dec8-content-wrapper > h5,.ugb-ca9dec8-content-wrapper > h6{color:#222222}.ugb-ca9dec8-content-wrapper > p,.ugb-ca9dec8-content-wrapper > ol li,.ugb-ca9dec8-content-wrapper > ul li{color:#222222}@media screen and (min-width:768px){.ugb-ca9dec8 > .ugb-inner-block > .ugb-block-content > *{padding-top:15px !important;padding-bottom:15px !important;padding-right:15px !important;padding-left:15px !important}}<\/style><div class=\"ugb-inner-block\"><div class=\"ugb-block-content\"><div class=\"ugb-container__wrapper ugb-ca9dec8-wrapper ugb--has-background-overlay\"><div class=\"ugb-container__side\"><div class=\"ugb-container__content-wrapper ugb-ca9dec8-content-wrapper\">\n<h2 class=\"wp-block-heading has-text-align-center\"><span style=\"color: #003b7a;\" class=\"ugb-highlight\">Impactos da Covid-19<\/span><\/h2>\n\n\n\n<p>Para entender melhor os impactos da pandemia Covid-19 nas comunidades costeiras, a Fish Forever conduziu pesquisas globais para avaliar as percep\u00e7\u00f5es, impactos e causas da interrup\u00e7\u00e3o, estrat\u00e9gias de enfrentamento e processos de recupera\u00e7\u00e3o.<\/p>\n\n\n\n<p>Use os links abaixo para explorar os resultados da pesquisa em detalhes.<\/p>\n\n\n\n<div class=\"wp-block-buttons is-horizontal is-content-justification-center is-layout-flex wp-container-core-buttons-is-layout-499968f5 wp-block-buttons-is-layout-flex\">\n<div class=\"wp-block-button\"><a class=\"wp-block-button__link wp-element-button\" href=\"https:\/\/portal.rare.org\/br\/global-covid-19-fisheries-survey\/\">COVID-19 e pesca costeira<\/a><\/div>\n\n\n\n<div class=\"wp-block-button\"><a class=\"wp-block-button__link wp-element-button\" href=\"https:\/\/portal.rare.org\/br\/covid-19-impacts\/\">Pesquisa de governo local Covid-19<\/a><\/div>\n<\/div>\n<\/div><\/div><\/div><\/div><\/div><\/div>\n\n\n\n<div class=\"wp-block-ugb-divider ugb-divider ugb-2dcd045 ugb-divider--v2 ugb-divider--design-dots ugb-main-block\"><style>.ugb-2dcd045 .ugb-divider__dots{width:10% !important;margin-left:auto !important;margin-right:auto !important}.ugb-2dcd045 .ugb-divider__dot{height:7px !important;width:7px !important}<\/style><div class=\"ugb-inner-block\"><div class=\"ugb-block-content\"><hr class=\"ugb-divider__hr\"\/><div class=\"ugb-divider__dots\" aria-hidden=\"true\"><div class=\"ugb-divider__dot\"><\/div><div class=\"ugb-divider__dot\"><\/div><div class=\"ugb-divider__dot\"><\/div><\/div><\/div><\/div><\/div>\n\n\n\n<h3 class=\"wp-block-heading\">Dados de footprint por pa\u00eds<\/h3>\n\n\n\n<p>Descubra os dados coletados nas comunidades Fish Forever e nas \u00e1reas de acesso gerenciado clicando em uma bandeira.<\/p>\n\n\n\n<div class=\"wp-block-ugb-image-box ugb-image-box ugb-4391109 ugb-image-box--v4 ugb-image-box--columns-4 ugb-image-box--design-fade ugb-main-block\"><style>.ugb-4391109 .ugb-image-box__item{height:164px !important}.ugb-4391109 .ugb-image-box__item1 .ugb-image-box__image{background-image:url(https:\/\/portal.rare.org\/wp-content\/uploads\/2021\/03\/brazil.png)}.ugb-4391109 .ugb-image-box__item2 .ugb-image-box__image{background-image:url(https:\/\/portal.rare.org\/wp-content\/uploads\/2021\/03\/honduras.jpg)}.ugb-4391109 .ugb-image-box__item3 .ugb-image-box__image{background-image:url(https:\/\/portal.rare.org\/wp-content\/uploads\/2021\/03\/indonesia.png)}.ugb-4391109 .ugb-image-box__item4 .ugb-image-box__image{background-image:url(https:\/\/portal.rare.org\/wp-content\/uploads\/2021\/03\/philippines.jpg)}.ugb-4391109 .ugb-image-box__item:hover .ugb-image-box__overlay-hover{opacity:0.7 !important}<\/style><div class=\"ugb-inner-block\"><div class=\"ugb-block-content\"><div class=\"ugb-image-box__item ugb-image-box__item1 ugb-image-box__box\"><div class=\"ugb-image-box__box ugb-image-box__image-wrapper\"><div class=\"ugb-image-box__box ugb-image-box__image\" role=\"img\" aria-label=\"Brasil\"><\/div><\/div><div class=\"ugb-image-box__box ugb-image-box__overlay-hover\"><\/div><div class=\"ugb-image-box__content\"><p class=\"ugb-image-box__description\">Brasil<\/p><\/div><a class=\"ugb-image-box__overlay-link\" href=\"https:\/\/portal.rare.org\/br\/where-we-work\/brazil\/\" title=\"Brasil\" aria-label=\"Brasil\"><\/a><\/div><div class=\"ugb-image-box__item ugb-image-box__item2 ugb-image-box__box\"><div class=\"ugb-image-box__box ugb-image-box__image-wrapper\"><div class=\"ugb-image-box__box ugb-image-box__image\" role=\"img\" aria-label=\"Honduras\"><\/div><\/div><div class=\"ugb-image-box__box ugb-image-box__overlay-hover\"><\/div><div class=\"ugb-image-box__content\"><p class=\"ugb-image-box__description\">Honduras<\/p><\/div><a class=\"ugb-image-box__overlay-link\" href=\"https:\/\/portal.rare.org\/br\/where-we-work\/honduras\/\" title=\"Honduras\" aria-label=\"Honduras\"><\/a><\/div><div class=\"ugb-image-box__item ugb-image-box__item3 ugb-image-box__box\"><div class=\"ugb-image-box__box ugb-image-box__image-wrapper\"><div class=\"ugb-image-box__box ugb-image-box__image\" role=\"img\" aria-label=\"Indon\u00e9sia\"><\/div><\/div><div class=\"ugb-image-box__box ugb-image-box__overlay-hover\"><\/div><div class=\"ugb-image-box__content\"><p class=\"ugb-image-box__description\">Indon\u00e9sia<\/p><\/div><a class=\"ugb-image-box__overlay-link\" href=\"https:\/\/portal.rare.org\/br\/where-we-work\/indonesia\/\" title=\"Indon\u00e9sia\" aria-label=\"Indon\u00e9sia\"><\/a><\/div><div class=\"ugb-image-box__item ugb-image-box__item4 ugb-image-box__box\"><div class=\"ugb-image-box__box ugb-image-box__image-wrapper\"><div class=\"ugb-image-box__box ugb-image-box__image\" role=\"img\" aria-label=\"Filipinas\"><\/div><\/div><div class=\"ugb-image-box__box ugb-image-box__overlay-hover\"><\/div><div class=\"ugb-image-box__content\"><p class=\"ugb-image-box__description\">Filipinas<\/p><\/div><a class=\"ugb-image-box__overlay-link\" href=\"https:\/\/portal.rare.org\/br\/where-we-work\/philippines\/\" title=\"Filipinas\" aria-label=\"Filipinas\"><\/a><\/div><\/div><\/div><\/div>\n\n\n\n<div class=\"wp-block-ugb-image-box ugb-image-box ugb-5122b53 ugb-image-box--v4 ugb-image-box--columns-4 ugb-image-box--design-fade ugb-main-block\"><style>.ugb-5122b53 .ugb-image-box__item{height:164px !important}.ugb-5122b53 .ugb-image-box__item1 .ugb-image-box__image{background-image:url(https:\/\/portal.rare.org\/wp-content\/uploads\/2021\/03\/mozambique.jpg)}.ugb-5122b53 .ugb-image-box__item2 .ugb-image-box__image{background-image:url(https:\/\/portal.rare.org\/wp-content\/uploads\/2021\/03\/palau.jpg)}.ugb-5122b53 .ugb-image-box__item3 .ugb-image-box__image{background-image:url(https:\/\/portal.rare.org\/wp-content\/uploads\/2021\/03\/micronesia.jpg)}.ugb-5122b53 .ugb-image-box__item4 .ugb-image-box__image{background-image:url(https:\/\/portal.rare.org\/wp-content\/uploads\/2021\/03\/guatemala.png)}.ugb-5122b53 .ugb-image-box__item:hover .ugb-image-box__overlay-hover{opacity:0.7 !important}<\/style><div class=\"ugb-inner-block\"><div class=\"ugb-block-content\"><div class=\"ugb-image-box__item ugb-image-box__item1 ugb-image-box__box\"><div class=\"ugb-image-box__box ugb-image-box__image-wrapper\"><div class=\"ugb-image-box__box ugb-image-box__image\" role=\"img\" aria-label=\"Mo\u00e7ambique\"><\/div><\/div><div class=\"ugb-image-box__box ugb-image-box__overlay-hover\"><\/div><div class=\"ugb-image-box__content\"><p class=\"ugb-image-box__description\">Mo\u00e7ambique<\/p><\/div><a class=\"ugb-image-box__overlay-link\" href=\"https:\/\/portal.rare.org\/br\/where-we-work\/mozambique\/\" title=\"Mo\u00e7ambique\" aria-label=\"Mo\u00e7ambique\"><\/a><\/div><div class=\"ugb-image-box__item ugb-image-box__item2 ugb-image-box__box\"><div class=\"ugb-image-box__box ugb-image-box__image-wrapper\"><div class=\"ugb-image-box__box ugb-image-box__image\" role=\"img\" aria-label=\"Palau\"><\/div><\/div><div class=\"ugb-image-box__box ugb-image-box__overlay-hover\"><\/div><div class=\"ugb-image-box__content\"><p class=\"ugb-image-box__description\">Palau<\/p><\/div><a class=\"ugb-image-box__overlay-link\" href=\"https:\/\/portal.rare.org\/br\/where-we-work\/palau\/\" title=\"Palau\" aria-label=\"Palau\"><\/a><\/div><div class=\"ugb-image-box__item ugb-image-box__item3 ugb-image-box__box\"><div class=\"ugb-image-box__box ugb-image-box__image-wrapper\"><div class=\"ugb-image-box__box ugb-image-box__image\" role=\"img\" aria-label=\"Estados Federados da Micron\u00e9sia\"><\/div><\/div><div class=\"ugb-image-box__box ugb-image-box__overlay-hover\"><\/div><div class=\"ugb-image-box__content\"><p class=\"ugb-image-box__description\">Estados Federados da Micron\u00e9sia<\/p><\/div><a class=\"ugb-image-box__overlay-link\" href=\"https:\/\/portal.rare.org\/br\/where-we-work\/fsm\/\" title=\"Estados Federados da Micron\u00e9sia\" aria-label=\"Estados Federados da Micron\u00e9sia\"><\/a><\/div><div class=\"ugb-image-box__item ugb-image-box__item4 ugb-image-box__box\"><div class=\"ugb-image-box__box ugb-image-box__image-wrapper\"><div class=\"ugb-image-box__box ugb-image-box__image\" role=\"img\" aria-label=\"Guatemala\"><\/div><\/div><div class=\"ugb-image-box__box ugb-image-box__overlay-hover\"><\/div><div class=\"ugb-image-box__content\"><p class=\"ugb-image-box__description\">Guatemala<\/p><\/div><a class=\"ugb-image-box__overlay-link\" href=\"https:\/\/portal.rare.org\/br\/where-we-work\/guatemala\/\" title=\"Guatemala\" aria-label=\"Guatemala\"><\/a><\/div><\/div><\/div><\/div>","protected":false},"excerpt":{"rendered":"<p>Understand your fishery &amp; ecosystem This suite of tools will help you identify changes in fisheries production, protect the ecosystems that support them, and ensure the wellbeing of the communities that depend on them. Use these data and guides to make informed decisions and effectively manage your fisheries. Ecological Data [&hellip;]<\/p>\n","protected":false},"author":1,"featured_media":0,"parent":0,"menu_order":3,"comment_status":"closed","ping_status":"closed","template":"template-fullwidth.php","meta":{"footnotes":""},"folder":[373],"class_list":["post-2228","page","type-page","status-publish","hentry"],"featured_image_urls":{"full":"","thumbnail":"","medium":"","medium_large":"","large":"","1536x1536":"","2048x2048":"","trp-custom-language-flag":"","homepage-slider":"","homepage-slider-small":"","page-top":"","page-small":"","loop-main":"","thumb-gallery-widget":""},"post_excerpt_stackable":"<p>Understand your fishery &amp; ecosystem This suite of tools will help you identify changes in fisheries production, protect the ecosystems that support them, and ensure the wellbeing of the communities that depend on them. Use these data and guides to make informed decisions and effectively manage your fisheries. Ecological Data Evaluate ecosystem health Fisheries Data Assess fisheries production Socioeconomic Data Explore household survey findings Effective Fisheries Management Build local capacity to manage fisheries Climate ChangeResilience Increase capacity to adapt to climate change Networks of Marine Reserves Design reserves for fisheries benefit Impacts of Covid-19 To better understand the impacts of&hellip;<\/p>\n","category_list":"","author_info":{"name":"gstoyle@rare.org","url":"https:\/\/portal.rare.org\/br\/author\/gstoylerare-org\/"},"comments_num":"0 coment\u00e1rio","featured_image_urls_v2":{"full":"","thumbnail":"","medium":"","medium_large":"","large":"","1536x1536":"","2048x2048":"","trp-custom-language-flag":"","homepage-slider":"","homepage-slider-small":"","page-top":"","page-small":"","loop-main":"","thumb-gallery-widget":""},"post_excerpt_stackable_v2":"<p>Understand your fishery &amp; ecosystem This suite of tools will help you identify changes in fisheries production, protect the ecosystems that support them, and ensure the wellbeing of the communities that depend on them. Use these data and guides to make informed decisions and effectively manage your fisheries. Ecological Data Evaluate ecosystem health Fisheries Data Assess fisheries production Socioeconomic Data Explore household survey findings Effective Fisheries Management Build local capacity to manage fisheries Climate ChangeResilience Increase capacity to adapt to climate change Networks of Marine Reserves Design reserves for fisheries benefit Impacts of Covid-19 To better understand the impacts of&hellip;<\/p>\n","category_list_v2":"","author_info_v2":{"name":"gstoyle@rare.org","url":"https:\/\/portal.rare.org\/br\/author\/gstoylerare-org\/"},"comments_num_v2":"0 coment\u00e1rio","_links":{"self":[{"href":"https:\/\/portal.rare.org\/br\/wp-json\/wp\/v2\/pages\/2228","targetHints":{"allow":["GET"]}}],"collection":[{"href":"https:\/\/portal.rare.org\/br\/wp-json\/wp\/v2\/pages"}],"about":[{"href":"https:\/\/portal.rare.org\/br\/wp-json\/wp\/v2\/types\/page"}],"author":[{"embeddable":true,"href":"https:\/\/portal.rare.org\/br\/wp-json\/wp\/v2\/users\/1"}],"replies":[{"embeddable":true,"href":"https:\/\/portal.rare.org\/br\/wp-json\/wp\/v2\/comments?post=2228"}],"version-history":[{"count":2,"href":"https:\/\/portal.rare.org\/br\/wp-json\/wp\/v2\/pages\/2228\/revisions"}],"predecessor-version":[{"id":11180,"href":"https:\/\/portal.rare.org\/br\/wp-json\/wp\/v2\/pages\/2228\/revisions\/11180"}],"wp:attachment":[{"href":"https:\/\/portal.rare.org\/br\/wp-json\/wp\/v2\/media?parent=2228"}],"wp:term":[{"taxonomy":"folder","embeddable":true,"href":"https:\/\/portal.rare.org\/br\/wp-json\/wp\/v2\/folder?post=2228"}],"curies":[{"name":"wp","href":"https:\/\/api.w.org\/{rel}","templated":true}]}}