{"id":2537,"date":"2020-02-25T22:09:50","date_gmt":"2020-02-25T22:09:50","guid":{"rendered":"https:\/\/portal-dev.rare.org\/?page_id=2537"},"modified":"2020-11-11T17:55:58","modified_gmt":"2020-11-11T17:55:58","slug":"sitemap","status":"publish","type":"page","link":"https:\/\/portal.rare.org\/br\/sitemap\/","title":{"rendered":"Mapa do site do portal"},"content":{"rendered":"<div class=\"wsp-container\"><h2 class=\"wsp-pages-title\">P\u00e1ginas<\/h2>\n<ul class=\"wsp-pages-list\">\n<li class=\"page_item page-item-10669\"><a href=\"https:\/\/portal.rare.org\/br\/fisheries-dashboard-old\/\">Painel de controle de pesca (antigo)<\/a><\/li>\n<li class=\"page_item page-item-20\"><a href=\"https:\/\/portal.rare.org\/br\/\">Pesca Sustent\u00e1vel com Prote\u00e7\u00e3o Eficaz<\/a><\/li>\n<li class=\"page_item page-item-448 page_item_has_children\"><a href=\"https:\/\/portal.rare.org\/br\/program-resources\/\">Recursos do programa<\/a>\n<ul class='children'>\n\t<li class=\"page_item page-item-7752\"><a href=\"https:\/\/portal.rare.org\/br\/program-resources\/fisher-registration\/\">Registro Fisher<\/a><\/li>\n\t<li class=\"page_item page-item-18\"><a href=\"https:\/\/portal.rare.org\/br\/program-resources\/strategy\/\">Estrat\u00e9gia do Programa<\/a><\/li>\n\t<li class=\"page_item page-item-1244\"><a href=\"https:\/\/portal.rare.org\/br\/program-resources\/program-implementation-roadmap\/\">Roteiro de implementa\u00e7\u00e3o do programa<\/a><\/li>\n\t<li class=\"page_item page-item-1815\"><a href=\"https:\/\/portal.rare.org\/br\/program-resources\/monitoring-evaluation\/\">Monitoramento e Avalia\u00e7\u00e3o<\/a><\/li>\n\t<li class=\"page_item page-item-4802 page_item_has_children\"><a href=\"https:\/\/portal.rare.org\/br\/program-resources\/program-delivery\/\">Recursos do implementador<\/a>\n\t<ul class='children'>\n\t\t<li class=\"page_item page-item-6430 page_item_has_children\"><a href=\"https:\/\/portal.rare.org\/br\/program-resources\/program-delivery\/global-guidance-documents\/\">Documentos de orienta\u00e7\u00e3o global<\/a>\n\t\t<ul class='children'>\n\t\t\t<li class=\"page_item page-item-8553\"><a href=\"https:\/\/portal.rare.org\/br\/program-resources\/program-delivery\/global-guidance-documents\/policy-governance\/\">Pol\u00edtica e Governan\u00e7a<\/a><\/li>\n\t\t<\/ul>\n<\/li>\n\t\t<li class=\"page_item page-item-5195\"><a href=\"https:\/\/portal.rare.org\/br\/program-resources\/program-delivery\/support-competency\/\">Compet\u00eancia de Suporte<\/a><\/li>\n\t<\/ul>\n<\/li>\n\t<li class=\"page_item page-item-9295\"><a href=\"https:\/\/portal.rare.org\/br\/program-resources\/program_delivery_to_modify\/\">Recursos do implementador - para modificar<\/a><\/li>\n\t<li class=\"page_item page-item-2121\"><a href=\"https:\/\/portal.rare.org\/br\/program-resources\/financial-resilience\/\">Inclus\u00e3o Financeira e de Mercado<\/a><\/li>\n\t<li class=\"page_item page-item-1351\"><a href=\"https:\/\/portal.rare.org\/br\/program-resources\/community-enterprises\/\">Empresas Comunit\u00e1rias<\/a><\/li>\n\t<li class=\"page_item page-item-1369\"><a href=\"https:\/\/portal.rare.org\/br\/program-resources\/ourfish\/\">OurFish<\/a><\/li>\n<\/ul>\n<\/li>\n<li class=\"page_item page-item-2228 page_item_has_children\"><a href=\"https:\/\/portal.rare.org\/br\/tools-and-data\/\">Ferramentas e dados<\/a>\n<ul class='children'>\n\t<li class=\"page_item page-item-2122\"><a href=\"https:\/\/portal.rare.org\/br\/tools-and-data\/climate-change-vulnerability\/\">Vulnerabilidade \u00e0s mudan\u00e7as clim\u00e1ticas<\/a><\/li>\n\t<li class=\"page_item page-item-9026\"><a href=\"https:\/\/portal.rare.org\/br\/tools-and-data\/implementer_resources_search\/\">Biblioteca de recursos do implementador<\/a><\/li>\n\t<li class=\"page_item page-item-517\"><a href=\"https:\/\/portal.rare.org\/br\/tools-and-data\/fisheries-data\/\">Dados da pesca<\/a><\/li>\n\t<li class=\"page_item page-item-518\"><a href=\"https:\/\/portal.rare.org\/br\/tools-and-data\/ecological-data\/\">Dados Ecol\u00f3gicos<\/a><\/li>\n\t<li class=\"page_item page-item-434\"><a href=\"https:\/\/portal.rare.org\/br\/tools-and-data\/build-effective-management-bodies\/\">Construir \u00f3rg\u00e3os de gest\u00e3o eficiente<\/a><\/li>\n\t<li class=\"page_item page-item-584\"><a href=\"https:\/\/portal.rare.org\/br\/tools-and-data\/household-survey-data\/\">Avaliar a Socioeconomia<\/a><\/li>\n\t<li class=\"page_item page-item-11004\"><a href=\"https:\/\/portal.rare.org\/br\/tools-and-data\/assess-socioeconomics\/\">Avaliar a Socioeconomia<\/a><\/li>\n\t<li class=\"page_item page-item-435\"><a href=\"https:\/\/portal.rare.org\/br\/tools-and-data\/fma\/\">Ferramenta de avalia\u00e7\u00e3o de gerenciamento de pesca<\/a><\/li>\n\t<li class=\"page_item page-item-365 page_item_has_children\"><a href=\"https:\/\/portal.rare.org\/br\/tools-and-data\/network-of-marine-reserves\/\">Estabelecer uma rede de \u00c1reas de Conserva\u00e7\u00e3o e Recupera\u00e7\u00e3o de Estoques (ACRES)<\/a>\n\t<ul class='children'>\n\t\t<li class=\"page_item page-item-5565\"><a href=\"https:\/\/portal.rare.org\/br\/tools-and-data\/network-of-marine-reserves\/explore-reserve-design-data\/\">Explorar dados de projeto de reserva<\/a><\/li>\n\t<\/ul>\n<\/li>\n<\/ul>\n<\/li>\n<li class=\"page_item page-item-194 page_item_has_children\"><a href=\"https:\/\/portal.rare.org\/br\/where-we-work\/\">Onde trabalhamos<\/a>\n<ul class='children'>\n\t<li class=\"page_item page-item-7087\"><a href=\"https:\/\/portal.rare.org\/br\/where-we-work\/honduras\/\">Honduras<\/a><\/li>\n\t<li class=\"page_item page-item-7498\"><a href=\"https:\/\/portal.rare.org\/br\/where-we-work\/mozambique\/\">Mo\u00e7ambique<\/a><\/li>\n\t<li class=\"page_item page-item-7499 page_item_has_children\"><a href=\"https:\/\/portal.rare.org\/br\/where-we-work\/philippines\/\">Filipinas<\/a>\n\t<ul class='children'>\n\t\t<li class=\"page_item page-item-6673\"><a href=\"https:\/\/portal.rare.org\/br\/where-we-work\/philippines\/del-carmen-siargao-island\/\">Del Carmen, Ilha Siargao<\/a><\/li>\n\t\t<li class=\"page_item page-item-8846\"><a href=\"https:\/\/portal.rare.org\/br\/where-we-work\/philippines\/mar-codel\/\">Workshop de Design MA+R<\/a><\/li>\n\t\t<li class=\"page_item page-item-8837\"><a href=\"https:\/\/portal.rare.org\/br\/where-we-work\/philippines\/ph-network-of-mars\/\">Rede de MA+Rs<\/a><\/li>\n\t\t<li class=\"page_item page-item-8831\"><a href=\"https:\/\/portal.rare.org\/br\/where-we-work\/philippines\/ph-landing-test\/\">Filipinas<\/a><\/li>\n\t\t<li class=\"page_item page-item-8285\"><a href=\"https:\/\/portal.rare.org\/br\/where-we-work\/philippines\/resources\/\">Recursos<\/a><\/li>\n\t<\/ul>\n<\/li>\n\t<li class=\"page_item page-item-7500\"><a href=\"https:\/\/portal.rare.org\/br\/where-we-work\/indonesia\/\">Indon\u00e9sia<\/a><\/li>\n\t<li class=\"page_item page-item-7501\"><a href=\"https:\/\/portal.rare.org\/br\/where-we-work\/brazil\/\">Brasil<\/a><\/li>\n\t<li class=\"page_item page-item-7502\"><a href=\"https:\/\/portal.rare.org\/br\/where-we-work\/palau\/\">Palau<\/a><\/li>\n\t<li class=\"page_item page-item-8565\"><a href=\"https:\/\/portal.rare.org\/br\/where-we-work\/guatemala\/\">Guatemala<\/a><\/li>\n\t<li class=\"page_item page-item-7497\"><a href=\"https:\/\/portal.rare.org\/br\/where-we-work\/federated-states-of-micronesia\/\">Estados Federados da Micron\u00e9sia<\/a><\/li>\n<\/ul>\n<\/li>\n<li class=\"page_item page-item-5374 page_item_has_children\"><a href=\"https:\/\/portal.rare.org\/br\/policy-governance\/\">Pol\u00edtica e Governan\u00e7a<\/a>\n<ul class='children'>\n\t<li class=\"page_item page-item-5706\"><a href=\"https:\/\/portal.rare.org\/br\/policy-governance\/our-resources\/\">Nossos Recursos<\/a><\/li>\n\t<li class=\"page_item page-item-5929\"><a href=\"https:\/\/portal.rare.org\/br\/policy-governance\/events-activities\/\">Eventos e Atividades<\/a><\/li>\n\t<li class=\"page_item page-item-7812\"><a href=\"https:\/\/portal.rare.org\/br\/policy-governance\/coastal-500-faq\/\">Coastal 500 FAQ<\/a><\/li>\n\t<li class=\"page_item page-item-5510\"><a href=\"https:\/\/portal.rare.org\/br\/policy-governance\/our-commitment\/\">Nosso compromisso<\/a><\/li>\n\t<li class=\"page_item page-item-5993\"><a href=\"https:\/\/portal.rare.org\/br\/policy-governance\/letter-to-our-local-government-partners\/\">Dia Mundial da Pesca<\/a><\/li>\n<\/ul>\n<\/li>\n<li class=\"page_item page-item-6288\"><a href=\"https:\/\/portal.rare.org\/br\/reserve-planning-tool\/\">Ferramenta de planejamento de reserva<\/a><\/li>\n<li class=\"page_item page-item-8254 page_item_has_children\"><a href=\"https:\/\/portal.rare.org\/br\/saving-clubs\/\">Saving Clubs<\/a>\n<ul class='children'>\n\t<li class=\"page_item page-item-9452\"><a href=\"https:\/\/portal.rare.org\/br\/saving-clubs\/brazil\/\">Brasil<\/a><\/li>\n\t<li class=\"page_item page-item-9454\"><a href=\"https:\/\/portal.rare.org\/br\/saving-clubs\/guatemala\/\">Guatemala<\/a><\/li>\n\t<li class=\"page_item page-item-9456\"><a href=\"https:\/\/portal.rare.org\/br\/saving-clubs\/honduras\/\">Honduras<\/a><\/li>\n\t<li class=\"page_item page-item-9460\"><a href=\"https:\/\/portal.rare.org\/br\/saving-clubs\/indonesia\/\">Indon\u00e9sia<\/a><\/li>\n\t<li class=\"page_item page-item-9466\"><a href=\"https:\/\/portal.rare.org\/br\/saving-clubs\/micronesia\/\">Micron\u00e9sia<\/a><\/li>\n\t<li class=\"page_item page-item-9458\"><a href=\"https:\/\/portal.rare.org\/br\/saving-clubs\/mozambique\/\">Mo\u00e7ambique<\/a><\/li>\n\t<li class=\"page_item page-item-9464\"><a href=\"https:\/\/portal.rare.org\/br\/saving-clubs\/palau\/\">Palau<\/a><\/li>\n\t<li class=\"page_item page-item-9462\"><a href=\"https:\/\/portal.rare.org\/br\/saving-clubs\/philippines\/\">Filipinas<\/a><\/li>\n<\/ul>\n<\/li>\n<li class=\"page_item page-item-8423\"><a href=\"https:\/\/portal.rare.org\/br\/knowledge-base\/\">Base de Conhecimento<\/a><\/li>\n<li class=\"page_item page-item-5601\"><a href=\"https:\/\/portal.rare.org\/br\/covid-19-impacts\/\">Pesquisa de governo local Covid-19<\/a><\/li>\n<li class=\"page_item page-item-5219\"><a href=\"https:\/\/portal.rare.org\/br\/global-covid-19-fisheries-survey\/\">COVID-19 e pesca costeira<\/a><\/li>\n<li class=\"page_item page-item-5770\"><a href=\"https:\/\/portal.rare.org\/br\/donors-partners\/\">Doadores e parceiros<\/a><\/li>\n<li class=\"page_item page-item-2630\"><a href=\"https:\/\/portal.rare.org\/br\/faqs\/\">Perguntas frequentes<\/a><\/li>\n<li class=\"page_item page-item-5758\"><a href=\"https:\/\/portal.rare.org\/br\/cookies\/\">Cookies<\/a><\/li>\n<li class=\"page_item page-item-2537\"><a href=\"https:\/\/portal.rare.org\/br\/sitemap\/\">Mapa do site do portal<\/a><\/li>\n<li class=\"page_item page-item-5755\"><a href=\"https:\/\/portal.rare.org\/br\/terms\/\">Termos<\/a><\/li>\n<li class=\"page_item page-item-1760\"><a href=\"https:\/\/portal.rare.org\/br\/privacy\/\">Privacidade<\/a><\/li>\n<\/ul>\n<\/div>","protected":false},"excerpt":{"rendered":"","protected":false},"author":1,"featured_media":0,"parent":0,"menu_order":16,"comment_status":"closed","ping_status":"closed","template":"template-fullwidth.php","meta":{"footnotes":""},"folder":[],"class_list":["post-2537","page","type-page","status-publish","hentry"],"featured_image_urls":{"full":"","thumbnail":"","medium":"","medium_large":"","large":"","1536x1536":"","2048x2048":"","trp-custom-language-flag":"","homepage-slider":"","homepage-slider-small":"","page-top":"","page-small":"","loop-main":"","thumb-gallery-widget":""},"post_excerpt_stackable":"<p>Pages Fisheries Dashboard (Old) Sustainable Fishing with Effective Protection Program Resources Fisher Registration Program Strategy Program Implementation Roadmap Monitoring &#038; Evaluation Implementer Resources Global Guidance Documents Policy &#038; Governance Support Competency Implementer Resources &#8211; to Modify Financial &#038; Market Inclusion Community Enterprises OurFish Tools and Data Climate Change Vulnerability Implementer Resources Library Fisheries Data Ecological Data Build Effective Management Bodies Assess Socioeconomics Assess Socioeconomics Fisheries Management Assessment Tool Establish a network of marine reserves Explore Reserve Design Data Where We Work Honduras Mozambique Philippines Del Carmen, Siargao Island MA+R Design Workshop Network of MA+Rs Philippines Resources Indonesia Brazil Palau Guatemala&hellip;<\/p>\n","category_list":"","author_info":{"name":"gstoyle@rare.org","url":"https:\/\/portal.rare.org\/br\/author\/gstoylerare-org\/"},"comments_num":"0 coment\u00e1rio","featured_image_urls_v2":{"full":"","thumbnail":"","medium":"","medium_large":"","large":"","1536x1536":"","2048x2048":"","trp-custom-language-flag":"","homepage-slider":"","homepage-slider-small":"","page-top":"","page-small":"","loop-main":"","thumb-gallery-widget":""},"post_excerpt_stackable_v2":"<p>Pages Fisheries Dashboard (Old) Sustainable Fishing with Effective Protection Program Resources Fisher Registration Program Strategy Program Implementation Roadmap Monitoring &#038; Evaluation Implementer Resources Global Guidance Documents Policy &#038; Governance Support Competency Implementer Resources &#8211; to Modify Financial &#038; Market Inclusion Community Enterprises OurFish Tools and Data Climate Change Vulnerability Implementer Resources Library Fisheries Data Ecological Data Build Effective Management Bodies Assess Socioeconomics Assess Socioeconomics Fisheries Management Assessment Tool Establish a network of marine reserves Explore Reserve Design Data Where We Work Honduras Mozambique Philippines Del Carmen, Siargao Island MA+R Design Workshop Network of MA+Rs Philippines Resources Indonesia Brazil Palau Guatemala&hellip;<\/p>\n","category_list_v2":"","author_info_v2":{"name":"gstoyle@rare.org","url":"https:\/\/portal.rare.org\/br\/author\/gstoylerare-org\/"},"comments_num_v2":"0 coment\u00e1rio","_links":{"self":[{"href":"https:\/\/portal.rare.org\/br\/wp-json\/wp\/v2\/pages\/2537","targetHints":{"allow":["GET"]}}],"collection":[{"href":"https:\/\/portal.rare.org\/br\/wp-json\/wp\/v2\/pages"}],"about":[{"href":"https:\/\/portal.rare.org\/br\/wp-json\/wp\/v2\/types\/page"}],"author":[{"embeddable":true,"href":"https:\/\/portal.rare.org\/br\/wp-json\/wp\/v2\/users\/1"}],"replies":[{"embeddable":true,"href":"https:\/\/portal.rare.org\/br\/wp-json\/wp\/v2\/comments?post=2537"}],"version-history":[{"count":0,"href":"https:\/\/portal.rare.org\/br\/wp-json\/wp\/v2\/pages\/2537\/revisions"}],"wp:attachment":[{"href":"https:\/\/portal.rare.org\/br\/wp-json\/wp\/v2\/media?parent=2537"}],"wp:term":[{"taxonomy":"folder","embeddable":true,"href":"https:\/\/portal.rare.org\/br\/wp-json\/wp\/v2\/folder?post=2537"}],"curies":[{"name":"wp","href":"https:\/\/api.w.org\/{rel}","templated":true}]}}