{"id":365,"date":"2019-02-06T03:30:01","date_gmt":"2019-02-06T03:30:01","guid":{"rendered":"http:\/\/rare.georgestoyle.com\/?page_id=365"},"modified":"2021-06-03T19:04:42","modified_gmt":"2021-06-03T19:04:42","slug":"network-of-marine-reserves","status":"publish","type":"page","link":"https:\/\/portal.rare.org\/br\/tools-and-data\/network-of-marine-reserves\/","title":{"rendered":"Estabelecer uma rede de \u00c1reas de Conserva\u00e7\u00e3o e Recupera\u00e7\u00e3o de Estoques (ACRES)"},"content":{"rendered":"<div class=\"wp-block-ugb-columns ugb-columns ugb-f79c52a ugb-columns--design-plain ugb-columns--columns-2 ugb-main-block\"><div class=\"ugb-inner-block\"><div class=\"ugb-block-content\"><div class=\"ugb-columns__item ugb-f79c52a-content-wrapper\">\n<div class=\"wp-block-ugb-column ugb-column ugb-754198f ugb-column--design-plain ugb-main-block\"><div class=\"ugb-inner-block\"><div class=\"ugb-block-content\"><div class=\"ugb-column__item ugb-754198f-column-wrapper\"><div class=\"ugb-column__content-wrapper\">\n<p>O design inteligente de ACRES deve levar em conta a interconex\u00e3o dos habitats marinhos e a movimenta\u00e7\u00e3o das esp\u00e9cies de pescados. Em vez de uma \u00fanica ACRES, o Pesca Para Sempre defende redes de ACRES em v\u00e1rias comunidades para melhorar os benef\u00edcios ambientais e econ\u00f4micos. A participa\u00e7\u00e3o local, como por meio de \u00f3rg\u00e3os de administra\u00e7\u00e3o local, na sele\u00e7\u00e3o dessas \u00e1reas \u00e9 fundamental para o sucesso a longo prazo.<\/p>\n\n\n\n<div class=\"wp-block-buttons is-layout-flex wp-block-buttons-is-layout-flex\">\n<div class=\"wp-block-button\"><a class=\"wp-block-button__link\" href=\"https:\/\/portal.rare.org\/wp-content\/uploads\/2021\/06\/Marine-Reserve-Design.pdf\" target=\"_blank\" rel=\"noreferrer noopener\">Diretrizes de design de ACRES<\/a><\/div>\n<\/div>\n\n\n\n<div class=\"wp-block-buttons is-layout-flex wp-block-buttons-is-layout-flex\">\n<div class=\"wp-block-button\"><a class=\"wp-block-button__link\" href=\"https:\/\/portal.rare.org\/br\/tools-and-data\/network-of-marine-reserves\/explore-reserve-design-data\/\">Acesse mapas e dados<\/a><\/div>\n<\/div>\n<\/div><\/div><\/div><\/div><\/div>\n\n\n\n<div class=\"wp-block-ugb-column ugb-column ugb-145e8ca ugb-column--design-plain ugb-main-block\"><div class=\"ugb-inner-block\"><div class=\"ugb-block-content\"><div class=\"ugb-column__item ugb-145e8ca-column-wrapper\"><div class=\"ugb-column__content-wrapper\">\n\n\n\n\n\n<iframe loading=\"lazy\" width=\"560\" height=\"315\" src=\"https:\/\/www.youtube.com\/embed\/zOwuOaGTqN8?hl=pt&amp;cc_load_policy=1&amp;cc_lang_pref=pt\" frameborder=\"0\" allow=\"accelerometer; autoplay; clipboard-write; encrypted-media; gyroscope; picture-in-picture\" allowfullscreen=\"\"><\/iframe>\n\n\n\n\n\n<\/div><\/div><\/div><\/div><\/div>\n<\/div><\/div><\/div><\/div>\n\n\n\n<p><\/p>","protected":false},"excerpt":{"rendered":"<p>Smart reserve design should account for the interconnected nature of marine habitats and the movements of fish species. Rather than a single reserve, Fish Forever advocates networks of reserves across multiple communities to improve environmental and economic benefits. Local participation, such as through local management bodies, in selecting these areas [&hellip;]<\/p>\n","protected":false},"author":1,"featured_media":0,"parent":2228,"menu_order":6,"comment_status":"closed","ping_status":"closed","template":"template-fullwidth.php","meta":{"footnotes":""},"folder":[373],"class_list":["post-365","page","type-page","status-publish","hentry"],"featured_image_urls":{"full":"","thumbnail":"","medium":"","medium_large":"","large":"","1536x1536":"","2048x2048":"","trp-custom-language-flag":"","homepage-slider":"","homepage-slider-small":"","page-top":"","page-small":"","loop-main":"","thumb-gallery-widget":""},"post_excerpt_stackable":"<p>Smart reserve design should account for the interconnected nature of marine habitats and the movements of fish species. Rather than a single reserve, Fish Forever advocates networks of reserves across multiple communities to improve environmental and economic benefits. Local participation, such as through local management bodies, in selecting these areas is critical to their long-term success. Reserve Design Guidelines Access Maps &amp; Data<\/p>\n","category_list":"","author_info":{"name":"gstoyle@rare.org","url":"https:\/\/portal.rare.org\/br\/author\/gstoylerare-org\/"},"comments_num":"0 coment\u00e1rio","featured_image_urls_v2":{"full":"","thumbnail":"","medium":"","medium_large":"","large":"","1536x1536":"","2048x2048":"","trp-custom-language-flag":"","homepage-slider":"","homepage-slider-small":"","page-top":"","page-small":"","loop-main":"","thumb-gallery-widget":""},"post_excerpt_stackable_v2":"<p>Smart reserve design should account for the interconnected nature of marine habitats and the movements of fish species. Rather than a single reserve, Fish Forever advocates networks of reserves across multiple communities to improve environmental and economic benefits. Local participation, such as through local management bodies, in selecting these areas is critical to their long-term success. Reserve Design Guidelines Access Maps &amp; Data<\/p>\n","category_list_v2":"","author_info_v2":{"name":"gstoyle@rare.org","url":"https:\/\/portal.rare.org\/br\/author\/gstoylerare-org\/"},"comments_num_v2":"0 coment\u00e1rio","_links":{"self":[{"href":"https:\/\/portal.rare.org\/br\/wp-json\/wp\/v2\/pages\/365","targetHints":{"allow":["GET"]}}],"collection":[{"href":"https:\/\/portal.rare.org\/br\/wp-json\/wp\/v2\/pages"}],"about":[{"href":"https:\/\/portal.rare.org\/br\/wp-json\/wp\/v2\/types\/page"}],"author":[{"embeddable":true,"href":"https:\/\/portal.rare.org\/br\/wp-json\/wp\/v2\/users\/1"}],"replies":[{"embeddable":true,"href":"https:\/\/portal.rare.org\/br\/wp-json\/wp\/v2\/comments?post=365"}],"version-history":[{"count":0,"href":"https:\/\/portal.rare.org\/br\/wp-json\/wp\/v2\/pages\/365\/revisions"}],"up":[{"embeddable":true,"href":"https:\/\/portal.rare.org\/br\/wp-json\/wp\/v2\/pages\/2228"}],"wp:attachment":[{"href":"https:\/\/portal.rare.org\/br\/wp-json\/wp\/v2\/media?parent=365"}],"wp:term":[{"taxonomy":"folder","embeddable":true,"href":"https:\/\/portal.rare.org\/br\/wp-json\/wp\/v2\/folder?post=365"}],"curies":[{"name":"wp","href":"https:\/\/api.w.org\/{rel}","templated":true}]}}