{"id":5374,"date":"2020-08-18T02:14:37","date_gmt":"2020-08-18T02:14:37","guid":{"rendered":"https:\/\/portal.rare.org\/?page_id=5374"},"modified":"2022-10-18T02:34:51","modified_gmt":"2022-10-18T02:34:51","slug":"policy-governance","status":"publish","type":"page","link":"https:\/\/portal.rare.org\/br\/policy-governance\/","title":{"rendered":"Pol\u00edtica e Governan\u00e7a"},"content":{"rendered":"<p>As decis\u00f5es e prioridades governamentais desempenham um papel cr\u00edtico na gest\u00e3o e prote\u00e7\u00e3o dos ecossistemas costeiros. Com forte vontade pol\u00edtica, capacidade e incentivos sociais, os governos podem sustentar e dimensionar interven\u00e7\u00f5es que ajudem tanto os ecossistemas costeiros quanto as comunidades que deles dependem.<\/p>\n\n\n\n<figure class=\"wp-block-image size-full\"><img loading=\"lazy\" decoding=\"async\" width=\"1920\" height=\"1080\" src=\"https:\/\/portal.rare.org\/wp-content\/uploads\/2022\/04\/7119_Fish-Forever_Philippines_DSC_9083_cc-1.jpg\" alt=\"\" class=\"wp-image-8763\" srcset=\"https:\/\/portal.rare.org\/wp-content\/uploads\/2022\/04\/7119_Fish-Forever_Philippines_DSC_9083_cc-1.jpg 1920w, https:\/\/portal.rare.org\/wp-content\/uploads\/2022\/04\/7119_Fish-Forever_Philippines_DSC_9083_cc-1-300x169.jpg 300w, https:\/\/portal.rare.org\/wp-content\/uploads\/2022\/04\/7119_Fish-Forever_Philippines_DSC_9083_cc-1-1024x576.jpg 1024w, https:\/\/portal.rare.org\/wp-content\/uploads\/2022\/04\/7119_Fish-Forever_Philippines_DSC_9083_cc-1-768x432.jpg 768w, https:\/\/portal.rare.org\/wp-content\/uploads\/2022\/04\/7119_Fish-Forever_Philippines_DSC_9083_cc-1-1536x864.jpg 1536w, https:\/\/portal.rare.org\/wp-content\/uploads\/2022\/04\/7119_Fish-Forever_Philippines_DSC_9083_cc-1-18x10.jpg 18w, https:\/\/portal.rare.org\/wp-content\/uploads\/2022\/04\/7119_Fish-Forever_Philippines_DSC_9083_cc-1-947x533.jpg 947w, https:\/\/portal.rare.org\/wp-content\/uploads\/2022\/04\/7119_Fish-Forever_Philippines_DSC_9083_cc-1-624x351.jpg 624w\" sizes=\"auto, (max-width: 1920px) 100vw, 1920px\" \/><\/figure>\n\n\n\n<p>O Pesca Para Sempre reconhece que, para alcan\u00e7ar e sustentar essa miss\u00e3o, as condi\u00e7\u00f5es pol\u00edticas corretas e o ambiente prop\u00edcio devem estar em vigor. Com base na implementa\u00e7\u00e3o bem-sucedida no terreno e mostrando provas de conceito e resultados, o trabalho do Pesca Para Sempre <strong><span style=\"color: #0693e3;\" class=\"stk-highlight\">Pol\u00edtica, Governan\u00e7a e Parceria<\/span><\/strong> caracteriza-se por:<\/p>\n\n\n\n<ul class=\"wp-block-list\"><li><strong><span style=\"color: #0693e3;\" class=\"stk-highlight\">Abordagem pol\u00edtica multin\u00edvel <\/span><\/strong> O Pesca Para Sempre coordena as liga\u00e7\u00f5es pol\u00edticas verticalmente entre os n\u00edveis do governo e horizontalmente entre as unidades e ag\u00eancias governamentais.<\/li><\/ul>\n\n\n\n<ul class=\"wp-block-list\"><li><em><span style=\"color: #0693e3;\" class=\"stk-highlight\"><strong>Espa\u00e7o para inova\u00e7\u00f5es pol\u00edticas<\/strong><\/span><\/em> &nbsp;O Pesca Para Sempre reconhece que existem v\u00e1rios caminhos para alcan\u00e7ar um objetivo de pol\u00edtica e que h\u00e1 uma s\u00e9rie de instrumentos dispon\u00edveis para realizar o trabalho de pol\u00edtica mais importante para apoiar os ecossistemas costeiros.&nbsp;&nbsp;<\/li><\/ul>\n\n\n\n<ul class=\"wp-block-list\"><li><em><span style=\"color: #0693e3;\" class=\"stk-highlight\"><strong>Colaborativo e participativo<\/strong><\/span><\/em>  O Pesca Para Sempre \u00e9 uma respeitada parceira de pensamento dos governos e tem trabalhado com eles e outras partes interessadas para garantir que as pol\u00edticas sigam os princ\u00edpios da formula\u00e7\u00e3o de pol\u00edticas, incluindo transpar\u00eancia, participa\u00e7\u00e3o, evid\u00eancias cient\u00edficas e vis\u00e3o de futuro.<\/li><\/ul>\n\n\n\n<div class=\"wp-block-stackable-divider stk-block-divider stk-block stk-ea8f33f is-style-dots\" data-block-id=\"ea8f33f\"><style>.stk-ea8f33f{bottom:-23px !important}<\/style><div class=\"stk-block-divider__dots\" aria-hidden=\"true\"><div class=\"stk-block-divider__dot\"><\/div><div class=\"stk-block-divider__dot\"><\/div><div class=\"stk-block-divider__dot\"><\/div><\/div><\/div>\n\n\n\n<div style=\"height:5px\" aria-hidden=\"true\" class=\"wp-block-spacer\"><\/div>\n\n\n\n<div class=\"wp-block-stackable-columns stk-block-columns stk-block stk-918b3cc\" data-block-id=\"918b3cc\"><style>.stk-918b3cc{bottom:-2px !important}<\/style><div class=\"stk-row stk-inner-blocks stk-block-content stk-content-align stk-918b3cc-column\">\n<div class=\"wp-block-stackable-column stk-block-column stk-block-column--v2 stk-column stk-block stk-db040f0\" data-block-id=\"db040f0\"><div class=\"stk-column-wrapper stk-block-column__content stk-container stk-db040f0-container stk--no-background stk--no-padding\"><div class=\"stk-block-content stk-inner-blocks stk-db040f0-inner-blocks\">\n<figure class=\"wp-block-image size-full\"><a href=\"http:\/\/coastal500.org\/\" target=\"_blank\" rel=\"noopener\"><img loading=\"lazy\" decoding=\"async\" width=\"865\" height=\"525\" src=\"https:\/\/portal.rare.org\/wp-content\/uploads\/2022\/04\/Coastal500-Logo-Tagline-EN-3-2-4.png\" alt=\"\" class=\"wp-image-8769\" srcset=\"https:\/\/portal.rare.org\/wp-content\/uploads\/2022\/04\/Coastal500-Logo-Tagline-EN-3-2-4.png 865w, https:\/\/portal.rare.org\/wp-content\/uploads\/2022\/04\/Coastal500-Logo-Tagline-EN-3-2-4-300x182.png 300w, https:\/\/portal.rare.org\/wp-content\/uploads\/2022\/04\/Coastal500-Logo-Tagline-EN-3-2-4-768x466.png 768w, https:\/\/portal.rare.org\/wp-content\/uploads\/2022\/04\/Coastal500-Logo-Tagline-EN-3-2-4-18x12.png 18w, https:\/\/portal.rare.org\/wp-content\/uploads\/2022\/04\/Coastal500-Logo-Tagline-EN-3-2-4-624x379.png 624w\" sizes=\"auto, (max-width: 865px) 100vw, 865px\" \/><\/a><\/figure>\n<\/div><\/div><\/div>\n\n\n\n<div class=\"wp-block-stackable-column stk-block-column stk-block-column--v2 stk-column stk-block stk-2a15303\" data-block-id=\"2a15303\"><div class=\"stk-column-wrapper stk-block-column__content stk-container stk-2a15303-container stk--no-background stk--no-padding\"><div class=\"stk-block-content stk-inner-blocks stk-2a15303-inner-blocks\">\n<p><strong><a style=\"\" href=\"http:\/\/coastal500.org\/\" target=\"_blank\" rel=\"noreferrer noopener\">Coastal500<\/a><\/strong> \u00e9 a maior rede global de prefeitos e l\u00edderes governamentais locais comprometidos com o trabalho em prol de comunidades costeiras pr\u00f3speras e pr\u00f3speras. Eles est\u00e3o unidos na recupera\u00e7\u00e3o e manuten\u00e7\u00e3o dos mares costeiros, compartilhando as melhores pr\u00e1ticas e li\u00e7\u00f5es importantes em todo o mundo. O objetivo \u00e9 ajudar todos os membros a alcan\u00e7arem pescarias sustent\u00e1veis que criem prosperidade para a comunidade e, ao mesmo tempo, protejam o meio ambiente.<\/p>\n\n\n\n<div class=\"wp-block-buttons is-content-justification-left is-layout-flex wp-container-core-buttons-is-layout-fdcfc74e wp-block-buttons-is-layout-flex\">\n<div class=\"wp-block-button\"><a class=\"wp-block-button__link\" href=\"https:\/\/coastal500.org\" target=\"_blank\" rel=\"noreferrer noopener\">Saiba mais sobre Coastal500<\/a><\/div>\n<\/div>\n<\/div><\/div><\/div>\n<\/div><\/div>\n\n\n\n<div style=\"height:5px\" aria-hidden=\"true\" class=\"wp-block-spacer\"><\/div>\n\n\n\n<div class=\"wp-block-stackable-divider stk-block-divider stk-block stk-ef4bdf0 is-style-dots\" data-block-id=\"ef4bdf0\"><div class=\"stk-block-divider__dots\" aria-hidden=\"true\"><div class=\"stk-block-divider__dot\"><\/div><div class=\"stk-block-divider__dot\"><\/div><div class=\"stk-block-divider__dot\"><\/div><\/div><\/div>\n\n\n\n<div style=\"height:5px\" aria-hidden=\"true\" class=\"wp-block-spacer\"><\/div>\n\n\n\n<div class=\"wp-block-columns is-layout-flex wp-container-core-columns-is-layout-9d6595d7 wp-block-columns-is-layout-flex\">\n<div class=\"wp-block-column is-layout-flow wp-block-column-is-layout-flow\">\n<figure class=\"wp-block-image size-large\"><img loading=\"lazy\" decoding=\"async\" width=\"1024\" height=\"690\" src=\"https:\/\/portal.rare.org\/wp-content\/uploads\/2021\/06\/10239_Fish-Forever_Philippines_Siargao-mayors-pledge-copy-1024x690.jpg\" alt=\"\" class=\"wp-image-7966\" srcset=\"https:\/\/portal.rare.org\/wp-content\/uploads\/2021\/06\/10239_Fish-Forever_Philippines_Siargao-mayors-pledge-copy-1024x690.jpg 1024w, https:\/\/portal.rare.org\/wp-content\/uploads\/2021\/06\/10239_Fish-Forever_Philippines_Siargao-mayors-pledge-copy-300x202.jpg 300w, https:\/\/portal.rare.org\/wp-content\/uploads\/2021\/06\/10239_Fish-Forever_Philippines_Siargao-mayors-pledge-copy-768x518.jpg 768w, https:\/\/portal.rare.org\/wp-content\/uploads\/2021\/06\/10239_Fish-Forever_Philippines_Siargao-mayors-pledge-copy-1536x1035.jpg 1536w, https:\/\/portal.rare.org\/wp-content\/uploads\/2021\/06\/10239_Fish-Forever_Philippines_Siargao-mayors-pledge-copy-16x12.jpg 16w, https:\/\/portal.rare.org\/wp-content\/uploads\/2021\/06\/10239_Fish-Forever_Philippines_Siargao-mayors-pledge-copy-947x638.jpg 947w, https:\/\/portal.rare.org\/wp-content\/uploads\/2021\/06\/10239_Fish-Forever_Philippines_Siargao-mayors-pledge-copy-624x420.jpg 624w, https:\/\/portal.rare.org\/wp-content\/uploads\/2021\/06\/10239_Fish-Forever_Philippines_Siargao-mayors-pledge-copy-84x56.jpg 84w, https:\/\/portal.rare.org\/wp-content\/uploads\/2021\/06\/10239_Fish-Forever_Philippines_Siargao-mayors-pledge-copy.jpg 2048w\" sizes=\"auto, (max-width: 1024px) 100vw, 1024px\" \/><\/figure>\n\n\n\n<h2 class=\"wp-block-heading\" id=\"our-commitment\">Nosso Compromisso<\/h2>\n\n\n\n<p>Estamos nos juntando a l\u00edderes governamentais locais de todo o mundo que buscam construir comunidades costeiras saud\u00e1veis, pr\u00f3speras e sustent\u00e1veis.<\/p>\n\n\n\n<div class=\"wp-block-buttons is-layout-flex wp-block-buttons-is-layout-flex\">\n<div class=\"wp-block-button\"><a class=\"wp-block-button__link\" href=\"https:\/\/www.coastal500.org\/our-pledge\">Consulte Mais informa\u00e7\u00e3o\u2026<\/a><\/div>\n<\/div>\n<\/div>\n\n\n\n<div class=\"wp-block-column is-layout-flow wp-block-column-is-layout-flow\">\n<figure class=\"wp-block-image size-large is-resized\"><img loading=\"lazy\" decoding=\"async\" src=\"https:\/\/portal.rare.org\/wp-content\/uploads\/2022\/04\/Action-Book-edited.png\" alt=\"\" class=\"wp-image-8764\" width=\"371\" height=\"271\" srcset=\"https:\/\/portal.rare.org\/wp-content\/uploads\/2022\/04\/Action-Book-edited.png 1411w, https:\/\/portal.rare.org\/wp-content\/uploads\/2022\/04\/Action-Book-edited-300x220.png 300w, https:\/\/portal.rare.org\/wp-content\/uploads\/2022\/04\/Action-Book-edited-1024x751.png 1024w, https:\/\/portal.rare.org\/wp-content\/uploads\/2022\/04\/Action-Book-edited-768x563.png 768w, https:\/\/portal.rare.org\/wp-content\/uploads\/2022\/04\/Action-Book-edited-16x12.png 16w, https:\/\/portal.rare.org\/wp-content\/uploads\/2022\/04\/Action-Book-edited-947x695.png 947w, https:\/\/portal.rare.org\/wp-content\/uploads\/2022\/04\/Action-Book-edited-624x458.png 624w\" sizes=\"auto, (max-width: 371px) 100vw, 371px\" \/><\/figure>\n\n\n\n<h2 class=\"wp-block-heading\" id=\"our-resources\">Nossas a\u00e7\u00f5es<\/h2>\n\n\n\n<p>Saiba mais sobre o que os membros da Coastal 500 est\u00e3o fazendo para apoiar a pesca sustent\u00e1vel de pequena escala, prote\u00e7\u00e3o costeira e resili\u00eancia clim\u00e1tica.<\/p>\n\n\n\n<div class=\"wp-block-buttons is-layout-flex wp-block-buttons-is-layout-flex\">\n<div class=\"wp-block-button\"><a class=\"wp-block-button__link\" href=\"https:\/\/www.coastal500.org\/action-guidebook\">Consulte Mais informa\u00e7\u00e3o\u2026<\/a><\/div>\n<\/div>\n<\/div>\n<\/div>\n\n\n\n<div class=\"wp-block-stackable-divider stk-block-divider stk-block stk-f09961f is-style-dots\" data-block-id=\"f09961f\"><div class=\"stk-block-divider__dots\" aria-hidden=\"true\"><div class=\"stk-block-divider__dot\"><\/div><div class=\"stk-block-divider__dot\"><\/div><div class=\"stk-block-divider__dot\"><\/div><\/div><\/div>\n\n\n\n<h2 class=\"has-text-align-center wp-block-heading\" id=\"together-we-are-empowering-our-constituencies\">Juntos, estamos capacitando nossos constituintes<\/h2>\n\n\n\n<iframe loading=\"lazy\" src=\"https:\/\/portal.rare.org\/data-management\/leadership\/leaders.php\" width=\"100%\" height=\"4500px\" frameborder=\"0\" scrolling=\"yes\" style=\"margin-top:10px;\"><\/iframe>\n\n\n\n<p><\/p>","protected":false},"excerpt":{"rendered":"<p>Government decisions and priorities play a critical role in the management and protection of coastal ecosystems. With strong political will, capacity and social incentives, governments can sustain and scale interventions that help both coastal ecosystems and the communities who depend on them. Fish Forever recognizes that in order to achieve [&hellip;]<\/p>\n","protected":false},"author":1,"featured_media":0,"parent":0,"menu_order":5,"comment_status":"closed","ping_status":"closed","template":"template-fullwidth.php","meta":{"footnotes":""},"folder":[371],"class_list":["post-5374","page","type-page","status-publish","hentry"],"featured_image_urls":{"full":"","thumbnail":"","medium":"","medium_large":"","large":"","1536x1536":"","2048x2048":"","trp-custom-language-flag":"","homepage-slider":"","homepage-slider-small":"","page-top":"","page-small":"","loop-main":"","thumb-gallery-widget":""},"post_excerpt_stackable":"<p>Government decisions and priorities play a critical role in the management and protection of coastal ecosystems. With strong political will, capacity and social incentives, governments can sustain and scale interventions that help both coastal ecosystems and the communities who depend on them. Fish Forever recognizes that in order to achieve and sustain this&nbsp; mission, the right policy conditions and enabling environment should be in place. Building on the successful implementation on the ground and showing proof of concept and results, Fish Forever&#8217;s Policy, Governance and Partnership work is characterized by the following: Multi &#8211; level policy approach Fish Forever coordinates&hellip;<\/p>\n","category_list":"","author_info":{"name":"gstoyle@rare.org","url":"https:\/\/portal.rare.org\/br\/author\/gstoylerare-org\/"},"comments_num":"0 coment\u00e1rio","featured_image_urls_v2":{"full":"","thumbnail":"","medium":"","medium_large":"","large":"","1536x1536":"","2048x2048":"","trp-custom-language-flag":"","homepage-slider":"","homepage-slider-small":"","page-top":"","page-small":"","loop-main":"","thumb-gallery-widget":""},"post_excerpt_stackable_v2":"<p>Government decisions and priorities play a critical role in the management and protection of coastal ecosystems. With strong political will, capacity and social incentives, governments can sustain and scale interventions that help both coastal ecosystems and the communities who depend on them. Fish Forever recognizes that in order to achieve and sustain this&nbsp; mission, the right policy conditions and enabling environment should be in place. Building on the successful implementation on the ground and showing proof of concept and results, Fish Forever&#8217;s Policy, Governance and Partnership work is characterized by the following: Multi &#8211; level policy approach Fish Forever coordinates&hellip;<\/p>\n","category_list_v2":"","author_info_v2":{"name":"gstoyle@rare.org","url":"https:\/\/portal.rare.org\/br\/author\/gstoylerare-org\/"},"comments_num_v2":"0 coment\u00e1rio","_links":{"self":[{"href":"https:\/\/portal.rare.org\/br\/wp-json\/wp\/v2\/pages\/5374","targetHints":{"allow":["GET"]}}],"collection":[{"href":"https:\/\/portal.rare.org\/br\/wp-json\/wp\/v2\/pages"}],"about":[{"href":"https:\/\/portal.rare.org\/br\/wp-json\/wp\/v2\/types\/page"}],"author":[{"embeddable":true,"href":"https:\/\/portal.rare.org\/br\/wp-json\/wp\/v2\/users\/1"}],"replies":[{"embeddable":true,"href":"https:\/\/portal.rare.org\/br\/wp-json\/wp\/v2\/comments?post=5374"}],"version-history":[{"count":0,"href":"https:\/\/portal.rare.org\/br\/wp-json\/wp\/v2\/pages\/5374\/revisions"}],"wp:attachment":[{"href":"https:\/\/portal.rare.org\/br\/wp-json\/wp\/v2\/media?parent=5374"}],"wp:term":[{"taxonomy":"folder","embeddable":true,"href":"https:\/\/portal.rare.org\/br\/wp-json\/wp\/v2\/folder?post=5374"}],"curies":[{"name":"wp","href":"https:\/\/api.w.org\/{rel}","templated":true}]}}