{"id":5510,"date":"2020-08-19T20:33:12","date_gmt":"2020-08-19T20:33:12","guid":{"rendered":"https:\/\/portal.rare.org\/?page_id=5510"},"modified":"2020-10-23T18:45:38","modified_gmt":"2020-10-23T18:45:38","slug":"our-commitment","status":"publish","type":"page","link":"https:\/\/portal.rare.org\/br\/policy-governance\/our-commitment\/","title":{"rendered":"Nosso compromisso"},"content":{"rendered":"<div class=\"wp-block-image\"><figure class=\"aligncenter size-full is-resized\"><img loading=\"lazy\" decoding=\"async\" src=\"https:\/\/portal.rare.org\/wp-content\/uploads\/2020\/10\/Mayors-pledge_wide.jpg\" alt=\"\" class=\"wp-image-5742\" width=\"1620\" height=\"730\" srcset=\"https:\/\/portal.rare.org\/wp-content\/uploads\/2020\/10\/Mayors-pledge_wide.jpg 1620w, https:\/\/portal.rare.org\/wp-content\/uploads\/2020\/10\/Mayors-pledge_wide-300x135.jpg 300w, https:\/\/portal.rare.org\/wp-content\/uploads\/2020\/10\/Mayors-pledge_wide-1024x461.jpg 1024w, https:\/\/portal.rare.org\/wp-content\/uploads\/2020\/10\/Mayors-pledge_wide-768x346.jpg 768w, https:\/\/portal.rare.org\/wp-content\/uploads\/2020\/10\/Mayors-pledge_wide-1536x692.jpg 1536w, https:\/\/portal.rare.org\/wp-content\/uploads\/2020\/10\/Mayors-pledge_wide-16x7.jpg 16w, https:\/\/portal.rare.org\/wp-content\/uploads\/2020\/10\/Mayors-pledge_wide-947x427.jpg 947w, https:\/\/portal.rare.org\/wp-content\/uploads\/2020\/10\/Mayors-pledge_wide-624x281.jpg 624w\" sizes=\"auto, (max-width: 1620px) 100vw, 1620px\" \/><\/figure><\/div>\n\n\n\n<h2 class=\"has-text-align-center wp-block-heading\">Compromisso de Lideran\u00e7a Local<\/h2>\n\n\n\n<h3 class=\"has-text-align-center wp-block-heading\">Para apoiar comunidades pesqueiras saud\u00e1veis e sustent\u00e1veis<\/h3>\n\n\n\n<p class=\"has-text-align-center\"><strong>UM DESAFIO GLOBAL COM UMA SOLU\u00c7\u00c3O LOCAL<\/strong><\/p>\n\n\n\n<p class=\"has-text-align-center\">Nossas comunidades costeiras dependem de oceanos saud\u00e1veis e produtivos. Como l\u00edder na minha comunidade, reconhe\u00e7o que as pescas costeiras s\u00e3o essenciais para a Nossa alimenta\u00e7\u00e3o, sustentam a nossa economia e s\u00e3o uma parte importante da nossa cultura e modo de vida.<\/p>\n\n\n\n<p class=\"has-text-align-center\">Como signat\u00e1rio deste compromisso, estou me juntando a l\u00edderes locais de todo o mundo que buscam construir comunidades costeiras saud\u00e1veis, pr\u00f3speras e sustent\u00e1veis. Juntos, estamos capacitando nossos constituintes a terem direitos claros de acesso a suas pescarias, boa governan\u00e7a, lideran\u00e7a local e gest\u00e3o participativa para recuperar e sustentar nossos recursos costeiros.<\/p>\n\n\n\n<div class=\"wp-block-ugb-divider ugb-divider ugb-c4fbdbd ugb-divider--v2 ugb-divider--design-basic ugb-main-block\" id=\"\"><style>.ugb-c4fbdbd hr.ugb-divider__hr{background-color:#d1d9df !important;margin-left:auto !important;margin-right:auto !important}<\/style><div class=\"ugb-inner-block\"><div class=\"ugb-block-content\"><hr class=\"ugb-divider__hr\"\/><\/div><\/div><\/div>\n\n\n\n<p><strong>Atrav\u00e9s da minha lideran\u00e7a e em apoio \u00e0 minha comunidade, comprometo-me a:<\/strong><\/p>\n\n\n\n<p>1. Promover comportamentos respons\u00e1veis dos pescadores que incluem o registro, monitoramento das capturas, participa\u00e7\u00e3o na gest\u00e3o e ades\u00e3o aos regulamentos;<\/p>\n\n\n\n<p>2. Reconhecer, priorizar e defender as comunidades locais em seu acesso e uso da pesca costeira;<\/p>\n\n\n\n<p>3. Construir uma comunidade capacitada e informada por meio da gest\u00e3o participativa da pesca que regule os esfor\u00e7os de maneira justa e equitativa e empregue um processo de tomada de decis\u00e3o respons\u00e1vel e transparente;<\/p>\n\n\n\n<p>4. Endossar reservas proibidas para reabastecer e sustentar as popula\u00e7\u00f5es de peixes protegendo os habitats costeiros, como recifes de coral, manguezais e leitos de ervas marinhas;<\/p>\n\n\n\n<p>5. Investir no fortalecimento da capacidade humana e recursos financeiros para sustentar a gest\u00e3o da pesca com base na comunidade;<\/p>\n\n\n\n<p>6. Continuar aprendendo, ensinando e inspirando outras pessoas, compartilhando li\u00e7\u00f5es e experi\u00eancias da minha comunidade com l\u00edderes de todo o pa\u00eds e de todo o mundo.<\/p>","protected":false},"excerpt":{"rendered":"<p>Local Leadership Pledge To support healthy and sustainable fishing communities A GLOBAL CHALLENGE WITH A LOCAL SOLUTION Our coastal communities depend on healthy, productive oceans. As a leader in my community I recognize that coastal fisheries are essential for Our food, underpin Our economy and are an important part of [&hellip;]<\/p>\n","protected":false},"author":1,"featured_media":0,"parent":5374,"menu_order":3,"comment_status":"closed","ping_status":"closed","template":"template-fullwidth.php","meta":{"footnotes":""},"folder":[371],"class_list":["post-5510","page","type-page","status-publish","hentry"],"featured_image_urls":{"full":"","thumbnail":"","medium":"","medium_large":"","large":"","1536x1536":"","2048x2048":"","trp-custom-language-flag":"","homepage-slider":"","homepage-slider-small":"","page-top":"","page-small":"","loop-main":"","thumb-gallery-widget":""},"post_excerpt_stackable":"<p>Local Leadership Pledge To support healthy and sustainable fishing communities A GLOBAL CHALLENGE WITH A LOCAL SOLUTION Our coastal communities depend on healthy, productive oceans. As a leader in my community I recognize that coastal fisheries are essential for Our food, underpin Our economy and are an important part of our culture and way of life. As a signatory to this pledge I am joining local leaders from around the world who seek to build healthy, prosperous, and sustainable coastal communities. Together we are empowering our constituencies to have clear access rights to their fisheries, good governance, local leadership, and&hellip;<\/p>\n","category_list":"","author_info":{"name":"gstoyle@rare.org","url":"https:\/\/portal.rare.org\/br\/author\/gstoylerare-org\/"},"comments_num":"0 coment\u00e1rio","featured_image_urls_v2":{"full":"","thumbnail":"","medium":"","medium_large":"","large":"","1536x1536":"","2048x2048":"","trp-custom-language-flag":"","homepage-slider":"","homepage-slider-small":"","page-top":"","page-small":"","loop-main":"","thumb-gallery-widget":""},"post_excerpt_stackable_v2":"<p>Local Leadership Pledge To support healthy and sustainable fishing communities A GLOBAL CHALLENGE WITH A LOCAL SOLUTION Our coastal communities depend on healthy, productive oceans. As a leader in my community I recognize that coastal fisheries are essential for Our food, underpin Our economy and are an important part of our culture and way of life. As a signatory to this pledge I am joining local leaders from around the world who seek to build healthy, prosperous, and sustainable coastal communities. Together we are empowering our constituencies to have clear access rights to their fisheries, good governance, local leadership, and&hellip;<\/p>\n","category_list_v2":"","author_info_v2":{"name":"gstoyle@rare.org","url":"https:\/\/portal.rare.org\/br\/author\/gstoylerare-org\/"},"comments_num_v2":"0 coment\u00e1rio","_links":{"self":[{"href":"https:\/\/portal.rare.org\/br\/wp-json\/wp\/v2\/pages\/5510","targetHints":{"allow":["GET"]}}],"collection":[{"href":"https:\/\/portal.rare.org\/br\/wp-json\/wp\/v2\/pages"}],"about":[{"href":"https:\/\/portal.rare.org\/br\/wp-json\/wp\/v2\/types\/page"}],"author":[{"embeddable":true,"href":"https:\/\/portal.rare.org\/br\/wp-json\/wp\/v2\/users\/1"}],"replies":[{"embeddable":true,"href":"https:\/\/portal.rare.org\/br\/wp-json\/wp\/v2\/comments?post=5510"}],"version-history":[{"count":0,"href":"https:\/\/portal.rare.org\/br\/wp-json\/wp\/v2\/pages\/5510\/revisions"}],"up":[{"embeddable":true,"href":"https:\/\/portal.rare.org\/br\/wp-json\/wp\/v2\/pages\/5374"}],"wp:attachment":[{"href":"https:\/\/portal.rare.org\/br\/wp-json\/wp\/v2\/media?parent=5510"}],"wp:term":[{"taxonomy":"folder","embeddable":true,"href":"https:\/\/portal.rare.org\/br\/wp-json\/wp\/v2\/folder?post=5510"}],"curies":[{"name":"wp","href":"https:\/\/api.w.org\/{rel}","templated":true}]}}