{"id":5601,"date":"2020-10-02T15:44:07","date_gmt":"2020-10-02T15:44:07","guid":{"rendered":"https:\/\/portal.rare.org\/?page_id=5601"},"modified":"2021-10-15T16:47:25","modified_gmt":"2021-10-15T16:47:25","slug":"covid-19-impacts","status":"publish","type":"page","link":"https:\/\/portal.rare.org\/br\/covid-19-impacts\/","title":{"rendered":"Pesquisa de governo local Covid-19"},"content":{"rendered":"<div class=\"wp-block-ugb-columns ugb-columns ugb-2c8cae7 ugb-columns--design-plain ugb-columns--columns-2 ugb-main-block\"><div class=\"ugb-inner-block\"><div class=\"ugb-block-content\"><div class=\"ugb-columns__item ugb-2c8cae7-content-wrapper\">\n<div class=\"wp-block-ugb-column ugb-column ugb-83c2445 ugb-column--design-plain ugb-main-block\"><div class=\"ugb-inner-block\"><div class=\"ugb-block-content\"><div class=\"ugb-column__item ugb-83c2445-column-wrapper\"><div class=\"ugb-column__content-wrapper\">\n<p>Para entender melhor o impacto do COVID19 nas comunidades costeiras, o Fish Forever conduziu duas pesquisas globais de junho a agosto de 2020 entre 527 pescadores e 70 governos locais em seis pa\u00edses.<\/p>\n\n\n\n<p>As pesquisas nos permitiram obter insights sobre:<\/p>\n\n\n\n<ul class=\"wp-block-list\"><li>O n\u00edvel de impacto e as causas da interrup\u00e7\u00e3o da pandemia nas vidas das partes interessadas costeiras<\/li><li>As estrat\u00e9gias de enfrentamento dos pescadores e a resposta dos governos locais&nbsp;<\/li><li>O n\u00edvel de conscientiza\u00e7\u00e3o quanto \u00e0 disponibilidade de programas de financiamento para o setor<\/li><li>E o papel da pesca de pequena escala no processo de recupera\u00e7\u00e3o da pandemia<\/li><\/ul>\n\n\n\n<div class=\"wp-block-buttons is-layout-flex wp-block-buttons-is-layout-flex\">\n<div class=\"wp-block-button\"><a class=\"wp-block-button__link\" href=\"https:\/\/portal.rare.org\/wp-content\/uploads\/2021\/05\/COVID19-Local-Government-Pulse-Survey.pdf\" target=\"_blank\" rel=\"noreferrer noopener\">Baixar relat\u00f3rio<\/a><\/div>\n<\/div>\n<\/div><\/div><\/div><\/div><\/div>\n\n\n\n<div class=\"wp-block-ugb-column ugb-column ugb-4d6d190 ugb-column--design-plain ugb-main-block\"><div class=\"ugb-inner-block\"><div class=\"ugb-block-content\"><div class=\"ugb-column__item ugb-4d6d190-column-wrapper\"><div class=\"ugb-column__content-wrapper\">\n<figure class=\"wp-block-embed is-type-video is-provider-youtube wp-block-embed-youtube wp-embed-aspect-16-9 wp-has-aspect-ratio\"><div class=\"wp-block-embed__wrapper\">\n<iframe loading=\"lazy\" title=\"O Impacto do COVID-19 nas Comunidades Costeiras\" width=\"887\" height=\"499\" src=\"https:\/\/www.youtube.com\/embed\/9LXGjYZ8VAc?feature=oembed\" frameborder=\"0\" allow=\"accelerometer; autoplay; clipboard-write; encrypted-media; gyroscope; picture-in-picture; web-share\" allowfullscreen><\/iframe>\n<\/div><\/figure>\n<\/div><\/div><\/div><\/div><\/div>\n<\/div><\/div><\/div><\/div>","protected":false},"excerpt":{"rendered":"<p>To better understand the impact of COVID19 in coastal communities, Fish Forever conducted two global surveys from June to August 2020 amongst 527 fishers and 70 Local Governments across six countries. The surveys allowed us to gain insights about: The level of impact and causes of disruption of the pandemic [&hellip;]<\/p>\n","protected":false},"author":1,"featured_media":0,"parent":0,"menu_order":11,"comment_status":"closed","ping_status":"closed","template":"","meta":{"footnotes":""},"folder":[374],"class_list":["post-5601","page","type-page","status-publish","hentry"],"featured_image_urls":{"full":"","thumbnail":"","medium":"","medium_large":"","large":"","1536x1536":"","2048x2048":"","trp-custom-language-flag":"","homepage-slider":"","homepage-slider-small":"","page-top":"","page-small":"","loop-main":"","thumb-gallery-widget":""},"post_excerpt_stackable":"<p>To better understand the impact of COVID19 in coastal communities, Fish Forever conducted two global surveys from June to August 2020 amongst 527 fishers and 70 Local Governments across six countries. The surveys allowed us to gain insights about: The level of impact and causes of disruption of the pandemic on the lives of coastal stakeholdersThe coping strategies of fishers and the response of local governments&nbsp;The level of awareness regarding the availability of financing programs for the sectorAnd the role of small-scale fisheries in the recovery process from the pandemic Download Report<\/p>\n","category_list":"","author_info":{"name":"gstoyle@rare.org","url":"https:\/\/portal.rare.org\/br\/author\/gstoylerare-org\/"},"comments_num":"0 coment\u00e1rio","featured_image_urls_v2":{"full":"","thumbnail":"","medium":"","medium_large":"","large":"","1536x1536":"","2048x2048":"","trp-custom-language-flag":"","homepage-slider":"","homepage-slider-small":"","page-top":"","page-small":"","loop-main":"","thumb-gallery-widget":""},"post_excerpt_stackable_v2":"<p>To better understand the impact of COVID19 in coastal communities, Fish Forever conducted two global surveys from June to August 2020 amongst 527 fishers and 70 Local Governments across six countries. The surveys allowed us to gain insights about: The level of impact and causes of disruption of the pandemic on the lives of coastal stakeholdersThe coping strategies of fishers and the response of local governments&nbsp;The level of awareness regarding the availability of financing programs for the sectorAnd the role of small-scale fisheries in the recovery process from the pandemic Download Report<\/p>\n","category_list_v2":"","author_info_v2":{"name":"gstoyle@rare.org","url":"https:\/\/portal.rare.org\/br\/author\/gstoylerare-org\/"},"comments_num_v2":"0 coment\u00e1rio","_links":{"self":[{"href":"https:\/\/portal.rare.org\/br\/wp-json\/wp\/v2\/pages\/5601","targetHints":{"allow":["GET"]}}],"collection":[{"href":"https:\/\/portal.rare.org\/br\/wp-json\/wp\/v2\/pages"}],"about":[{"href":"https:\/\/portal.rare.org\/br\/wp-json\/wp\/v2\/types\/page"}],"author":[{"embeddable":true,"href":"https:\/\/portal.rare.org\/br\/wp-json\/wp\/v2\/users\/1"}],"replies":[{"embeddable":true,"href":"https:\/\/portal.rare.org\/br\/wp-json\/wp\/v2\/comments?post=5601"}],"version-history":[{"count":0,"href":"https:\/\/portal.rare.org\/br\/wp-json\/wp\/v2\/pages\/5601\/revisions"}],"wp:attachment":[{"href":"https:\/\/portal.rare.org\/br\/wp-json\/wp\/v2\/media?parent=5601"}],"wp:term":[{"taxonomy":"folder","embeddable":true,"href":"https:\/\/portal.rare.org\/br\/wp-json\/wp\/v2\/folder?post=5601"}],"curies":[{"name":"wp","href":"https:\/\/api.w.org\/{rel}","templated":true}]}}