{"id":5706,"date":"2020-10-23T14:36:14","date_gmt":"2020-10-23T14:36:14","guid":{"rendered":"https:\/\/portal.rare.org\/?page_id=5706"},"modified":"2021-06-01T22:43:14","modified_gmt":"2021-06-01T22:43:14","slug":"our-resources","status":"publish","type":"page","link":"https:\/\/portal.rare.org\/br\/policy-governance\/our-resources\/","title":{"rendered":"Nossos Recursos"},"content":{"rendered":"<p>Compilamos recursos relevantes e recentes que podem apoiar a Rede \u00e0 medida que eles continuam a aprimorar sua capacidade e experi\u00eancia para abordar problemas e implementar solu\u00e7\u00f5es para as comunidades costeiras. Esses recursos incluem resumos de pol\u00edticas recentes, relat\u00f3rios sobre SSF e outras quest\u00f5es relevantes, e outros materiais de conhecimento que Fish Forever reuniu.<\/p>\n\n\n\n<div class=\"wp-block-group\"><div class=\"wp-block-group__inner-container is-layout-flow wp-block-group-is-layout-flow\">\n<div class=\"wp-block-ugb-container ugb-container ugb-56b0adf ugb-container--v2 ugb-container--design-basic ugb-main-block\"><style>.ugb-56b0adf-wrapper.ugb-container__wrapper{padding-top:0 !important;padding-bottom:0 !important;background-color:#fdfdfd !important}.ugb-56b0adf-wrapper > .ugb-container__side{padding-top:35px !important;padding-bottom:35px !important}.ugb-56b0adf-wrapper.ugb-container__wrapper:before{background-color:#fdfdfd !important}.ugb-56b0adf-content-wrapper > h1,.ugb-56b0adf-content-wrapper > h2,.ugb-56b0adf-content-wrapper > h3,.ugb-56b0adf-content-wrapper > h4,.ugb-56b0adf-content-wrapper > h5,.ugb-56b0adf-content-wrapper > h6{color:#222222}.ugb-56b0adf-content-wrapper > p,.ugb-56b0adf-content-wrapper > ol li,.ugb-56b0adf-content-wrapper > ul li{color:#222222}<\/style><div class=\"ugb-inner-block\"><div class=\"ugb-block-content\"><div class=\"ugb-container__wrapper ugb-56b0adf-wrapper\"><div class=\"ugb-container__side\"><div class=\"ugb-container__content-wrapper ugb-56b0adf-content-wrapper\"><style>.wp-block-kadence-iconlist.kt-svg-icon-list-items_04c3e0-92:not(.this-stops-third-party-issues){margin-top:0px;margin-bottom:0px;}.wp-block-kadence-iconlist.kt-svg-icon-list-items_04c3e0-92 ul.kt-svg-icon-list:not(.this-prevents-issues):not(.this-stops-third-party-issues):not(.tijsloc){margin-top:0px;margin-right:0px;margin-bottom:3px;margin-left:10px;}.wp-block-kadence-iconlist.kt-svg-icon-list-items_04c3e0-92 ul.kt-svg-icon-list{grid-row-gap:25px;}.wp-block-kadence-iconlist.kt-svg-icon-list-items_04c3e0-92 ul.kt-svg-icon-list .kt-svg-icon-list-item-wrap .kt-svg-icon-list-single{margin-right:25px;}.kt-svg-icon-list-items_04c3e0-92 ul.kt-svg-icon-list .kt-svg-icon-list-level-0 .kt-svg-icon-list-single svg{font-size:42px;}.kt-svg-icon-list-items_04c3e0-92 ul.kt-svg-icon-list .kt-svg-icon-list-level-1 .kt-svg-icon-list-single svg{font-size:42px;}.kt-svg-icon-list-items_04c3e0-92 ul.kt-svg-icon-list .kt-svg-icon-list-level-2 .kt-svg-icon-list-single svg{font-size:42px;}.kt-svg-icon-list-items_04c3e0-92 ul.kt-svg-icon-list .kt-svg-icon-list-level-3 .kt-svg-icon-list-single svg{font-size:42px;}.kt-svg-icon-list-items_04c3e0-92 ul.kt-svg-icon-list .kt-svg-icon-list-level-4 .kt-svg-icon-list-single svg{font-size:42px;}.kt-svg-icon-list-items_04c3e0-92 ul.kt-svg-icon-list .kt-svg-icon-list-level-5 .kt-svg-icon-list-single svg{font-size:42px;}.kt-svg-icon-list-items_04c3e0-92 ul.kt-svg-icon-list .kt-svg-icon-list-level-6 .kt-svg-icon-list-single svg{font-size:42px;}.kt-svg-icon-list-items_04c3e0-92 ul.kt-svg-icon-list .kt-svg-icon-list-level-7 .kt-svg-icon-list-single svg{font-size:42px;}.kt-svg-icon-list-items_04c3e0-92 ul.kt-svg-icon-list .kt-svg-icon-list-level-8 .kt-svg-icon-list-single svg{font-size:42px;}.kt-svg-icon-list-items_04c3e0-92 ul.kt-svg-icon-list .kt-svg-icon-list-level-9 .kt-svg-icon-list-single svg{font-size:42px;}<\/style>\n<div class=\"wp-block-kadence-iconlist kt-svg-icon-list-items kt-svg-icon-list-items_04c3e0-92 kt-svg-icon-list-columns-1 alignnone kt-list-icon-aligntop\"><ul class=\"kt-svg-icon-list\"><li class=\"kt-svg-icon-list-style-default kt-svg-icon-list-item-wrap kt-svg-icon-list-item-0\"><div style=\"display:inline-flex;justify-content:center;align-items:center;color:#0693e3\" class=\"kt-svg-icon-list-single kt-svg-icon-list-single-fas_external-link-alt\"><svg style=\"display:inline-block;vertical-align:middle\" viewbox=\"0 0 576 512\" height=\"42\" width=\"42\" fill=\"currentColor\" xmlns=\"http:\/\/www.w3.org\/2000\/svg\"><path d=\"M576 24v127.984c0 21.461-25.96 31.98-40.971 16.971l-35.707-35.709-243.523 243.523c-9.373 9.373-24.568 9.373-33.941 0l-22.627-22.627c-9.373-9.373-9.373-24.569 0-33.941L442.756 76.676l-35.703-35.705C391.982 25.9 402.656 0 424.024 0H552c13.255 0 24 10.745 24 24zM407.029 270.794l-16 16A23.999 23.999 0 0 0 384 303.765V448H64V128h264a24.003 24.003 0 0 0 16.97-7.029l16-16C376.089 89.851 365.381 64 344 64H48C21.49 64 0 85.49 0 112v352c0 26.51 21.49 48 48 48h352c26.51 0 48-21.49 48-48V287.764c0-21.382-25.852-32.09-40.971-16.97z\"><\/path><\/svg><\/div><span class=\"kt-svg-icon-list-text\">Recupera\u00e7\u00e3o de Blue (P\u00f3s-COVID 19) - <a href=\"https:\/\/www.oceanpanel.org\/bluerecovery?utm_source=twitter&amp;utm_medium=oceanpanel&amp;utm_campaign=socialmedia&amp;utm_term=851b6fe1-db02-4d79-828d-ce38400827f2\" target=\"_blank\" rel=\"noreferrer noopener\">Uma Recupera\u00e7\u00e3o Azul Sustent\u00e1vel e Equitativa para a Crise COVID-19<\/a><\/span><\/li><li class=\"kt-svg-icon-list-style-default kt-svg-icon-list-item-wrap kt-svg-icon-list-item-1\"><div style=\"display:inline-flex;justify-content:center;align-items:center;color:#0693e3\" class=\"kt-svg-icon-list-single kt-svg-icon-list-single-fas_external-link-alt\"><svg style=\"display:inline-block;vertical-align:middle\" viewbox=\"0 0 576 512\" height=\"42\" width=\"42\" fill=\"currentColor\" xmlns=\"http:\/\/www.w3.org\/2000\/svg\"><path d=\"M576 24v127.984c0 21.461-25.96 31.98-40.971 16.971l-35.707-35.709-243.523 243.523c-9.373 9.373-24.568 9.373-33.941 0l-22.627-22.627c-9.373-9.373-9.373-24.569 0-33.941L442.756 76.676l-35.703-35.705C391.982 25.9 402.656 0 424.024 0H552c13.255 0 24 10.745 24 24zM407.029 270.794l-16 16A23.999 23.999 0 0 0 384 303.765V448H64V128h264a24.003 24.003 0 0 0 16.97-7.029l16-16C376.089 89.851 365.381 64 344 64H48C21.49 64 0 85.49 0 112v352c0 26.51 21.49 48 48 48h352c26.51 0 48-21.49 48-48V287.764c0-21.382-25.852-32.09-40.971-16.97z\"><\/path><\/svg><\/div><span class=\"kt-svg-icon-list-text\">Pesca Sustent\u00e1vel em Pequena Escala - <a href=\"https:\/\/www.sciencedirect.com\/science\/article\/abs\/pii\/S0308597X21001913\" target=\"_blank\" rel=\"noreferrer noopener\">Caminhos para estabelecer acesso gerenciado e redes de reservas<\/a><\/span><\/li><li class=\"kt-svg-icon-list-style-default kt-svg-icon-list-item-wrap kt-svg-icon-list-item-2\"><div style=\"display:inline-flex;justify-content:center;align-items:center;color:#0693e3\" class=\"kt-svg-icon-list-single kt-svg-icon-list-single-fas_external-link-alt\"><svg style=\"display:inline-block;vertical-align:middle\" viewbox=\"0 0 576 512\" height=\"42\" width=\"42\" fill=\"currentColor\" xmlns=\"http:\/\/www.w3.org\/2000\/svg\"><path d=\"M576 24v127.984c0 21.461-25.96 31.98-40.971 16.971l-35.707-35.709-243.523 243.523c-9.373 9.373-24.568 9.373-33.941 0l-22.627-22.627c-9.373-9.373-9.373-24.569 0-33.941L442.756 76.676l-35.703-35.705C391.982 25.9 402.656 0 424.024 0H552c13.255 0 24 10.745 24 24zM407.029 270.794l-16 16A23.999 23.999 0 0 0 384 303.765V448H64V128h264a24.003 24.003 0 0 0 16.97-7.029l16-16C376.089 89.851 365.381 64 344 64H48C21.49 64 0 85.49 0 112v352c0 26.51 21.49 48 48 48h352c26.51 0 48-21.49 48-48V287.764c0-21.382-25.852-32.09-40.971-16.97z\"><\/path><\/svg><\/div><span class=\"kt-svg-icon-list-text\">Mudan\u00e7a Clim\u00e1tica (A\u00e7\u00e3o Oceano-Clima) - <a href=\"https:\/\/files.wri.org\/s3fs-public\/enhancing-nationally-determined-contributions-opportunities-ocean-based-climate-action.pdf?7jhTeR_u6EVwnymRQAS.csuL0XTFZp6X\" target=\"_blank\" rel=\"noreferrer noopener\">Aprimorando os NDCs: Oportunidades para A\u00e7\u00e3o Clim\u00e1tica Baseada no Oceano<\/a> <\/span><\/li><li class=\"kt-svg-icon-list-style-default kt-svg-icon-list-item-wrap kt-svg-icon-list-item-3\"><div style=\"display:inline-flex;justify-content:center;align-items:center;color:#0693e3\" class=\"kt-svg-icon-list-single kt-svg-icon-list-single-ic_document\"><svg style=\"display:inline-block;vertical-align:middle\" viewbox=\"0 0 8 8\" height=\"42\" width=\"42\" fill=\"currentColor\" xmlns=\"http:\/\/www.w3.org\/2000\/svg\"><path d=\"M0 0v8h7v-4h-4v-4h-3zm4 0v3h3l-3-3zm-3 2h1v1h-1v-1zm0 2h1v1h-1v-1zm0 2h4v1h-4v-1z\"><\/path><\/svg><\/div><span class=\"kt-svg-icon-list-text\">Desdobrando o Estoque Global da UNFCCC para A\u00e7\u00e3o Oceano-Clima: <a href=\"https:\/\/www.iucn.org\/sites\/dev\/files\/content\/documents\/2021\/the_ocean_and_the_unfccc_gst.pdf\" target=\"_blank\" rel=\"noreferrer noopener\">https:\/\/www.iucn.org\/sites\/dev\/files\/content\/documents\/2021\/the_ocean_and_the_unfccc_gst.pdf<\/a><\/span><\/li><li class=\"kt-svg-icon-list-style-default kt-svg-icon-list-item-wrap kt-svg-icon-list-item-4\"><div style=\"display:inline-flex;justify-content:center;align-items:center;color:#0693e3\" class=\"kt-svg-icon-list-single kt-svg-icon-list-single-ic_document\"><svg style=\"display:inline-block;vertical-align:middle\" viewbox=\"0 0 8 8\" height=\"42\" width=\"42\" fill=\"currentColor\" xmlns=\"http:\/\/www.w3.org\/2000\/svg\"><path d=\"M0 0v8h7v-4h-4v-4h-3zm4 0v3h3l-3-3zm-3 2h1v1h-1v-1zm0 2h1v1h-1v-1zm0 2h4v1h-4v-1z\"><\/path><\/svg><\/div><span class=\"kt-svg-icon-list-text\">Adapta\u00e7\u00e3o costeira e solu\u00e7\u00f5es baseadas na natureza para a implementa\u00e7\u00e3o de NAPs: Considera\u00e7\u00f5es para o desenvolvimento da proposta GCF. Um suplemento \u00e0s diretrizes t\u00e9cnicas do NAP da UNFCCC: <a href=\"https:\/\/www.iucn.org\/sites\/dev\/files\/content\/documents\/2021\/the_ocean_and_the_unfccc_gst.pdf\" target=\"_blank\" rel=\"noreferrer noopener\">https:\/\/www.iucn.org\/sites\/dev\/files\/content\/documents\/2021\/the_ocean_and_the_unfccc_gst.pdf<\/a><\/span><\/li><li class=\"kt-svg-icon-list-style-default kt-svg-icon-list-item-wrap kt-svg-icon-list-item-5\"><div style=\"display:inline-flex;justify-content:center;align-items:center;color:#0693e3\" class=\"kt-svg-icon-list-single kt-svg-icon-list-single-fas_external-link-alt\"><svg style=\"display:inline-block;vertical-align:middle\" viewbox=\"0 0 576 512\" height=\"42\" width=\"42\" fill=\"currentColor\" xmlns=\"http:\/\/www.w3.org\/2000\/svg\"><path d=\"M576 24v127.984c0 21.461-25.96 31.98-40.971 16.971l-35.707-35.709-243.523 243.523c-9.373 9.373-24.568 9.373-33.941 0l-22.627-22.627c-9.373-9.373-9.373-24.569 0-33.941L442.756 76.676l-35.703-35.705C391.982 25.9 402.656 0 424.024 0H552c13.255 0 24 10.745 24 24zM407.029 270.794l-16 16A23.999 23.999 0 0 0 384 303.765V448H64V128h264a24.003 24.003 0 0 0 16.97-7.029l16-16C376.089 89.851 365.381 64 344 64H48C21.49 64 0 85.49 0 112v352c0 26.51 21.49 48 48 48h352c26.51 0 48-21.49 48-48V287.764c0-21.382-25.852-32.09-40.971-16.97z\"><\/path><\/svg><\/div><span class=\"kt-svg-icon-list-text\">Inscri\u00e7\u00f5es para F\u00f3runs Globais Relevantes para SSF:<br>&#8211; <a href=\"http:\/\/www.fao.org\/fileadmin\/user_upload\/COFI\/COFI34\/observers\/AgendaItems8_11_11-1-Rare.pdf\" target=\"_blank\" rel=\"noreferrer noopener\">Submiss\u00e3o da Rare ao Comit\u00ea de Pesca (COFI)<\/a><br>&#8211; <a href=\"https:\/\/unfccc.int\/sites\/default\/files\/resource\/National%20Wildlife%20Federation.pdf\" target=\"_blank\" rel=\"noreferrer noopener\">Apresenta\u00e7\u00e3o da Rara e do Parceiro ao Comit\u00ea Permanente de Finan\u00e7as da UNFCCC no F\u00f3rum de &#039;Financiamento de Solu\u00e7\u00f5es Baseadas na Natureza<\/a><br>&#8211; <a href=\"https:\/\/www.cbd.int\/doc\/c\/79ea\/5bd0\/6a03d42fb35b57d524368aa7\/sbstta-24-inf-01-en.pdf\" target=\"_blank\" rel=\"noreferrer noopener\">Experi\u00eancia da Rare na implementa\u00e7\u00e3o de Planejamento Espacial Marinho para a UN CBD<\/a><\/span><\/li><li class=\"kt-svg-icon-list-style-default kt-svg-icon-list-item-wrap kt-svg-icon-list-item-6\"><div style=\"display:inline-flex;justify-content:center;align-items:center;color:#0693e3\" class=\"kt-svg-icon-list-single kt-svg-icon-list-single-ic_document\"><svg style=\"display:inline-block;vertical-align:middle\" viewbox=\"0 0 8 8\" height=\"42\" width=\"42\" fill=\"currentColor\" xmlns=\"http:\/\/www.w3.org\/2000\/svg\"><path d=\"M0 0v8h7v-4h-4v-4h-3zm4 0v3h3l-3-3zm-3 2h1v1h-1v-1zm0 2h1v1h-1v-1zm0 2h4v1h-4v-1z\"><\/path><\/svg><\/div><span class=\"kt-svg-icon-list-text\">O Fish Forever conduziu uma pesquisa em 70 unidades de governo local em 6 pa\u00edses para entender o impacto e as respostas iniciais desses munic\u00edpios costeiros. <a href=\"https:\/\/portal.rare.org\/wp-content\/uploads\/2020\/10\/COVID19-Local-Government-Pulse-Survey.pdf\" target=\"_blank\" rel=\"noreferrer noopener\">Veja o relat\u00f3rio narrativo completo aqui<\/a>.<\/span><\/li><li class=\"kt-svg-icon-list-style-default kt-svg-icon-list-item-wrap kt-svg-icon-list-item-7\"><div style=\"display:inline-flex;justify-content:center;align-items:center;color:#0693e3\" class=\"kt-svg-icon-list-single kt-svg-icon-list-single-fas_external-link-alt\"><svg style=\"display:inline-block;vertical-align:middle\" viewbox=\"0 0 576 512\" height=\"42\" width=\"42\" fill=\"currentColor\" xmlns=\"http:\/\/www.w3.org\/2000\/svg\"><path d=\"M576 24v127.984c0 21.461-25.96 31.98-40.971 16.971l-35.707-35.709-243.523 243.523c-9.373 9.373-24.568 9.373-33.941 0l-22.627-22.627c-9.373-9.373-9.373-24.569 0-33.941L442.756 76.676l-35.703-35.705C391.982 25.9 402.656 0 424.024 0H552c13.255 0 24 10.745 24 24zM407.029 270.794l-16 16A23.999 23.999 0 0 0 384 303.765V448H64V128h264a24.003 24.003 0 0 0 16.97-7.029l16-16C376.089 89.851 365.381 64 344 64H48C21.49 64 0 85.49 0 112v352c0 26.51 21.49 48 48 48h352c26.51 0 48-21.49 48-48V287.764c0-21.382-25.852-32.09-40.971-16.97z\"><\/path><\/svg><\/div><span class=\"kt-svg-icon-list-text\">Como membro da Rede Consultiva do Painel de Alto N\u00edvel sobre Economia do Oceano Sustent\u00e1vel, a Rare foi solicitada a revisar e editar o documento azul do Painel do Oceano sobre <a rel=\"noreferrer noopener\" href=\"https:\/\/www.oceanpanel.org\/bluerecovery?utm_source=twitter&amp;utm_medium=oceanpanel&amp;utm_campaign=socialmedia&amp;utm_term=851b6fe1-db02-4d79-828d-ce38400827f2\" target=\"_blank\">Uma Recupera\u00e7\u00e3o Azul Sustent\u00e1vel e Equitativa para a Crise COVID-19<\/a>. Este documento fornece informa\u00e7\u00f5es e contexto para os governos avan\u00e7arem para uma Recupera\u00e7\u00e3o Azul. Vejo\u00a0<a rel=\"noreferrer noopener\" href=\"https:\/\/rare.org\/story\/blue-solutions-for-covid-19-recovery\/\" target=\"_blank\">postou blog<\/a>\u00a0sobre as mensagens-chave relevantes para SSF e NBS costeira.<\/span><\/li><li class=\"kt-svg-icon-list-style-default kt-svg-icon-list-item-wrap kt-svg-icon-list-item-8\"><div style=\"display:inline-flex;justify-content:center;align-items:center;color:#0693e3\" class=\"kt-svg-icon-list-single kt-svg-icon-list-single-fas_external-link-alt\"><svg style=\"display:inline-block;vertical-align:middle\" viewbox=\"0 0 576 512\" height=\"42\" width=\"42\" fill=\"currentColor\" xmlns=\"http:\/\/www.w3.org\/2000\/svg\"><path d=\"M576 24v127.984c0 21.461-25.96 31.98-40.971 16.971l-35.707-35.709-243.523 243.523c-9.373 9.373-24.568 9.373-33.941 0l-22.627-22.627c-9.373-9.373-9.373-24.569 0-33.941L442.756 76.676l-35.703-35.705C391.982 25.9 402.656 0 424.024 0H552c13.255 0 24 10.745 24 24zM407.029 270.794l-16 16A23.999 23.999 0 0 0 384 303.765V448H64V128h264a24.003 24.003 0 0 0 16.97-7.029l16-16C376.089 89.851 365.381 64 344 64H48C21.49 64 0 85.49 0 112v352c0 26.51 21.49 48 48 48h352c26.51 0 48-21.49 48-48V287.764c0-21.382-25.852-32.09-40.971-16.97z\"><\/path><\/svg><\/div><span class=\"kt-svg-icon-list-text\">Como membro dos Amigos da Adapta\u00e7\u00e3o Baseada no Ecossistema, a Rare contribuiu para o brief de pol\u00edtica conjunta FEBA-PEDRR <a rel=\"noreferrer noopener\" href=\"https:\/\/www.iucn.org\/sites\/dev\/files\/promoting_nbs_in_the_post-2020_global_biodiversity_framework.pdf\" target=\"_blank\">Promo\u00e7\u00e3o de solu\u00e7\u00f5es baseadas na natureza na estrutura de biodiversidade global p\u00f3s-2020<\/a>.<\/span><\/li><li class=\"kt-svg-icon-list-style-default kt-svg-icon-list-item-wrap kt-svg-icon-list-item-9\"><div style=\"display:inline-flex;justify-content:center;align-items:center;color:#0693e3\" class=\"kt-svg-icon-list-single kt-svg-icon-list-single-ic_document\"><svg style=\"display:inline-block;vertical-align:middle\" viewbox=\"0 0 8 8\" height=\"42\" width=\"42\" fill=\"currentColor\" xmlns=\"http:\/\/www.w3.org\/2000\/svg\"><path d=\"M0 0v8h7v-4h-4v-4h-3zm4 0v3h3l-3-3zm-3 2h1v1h-1v-1zm0 2h1v1h-1v-1zm0 2h4v1h-4v-1z\"><\/path><\/svg><\/div><span class=\"kt-svg-icon-list-text\">Experi\u00eancia da Rare na implementa\u00e7\u00e3o de Planejamento Espacial Marinho<strong> <\/strong>ao Secretariado da Conven\u00e7\u00e3o sobre Diversidade Biol\u00f3gica. Na decis\u00e3o XIII \/ 9, a CDB COP incentivou as Partes a aplicarem o planejamento espacial marinho em \u00e1reas dentro de sua jurisdi\u00e7\u00e3o ou melhorar as iniciativas de planejamento espacial marinho existentes nessas \u00e1reas, e a fornecer propostas sobre a experi\u00eancia de implementa\u00e7\u00e3o, uma compila\u00e7\u00e3o de propostas (CBD \/ SBSTTA \/ 22 \/ INF \/ 14) pode ser visto aqui <a href=\"https:\/\/www.cbd.int\/doc\/c\/79ea\/5bd0\/6a03d42fb35b57d524368aa7\/sbstta-24-inf-01-en.pdf\" target=\"_blank\" rel=\"noreferrer noopener\">https:\/\/www.cbd.int\/doc\/c\/79ea\/5bd0\/6a03d42fb35b57d524368aa7\/sbstta-24-inf-01-en.pdf<\/a><\/span><\/li><\/ul><\/div>\n<\/div><\/div><\/div><\/div><\/div><\/div>\n<\/div><\/div>\n\n\n\n<p><\/p>","protected":false},"excerpt":{"rendered":"<p>We have compiled relevant and recent resources that can support the Network as they continue to advance their capacity and expertise to address issues and implement solutions for coastal communities. These resources include recent policy briefs, reports on SSF and other relevant issues, and other knowledge materials that Fish Forever [&hellip;]<\/p>\n","protected":false},"author":1,"featured_media":0,"parent":5374,"menu_order":0,"comment_status":"closed","ping_status":"closed","template":"template-fullwidth.php","meta":{"footnotes":""},"folder":[371],"class_list":["post-5706","page","type-page","status-publish","hentry"],"featured_image_urls":{"full":"","thumbnail":"","medium":"","medium_large":"","large":"","1536x1536":"","2048x2048":"","trp-custom-language-flag":"","homepage-slider":"","homepage-slider-small":"","page-top":"","page-small":"","loop-main":"","thumb-gallery-widget":""},"post_excerpt_stackable":"<p>We have compiled relevant and recent resources that can support the Network as they continue to advance their capacity and expertise to address issues and implement solutions for coastal communities. These resources include recent policy briefs, reports on SSF and other relevant issues, and other knowledge materials that Fish Forever has put together. Blue Recovery (Post-COVID 19) &#8211; A Sustainable and Equitable Blue Recovery to the COVID-19 CrisisSustainable Small-Scale Fisheries &#8211; Pathways to establishing managed access and networks of reservesClimate Change (Ocean-Climate Action) &#8211; Enhancing NDCs: Opportunities for Ocean-based Climate Action Unpacking the UNFCCC Global Stocktake for Ocean-Climate Action: https:\/\/www.iucn.org\/sites\/dev\/files\/content\/documents\/2021\/the_ocean_and_the_unfccc_gst.pdfCoastal&hellip;<\/p>\n","category_list":"","author_info":{"name":"gstoyle@rare.org","url":"https:\/\/portal.rare.org\/br\/author\/gstoylerare-org\/"},"comments_num":"0 coment\u00e1rio","featured_image_urls_v2":{"full":"","thumbnail":"","medium":"","medium_large":"","large":"","1536x1536":"","2048x2048":"","trp-custom-language-flag":"","homepage-slider":"","homepage-slider-small":"","page-top":"","page-small":"","loop-main":"","thumb-gallery-widget":""},"post_excerpt_stackable_v2":"<p>We have compiled relevant and recent resources that can support the Network as they continue to advance their capacity and expertise to address issues and implement solutions for coastal communities. These resources include recent policy briefs, reports on SSF and other relevant issues, and other knowledge materials that Fish Forever has put together. Blue Recovery (Post-COVID 19) &#8211; A Sustainable and Equitable Blue Recovery to the COVID-19 CrisisSustainable Small-Scale Fisheries &#8211; Pathways to establishing managed access and networks of reservesClimate Change (Ocean-Climate Action) &#8211; Enhancing NDCs: Opportunities for Ocean-based Climate Action Unpacking the UNFCCC Global Stocktake for Ocean-Climate Action: https:\/\/www.iucn.org\/sites\/dev\/files\/content\/documents\/2021\/the_ocean_and_the_unfccc_gst.pdfCoastal&hellip;<\/p>\n","category_list_v2":"","author_info_v2":{"name":"gstoyle@rare.org","url":"https:\/\/portal.rare.org\/br\/author\/gstoylerare-org\/"},"comments_num_v2":"0 coment\u00e1rio","_links":{"self":[{"href":"https:\/\/portal.rare.org\/br\/wp-json\/wp\/v2\/pages\/5706","targetHints":{"allow":["GET"]}}],"collection":[{"href":"https:\/\/portal.rare.org\/br\/wp-json\/wp\/v2\/pages"}],"about":[{"href":"https:\/\/portal.rare.org\/br\/wp-json\/wp\/v2\/types\/page"}],"author":[{"embeddable":true,"href":"https:\/\/portal.rare.org\/br\/wp-json\/wp\/v2\/users\/1"}],"replies":[{"embeddable":true,"href":"https:\/\/portal.rare.org\/br\/wp-json\/wp\/v2\/comments?post=5706"}],"version-history":[{"count":0,"href":"https:\/\/portal.rare.org\/br\/wp-json\/wp\/v2\/pages\/5706\/revisions"}],"up":[{"embeddable":true,"href":"https:\/\/portal.rare.org\/br\/wp-json\/wp\/v2\/pages\/5374"}],"wp:attachment":[{"href":"https:\/\/portal.rare.org\/br\/wp-json\/wp\/v2\/media?parent=5706"}],"wp:term":[{"taxonomy":"folder","embeddable":true,"href":"https:\/\/portal.rare.org\/br\/wp-json\/wp\/v2\/folder?post=5706"}],"curies":[{"name":"wp","href":"https:\/\/api.w.org\/{rel}","templated":true}]}}