{"id":5929,"date":"2020-11-06T13:32:06","date_gmt":"2020-11-06T13:32:06","guid":{"rendered":"https:\/\/portal.rare.org\/?page_id=5929"},"modified":"2020-11-06T14:08:00","modified_gmt":"2020-11-06T14:08:00","slug":"events-activities","status":"publish","type":"page","link":"https:\/\/portal.rare.org\/br\/policy-governance\/events-activities\/","title":{"rendered":"Eventos e Atividades"},"content":{"rendered":"<div class=\"wp-block-group\"><div class=\"wp-block-group__inner-container is-layout-flow wp-block-group-is-layout-flow\"><style>.wp-block-kadence-advancedgallery.kb-gallery-wrap-id-_34686b-e7{margin-top:0px;margin-right:0px;margin-bottom:0px;margin-left:-25px;}.wp-block-kadence-advancedgallery .kb-gallery-type-grid.kb-gallery-id-_34686b-e7{margin:-5px;}.kb-gallery-type-grid.kb-gallery-id-_34686b-e7 .kadence-blocks-gallery-item{padding:5px;}.kb-gallery-id-_34686b-e7 .kadence-blocks-gallery-item .kb-gal-image-radius, .kb-gallery-id-_34686b-e7 .kb-slide-item .kb-gal-image-radius img{border-radius:0px 0px 0px 0px;;}<\/style><div class=\"kb-gallery-wrap-id-_34686b-e7 alignnone wp-block-kadence-advancedgallery\"><ul class=\"kb-gallery-ul kb-gallery-non-static kb-gallery-type-grid kb-gallery-id-_34686b-e7 kb-gallery-caption-style-bottom-hover kb-gallery-filter-none\" data-image-filter=\"none\" data-item-selector=\".kadence-blocks-gallery-item\" data-lightbox-caption=\"true\" data-columns-xxl=\"5\" data-columns-xl=\"5\" data-columns-md=\"5\" data-columns-sm=\"4\" data-columns-xs=\"4\" data-columns-ss=\"3\"><li class=\"kadence-blocks-gallery-item\" tabindex=\"0\"><div class=\"kadence-blocks-gallery-item-inner\"><figure class=\"kb-gallery-figure kadence-blocks-gallery-item-hide-caption\"><div class=\"kb-gal-image-radius\"><div class=\"kb-gallery-image-contain kadence-blocks-gallery-intrinsic kb-gallery-image-ratio-square kb-has-image-ratio-square\" ><img loading=\"lazy\" decoding=\"async\" width=\"465\" height=\"465\" src=\"https:\/\/portal.rare.org\/wp-content\/uploads\/2020\/11\/vonnie-anneke-panambunan-vap2_2.jpg\"   alt=\"\" data-full-image=\"https:\/\/portal.rare.org\/wp-content\/uploads\/2020\/11\/vonnie-anneke-panambunan-vap2_2.jpg\" data-light-image=\"https:\/\/portal.rare.org\/wp-content\/uploads\/2020\/11\/vonnie-anneke-panambunan-vap2_2.jpg\" data-id=\"5939\" class=\"wp-image-5939\" srcset=\"https:\/\/portal.rare.org\/wp-content\/uploads\/2020\/11\/vonnie-anneke-panambunan-vap2_2.jpg 465w, https:\/\/portal.rare.org\/wp-content\/uploads\/2020\/11\/vonnie-anneke-panambunan-vap2_2-300x300.jpg 300w, https:\/\/portal.rare.org\/wp-content\/uploads\/2020\/11\/vonnie-anneke-panambunan-vap2_2-150x150.jpg 150w, https:\/\/portal.rare.org\/wp-content\/uploads\/2020\/11\/vonnie-anneke-panambunan-vap2_2-12x12.jpg 12w\" sizes=\"auto, (max-width: 465px) 100vw, 465px\" \/><\/div><\/div><\/figure><\/div><\/li><li class=\"kadence-blocks-gallery-item\" tabindex=\"0\"><div class=\"kadence-blocks-gallery-item-inner\"><figure class=\"kb-gallery-figure kadence-blocks-gallery-item-hide-caption\"><div class=\"kb-gal-image-radius\"><div class=\"kb-gallery-image-contain kadence-blocks-gallery-intrinsic kb-gallery-image-ratio-square kb-has-image-ratio-square\" ><img loading=\"lazy\" decoding=\"async\" width=\"677\" height=\"619\" src=\"https:\/\/portal.rare.org\/wp-content\/uploads\/2020\/11\/MsCanhembaVF.jpg\"   alt=\"\" data-full-image=\"https:\/\/portal.rare.org\/wp-content\/uploads\/2020\/11\/MsCanhembaVF.jpg\" data-light-image=\"https:\/\/portal.rare.org\/wp-content\/uploads\/2020\/11\/MsCanhembaVF.jpg\" data-id=\"5938\" class=\"wp-image-5938\" srcset=\"https:\/\/portal.rare.org\/wp-content\/uploads\/2020\/11\/MsCanhembaVF.jpg 677w, https:\/\/portal.rare.org\/wp-content\/uploads\/2020\/11\/MsCanhembaVF-300x274.jpg 300w, https:\/\/portal.rare.org\/wp-content\/uploads\/2020\/11\/MsCanhembaVF-13x12.jpg 13w, https:\/\/portal.rare.org\/wp-content\/uploads\/2020\/11\/MsCanhembaVF-624x571.jpg 624w\" sizes=\"auto, (max-width: 677px) 100vw, 677px\" \/><\/div><\/div><\/figure><\/div><\/li><li class=\"kadence-blocks-gallery-item\" tabindex=\"0\"><div class=\"kadence-blocks-gallery-item-inner\"><figure class=\"kb-gallery-figure kadence-blocks-gallery-item-hide-caption\"><div class=\"kb-gal-image-radius\"><div class=\"kb-gallery-image-contain kadence-blocks-gallery-intrinsic kb-gallery-image-ratio-square kb-has-image-ratio-square\" ><img loading=\"lazy\" decoding=\"async\" width=\"765\" height=\"889\" src=\"https:\/\/portal.rare.org\/wp-content\/uploads\/2020\/11\/Mr.-Jose-JeremiasVF.jpg\"   alt=\"\" data-full-image=\"https:\/\/portal.rare.org\/wp-content\/uploads\/2020\/11\/Mr.-Jose-JeremiasVF.jpg\" data-light-image=\"https:\/\/portal.rare.org\/wp-content\/uploads\/2020\/11\/Mr.-Jose-JeremiasVF.jpg\" data-id=\"5937\" class=\"wp-image-5937\" srcset=\"https:\/\/portal.rare.org\/wp-content\/uploads\/2020\/11\/Mr.-Jose-JeremiasVF.jpg 765w, https:\/\/portal.rare.org\/wp-content\/uploads\/2020\/11\/Mr.-Jose-JeremiasVF-258x300.jpg 258w, https:\/\/portal.rare.org\/wp-content\/uploads\/2020\/11\/Mr.-Jose-JeremiasVF-10x12.jpg 10w, https:\/\/portal.rare.org\/wp-content\/uploads\/2020\/11\/Mr.-Jose-JeremiasVF-624x725.jpg 624w\" sizes=\"auto, (max-width: 765px) 100vw, 765px\" \/><\/div><\/div><\/figure><\/div><\/li><li class=\"kadence-blocks-gallery-item\" tabindex=\"0\"><div class=\"kadence-blocks-gallery-item-inner\"><figure class=\"kb-gallery-figure kadence-blocks-gallery-item-hide-caption\"><div class=\"kb-gal-image-radius\"><div class=\"kb-gallery-image-contain kadence-blocks-gallery-intrinsic kb-gallery-image-ratio-square kb-has-image-ratio-square\" ><img loading=\"lazy\" decoding=\"async\" width=\"700\" height=\"700\" src=\"https:\/\/portal.rare.org\/wp-content\/uploads\/2020\/11\/Mayor-M-Santiago.jpg\"   alt=\"\" data-full-image=\"https:\/\/portal.rare.org\/wp-content\/uploads\/2020\/11\/Mayor-M-Santiago.jpg\" data-light-image=\"https:\/\/portal.rare.org\/wp-content\/uploads\/2020\/11\/Mayor-M-Santiago.jpg\" data-id=\"5936\" class=\"wp-image-5936\" srcset=\"https:\/\/portal.rare.org\/wp-content\/uploads\/2020\/11\/Mayor-M-Santiago.jpg 700w, https:\/\/portal.rare.org\/wp-content\/uploads\/2020\/11\/Mayor-M-Santiago-300x300.jpg 300w, https:\/\/portal.rare.org\/wp-content\/uploads\/2020\/11\/Mayor-M-Santiago-150x150.jpg 150w, https:\/\/portal.rare.org\/wp-content\/uploads\/2020\/11\/Mayor-M-Santiago-12x12.jpg 12w, https:\/\/portal.rare.org\/wp-content\/uploads\/2020\/11\/Mayor-M-Santiago-624x624.jpg 624w\" sizes=\"auto, (max-width: 700px) 100vw, 700px\" \/><\/div><\/div><\/figure><\/div><\/li><li class=\"kadence-blocks-gallery-item\" tabindex=\"0\"><div class=\"kadence-blocks-gallery-item-inner\"><figure class=\"kb-gallery-figure kadence-blocks-gallery-item-hide-caption\"><div class=\"kb-gal-image-radius\"><div class=\"kb-gallery-image-contain kadence-blocks-gallery-intrinsic kb-gallery-image-ratio-square kb-has-image-ratio-square\" ><img loading=\"lazy\" decoding=\"async\" width=\"1002\" height=\"1002\" src=\"https:\/\/portal.rare.org\/wp-content\/uploads\/2020\/11\/Mayor-Dolar.jpg\"   alt=\"\" data-full-image=\"https:\/\/portal.rare.org\/wp-content\/uploads\/2020\/11\/Mayor-Dolar.jpg\" data-light-image=\"https:\/\/portal.rare.org\/wp-content\/uploads\/2020\/11\/Mayor-Dolar.jpg\" data-id=\"5934\" class=\"wp-image-5934\" srcset=\"https:\/\/portal.rare.org\/wp-content\/uploads\/2020\/11\/Mayor-Dolar.jpg 1002w, https:\/\/portal.rare.org\/wp-content\/uploads\/2020\/11\/Mayor-Dolar-300x300.jpg 300w, https:\/\/portal.rare.org\/wp-content\/uploads\/2020\/11\/Mayor-Dolar-150x150.jpg 150w, https:\/\/portal.rare.org\/wp-content\/uploads\/2020\/11\/Mayor-Dolar-768x768.jpg 768w, https:\/\/portal.rare.org\/wp-content\/uploads\/2020\/11\/Mayor-Dolar-12x12.jpg 12w, https:\/\/portal.rare.org\/wp-content\/uploads\/2020\/11\/Mayor-Dolar-947x947.jpg 947w, https:\/\/portal.rare.org\/wp-content\/uploads\/2020\/11\/Mayor-Dolar-624x624.jpg 624w\" sizes=\"auto, (max-width: 1002px) 100vw, 1002px\" \/><\/div><\/div><\/figure><\/div><\/li><li class=\"kadence-blocks-gallery-item\" tabindex=\"0\"><div class=\"kadence-blocks-gallery-item-inner\"><figure class=\"kb-gallery-figure kadence-blocks-gallery-item-hide-caption\"><div class=\"kb-gal-image-radius\"><div class=\"kb-gallery-image-contain kadence-blocks-gallery-intrinsic kb-gallery-image-ratio-square kb-has-image-ratio-square\" ><img loading=\"lazy\" decoding=\"async\" width=\"799\" height=\"799\" src=\"https:\/\/portal.rare.org\/wp-content\/uploads\/2020\/11\/Mayor-Al-Arquillano.jpg\"   alt=\"\" data-full-image=\"https:\/\/portal.rare.org\/wp-content\/uploads\/2020\/11\/Mayor-Al-Arquillano.jpg\" data-light-image=\"https:\/\/portal.rare.org\/wp-content\/uploads\/2020\/11\/Mayor-Al-Arquillano.jpg\" data-id=\"5933\" class=\"wp-image-5933\" srcset=\"https:\/\/portal.rare.org\/wp-content\/uploads\/2020\/11\/Mayor-Al-Arquillano.jpg 799w, https:\/\/portal.rare.org\/wp-content\/uploads\/2020\/11\/Mayor-Al-Arquillano-300x300.jpg 300w, https:\/\/portal.rare.org\/wp-content\/uploads\/2020\/11\/Mayor-Al-Arquillano-150x150.jpg 150w, https:\/\/portal.rare.org\/wp-content\/uploads\/2020\/11\/Mayor-Al-Arquillano-768x768.jpg 768w, https:\/\/portal.rare.org\/wp-content\/uploads\/2020\/11\/Mayor-Al-Arquillano-12x12.jpg 12w, https:\/\/portal.rare.org\/wp-content\/uploads\/2020\/11\/Mayor-Al-Arquillano-624x624.jpg 624w\" sizes=\"auto, (max-width: 799px) 100vw, 799px\" \/><\/div><\/div><\/figure><\/div><\/li><li class=\"kadence-blocks-gallery-item\" tabindex=\"0\"><div class=\"kadence-blocks-gallery-item-inner\"><figure class=\"kb-gallery-figure kadence-blocks-gallery-item-hide-caption\"><div class=\"kb-gal-image-radius\"><div class=\"kb-gallery-image-contain kadence-blocks-gallery-intrinsic kb-gallery-image-ratio-square kb-has-image-ratio-square\" ><img loading=\"lazy\" decoding=\"async\" width=\"735\" height=\"735\" src=\"https:\/\/portal.rare.org\/wp-content\/uploads\/2020\/11\/Mayor-G-Recopuerto.jpg\"   alt=\"\" data-full-image=\"https:\/\/portal.rare.org\/wp-content\/uploads\/2020\/11\/Mayor-G-Recopuerto.jpg\" data-light-image=\"https:\/\/portal.rare.org\/wp-content\/uploads\/2020\/11\/Mayor-G-Recopuerto.jpg\" data-id=\"5935\" class=\"wp-image-5935\" srcset=\"https:\/\/portal.rare.org\/wp-content\/uploads\/2020\/11\/Mayor-G-Recopuerto.jpg 735w, https:\/\/portal.rare.org\/wp-content\/uploads\/2020\/11\/Mayor-G-Recopuerto-300x300.jpg 300w, https:\/\/portal.rare.org\/wp-content\/uploads\/2020\/11\/Mayor-G-Recopuerto-150x150.jpg 150w, https:\/\/portal.rare.org\/wp-content\/uploads\/2020\/11\/Mayor-G-Recopuerto-12x12.jpg 12w, https:\/\/portal.rare.org\/wp-content\/uploads\/2020\/11\/Mayor-G-Recopuerto-624x624.jpg 624w\" sizes=\"auto, (max-width: 735px) 100vw, 735px\" \/><\/div><\/div><\/figure><\/div><\/li><li class=\"kadence-blocks-gallery-item\" tabindex=\"0\"><div class=\"kadence-blocks-gallery-item-inner\"><figure class=\"kb-gallery-figure kadence-blocks-gallery-item-hide-caption\"><div class=\"kb-gal-image-radius\"><div class=\"kb-gallery-image-contain kadence-blocks-gallery-intrinsic kb-gallery-image-ratio-square kb-has-image-ratio-square\" ><img loading=\"lazy\" decoding=\"async\" width=\"471\" height=\"471\" src=\"https:\/\/portal.rare.org\/wp-content\/uploads\/2020\/11\/2513_foto-kd_2_.jpg\"   alt=\"\" data-full-image=\"https:\/\/portal.rare.org\/wp-content\/uploads\/2020\/11\/2513_foto-kd_2_.jpg\" data-light-image=\"https:\/\/portal.rare.org\/wp-content\/uploads\/2020\/11\/2513_foto-kd_2_.jpg\" data-id=\"5931\" class=\"wp-image-5931\" srcset=\"https:\/\/portal.rare.org\/wp-content\/uploads\/2020\/11\/2513_foto-kd_2_.jpg 471w, https:\/\/portal.rare.org\/wp-content\/uploads\/2020\/11\/2513_foto-kd_2_-300x300.jpg 300w, https:\/\/portal.rare.org\/wp-content\/uploads\/2020\/11\/2513_foto-kd_2_-150x150.jpg 150w, https:\/\/portal.rare.org\/wp-content\/uploads\/2020\/11\/2513_foto-kd_2_-12x12.jpg 12w\" sizes=\"auto, (max-width: 471px) 100vw, 471px\" \/><\/div><\/div><\/figure><\/div><\/li><li class=\"kadence-blocks-gallery-item\" tabindex=\"0\"><div class=\"kadence-blocks-gallery-item-inner\"><figure class=\"kb-gallery-figure kadence-blocks-gallery-item-hide-caption\"><div class=\"kb-gal-image-radius\"><div class=\"kb-gallery-image-contain kadence-blocks-gallery-intrinsic kb-gallery-image-ratio-square kb-has-image-ratio-square\" ><img loading=\"lazy\" decoding=\"async\" width=\"206\" height=\"206\" src=\"https:\/\/portal.rare.org\/wp-content\/uploads\/2020\/11\/20191010_102450-3.jpg\"   alt=\"\" data-full-image=\"https:\/\/portal.rare.org\/wp-content\/uploads\/2020\/11\/20191010_102450-3.jpg\" data-light-image=\"https:\/\/portal.rare.org\/wp-content\/uploads\/2020\/11\/20191010_102450-3.jpg\" data-id=\"5932\" class=\"wp-image-5932\" srcset=\"https:\/\/portal.rare.org\/wp-content\/uploads\/2020\/11\/20191010_102450-3.jpg 206w, https:\/\/portal.rare.org\/wp-content\/uploads\/2020\/11\/20191010_102450-3-150x150.jpg 150w, https:\/\/portal.rare.org\/wp-content\/uploads\/2020\/11\/20191010_102450-3-12x12.jpg 12w\" sizes=\"auto, (max-width: 206px) 100vw, 206px\" \/><\/div><\/div><\/figure><\/div><\/li><li class=\"kadence-blocks-gallery-item\" tabindex=\"0\"><div class=\"kadence-blocks-gallery-item-inner\"><figure class=\"kb-gallery-figure kadence-blocks-gallery-item-hide-caption\"><div class=\"kb-gal-image-radius\"><div class=\"kb-gallery-image-contain kadence-blocks-gallery-intrinsic kb-gallery-image-ratio-square kb-has-image-ratio-square\" ><img loading=\"lazy\" decoding=\"async\" width=\"364\" height=\"363\" src=\"https:\/\/portal.rare.org\/wp-content\/uploads\/2020\/11\/39evangelian_sasingen_30111843jpg_2.jpg\"   alt=\"\" data-full-image=\"https:\/\/portal.rare.org\/wp-content\/uploads\/2020\/11\/39evangelian_sasingen_30111843jpg_2.jpg\" data-light-image=\"https:\/\/portal.rare.org\/wp-content\/uploads\/2020\/11\/39evangelian_sasingen_30111843jpg_2.jpg\" data-id=\"5930\" class=\"wp-image-5930\" srcset=\"https:\/\/portal.rare.org\/wp-content\/uploads\/2020\/11\/39evangelian_sasingen_30111843jpg_2.jpg 364w, https:\/\/portal.rare.org\/wp-content\/uploads\/2020\/11\/39evangelian_sasingen_30111843jpg_2-300x300.jpg 300w, https:\/\/portal.rare.org\/wp-content\/uploads\/2020\/11\/39evangelian_sasingen_30111843jpg_2-150x150.jpg 150w, https:\/\/portal.rare.org\/wp-content\/uploads\/2020\/11\/39evangelian_sasingen_30111843jpg_2-12x12.jpg 12w\" sizes=\"auto, (max-width: 364px) 100vw, 364px\" \/><\/div><\/div><\/figure><\/div><\/li><\/ul><\/div><\/div><\/div>\n\n\n\n<div class=\"wp-block-ugb-columns ugb-columns ugb-4ee96dd ugb-columns--design-uneven-2 ugb-columns--columns-2 ugb-main-block\" id=\"\"><style>.ugb-4ee96dd > .ugb-inner-block > .ugb-block-content > .ugb-columns__item{grid-template-columns:1.40fr 0.60fr !important}@media screen and (min-width:768px){.ugb-4ee96dd.ugb-columns{margin-top:-7px !important}}<\/style><div class=\"ugb-inner-block\"><div class=\"ugb-block-content\"><div class=\"ugb-columns__item ugb-4ee96dd-content-wrapper\">\n<div class=\"wp-block-ugb-column ugb-column ugb-e6f0c36 ugb-column--design-basic ugb-main-block\" id=\"\"><style>@media screen and (min-width:768px){.ugb-e6f0c36 > .ugb-inner-block > .ugb-block-content > *{padding-top:0px !important;padding-bottom:0px !important}}<\/style><div class=\"ugb-inner-block\"><div class=\"ugb-block-content\"><div class=\"ugb-column__item ugb-e6f0c36-column-wrapper\"><div class=\"ugb-column__content-wrapper\">\n<h2 class=\"wp-block-heading\">Mesa Redonda com L\u00edderes Locais Campe\u00f5es<\/h2>\n\n\n\n<p>A Rare convida voc\u00ea para a primeira mesa redonda global com os campe\u00f5es do <a href=\"https:\/\/portal.rare.org\/br\/where-we-work\/local-government-leaders-network\/\" data-type=\"page\" data-id=\"5374\">Rede de l\u00edderes do governo local<\/a>.<\/p>\n\n\n\n<p>Esta \u00e9 uma oportunidade \u00fanica de conhecer outros l\u00edderes de v\u00e1rios pa\u00edses, discutir os objetivos da Rede e fazer um brainstorming das pr\u00f3ximas atividades estrat\u00e9gicas.<\/p>\n<\/div><\/div><\/div><\/div><\/div>\n\n\n\n<div class=\"wp-block-ugb-column ugb-column ugb-b2383e0 ugb-column--design-basic ugb-main-block\" id=\"\"><style>.ugb-b2383e0-column-wrapper{background-color:#0066b3 !important}.ugb-b2383e0-column-wrapper:before{background-color:#0066b3 !important}.ugb-b2383e0 h1,.ugb-b2383e0 h2,.ugb-b2383e0 h3,.ugb-b2383e0 h4,.ugb-b2383e0 h5,.ugb-b2383e0 h6{color:#ffffff}.ugb-b2383e0 p,.ugb-b2383e0 li,.ugb-b2383e0 label,.ugb-b2383e0 table{color:#ffffff}.ugb-b2383e0-column-wrapper > * > h1,.ugb-b2383e0-column-wrapper > * > h2,.ugb-b2383e0-column-wrapper > * > h3,.ugb-b2383e0-column-wrapper > * > h4,.ugb-b2383e0-column-wrapper > * > h5,.ugb-b2383e0-column-wrapper > * > h6{color:#ffffff}.ugb-b2383e0-column-wrapper > * > p,.ugb-b2383e0-column-wrapper > * > ol li,.ugb-b2383e0-column-wrapper > * > ul li{color:#ffffff}@media screen and (min-width:768px){.ugb-b2383e0 > .ugb-inner-block > .ugb-block-content > *{padding-top:0px !important;padding-bottom:0px !important}}<\/style><div class=\"ugb-inner-block\"><div class=\"ugb-block-content\"><div class=\"ugb-column__item ugb-b2383e0-column-wrapper\"><div class=\"ugb-column__content-wrapper\">\n<h4 class=\"wp-block-heading\">13 de novembro de 2020, 8h EST<\/h4>\n\n\n\n<p>Honduras 7h<br>Brasil 10h<br>Mo\u00e7ambique 15h<br>Indon\u00e9sia 20h<br>Filipinas 21h<\/p>\n<\/div><\/div><\/div><\/div><\/div>\n<\/div><\/div><\/div><\/div>\n\n\n\n<p><\/p>","protected":false},"excerpt":{"rendered":"<p>Roundtable with Champion Local Leaders Rare invites you to the first global roundtable discussion with champions from the Network of Local Government Leaders. This is a unique opportunity to get to know fellow leaders from various countries, discuss the goals of the Network and brainstorm upcoming strategic activities. November 13, [&hellip;]<\/p>\n","protected":false},"author":1,"featured_media":0,"parent":5374,"menu_order":1,"comment_status":"closed","ping_status":"closed","template":"template-fullwidth.php","meta":{"footnotes":""},"folder":[371],"class_list":["post-5929","page","type-page","status-publish","hentry"],"featured_image_urls":{"full":"","thumbnail":"","medium":"","medium_large":"","large":"","1536x1536":"","2048x2048":"","trp-custom-language-flag":"","homepage-slider":"","homepage-slider-small":"","page-top":"","page-small":"","loop-main":"","thumb-gallery-widget":""},"post_excerpt_stackable":"<p>Roundtable with Champion Local Leaders Rare invites you to the first global roundtable discussion with champions from the Network of Local Government Leaders. This is a unique opportunity to get to know fellow leaders from various countries, discuss the goals of the Network and brainstorm upcoming strategic activities. November 13, 2020 8am EST Honduras 7amBrazil 10amMozambique 3pmIndonesia 8pmPhilippines 9pm<\/p>\n","category_list":"","author_info":{"name":"gstoyle@rare.org","url":"https:\/\/portal.rare.org\/br\/author\/gstoylerare-org\/"},"comments_num":"0 coment\u00e1rio","featured_image_urls_v2":{"full":"","thumbnail":"","medium":"","medium_large":"","large":"","1536x1536":"","2048x2048":"","trp-custom-language-flag":"","homepage-slider":"","homepage-slider-small":"","page-top":"","page-small":"","loop-main":"","thumb-gallery-widget":""},"post_excerpt_stackable_v2":"<p>Roundtable with Champion Local Leaders Rare invites you to the first global roundtable discussion with champions from the Network of Local Government Leaders. This is a unique opportunity to get to know fellow leaders from various countries, discuss the goals of the Network and brainstorm upcoming strategic activities. November 13, 2020 8am EST Honduras 7amBrazil 10amMozambique 3pmIndonesia 8pmPhilippines 9pm<\/p>\n","category_list_v2":"","author_info_v2":{"name":"gstoyle@rare.org","url":"https:\/\/portal.rare.org\/br\/author\/gstoylerare-org\/"},"comments_num_v2":"0 coment\u00e1rio","_links":{"self":[{"href":"https:\/\/portal.rare.org\/br\/wp-json\/wp\/v2\/pages\/5929","targetHints":{"allow":["GET"]}}],"collection":[{"href":"https:\/\/portal.rare.org\/br\/wp-json\/wp\/v2\/pages"}],"about":[{"href":"https:\/\/portal.rare.org\/br\/wp-json\/wp\/v2\/types\/page"}],"author":[{"embeddable":true,"href":"https:\/\/portal.rare.org\/br\/wp-json\/wp\/v2\/users\/1"}],"replies":[{"embeddable":true,"href":"https:\/\/portal.rare.org\/br\/wp-json\/wp\/v2\/comments?post=5929"}],"version-history":[{"count":0,"href":"https:\/\/portal.rare.org\/br\/wp-json\/wp\/v2\/pages\/5929\/revisions"}],"up":[{"embeddable":true,"href":"https:\/\/portal.rare.org\/br\/wp-json\/wp\/v2\/pages\/5374"}],"wp:attachment":[{"href":"https:\/\/portal.rare.org\/br\/wp-json\/wp\/v2\/media?parent=5929"}],"wp:term":[{"taxonomy":"folder","embeddable":true,"href":"https:\/\/portal.rare.org\/br\/wp-json\/wp\/v2\/folder?post=5929"}],"curies":[{"name":"wp","href":"https:\/\/api.w.org\/{rel}","templated":true}]}}