{"id":6430,"date":"2021-02-28T16:26:50","date_gmt":"2021-02-28T16:26:50","guid":{"rendered":"https:\/\/portal.rare.org\/?page_id=6430"},"modified":"2021-11-22T20:08:16","modified_gmt":"2021-11-22T20:08:16","slug":"global-guidance-documents","status":"publish","type":"page","link":"https:\/\/portal.rare.org\/br\/program-resources\/program-delivery\/global-guidance-documents\/","title":{"rendered":"Documentos de orienta\u00e7\u00e3o global"},"content":{"rendered":"<p>Expanda os menus abaixo para revelar informa\u00e7\u00f5es e links para documentos de orienta\u00e7\u00e3o e outros recursos relacionados \u00e0 implementa\u00e7\u00e3o do programa Fish Forever, bem como manuais de instru\u00e7\u00e3o e detalhes sobre as abordagens usadas para atingir os objetivos do programa. <\/p>\n\n\n\n<p>Se voc\u00ea n\u00e3o conseguir encontrar o documento que est\u00e1 procurando aqui, tente <a href=\"#sg-popup-id-6258\">procurando no site<\/a>, caso contr\u00e1rio, sinta-se \u00e0 vontade para <a href=\"mailto:scitech@rare.org\" data-type=\"mailto\" data-id=\"mailto:scitech@rare.org\">Contate-Nos<\/a>.<\/p>\n\n\n\n<div class=\"wp-block-ugb-accordion ugb-accordion ugb-44675d1 ugb-accordion--v2 ugb-accordion--design-basic ugb-accordion--single-open ugb-main-block\" aria-expanded=\"false\"><style>.ugb-44675d1 .ugb-accordion__arrow{fill:#0693e3}<\/style><style>.ugb-44675d1.ugb-accordion{outline:none !important}<\/style><div class=\"ugb-inner-block\"><div class=\"ugb-block-content\"><div class=\"ugb-accordion__item\"><div class=\"ugb-accordion__heading\" role=\"button\" tabindex=\"0\"><h4 class=\"ugb-accordion__title\">Engajamento da comunidade e ado\u00e7\u00e3o de comportamento<\/h4><svg xmlns=\"http:\/\/www.w3.org\/2000\/svg\" viewbox=\"0 0 20 20\" class=\"ugb-accordion__arrow\" width=\"20\" height=\"20\"><path d=\"M16.7 3.3L10 10 3.3 3.4 0 6.7l10 10v-.1l10-9.9z\"><\/path><\/svg><\/div><div class=\"ugb-accordion__content\" role=\"region\"><div class=\"ugb-accordion__content-inner\">\n<p>Este kit de ferramentas foi projetado para ser uma compila\u00e7\u00e3o de recursos a serem usados principalmente pela equipe de implementa\u00e7\u00e3o da Rare no pa\u00eds no treinamento e no trabalho com parceiros locais nos n\u00edveis nacional, subnacional, local e comunit\u00e1rio.<\/p>\n\n\n\n<p><a href=\"https:\/\/view.genial.ly\/5fdd46c817246a0d8cd25279\/interactive-image-original-behavior-levers-in-action\" data-type=\"URL\" data-id=\"https:\/\/view.genial.ly\/5fdd46c817246a0d8cd25279\/interactive-image-original-behavior-levers-in-action\" target=\"_blank\" rel=\"noreferrer noopener\">Veja exemplos de alavancas de comportamento aplicadas em um lan\u00e7amento de campanha no Brasil.<\/a><\/p>\n\n\n\n<div class=\"wp-block-group\"><div class=\"wp-block-group__inner-container is-layout-flow wp-block-group-is-layout-flow\">\n<div class=\"wp-block-group\"><div class=\"wp-block-group__inner-container is-layout-flow wp-block-group-is-layout-flow\">\n<div class=\"wp-block-buttons is-layout-flex wp-block-buttons-is-layout-flex\">\n<div class=\"wp-block-button\"><a class=\"wp-block-button__link\" href=\"https:\/\/portal.rare.org\/wp-content\/uploads\/2021\/06\/BA-Toolkit.pdf\" target=\"_blank\" rel=\"noreferrer noopener\">Baixar kit de ferramentas<\/a><\/div>\n<\/div>\n<\/div><\/div>\n<\/div><\/div>\n\n\n\n<div class=\"wp-block-ugb-columns ugb-columns ugb-350c57c ugb-columns--design-plain ugb-columns--columns-2 ugb-main-block\"><style>.ugb-350c57c > .ugb-inner-block > .ugb-block-content > .ugb-columns__item{grid-template-columns:0.80fr 1.20fr !important}<\/style><div class=\"ugb-inner-block\"><div class=\"ugb-block-content\"><div class=\"ugb-columns__item ugb-350c57c-content-wrapper\">\n<div class=\"wp-block-ugb-column ugb-column ugb-cd2ff65 ugb-column--design-plain ugb-main-block\"><div class=\"ugb-inner-block\"><div class=\"ugb-block-content\"><div class=\"ugb-column__item ugb-cd2ff65-column-wrapper\"><div class=\"ugb-column__content-wrapper\">\n<h1 class=\"wp-block-heading\">Salvando a natureza com a ci\u00eancia comportamental<\/h1>\n\n\n\n<p>Os desafios ambientais s\u00e3o, fundamentalmente, desafios das pessoas. Se quisermos proteger a natureza, geralmente precisamos que as pessoas cooperem. <\/p>\n\n\n\n<p>Erik Thulin, Cientista Comportamental da Rare, compartilha um processo de tr\u00eas etapas para aplicar percep\u00e7\u00f5es psicol\u00f3gicas para superar os desafios que enfrentamos ao agirmos cooperativamente, para que a humanidade e a natureza prosperem.<\/p>\n<\/div><\/div><\/div><\/div><\/div>\n\n\n\n<div class=\"wp-block-ugb-column ugb-column ugb-47cbff7 ugb-column--design-plain ugb-main-block\"><div class=\"ugb-inner-block\"><div class=\"ugb-block-content\"><div class=\"ugb-column__item ugb-47cbff7-column-wrapper\"><div class=\"ugb-column__content-wrapper\">\n<div class=\"wp-block-ugb-video-popup ugb-video-popup ugb-ffe3985 ugb-video-popup--v3 ugb-main-block\"><style>.ugb-ffe3985 .ugb-video-popup__wrapper{height:350px !important;border-radius:0px;background-color:#000000;background-image:url(https:\/\/portal.rare.org\/wp-content\/uploads\/2021\/05\/2021-05-20_16-15-29.jpg)}.ugb-ffe3985 .ugb-video-popup__wrapper:before{background-color:#000000;opacity:0.5}.ugb-ffe3985 .ugb-video-popup__wrapper:hover:before{opacity:0.2}@media screen and (min-width:768px){.ugb-ffe3985.ugb-video-popup{margin-top:1px !important}}<\/style><div class=\"ugb-inner-block\"><div class=\"ugb-block-content\"><div class=\"ugb-video-popup__wrapper ugb--has-background-overlay\" data-video=\"Olv5LVIyjk4\"><button class=\"ugb-video-popup__overlay\" aria-label=\"Jogar\"><span class=\"ugb-video-popup__play-button\"><svg xmlns=\"http:\/\/www.w3.org\/2000\/svg\" viewbox=\"0 0 256 320\" class=\"ugb-play-button-normal\" width=\"30\" height=\"30\"><path d=\"M0 0v320l256-160L0 0z\"><\/path><\/svg><\/span><\/button><\/div><\/div><\/div><\/div>\n<\/div><\/div><\/div><\/div><\/div>\n<\/div><\/div><\/div><\/div>\n<\/div><\/div><\/div><\/div><\/div><\/div>\n\n\n\n<div class=\"wp-block-ugb-accordion ugb-accordion ugb-840eac2 ugb-accordion--v2 ugb-accordion--design-basic ugb-accordion--single-open ugb-main-block\" aria-expanded=\"false\"><style>.ugb-840eac2 .ugb-accordion__arrow{fill:#0693e3}<\/style><div class=\"ugb-inner-block\"><div class=\"ugb-block-content\"><div class=\"ugb-accordion__item\"><div class=\"ugb-accordion__heading ugb--shadow-3\" role=\"button\" tabindex=\"0\"><h4 class=\"ugb-accordion__title\">\u00d3rg\u00e3os de gest\u00e3o eficazes<\/h4><svg xmlns=\"http:\/\/www.w3.org\/2000\/svg\" viewbox=\"0 0 20 20\" class=\"ugb-accordion__arrow\" width=\"20\" height=\"20\"><path d=\"M16.7 3.3L10 10 3.3 3.4 0 6.7l10 10v-.1l10-9.9z\"><\/path><\/svg><\/div><div class=\"ugb-accordion__content\" role=\"region\"><div class=\"ugb-accordion__content-inner\">\n<p>A pesca comunit\u00e1ria costeira \u00e9 uma atividade inerentemente local, mas a abordagem de gest\u00e3o predominante para essas pescarias n\u00e3o refletiu essa caracter\u00edstica central. Existe uma lacuna cr\u00edtica para a pesca costeira comunit\u00e1ria porque as estruturas de governan\u00e7a e tomada de decis\u00e3o em torno delas n\u00e3o eram claras, eram excessivamente complexas ou centralizadas nas autoridades nacionais. Mesmo em pa\u00edses onde a autoridade para gerenciar a pesca costeira foi delegada a um n\u00edvel local, ainda existe uma lacuna cr\u00f4nica de capacidade na organiza\u00e7\u00e3o e execu\u00e7\u00e3o de uma gest\u00e3o eficiente desse setor de pesca d\u00edspar e diverso.<\/p>\n\n\n\n<div class=\"wp-block-buttons is-layout-flex wp-block-buttons-is-layout-flex\">\n<div class=\"wp-block-button\"><a class=\"wp-block-button__link\" href=\"https:\/\/portal.rare.org\/wp-content\/uploads\/2021\/05\/Portuguese-Building-Effective-Management-Bodies_052121.pdf\" target=\"_blank\" rel=\"noreferrer noopener\">Baixe o Guia de Gerenciamento Eficaz<\/a><\/div>\n<\/div>\n<\/div><\/div><\/div><\/div><\/div><\/div>\n\n\n\n<div class=\"wp-block-ugb-accordion ugb-accordion ugb-55e7921 ugb-accordion--v2 ugb-accordion--design-basic ugb-accordion--single-open ugb-main-block\" aria-expanded=\"false\"><style>.ugb-55e7921 .ugb-accordion__arrow{fill:#0693e3}<\/style><div class=\"ugb-inner-block\"><div class=\"ugb-block-content\"><div class=\"ugb-accordion__item\"><div class=\"ugb-accordion__heading\" role=\"button\" tabindex=\"0\"><h4 class=\"ugb-accordion__title\">Acesso Gerenciado<\/h4><svg xmlns=\"http:\/\/www.w3.org\/2000\/svg\" viewbox=\"0 0 20 20\" class=\"ugb-accordion__arrow\" width=\"20\" height=\"20\"><path d=\"M16.7 3.3L10 10 3.3 3.4 0 6.7l10 10v-.1l10-9.9z\"><\/path><\/svg><\/div><div class=\"ugb-accordion__content\" role=\"region\"><div class=\"ugb-accordion__content-inner\">\n<p>A abordagem de Acesso Gerenciado concede privil\u00e9gios de acesso exclusivo para pesca em \u00e1reas definidas aos pescadores benefici\u00e1rios que est\u00e3o em conformidade com os regulamentos de pesca e est\u00e3o participando de atividades de gest\u00e3o e conserva\u00e7\u00e3o costeira. As \u00e1reas de acesso gerenciado s\u00e3o projetadas em torno de componentes geopol\u00edticos, sociais e ecol\u00f3gicos e contam com a participa\u00e7\u00e3o das partes interessadas. As \u00e1reas de acesso gerenciado s\u00e3o declaradas legalmente por meio de um instrumento de pol\u00edtica apropriado para torn\u00e1-las defens\u00e1veis e exeq\u00fc\u00edveis.<\/p>\n\n\n\n<div class=\"wp-block-buttons is-layout-flex wp-block-buttons-is-layout-flex\">\n<div class=\"wp-block-button\"><a class=\"wp-block-button__link\" href=\"https:\/\/portal.rare.org\/wp-content\/uploads\/2021\/05\/Portuguese-Managed-Access-Area-Design_052121.pdf\" target=\"_blank\" rel=\"noreferrer noopener\">Baixar Orienta\u00e7\u00e3o de Acesso Gerenciado<\/a><\/div>\n<\/div>\n<\/div><\/div><\/div><\/div><\/div><\/div>\n\n\n\n<div class=\"wp-block-ugb-accordion ugb-accordion ugb-97aa207 ugb-accordion--v2 ugb-accordion--design-basic ugb-main-block\" aria-expanded=\"false\"><style>.ugb-97aa207 .ugb-accordion__arrow{fill:#0693e3}<\/style><div class=\"ugb-inner-block\"><div class=\"ugb-block-content\"><div class=\"ugb-accordion__item\"><div class=\"ugb-accordion__heading\" role=\"button\" tabindex=\"0\"><h4 class=\"ugb-accordion__title\">Dados para tomada de decis\u00e3o<\/h4><svg xmlns=\"http:\/\/www.w3.org\/2000\/svg\" viewbox=\"0 0 20 20\" class=\"ugb-accordion__arrow\" width=\"20\" height=\"20\"><path d=\"M16.7 3.3L10 10 3.3 3.4 0 6.7l10 10v-.1l10-9.9z\"><\/path><\/svg><\/div><div class=\"ugb-accordion__content\" role=\"region\"><div class=\"ugb-accordion__content-inner\">\n<p>Fornecimento de dados essenciais e cientificamente robustos sobre a situa\u00e7\u00e3o da pesca local e habitat cr\u00edtico, usando a tecnologia digital para fornecer informa\u00e7\u00f5es de forma amig\u00e1vel, para fam\u00edlias de pescadores e n\u00e3o pescadores, empresas e \u00f3rg\u00e3os de gest\u00e3o para apoiar uma tomada de decis\u00e3o eficaz.<\/p>\n\n\n\n<div class=\"wp-block-buttons is-layout-flex wp-block-buttons-is-layout-flex\">\n<div class=\"wp-block-button\"><a class=\"wp-block-button__link\" href=\"https:\/\/portal.rare.org\/br\/program-resources\/ourfish\/\">OurFish<\/a><\/div>\n\n\n\n<div class=\"wp-block-button\"><a class=\"wp-block-button__link\" href=\"https:\/\/portal.rare.org\/br\/program-resources\/fisher-registration\/\">Registro Fisher<\/a><\/div>\n\n\n\n<div class=\"wp-block-button\"><a class=\"wp-block-button__link\" href=\"https:\/\/portal.rare.org\/wp-content\/uploads\/2021\/05\/Portuguese-Ecological-Monitoring.pdf\" target=\"_blank\" rel=\"noreferrer noopener\">Monitoramento Ecol\u00f3gico<\/a><\/div>\n\n\n\n<div class=\"wp-block-button\"><a class=\"wp-block-button__link\" href=\"https:\/\/portal.rare.org\/wp-content\/uploads\/2021\/06\/HHS-Instrument.pdf\" target=\"_blank\" rel=\"noreferrer noopener\">Pesquisas Domiciliares<\/a><\/div>\n<\/div>\n<\/div><\/div><\/div><\/div><\/div><\/div>\n\n\n\n<div class=\"wp-block-ugb-accordion ugb-accordion ugb-b13ce50 ugb-accordion--v2 ugb-accordion--design-basic ugb-accordion--single-open ugb-main-block\" aria-expanded=\"false\"><style>.ugb-b13ce50 .ugb-accordion__arrow{fill:#0693e3}<\/style><div class=\"ugb-inner-block\"><div class=\"ugb-block-content\"><div class=\"ugb-accordion__item\"><div class=\"ugb-accordion__heading\" role=\"button\" tabindex=\"0\"><h4 class=\"ugb-accordion__title\">Inclus\u00e3o Financeira e de Mercado<\/h4><svg xmlns=\"http:\/\/www.w3.org\/2000\/svg\" viewbox=\"0 0 20 20\" class=\"ugb-accordion__arrow\" width=\"20\" height=\"20\"><path d=\"M16.7 3.3L10 10 3.3 3.4 0 6.7l10 10v-.1l10-9.9z\"><\/path><\/svg><\/div><div class=\"ugb-accordion__content\" role=\"region\"><div class=\"ugb-accordion__content-inner\">\n<p>Construir educa\u00e7\u00e3o financeira e ferramentas para permitir que as fam\u00edlias de pescadores, propriet\u00e1rios, pequenos neg\u00f3cios e a comunidade em geral maximizem o valor e a reten\u00e7\u00e3o da renda gerada pela pesca. Fornecer acesso a oportunidades e servi\u00e7os financeiros (por exemplo, poupan\u00e7a, seguro e cr\u00e9dito e investimentos formais) para expandir o horizonte de planejamento financeiro e os mecanismos para a comunidade reter e construir riqueza.<\/p>\n\n\n\n<div class=\"wp-block-buttons is-layout-flex wp-block-buttons-is-layout-flex\">\n<div class=\"wp-block-button\"><a class=\"wp-block-button__link\" href=\"https:\/\/portal.rare.org\/wp-content\/uploads\/2021\/06\/Savings-Clubs-planning.pdf\" target=\"_blank\" rel=\"noreferrer noopener\">Clubes de poupan\u00e7a<\/a><\/div>\n\n\n\n<div class=\"wp-block-button\"><a class=\"wp-block-button__link\" href=\"https:\/\/portal.rare.org\/wp-content\/uploads\/2021\/06\/Financial-Literacy.pdf\" target=\"_blank\" rel=\"noreferrer noopener\">Letramento financeiro<\/a><\/div>\n\n\n\n<div class=\"wp-block-button\"><a class=\"wp-block-button__link\" href=\"https:\/\/portal.rare.org\/wp-content\/uploads\/2021\/06\/Commuity-Enterprises.pdf\" target=\"_blank\" rel=\"noreferrer noopener\">Empresas Comunit\u00e1rias<\/a><\/div>\n\n\n\n<div class=\"wp-block-button\"><a class=\"wp-block-button__link\" href=\"https:\/\/portal.rare.org\/wp-content\/uploads\/2021\/06\/VCA-guidelines.pdf\" target=\"_blank\" rel=\"noreferrer noopener\">An\u00e1lise da Cadeia de Valor<\/a><\/div>\n<\/div>\n<\/div><\/div><\/div><\/div><\/div><\/div>\n\n\n\n<div class=\"wp-block-ugb-accordion ugb-accordion ugb-800c8b4 ugb-accordion--v2 ugb-accordion--design-basic ugb-accordion--single-open ugb-main-block\" aria-expanded=\"false\"><style>.ugb-800c8b4 .ugb-accordion__arrow{fill:#0693e3}<\/style><div class=\"ugb-inner-block\"><div class=\"ugb-block-content\"><div class=\"ugb-accordion__item\"><div class=\"ugb-accordion__heading\" role=\"button\" tabindex=\"0\"><h4 class=\"ugb-accordion__title\">Redes de ACRES<\/h4><svg xmlns=\"http:\/\/www.w3.org\/2000\/svg\" viewbox=\"0 0 20 20\" class=\"ugb-accordion__arrow\" width=\"20\" height=\"20\"><path d=\"M16.7 3.3L10 10 3.3 3.4 0 6.7l10 10v-.1l10-9.9z\"><\/path><\/svg><\/div><div class=\"ugb-accordion__content\" role=\"region\"><div class=\"ugb-accordion__content-inner\">\n<div class=\"wp-block-ugb-columns ugb-columns ugb-020171b ugb-columns--design-plain ugb-columns--columns-2 ugb-main-block\"><style>.ugb-020171b > .ugb-inner-block > .ugb-block-content > .ugb-columns__item{grid-template-columns:0.70fr 1.30fr !important}<\/style><div class=\"ugb-inner-block\"><div class=\"ugb-block-content\"><div class=\"ugb-columns__item ugb-020171b-content-wrapper\">\n<div class=\"wp-block-ugb-column ugb-column ugb-9d2c2f4 ugb-column--design-plain ugb-main-block\"><div class=\"ugb-inner-block\"><div class=\"ugb-block-content\"><div class=\"ugb-column__item ugb-9d2c2f4-column-wrapper\"><div class=\"ugb-column__content-wrapper\">\n<p>A abordagem de projeto de reserva do Fish Forever desenvolve redes de reservas em v\u00e1rias comunidades que refletem a conectividade ecol\u00f3gica e fornecem as condi\u00e7\u00f5es ideais para a recupera\u00e7\u00e3o e sustentabilidade das esp\u00e9cies, ao mesmo tempo que fornece benef\u00edcios econ\u00f4micos e ecol\u00f3gicos em pesqueiros adjacentes.<\/p>\n\n\n\n<div class=\"wp-block-buttons is-layout-flex wp-block-buttons-is-layout-flex\">\n<div class=\"wp-block-button\"><a class=\"wp-block-button__link\" href=\"https:\/\/portal.rare.org\/wp-content\/uploads\/2021\/06\/Marine-Reserve-Design.pdf\" target=\"_blank\" rel=\"noreferrer noopener\">Fa\u00e7a o download do Guia de Design da Reserva Marinha<\/a><\/div>\n<\/div>\n<\/div><\/div><\/div><\/div><\/div>\n\n\n\n<div class=\"wp-block-ugb-column ugb-column ugb-892e44b ugb-column--design-plain ugb-main-block\"><div class=\"ugb-inner-block\"><div class=\"ugb-block-content\"><div class=\"ugb-column__item ugb-892e44b-column-wrapper\"><div class=\"ugb-column__content-wrapper\">\n\n\n\n\n\n<iframe loading=\"lazy\" width=\"560\" height=\"315\" src=\"https:\/\/www.youtube.com\/embed\/zOwuOaGTqN8?hl=pt&amp;cc_load_policy=1&amp;cc_lang_pref=pt\" frameborder=\"0\" allow=\"accelerometer; autoplay; clipboard-write; encrypted-media; gyroscope; picture-in-picture\" allowfullscreen=\"\"><\/iframe>\n\n\n\n\n\n<\/div><\/div><\/div><\/div><\/div>\n<\/div><\/div><\/div><\/div>\n<\/div><\/div><\/div><\/div><\/div><\/div>\n\n\n\n<div class=\"wp-block-ugb-accordion ugb-accordion ugb-b1b4c11 ugb-accordion--v2 ugb-accordion--design-basic ugb-accordion--single-open ugb-main-block\" aria-expanded=\"false\"><style>.ugb-b1b4c11 .ugb-accordion__arrow{fill:#0693e3}<\/style><div class=\"ugb-inner-block\"><div class=\"ugb-block-content\"><div class=\"ugb-accordion__item\"><div class=\"ugb-accordion__heading\" role=\"button\" tabindex=\"0\"><h4 class=\"ugb-accordion__title\">Pol\u00edtica e Governan\u00e7a<\/h4><svg xmlns=\"http:\/\/www.w3.org\/2000\/svg\" viewbox=\"0 0 20 20\" class=\"ugb-accordion__arrow\" width=\"20\" height=\"20\"><path d=\"M16.7 3.3L10 10 3.3 3.4 0 6.7l10 10v-.1l10-9.9z\"><\/path><\/svg><\/div><div class=\"ugb-accordion__content\" role=\"region\"><div class=\"ugb-accordion__content-inner\">\n<div class=\"wp-block-buttons is-layout-flex wp-block-buttons-is-layout-flex\">\n<div class=\"wp-block-button\"><a class=\"wp-block-button__link\" href=\"https:\/\/portal.rare.org\/br\/program-resources\/program-delivery\/global-guidance-documents\/policy-governance\/\">Fa\u00e7a login para ver os documentos ...<\/a><\/div>\n<\/div>\n<\/div><\/div><\/div><\/div><\/div><\/div>\n\n\n\n<div class=\"wp-block-ugb-accordion ugb-accordion ugb-0224bac ugb-accordion--v2 ugb-accordion--design-basic ugb-accordion--single-open ugb-main-block\" aria-expanded=\"false\"><style>.ugb-0224bac .ugb-accordion__arrow{fill:#0693e3}<\/style><div class=\"ugb-inner-block\"><div class=\"ugb-block-content\"><div class=\"ugb-accordion__item\"><div class=\"ugb-accordion__heading\" role=\"button\" tabindex=\"0\"><h4 class=\"ugb-accordion__title\">das Altera\u00e7\u00f5es Clim\u00e1ticas<\/h4><svg xmlns=\"http:\/\/www.w3.org\/2000\/svg\" viewbox=\"0 0 20 20\" class=\"ugb-accordion__arrow\" width=\"20\" height=\"20\"><path d=\"M16.7 3.3L10 10 3.3 3.4 0 6.7l10 10v-.1l10-9.9z\"><\/path><\/svg><\/div><div class=\"ugb-accordion__content\" role=\"region\"><div class=\"ugb-accordion__content-inner\">\n<div class=\"wp-block-ugb-columns ugb-columns ugb-521629d ugb-columns--design-plain ugb-columns--columns-2 ugb-main-block\"><div class=\"ugb-inner-block\"><div class=\"ugb-block-content\"><div class=\"ugb-columns__item ugb-521629d-content-wrapper\">\n<div class=\"wp-block-ugb-column ugb-column ugb-f77583a ugb-column--design-plain ugb-main-block\"><div class=\"ugb-inner-block\"><div class=\"ugb-block-content\"><div class=\"ugb-column__item ugb-f77583a-column-wrapper\"><div class=\"ugb-column__content-wrapper\">\n<p>A Rare trabalha com comunidades que dependem da produ\u00e7\u00e3o pesqueira local para sua seguran\u00e7a alimentar e subsist\u00eancia. As Avalia\u00e7\u00f5es de Vulnerabilidade \u00e0s Mudan\u00e7as Clim\u00e1ticas trabalham para identificar a magnitude das amea\u00e7as representadas pelas mudan\u00e7as clim\u00e1ticas e as oportunidades para se adaptar ativamente e prosperar sob condi\u00e7\u00f5es alteradas.<\/p>\n\n\n\n<div class=\"wp-block-buttons is-layout-flex wp-block-buttons-is-layout-flex\">\n<div class=\"wp-block-button\"><a class=\"wp-block-button__link\" href=\"https:\/\/portal.rare.org\/wp-content\/uploads\/2021\/06\/Climate-Change-Vulnerability-Assessment.pdf\" target=\"_blank\" rel=\"noreferrer noopener\">Baixar Orienta\u00e7\u00e3o CCVA<\/a><\/div>\n<\/div>\n<\/div><\/div><\/div><\/div><\/div>\n\n\n\n<div class=\"wp-block-ugb-column ugb-column ugb-834ce39 ugb-column--design-plain ugb-main-block\"><div class=\"ugb-inner-block\"><div class=\"ugb-block-content\"><div class=\"ugb-column__item ugb-834ce39-column-wrapper\"><div class=\"ugb-column__content-wrapper\">\n\n\n\n\n\n<iframe loading=\"lazy\" width=\"560\" height=\"315\" src=\"https:\/\/www.youtube.com\/embed\/G3gD0wpbQ3o?hl=pt&amp;cc_load_policy=1&amp;cc_lang_pref=pt\" frameborder=\"0\" allow=\"accelerometer; autoplay; clipboard-write; encrypted-media; gyroscope; picture-in-picture\" allowfullscreen=\"\"><\/iframe>\n\n\n\n\n\n<\/div><\/div><\/div><\/div><\/div>\n<\/div><\/div><\/div><\/div>\n<\/div><\/div><\/div><\/div><\/div><\/div>\n\n\n\n<div class=\"wp-block-ugb-accordion ugb-accordion ugb-00bb12c ugb-accordion--v2 ugb-accordion--design-basic ugb-accordion--single-open ugb-main-block\" aria-expanded=\"false\"><style>.ugb-00bb12c .ugb-accordion__arrow{fill:#0693e3}<\/style><div class=\"ugb-inner-block\"><div class=\"ugb-block-content\"><div class=\"ugb-accordion__item\"><div class=\"ugb-accordion__heading\" role=\"button\" tabindex=\"0\"><h4 class=\"ugb-accordion__title\">Igualdade de g\u00eanero<\/h4><svg xmlns=\"http:\/\/www.w3.org\/2000\/svg\" viewbox=\"0 0 20 20\" class=\"ugb-accordion__arrow\" width=\"20\" height=\"20\"><path d=\"M16.7 3.3L10 10 3.3 3.4 0 6.7l10 10v-.1l10-9.9z\"><\/path><\/svg><\/div><div class=\"ugb-accordion__content\" role=\"region\"><div class=\"ugb-accordion__content-inner\">\n<p>A igualdade de g\u00eanero \u00e9 o quinto Objetivo de Desenvolvimento Sustent\u00e1vel que apela para empoderar todas as mulheres e meninas. Uma de suas metas \u00e9 \u201cempreender reformas para dar \u00e0s mulheres direitos iguais aos recursos econ\u00f4micos, bem como acesso \u00e0 propriedade e controle sobre a terra e outras formas de propriedade, servi\u00e7os financeiros, heran\u00e7a e recursos naturais, de acordo com as leis nacionais\u201d. (Na\u00e7\u00f5es Unidas, 2015).<\/p>\n\n\n\n<div class=\"wp-block-buttons is-layout-flex wp-block-buttons-is-layout-flex\">\n<div class=\"wp-block-button\"><a class=\"wp-block-button__link\" href=\"https:\/\/portal.rare.org\/wp-content\/uploads\/2021\/06\/Global-gender-strategy-FishForever.pdf\" target=\"_blank\" rel=\"noreferrer noopener\">Baixar Estrat\u00e9gia Global de G\u00eanero<\/a><\/div>\n<\/div>\n<\/div><\/div><\/div><\/div><\/div><\/div>","protected":false},"excerpt":{"rendered":"<p>Expand the menus below to reveal information and links to guidance documents and other resources relating to implementation of the Fish Forever program as well as instruction manuals and details regarding the approaches used to achieve program objectives. If you cannot find the document you are looking for here please [&hellip;]<\/p>\n","protected":false},"author":1,"featured_media":0,"parent":4802,"menu_order":0,"comment_status":"closed","ping_status":"closed","template":"template-fullwidth.php","meta":{"footnotes":""},"folder":[368],"class_list":["post-6430","page","type-page","status-publish","hentry"],"featured_image_urls":{"full":"","thumbnail":"","medium":"","medium_large":"","large":"","1536x1536":"","2048x2048":"","trp-custom-language-flag":"","homepage-slider":"","homepage-slider-small":"","page-top":"","page-small":"","loop-main":"","thumb-gallery-widget":""},"post_excerpt_stackable":"<p>Expand the menus below to reveal information and links to guidance documents and other resources relating to implementation of the Fish Forever program as well as instruction manuals and details regarding the approaches used to achieve program objectives. If you cannot find the document you are looking for here please try searching the site, otherwise feel free to contact us. Community Engagement &amp; Behavior Adoption This toolkit is designed to be a compilation of resources to be used primarily by Rare\u2019s country implementation staff in training and working with local partners at the national, sub-national, site and community levels. See&hellip;<\/p>\n","category_list":"","author_info":{"name":"gstoyle@rare.org","url":"https:\/\/portal.rare.org\/br\/author\/gstoylerare-org\/"},"comments_num":"0 coment\u00e1rio","featured_image_urls_v2":{"full":"","thumbnail":"","medium":"","medium_large":"","large":"","1536x1536":"","2048x2048":"","trp-custom-language-flag":"","homepage-slider":"","homepage-slider-small":"","page-top":"","page-small":"","loop-main":"","thumb-gallery-widget":""},"post_excerpt_stackable_v2":"<p>Expand the menus below to reveal information and links to guidance documents and other resources relating to implementation of the Fish Forever program as well as instruction manuals and details regarding the approaches used to achieve program objectives. If you cannot find the document you are looking for here please try searching the site, otherwise feel free to contact us. Community Engagement &amp; Behavior Adoption This toolkit is designed to be a compilation of resources to be used primarily by Rare\u2019s country implementation staff in training and working with local partners at the national, sub-national, site and community levels. See&hellip;<\/p>\n","category_list_v2":"","author_info_v2":{"name":"gstoyle@rare.org","url":"https:\/\/portal.rare.org\/br\/author\/gstoylerare-org\/"},"comments_num_v2":"0 coment\u00e1rio","_links":{"self":[{"href":"https:\/\/portal.rare.org\/br\/wp-json\/wp\/v2\/pages\/6430","targetHints":{"allow":["GET"]}}],"collection":[{"href":"https:\/\/portal.rare.org\/br\/wp-json\/wp\/v2\/pages"}],"about":[{"href":"https:\/\/portal.rare.org\/br\/wp-json\/wp\/v2\/types\/page"}],"author":[{"embeddable":true,"href":"https:\/\/portal.rare.org\/br\/wp-json\/wp\/v2\/users\/1"}],"replies":[{"embeddable":true,"href":"https:\/\/portal.rare.org\/br\/wp-json\/wp\/v2\/comments?post=6430"}],"version-history":[{"count":0,"href":"https:\/\/portal.rare.org\/br\/wp-json\/wp\/v2\/pages\/6430\/revisions"}],"up":[{"embeddable":true,"href":"https:\/\/portal.rare.org\/br\/wp-json\/wp\/v2\/pages\/4802"}],"wp:attachment":[{"href":"https:\/\/portal.rare.org\/br\/wp-json\/wp\/v2\/media?parent=6430"}],"wp:term":[{"taxonomy":"folder","embeddable":true,"href":"https:\/\/portal.rare.org\/br\/wp-json\/wp\/v2\/folder?post=6430"}],"curies":[{"name":"wp","href":"https:\/\/api.w.org\/{rel}","templated":true}]}}