{"id":7752,"date":"2021-05-27T17:45:11","date_gmt":"2021-05-27T17:45:11","guid":{"rendered":"https:\/\/portal.rare.org\/?page_id=7752"},"modified":"2021-05-28T17:07:14","modified_gmt":"2021-05-28T17:07:14","slug":"fisher-registration","status":"publish","type":"page","link":"https:\/\/portal.rare.org\/br\/program-resources\/fisher-registration\/","title":{"rendered":"Registro Fisher"},"content":{"rendered":"<p>O registro de pescadores \u00e9 o processo de alistar os pescadores em um registro que permite que governos e grupos de manejo concedam direitos de pesca, monitorem a atividade pesqueira e regulem a entrada na pescaria. O registro de pescadores est\u00e1 no centro da gest\u00e3o eficaz da pesca. Sem o conhecimento de quem est\u00e1 pescando, os gestores n\u00e3o s\u00e3o capazes de medir com precis\u00e3o a press\u00e3o exercida sobre as pescarias que sustentam o bem-estar e a resili\u00eancia das comunidades costeiras.<\/p>\n\n\n\n<div class=\"wp-block-ugb-columns ugb-columns ugb-a1683eb ugb-columns--design-plain ugb-columns--columns-2 ugb-main-block\"><div class=\"ugb-inner-block\"><div class=\"ugb-block-content\"><div class=\"ugb-columns__item ugb-a1683eb-content-wrapper\">\n<div class=\"wp-block-ugb-column ugb-column ugb-8b92f03 ugb-column--design-plain ugb-main-block\"><div class=\"ugb-inner-block\"><div class=\"ugb-block-content\"><div class=\"ugb-column__item ugb-8b92f03-column-wrapper\"><div class=\"ugb-column__content-wrapper\">\n<figure class=\"wp-block-image size-large\"><img loading=\"lazy\" decoding=\"async\" width=\"640\" height=\"426\" src=\"https:\/\/portal.rare.org\/wp-content\/uploads\/2019\/04\/MOZ_GWS-97.jpg\" alt=\"\" class=\"wp-image-3956\" srcset=\"https:\/\/portal.rare.org\/wp-content\/uploads\/2019\/04\/MOZ_GWS-97.jpg 640w, https:\/\/portal.rare.org\/wp-content\/uploads\/2019\/04\/MOZ_GWS-97-300x200.jpg 300w, https:\/\/portal.rare.org\/wp-content\/uploads\/2019\/04\/MOZ_GWS-97-624x415.jpg 624w, https:\/\/portal.rare.org\/wp-content\/uploads\/2019\/04\/MOZ_GWS-97-84x56.jpg 84w\" sizes=\"auto, (max-width: 640px) 100vw, 640px\" \/><\/figure>\n\n\n\n<h3 class=\"wp-block-heading\">Gerenciamento efetivo<\/h3>\n\n\n\n<p>Embora muitos pa\u00edses tenham estabelecido sistemas de registro de pescadores, poucos est\u00e3o contribuindo ativamente para uma gest\u00e3o eficaz da pesca em pequena escala. Por meio do trabalho da Fish Forever com as comunidades pesqueiras e governos locais, descobrimos que as principais raz\u00f5es para isso s\u00e3o:<\/p>\n\n\n\n<ol class=\"wp-block-list\"><li>nem todos os pescadores s\u00e3o registrados.<\/li><li>os gerentes locais n\u00e3o t\u00eam acesso ou capacidade para gerenciar os dados cadastrais.<\/li><li>pescadores n\u00e3o registrados ou n\u00e3o licenciados n\u00e3o s\u00e3o penalizados.&nbsp;<\/li><\/ol>\n<\/div><\/div><\/div><\/div><\/div>\n\n\n\n<div class=\"wp-block-ugb-column ugb-column ugb-707755d ugb-column--design-plain ugb-main-block\"><div class=\"ugb-inner-block\"><div class=\"ugb-block-content\"><div class=\"ugb-column__item ugb-707755d-column-wrapper\"><div class=\"ugb-column__content-wrapper\">\n<figure class=\"wp-block-image size-large\"><img loading=\"lazy\" decoding=\"async\" width=\"1024\" height=\"684\" src=\"https:\/\/portal.rare.org\/wp-content\/uploads\/2019\/04\/myanmar-fisheries-040-1024x684.jpg\" alt=\"\" class=\"wp-image-4002\" srcset=\"https:\/\/portal.rare.org\/wp-content\/uploads\/2019\/04\/myanmar-fisheries-040-1024x684.jpg 1024w, https:\/\/portal.rare.org\/wp-content\/uploads\/2019\/04\/myanmar-fisheries-040-300x200.jpg 300w, https:\/\/portal.rare.org\/wp-content\/uploads\/2019\/04\/myanmar-fisheries-040-768x513.jpg 768w, https:\/\/portal.rare.org\/wp-content\/uploads\/2019\/04\/myanmar-fisheries-040-947x632.jpg 947w, https:\/\/portal.rare.org\/wp-content\/uploads\/2019\/04\/myanmar-fisheries-040-624x417.jpg 624w, https:\/\/portal.rare.org\/wp-content\/uploads\/2019\/04\/myanmar-fisheries-040-84x56.jpg 84w, https:\/\/portal.rare.org\/wp-content\/uploads\/2019\/04\/myanmar-fisheries-040.jpg 2048w\" sizes=\"auto, (max-width: 1024px) 100vw, 1024px\" \/><\/figure>\n\n\n\n<h3 class=\"wp-block-heading\">Direito de pescar<\/h3>\n\n\n\n<p>A abordagem de acesso gerenciado do Fish Forever d\u00e1 privil\u00e9gios de acesso exclusivo para pesca em \u00e1reas definidas para pescadores benefici\u00e1rios que est\u00e3o em conformidade com os regulamentos de pesca e est\u00e3o participando de atividades de gest\u00e3o e conserva\u00e7\u00e3o costeira. O cadastro de pescadores \u00e9 a plataforma para identificar os pescadores com direito a pescar. Fish Forever trabalha com comunidades pesqueiras de pequena escala e governos locais para construir <strong>uma lista precisa de quem tem o direito de pescar em cada \u00e1rea de acesso gerenciado<\/strong> registrando todos os pescadores por meio de um sistema centralizado que \u00e9 acess\u00edvel aos \u00f3rg\u00e3os de gest\u00e3o da pesca. <strong>Em \u00faltima an\u00e1lise, o ponto final do registro de pescadores \u00e9 <a href=\"https:\/\/portal.rare.org\/br\/tools-and-data\/build-effective-management-bodies\/\">gest\u00e3o eficaz da pesca<\/a> juntamente com benef\u00edcios tang\u00edveis para os pescadores locais.<\/strong><\/p>\n<\/div><\/div><\/div><\/div><\/div>\n<\/div><\/div><\/div><\/div>","protected":false},"excerpt":{"rendered":"<p>Fisher registration is the process of enlisting fishers in a registry that enables governments and management groups to grant fishing rights, monitor fishing activity and regulate entry to the fishery. Fisher registration is at the core of effective fisheries management. Without knowledge of who is fishing, managers are not able [&hellip;]<\/p>\n","protected":false},"author":1,"featured_media":0,"parent":448,"menu_order":0,"comment_status":"closed","ping_status":"closed","template":"template-fullwidth.php","meta":{"footnotes":""},"folder":[368],"class_list":["post-7752","page","type-page","status-publish","hentry"],"featured_image_urls":{"full":"","thumbnail":"","medium":"","medium_large":"","large":"","1536x1536":"","2048x2048":"","trp-custom-language-flag":"","homepage-slider":"","homepage-slider-small":"","page-top":"","page-small":"","loop-main":"","thumb-gallery-widget":""},"post_excerpt_stackable":"<p>Fisher registration is the process of enlisting fishers in a registry that enables governments and management groups to grant fishing rights, monitor fishing activity and regulate entry to the fishery. Fisher registration is at the core of effective fisheries management. Without knowledge of who is fishing, managers are not able to accurately measure the pressure exerted on the fisheries that underpin the wellbeing and resilience of coastal communities. Effective Management While many countries have established fisher registration systems, few are actively contributing to effective small-scale fisheries management. Through Fish Forever\u2019s work with local fishing communities and governments, we\u2019ve discovered that&hellip;<\/p>\n","category_list":"","author_info":{"name":"gstoyle@rare.org","url":"https:\/\/portal.rare.org\/br\/author\/gstoylerare-org\/"},"comments_num":"0 coment\u00e1rio","featured_image_urls_v2":{"full":"","thumbnail":"","medium":"","medium_large":"","large":"","1536x1536":"","2048x2048":"","trp-custom-language-flag":"","homepage-slider":"","homepage-slider-small":"","page-top":"","page-small":"","loop-main":"","thumb-gallery-widget":""},"post_excerpt_stackable_v2":"<p>Fisher registration is the process of enlisting fishers in a registry that enables governments and management groups to grant fishing rights, monitor fishing activity and regulate entry to the fishery. Fisher registration is at the core of effective fisheries management. Without knowledge of who is fishing, managers are not able to accurately measure the pressure exerted on the fisheries that underpin the wellbeing and resilience of coastal communities. Effective Management While many countries have established fisher registration systems, few are actively contributing to effective small-scale fisheries management. Through Fish Forever\u2019s work with local fishing communities and governments, we\u2019ve discovered that&hellip;<\/p>\n","category_list_v2":"","author_info_v2":{"name":"gstoyle@rare.org","url":"https:\/\/portal.rare.org\/br\/author\/gstoylerare-org\/"},"comments_num_v2":"0 coment\u00e1rio","_links":{"self":[{"href":"https:\/\/portal.rare.org\/br\/wp-json\/wp\/v2\/pages\/7752","targetHints":{"allow":["GET"]}}],"collection":[{"href":"https:\/\/portal.rare.org\/br\/wp-json\/wp\/v2\/pages"}],"about":[{"href":"https:\/\/portal.rare.org\/br\/wp-json\/wp\/v2\/types\/page"}],"author":[{"embeddable":true,"href":"https:\/\/portal.rare.org\/br\/wp-json\/wp\/v2\/users\/1"}],"replies":[{"embeddable":true,"href":"https:\/\/portal.rare.org\/br\/wp-json\/wp\/v2\/comments?post=7752"}],"version-history":[{"count":0,"href":"https:\/\/portal.rare.org\/br\/wp-json\/wp\/v2\/pages\/7752\/revisions"}],"up":[{"embeddable":true,"href":"https:\/\/portal.rare.org\/br\/wp-json\/wp\/v2\/pages\/448"}],"wp:attachment":[{"href":"https:\/\/portal.rare.org\/br\/wp-json\/wp\/v2\/media?parent=7752"}],"wp:term":[{"taxonomy":"folder","embeddable":true,"href":"https:\/\/portal.rare.org\/br\/wp-json\/wp\/v2\/folder?post=7752"}],"curies":[{"name":"wp","href":"https:\/\/api.w.org\/{rel}","templated":true}]}}