{"id":7812,"date":"2021-05-27T19:51:31","date_gmt":"2021-05-27T19:51:31","guid":{"rendered":"https:\/\/portal.rare.org\/?page_id=7812"},"modified":"2021-06-08T12:49:10","modified_gmt":"2021-06-08T12:49:10","slug":"coastal-500-faq","status":"publish","type":"page","link":"https:\/\/portal.rare.org\/br\/policy-governance\/coastal-500-faq\/","title":{"rendered":"Coastal 500 FAQ"},"content":{"rendered":"<div class=\"wp-block-ugb-accordion ugb-accordion ugb-5700596 ugb-accordion--v2 ugb-accordion--design-basic ugb-main-block\" aria-expanded=\"false\"><div class=\"ugb-inner-block\"><div class=\"ugb-block-content\"><div class=\"ugb-accordion__item\"><div class=\"ugb-accordion__heading\" role=\"button\" tabindex=\"0\"><h4 class=\"ugb-accordion__title\">Qual \u00e9 o Coastal 500?<\/h4><svg viewbox=\"0 0 20 20\" xmlns=\"http:\/\/www.w3.org\/2000\/svg\" class=\"ugb-accordion__arrow\" width=\"20\" height=\"20\"><path d=\"M16.7 3.3L10 10 3.3 3.4 0 6.7l10 10v-.1l10-9.9z\"><\/path><\/svg><\/div><div class=\"ugb-accordion__content\" role=\"region\"><div class=\"ugb-accordion__content-inner\">\n<p>O Coastal 500 \u00e9 a maior rede global de prefeitos e l\u00edderes governamentais locais comprometidos com o trabalho em prol de comunidades costeiras pr\u00f3speras e pr\u00f3speras. Eles est\u00e3o unidos na recupera\u00e7\u00e3o e manuten\u00e7\u00e3o dos mares costeiros e no compartilhamento das melhores pr\u00e1ticas e li\u00e7\u00f5es importantes em todo o mundo. A rede visa ajudar todos os membros a alcan\u00e7ar pescas sustent\u00e1veis que criem prosperidade para a comunidade, ao mesmo tempo que protegem o meio ambiente.<\/p>\n<\/div><\/div><\/div><\/div><\/div><\/div>\n\n\n\n<div class=\"wp-block-ugb-accordion ugb-accordion ugb-0383b76 ugb-accordion--v2 ugb-accordion--design-basic ugb-main-block\" aria-expanded=\"false\"><div class=\"ugb-inner-block\"><div class=\"ugb-block-content\"><div class=\"ugb-accordion__item\"><div class=\"ugb-accordion__heading\" role=\"button\" tabindex=\"0\"><h4 class=\"ugb-accordion__title\">Quem faz parte do Coastal 500?<\/h4><svg viewbox=\"0 0 20 20\" xmlns=\"http:\/\/www.w3.org\/2000\/svg\" class=\"ugb-accordion__arrow\" width=\"20\" height=\"20\"><path d=\"M16.7 3.3L10 10 3.3 3.4 0 6.7l10 10v-.1l10-9.9z\"><\/path><\/svg><\/div><div class=\"ugb-accordion__content\" role=\"region\"><div class=\"ugb-accordion__content-inner\">\n<p>O Coastal 500 \u00e9 composto por prefeitos e outros l\u00edderes do governo local de pa\u00edses nos tr\u00f3picos em desenvolvimento. Os membros v\u00eam das Filipinas, Indon\u00e9sia, Mo\u00e7ambique, Guatemala, Brasil, Honduras, Estados Federados da Micron\u00e9sia e Palau.<\/p>\n<\/div><\/div><\/div><\/div><\/div><\/div>\n\n\n\n<div class=\"wp-block-ugb-accordion ugb-accordion ugb-a5e5f80 ugb-accordion--v2 ugb-accordion--design-basic ugb-main-block\" aria-expanded=\"false\"><div class=\"ugb-inner-block\"><div class=\"ugb-block-content\"><div class=\"ugb-accordion__item\"><div class=\"ugb-accordion__heading\" role=\"button\" tabindex=\"0\"><h4 class=\"ugb-accordion__title\">Quais s\u00e3o seus objetivos?<\/h4><svg viewbox=\"0 0 20 20\" xmlns=\"http:\/\/www.w3.org\/2000\/svg\" class=\"ugb-accordion__arrow\" width=\"20\" height=\"20\"><path d=\"M16.7 3.3L10 10 3.3 3.4 0 6.7l10 10v-.1l10-9.9z\"><\/path><\/svg><\/div><div class=\"ugb-accordion__content\" role=\"region\"><div class=\"ugb-accordion__content-inner\">\n<p>O Coastal 500 tem como objetivo mudar radicalmente a maneira como as comunidades protegem suas \u00e1guas costeiras e influenciar a maneira como na\u00e7\u00f5es e regi\u00f5es inteiras gerenciam suas pescarias. A rede estabelecer\u00e1 lideran\u00e7a global para a pesca em pequena escala e trabalhar\u00e1 em conjunto para influenciar as partes interessadas no setor de pesca, o que leva a mudan\u00e7as positivas na opini\u00e3o p\u00fablica, na vontade pol\u00edtica e nas pol\u00edticas governamentais. Ele tamb\u00e9m servir\u00e1 como uma plataforma valiosa para aprendizagem ponto a ponto, suporte t\u00e9cnico e de rede e desenvolvimento de defesa de l\u00edderes costeiros de todo o mundo.<\/p>\n\n\n\n<p>A a\u00e7\u00e3o coletiva e a lideran\u00e7a servem como for\u00e7a motivadora para uma mudan\u00e7a efetiva. A meta \u00e9 ter 500 prefeitos e outros l\u00edderes do governo local como membros, representando um eleitorado de um milh\u00e3o de pescadores, todos alinhados em torno de uma vis\u00e3o compartilhada e defesa coletiva.<\/p>\n<\/div><\/div><\/div><\/div><\/div><\/div>\n\n\n\n<div class=\"wp-block-ugb-accordion ugb-accordion ugb-8b0bbe9 ugb-accordion--v2 ugb-accordion--design-basic ugb-main-block\" aria-expanded=\"false\"><div class=\"ugb-inner-block\"><div class=\"ugb-block-content\"><div class=\"ugb-accordion__item\"><div class=\"ugb-accordion__heading\" role=\"button\" tabindex=\"0\"><h4 class=\"ugb-accordion__title\">Por que \u00e9 necess\u00e1rio?<\/h4><svg viewbox=\"0 0 20 20\" xmlns=\"http:\/\/www.w3.org\/2000\/svg\" class=\"ugb-accordion__arrow\" width=\"20\" height=\"20\"><path d=\"M16.7 3.3L10 10 3.3 3.4 0 6.7l10 10v-.1l10-9.9z\"><\/path><\/svg><\/div><div class=\"ugb-accordion__content\" role=\"region\"><div class=\"ugb-accordion__content-inner\">\n<p>A subsist\u00eancia de aproximadamente 200 milh\u00f5es de pessoas em todo o mundo est\u00e1 direta ou indiretamente ligada \u00e0 pesca costeira, localizada na fina faixa do oceano, a 12 km da costa. Esta \u00e1rea tamb\u00e9m abriga a maior parte da biodiversidade do oceano. De acordo com a Organiza\u00e7\u00e3o das Na\u00e7\u00f5es Unidas para Alimenta\u00e7\u00e3o e Agricultura, aproximadamente uma em cada cinco pessoas no mundo depende de peixes para uma parte significativa de sua prote\u00edna animal. Ao mesmo tempo, em muitos dos pa\u00edses menos desenvolvidos da \u00c1frica e da \u00c1sia, esse n\u00famero est\u00e1 mais pr\u00f3ximo de 50%.<\/p>\n\n\n\n<p>No entanto, o oceano est\u00e1 sob enorme press\u00e3o. Mudan\u00e7as clim\u00e1ticas, pesca excessiva, polui\u00e7\u00e3o e outras atividades humanas est\u00e3o levando ao aquecimento das temperaturas do oceano e \u00e0 acidifica\u00e7\u00e3o, o que por sua vez est\u00e1 levando \u00e0 perda de biodiversidade, degrada\u00e7\u00e3o do habitat, mudan\u00e7a nos padr\u00f5es migrat\u00f3rios e outros desafios que afetam diretamente a viabilidade a longo prazo da pesca costeira . A press\u00e3o s\u00f3 aumentou com a pandemia global de COVID-19. Com as cadeias de abastecimento cortadas, os pescadores locais tornaram-se a barreira para a seguran\u00e7a alimentar e empregos.<\/p>\n\n\n\n<p>No momento, governos, ONGs e funda\u00e7\u00f5es est\u00e3o planejando uma \u201crecupera\u00e7\u00e3o verde\u201d de empregos sustent\u00e1veis para substituir aqueles perdidos na pandemia. Os defensores do oceano tamb\u00e9m est\u00e3o pressionando por uma \u201crecupera\u00e7\u00e3o azul\u201d que restaure a sa\u00fade do oceano. O Coastal 500 ajudar\u00e1 a garantir que a pesca em pequena escala e a rede de microempresas que ap\u00f3ia sejam totalmente reconhecidas como a base da economia rural. Uma recupera\u00e7\u00e3o sustentada ser\u00e1 constru\u00edda por meio de comunidades rurais pr\u00f3speras que equilibrem a produ\u00e7\u00e3o com a prote\u00e7\u00e3o ambiental.<\/p>\n<\/div><\/div><\/div><\/div><\/div><\/div>\n\n\n\n<div class=\"wp-block-ugb-accordion ugb-accordion ugb-cf953d4 ugb-accordion--v2 ugb-accordion--design-basic ugb-main-block\" aria-expanded=\"false\"><div class=\"ugb-inner-block\"><div class=\"ugb-block-content\"><div class=\"ugb-accordion__item\"><div class=\"ugb-accordion__heading\" role=\"button\" tabindex=\"0\"><h4 class=\"ugb-accordion__title\">O que o Coastal 500 far\u00e1?<\/h4><svg viewbox=\"0 0 20 20\" xmlns=\"http:\/\/www.w3.org\/2000\/svg\" class=\"ugb-accordion__arrow\" width=\"20\" height=\"20\"><path d=\"M16.7 3.3L10 10 3.3 3.4 0 6.7l10 10v-.1l10-9.9z\"><\/path><\/svg><\/div><div class=\"ugb-accordion__content\" role=\"region\"><div class=\"ugb-accordion__content-inner\">\n<p>Os membros do Coastal 500 se comprometeram com os princ\u00edpios-chave para apoiar pescarias saud\u00e1veis e sustent\u00e1veis. Cada membro do Coastal 500 assume uma promessa p\u00fablica id\u00eantica de construir comunidades costeiras saud\u00e1veis, pr\u00f3speras e sustent\u00e1veis por meio de atividades focadas em:<\/p>\n\n\n\n<ul class=\"wp-block-list\"><li>Promover comportamentos respons\u00e1veis dos pescadores que incluem o registro, monitoramento da captura, participa\u00e7\u00e3o no manejo e ades\u00e3o aos regulamentos;<\/li><li>Reconhecer, priorizar e defender as comunidades locais em seu acesso e uso da pesca costeira;<\/li><li>Construir uma comunidade capacitada e informada por meio da gest\u00e3o participativa da pesca que regula os esfor\u00e7os de maneira justa e equitativa e emprega um processo de tomada de decis\u00e3o respons\u00e1vel e transparente;<\/li><li>Endossando reservas proibidas para reabastecer e sustentar as popula\u00e7\u00f5es de peixes, protegendo os habitats costeiros como recifes de coral, manguezais e tapetes de ervas marinhas;<\/li><li>Investir no fortalecimento da capacidade humana e recursos financeiros para sustentar a gest\u00e3o da pesca com base na comunidade;<\/li><li>Continuar aprendendo, ensinando e inspirando outras pessoas, compartilhando li\u00e7\u00f5es e experi\u00eancias de minha comunidade com l\u00edderes de todo o pa\u00eds e do mundo todo.<\/li><\/ul>\n\n\n\n<p>Os membros tamb\u00e9m est\u00e3o empenhados em cumprir essas promessas por meio de a\u00e7\u00f5es program\u00e1ticas espec\u00edficas, garantindo compromissos de pol\u00edtica e mobilizando aloca\u00e7\u00f5es financeiras para a pesca costeira, conforme refletido no Coastal 500 Action Guidebook.<\/p>\n<\/div><\/div><\/div><\/div><\/div><\/div>\n\n\n\n<div class=\"wp-block-ugb-accordion ugb-accordion ugb-2395636 ugb-accordion--v2 ugb-accordion--design-basic ugb-main-block\" aria-expanded=\"false\"><div class=\"ugb-inner-block\"><div class=\"ugb-block-content\"><div class=\"ugb-accordion__item\"><div class=\"ugb-accordion__heading\" role=\"button\" tabindex=\"0\"><h4 class=\"ugb-accordion__title\">Quem est\u00e1 apoiando o Coastal 500?<\/h4><svg viewbox=\"0 0 20 20\" xmlns=\"http:\/\/www.w3.org\/2000\/svg\" class=\"ugb-accordion__arrow\" width=\"20\" height=\"20\"><path d=\"M16.7 3.3L10 10 3.3 3.4 0 6.7l10 10v-.1l10-9.9z\"><\/path><\/svg><\/div><div class=\"ugb-accordion__content\" role=\"region\"><div class=\"ugb-accordion__content-inner\">\n<p>A Rare \u00e9 a principal organizadora e secretaria do Coastal 500. A Rare \u00e9 uma ONG internacional, com sede nos arredores de Washington, DC, EUA, e a l\u00edder global em promover mudan\u00e7as sociais para ajudar as pessoas e a natureza a prosperar. Com uma abordagem centrada nas pessoas, enraizada na ci\u00eancia comportamental e no pensamento de design, a Rare faz parceria com l\u00edderes locais e suas comunidades para identificar e quebrar barreiras \u00e0 ado\u00e7\u00e3o de pr\u00e1ticas ambientais sustent\u00e1veis e tornar a mudan\u00e7a mais f\u00e1cil de adotar.<\/p>\n\n\n\n<p>O programa Fish Forever da Rare \u00e9 uma solu\u00e7\u00e3o liderada pela comunidade para revitalizar os habitats marinhos costeiros, como recifes de coral, manguezais e ervas marinhas, evitando a sobrepesca costeira e garantindo a subsist\u00eancia de pescadores de pequena escala, suas fam\u00edlias e suas comunidades. Fish Forever envolveu mais de 1.000 comunidades em 8 pa\u00edses e ajudou ou est\u00e1 em processo de ajudar a colocar quase 4 milh\u00f5es de hectares de \u00e1guas costeiras do oceano sob manejo sustent\u00e1vel.<\/p>\n\n\n\n<p>A Rare \u00e9 parceira da Vibrant Oceans Initiative da Bloomberg Philanthropies para proteger e restaurar os oceanos do mundo, promovendo a conserva\u00e7\u00e3o dos oceanos, protegendo os habitats resilientes dos recifes de coral e reduzindo a pr\u00e1tica de sobrepesca nociva e ilegal. A Bloomberg Philanthropies tamb\u00e9m \u00e9 l\u00edder na defesa de prefeitos e l\u00edderes locais na linha de frente de desafios por meio de iniciativas como o C40 e o Pacto Global de Prefeitos pelo Clima e Energia.<\/p>\n<\/div><\/div><\/div><\/div><\/div><\/div>\n\n\n\n<div class=\"wp-block-ugb-accordion ugb-accordion ugb-9009e24 ugb-accordion--v2 ugb-accordion--design-basic ugb-main-block\" aria-expanded=\"false\"><div class=\"ugb-inner-block\"><div class=\"ugb-block-content\"><div class=\"ugb-accordion__item\"><div class=\"ugb-accordion__heading\" role=\"button\" tabindex=\"0\"><h4 class=\"ugb-accordion__title\">Quando o Coastal 500 \u00e9 lan\u00e7ado oficialmente?<\/h4><svg viewbox=\"0 0 20 20\" xmlns=\"http:\/\/www.w3.org\/2000\/svg\" class=\"ugb-accordion__arrow\" width=\"20\" height=\"20\"><path d=\"M16.7 3.3L10 10 3.3 3.4 0 6.7l10 10v-.1l10-9.9z\"><\/path><\/svg><\/div><div class=\"ugb-accordion__content\" role=\"region\"><div class=\"ugb-accordion__content-inner\">\n<p>O Coastal 500 ser\u00e1 lan\u00e7ado oficialmente em 8 de junho de 2021 (Dia Mundial dos Oceanos), com um evento que contar\u00e1 com a presen\u00e7a de prefeitos e l\u00edderes locais em todo o mundo. Gregor Robertson, Embaixador Global do Pacto Global de Prefeitos e ex-prefeito de Vancouver, Canad\u00e1, far\u00e1 um discurso de abertura. Outros palestrantes incluem Antha Williams, chefe do programa ambiental Bloomberg Philanthropies, e Dra. Christiane Paulus, Diretora Geral do Minist\u00e9rio Federal do Meio Ambiente, Conserva\u00e7\u00e3o da Natureza, Constru\u00e7\u00e3o e Seguran\u00e7a Nuclear (BMU) da Alemanha. Embora a rede n\u00e3o seja lan\u00e7ada oficialmente at\u00e9 8 de junho, mais de 100 prefeitos e l\u00edderes do governo local j\u00e1 se comprometeram a proteger e defender as comunidades costeiras.<\/p>\n<\/div><\/div><\/div><\/div><\/div><\/div>\n\n\n\n<div class=\"wp-block-ugb-accordion ugb-accordion ugb-ee0488d ugb-accordion--v2 ugb-accordion--design-basic ugb-main-block\" aria-expanded=\"false\"><div class=\"ugb-inner-block\"><div class=\"ugb-block-content\"><div class=\"ugb-accordion__item\"><div class=\"ugb-accordion__heading\" role=\"button\" tabindex=\"0\"><h4 class=\"ugb-accordion__title\">Porque agora?<\/h4><svg viewbox=\"0 0 20 20\" xmlns=\"http:\/\/www.w3.org\/2000\/svg\" class=\"ugb-accordion__arrow\" width=\"20\" height=\"20\"><path d=\"M16.7 3.3L10 10 3.3 3.4 0 6.7l10 10v-.1l10-9.9z\"><\/path><\/svg><\/div><div class=\"ugb-accordion__content\" role=\"region\"><div class=\"ugb-accordion__content-inner\">\n<p>As press\u00f5es da COVID-19 e as mudan\u00e7as clim\u00e1ticas exigem a\u00e7\u00e3o imediata. Mas as conversas globais sobre a conserva\u00e7\u00e3o dos oceanos tamb\u00e9m est\u00e3o chegando a um momento cr\u00edtico. As Na\u00e7\u00f5es Unidas declararam 2022 como o Ano Internacional da Pesca Artesanal e Aquicultura (IYAFA) e \u201cvisa chamar a aten\u00e7\u00e3o do mundo para o papel que a pesca de pequena escala, os piscicultores e os trabalhadores da pesca desempenham na seguran\u00e7a alimentar e nutricional, na erradica\u00e7\u00e3o da pobreza e uso sustent\u00e1vel de recursos naturais - aumentando assim a compreens\u00e3o global e as a\u00e7\u00f5es para apoi\u00e1-los. \u201d<\/p>\n\n\n\n<p>O trabalho do Coastal 500 tamb\u00e9m est\u00e1 alinhado com os Objetivos de Desenvolvimento Sustent\u00e1vel, particularmente ODS 1 (Sem Pobreza), ODS 2 (Fome Zero), ODS 5 (Igualdade de G\u00eanero) e ODS 14 (Vida Abaixo da \u00c1gua).<\/p>\n<\/div><\/div><\/div><\/div><\/div><\/div>","protected":false},"excerpt":{"rendered":"<p>The Coastal 500 is the largest global network of mayors and local government leaders committed to working towards thriving and prosperous coastal communities. They are united in recovering and sustaining coastal seas and sharing best practices and key lessons worldwide. The network aims to help all members achieve sustainable fisheries [&hellip;]<\/p>\n","protected":false},"author":1,"featured_media":0,"parent":5374,"menu_order":2,"comment_status":"closed","ping_status":"closed","template":"","meta":{"footnotes":""},"folder":[371],"class_list":["post-7812","page","type-page","status-publish","hentry"],"featured_image_urls":{"full":"","thumbnail":"","medium":"","medium_large":"","large":"","1536x1536":"","2048x2048":"","trp-custom-language-flag":"","homepage-slider":"","homepage-slider-small":"","page-top":"","page-small":"","loop-main":"","thumb-gallery-widget":""},"post_excerpt_stackable":"<p>What is the Coastal 500? The Coastal 500 is the largest global network of mayors and local government leaders committed to working towards thriving and prosperous coastal communities. They are united in recovering and sustaining coastal seas and sharing best practices and key lessons worldwide. The network aims to help all members achieve sustainable fisheries that build community prosperity, while safeguarding the environment. Who is a part of the Coastal 500? The Coastal 500 is comprised of mayors and other local government leaders from countries across the developing tropics. Members hail from the Philippines, Indonesia, Mozambique, Guatemala, Brazil, Honduras, Federated&hellip;<\/p>\n","category_list":"","author_info":{"name":"gstoyle@rare.org","url":"https:\/\/portal.rare.org\/br\/author\/gstoylerare-org\/"},"comments_num":"0 coment\u00e1rio","featured_image_urls_v2":{"full":"","thumbnail":"","medium":"","medium_large":"","large":"","1536x1536":"","2048x2048":"","trp-custom-language-flag":"","homepage-slider":"","homepage-slider-small":"","page-top":"","page-small":"","loop-main":"","thumb-gallery-widget":""},"post_excerpt_stackable_v2":"<p>What is the Coastal 500? The Coastal 500 is the largest global network of mayors and local government leaders committed to working towards thriving and prosperous coastal communities. They are united in recovering and sustaining coastal seas and sharing best practices and key lessons worldwide. The network aims to help all members achieve sustainable fisheries that build community prosperity, while safeguarding the environment. Who is a part of the Coastal 500? The Coastal 500 is comprised of mayors and other local government leaders from countries across the developing tropics. Members hail from the Philippines, Indonesia, Mozambique, Guatemala, Brazil, Honduras, Federated&hellip;<\/p>\n","category_list_v2":"","author_info_v2":{"name":"gstoyle@rare.org","url":"https:\/\/portal.rare.org\/br\/author\/gstoylerare-org\/"},"comments_num_v2":"0 coment\u00e1rio","_links":{"self":[{"href":"https:\/\/portal.rare.org\/br\/wp-json\/wp\/v2\/pages\/7812","targetHints":{"allow":["GET"]}}],"collection":[{"href":"https:\/\/portal.rare.org\/br\/wp-json\/wp\/v2\/pages"}],"about":[{"href":"https:\/\/portal.rare.org\/br\/wp-json\/wp\/v2\/types\/page"}],"author":[{"embeddable":true,"href":"https:\/\/portal.rare.org\/br\/wp-json\/wp\/v2\/users\/1"}],"replies":[{"embeddable":true,"href":"https:\/\/portal.rare.org\/br\/wp-json\/wp\/v2\/comments?post=7812"}],"version-history":[{"count":0,"href":"https:\/\/portal.rare.org\/br\/wp-json\/wp\/v2\/pages\/7812\/revisions"}],"up":[{"embeddable":true,"href":"https:\/\/portal.rare.org\/br\/wp-json\/wp\/v2\/pages\/5374"}],"wp:attachment":[{"href":"https:\/\/portal.rare.org\/br\/wp-json\/wp\/v2\/media?parent=7812"}],"wp:term":[{"taxonomy":"folder","embeddable":true,"href":"https:\/\/portal.rare.org\/br\/wp-json\/wp\/v2\/folder?post=7812"}],"curies":[{"name":"wp","href":"https:\/\/api.w.org\/{rel}","templated":true}]}}