{"id":8831,"date":"2022-08-18T13:32:16","date_gmt":"2022-08-18T13:32:16","guid":{"rendered":"https:\/\/portal.rare.org\/?page_id=8831"},"modified":"2022-11-11T09:57:17","modified_gmt":"2022-11-11T09:57:17","slug":"ph-landing-test","status":"publish","type":"page","link":"https:\/\/portal.rare.org\/br\/where-we-work\/philippines\/ph-landing-test\/","title":{"rendered":"Filipinas"},"content":{"rendered":"<p>Bem-vindo! Aqui voc\u00ea encontrar\u00e1 recursos de treinamento para download, modelos e materiais de refer\u00eancia sobre o trabalho da Rare Philippines nessas categorias. Esteja voc\u00ea aqui como participante do evento, ajudando-nos a ministrar alguns dos treinamentos ou apenas navegando, \u00e9 prov\u00e1vel que encontre algo que possa usar para executar elementos espec\u00edficos do programa Fish Forever.<\/p>\n\n\n\n<div class=\"wp-block-uagb-restaurant-menu uagb-block-316d4296 uagb-rm__desk-column-2 uagb-rm__tablet-column-2 uagb-rm__mobile-column-1\">\n<div class=\"wp-block-uagb-restaurant-menu-child uagb-rest_menu__wrap\"><div class=\"uagb-rm__content\"><img decoding=\"async\" class=\"\" src=\"https:\/\/portal.rare.org\/wp-content\/uploads\/2022\/04\/Action-Book-edited-300x220.png\" alt=\"\"\/><div class=\"uagb-rm-details\"><h4 class=\"uagb-rm__title\"><a href=\"https:\/\/portal.rare.org\/br\/ph-network-of-mars\/\">Redes de MA+Rs<\/a><\/h4><div class=\"uagb-rm__desc\">Documentos cient\u00edficos e legais sobre as redes de acesso e reservas gerenciadas (MA+R), incluindo aspectos ecol\u00f3gicos, sociais e pol\u00edticos<\/div><\/div><span class=\"uagb-rm__price\"> <\/span><\/div><div class=\"uagb-rm__separator\"><\/div><\/div>\n\n\n\n<div class=\"wp-block-uagb-restaurant-menu-child uagb-rest_menu__wrap\"><div class=\"uagb-rm__content\"><img decoding=\"async\" class=\"\" src=\"https:\/\/portal.rare.org\/wp-content\/uploads\/2022\/04\/Coastal500-Logo-Tagline-EN-3-2-4-300x182.png\" alt=\"\"\/><div class=\"uagb-rm-details\"><h4 class=\"uagb-rm__title\">Dados para tomada de decis\u00e3o<\/h4><div class=\"uagb-rm__desc\">Dados dispon\u00edveis, acess\u00edveis e transparentes que podem ser usados para a tomada de decis\u00f5es<br><br><\/div><\/div><span class=\"uagb-rm__price\"> <\/span><\/div><div class=\"uagb-rm__separator\"><\/div><\/div>\n\n\n\n<div class=\"wp-block-uagb-restaurant-menu-child uagb-rest_menu__wrap\"><div class=\"uagb-rm__content\"><img decoding=\"async\" class=\"\" src=\"https:\/\/portal.rare.org\/wp-content\/uploads\/2022\/04\/7119_Fish-Forever_Philippines_DSC_9083_cc-1-300x169.jpg\" alt=\"\"\/><div class=\"uagb-rm-details\"><h4 class=\"uagb-rm__title\">Inclus\u00e3o financeira<\/h4><div class=\"uagb-rm__desc\">Seguran\u00e7a financeira e inclus\u00e3o para as comunidades locais por meio da formaliza\u00e7\u00e3o do setor<br><\/div><\/div><span class=\"uagb-rm__price\"> <\/span><\/div><div class=\"uagb-rm__separator\"><\/div><\/div>\n\n\n\n<div class=\"wp-block-uagb-restaurant-menu-child uagb-rest_menu__wrap\"><div class=\"uagb-rm__content\"><img decoding=\"async\" class=\"\" src=\"https:\/\/portal.rare.org\/wp-content\/uploads\/2022\/04\/10239_Fish-Forever_Philippines_Siargao-mayors-pledge-copy-300x169.jpg\" alt=\"\"\/><div class=\"uagb-rm-details\"><h4 class=\"uagb-rm__title\">Envolvimento da comunidade<\/h4><div class=\"uagb-rm__desc\">Estabelecimento e gest\u00e3o de MA+Rs liderados pela comunidade, incluindo recursos em parcerias para catalisar mudan\u00e7as<\/div><\/div><span class=\"uagb-rm__price\"> <\/span><\/div><div class=\"uagb-rm__separator\"><\/div><\/div>\n\n\n\n<div class=\"wp-block-uagb-restaurant-menu-child uagb-rest_menu__wrap\"><div class=\"uagb-rm__content\"><img decoding=\"async\" class=\"\" src=\"https:\/\/portal.rare.org\/wp-content\/uploads\/2022\/02\/ktblocks_ipad_full-min-300x217.png\" alt=\"\"\/><div class=\"uagb-rm-details\"><h4 class=\"uagb-rm__title\">Pr\u00e1ticas de Pesca Sustent\u00e1veis<\/h4><div class=\"uagb-rm__desc\">Comportamentos de pesca sustent\u00e1veis dentro dos MA+Rs e compromisso sustentado da lideran\u00e7a local<\/div><\/div><span class=\"uagb-rm__price\"> <\/span><\/div><div class=\"uagb-rm__separator\"><\/div><\/div>\n\n\n\n<div class=\"wp-block-uagb-restaurant-menu-child uagb-rest_menu__wrap\"><div class=\"uagb-rm__content\"><img decoding=\"async\" class=\"\" src=\"https:\/\/portal.rare.org\/wp-content\/uploads\/2022\/02\/Save-The-Date-300x300.png\" alt=\"\"\/><div class=\"uagb-rm-details\"><h4 class=\"uagb-rm__title\">Financiamento sustentado<\/h4><div class=\"uagb-rm__desc\">Fontes de financiamento sustentadas para o MA+R<\/div><\/div><span class=\"uagb-rm__price\"> <\/span><\/div><div class=\"uagb-rm__separator\"><\/div><\/div>\n<\/div>","protected":false},"excerpt":{"rendered":"<p>Welcome! Here you will find downloadable training resources, templates, and reference materials on Rare Philippines&#8217; work along these categories. Whether you&#8217;re here as an event participant, helping us deliver some of the trainings, or just browsing, you&#8217;re likely to find something you can use to run specific elements of the [&hellip;]<\/p>\n","protected":false},"author":110,"featured_media":0,"parent":7499,"menu_order":4,"comment_status":"closed","ping_status":"closed","template":"","meta":{"footnotes":""},"folder":[],"class_list":["post-8831","page","type-page","status-publish","hentry"],"featured_image_urls":{"full":"","thumbnail":"","medium":"","medium_large":"","large":"","1536x1536":"","2048x2048":"","trp-custom-language-flag":"","homepage-slider":"","homepage-slider-small":"","page-top":"","page-small":"","loop-main":"","thumb-gallery-widget":""},"post_excerpt_stackable":"<p>Welcome! Here you will find downloadable training resources, templates, and reference materials on Rare Philippines&#8217; work along these categories. Whether you&#8217;re here as an event participant, helping us deliver some of the trainings, or just browsing, you&#8217;re likely to find something you can use to run specific elements of the Fish Forever program. Networks of MA+RsScience-based and legal documents on the networks of managed access and reserves (MA+R), including ecological, social, and political aspects Data for Decision MakingData that is available, accessible, and transparent that can be used for decision making Financial InclusionFinancial security and inclusion for local communities through&hellip;<\/p>\n","category_list":"","author_info":{"name":"Bernice Esguerra","url":"https:\/\/portal.rare.org\/br\/author\/besguerrarare-org\/"},"comments_num":"0 coment\u00e1rio","featured_image_urls_v2":{"full":"","thumbnail":"","medium":"","medium_large":"","large":"","1536x1536":"","2048x2048":"","trp-custom-language-flag":"","homepage-slider":"","homepage-slider-small":"","page-top":"","page-small":"","loop-main":"","thumb-gallery-widget":""},"post_excerpt_stackable_v2":"<p>Welcome! Here you will find downloadable training resources, templates, and reference materials on Rare Philippines&#8217; work along these categories. Whether you&#8217;re here as an event participant, helping us deliver some of the trainings, or just browsing, you&#8217;re likely to find something you can use to run specific elements of the Fish Forever program. Networks of MA+RsScience-based and legal documents on the networks of managed access and reserves (MA+R), including ecological, social, and political aspects Data for Decision MakingData that is available, accessible, and transparent that can be used for decision making Financial InclusionFinancial security and inclusion for local communities through&hellip;<\/p>\n","category_list_v2":"","author_info_v2":{"name":"Bernice Esguerra","url":"https:\/\/portal.rare.org\/br\/author\/besguerrarare-org\/"},"comments_num_v2":"0 coment\u00e1rio","_links":{"self":[{"href":"https:\/\/portal.rare.org\/br\/wp-json\/wp\/v2\/pages\/8831","targetHints":{"allow":["GET"]}}],"collection":[{"href":"https:\/\/portal.rare.org\/br\/wp-json\/wp\/v2\/pages"}],"about":[{"href":"https:\/\/portal.rare.org\/br\/wp-json\/wp\/v2\/types\/page"}],"author":[{"embeddable":true,"href":"https:\/\/portal.rare.org\/br\/wp-json\/wp\/v2\/users\/110"}],"replies":[{"embeddable":true,"href":"https:\/\/portal.rare.org\/br\/wp-json\/wp\/v2\/comments?post=8831"}],"version-history":[{"count":0,"href":"https:\/\/portal.rare.org\/br\/wp-json\/wp\/v2\/pages\/8831\/revisions"}],"up":[{"embeddable":true,"href":"https:\/\/portal.rare.org\/br\/wp-json\/wp\/v2\/pages\/7499"}],"wp:attachment":[{"href":"https:\/\/portal.rare.org\/br\/wp-json\/wp\/v2\/media?parent=8831"}],"wp:term":[{"taxonomy":"folder","embeddable":true,"href":"https:\/\/portal.rare.org\/br\/wp-json\/wp\/v2\/folder?post=8831"}],"curies":[{"name":"wp","href":"https:\/\/api.w.org\/{rel}","templated":true}]}}