{"id":8846,"date":"2022-08-22T07:38:54","date_gmt":"2022-08-22T07:38:54","guid":{"rendered":"https:\/\/portal.rare.org\/?page_id=8846"},"modified":"2023-02-07T15:58:04","modified_gmt":"2023-02-07T15:58:04","slug":"mar-codel","status":"publish","type":"page","link":"https:\/\/portal.rare.org\/br\/where-we-work\/philippines\/mar-codel\/","title":{"rendered":"Workshop de Design MA+R"},"content":{"rendered":"<h2 class=\"wp-block-heading\" id=\"for-co-delivery-partners\">para parceiros de co-entrega<\/h2>\n\n\n\n<p>Bem-vindo ao site do Workshop de Zoneamento de Projeto de Acesso Gerenciado + Reservas (MA + R)!<\/p>\n\n\n\n<p>Este site \u00e9 um reposit\u00f3rio de materiais e recursos usados nos Workshops de Design MA+R nas Filipinas, conduzidos pessoalmente e pelo Zoom. Voc\u00ea pode encontrar as sess\u00f5es gravadas, material de leitura, planilhas, question\u00e1rios, formul\u00e1rios de avalia\u00e7\u00e3o e outros materiais aqui. Clique no menu suspenso para expandir as op\u00e7\u00f5es de arquivo. Se houver um arquivo que podemos ter perdido ou se precisar de mais informa\u00e7\u00f5es, voc\u00ea pode nos encontrar em\u00a0<a href=\"mailto:thehub.rare@gmail.com\" target=\"_blank\" rel=\"noreferrer noopener\">thehub.rare@gmail.com<\/a>.<\/p>\n\n\n\n<div class=\"wp-block-uagb-advanced-heading uagb-block-d024fb72\"><h2 class=\"uagb-heading-text\">\u00cdndice de downloads (classificados em ordem alfab\u00e9tica)<\/h2><\/div>\n\n\n\n<ul class=\"wp-block-list\">\n<li><a href=\"https:\/\/jamboard.google.com\/d\/1YNH_60GAsgG0M4J8VqqJhqJqVKDdhqVdWhC2x5aYY2M\/viewer\" target=\"_blank\" rel=\"noopener\">Apresenta\u00e7\u00e3o de slides<\/a><\/li>\n\n\n\n<li>Plano de evento<\/li>\n\n\n\n<li>Qu\u00e3o pronto est\u00e1 o site MA+R<\/li>\n\n\n\n<li>Pol\u00edticas MA+R<\/li>\n\n\n\n<li><a href=\"https:\/\/docs.google.com\/presentation\/u\/1\/d\/1p1HWAD5HtYI7lXDbHVOzge7r3Y5468W-\/edit?usp=drive_web&amp;ouid=108456591151191140070&amp;rtpof=true\" target=\"_blank\" rel=\"noopener\" title=\"Abertura e fechamento de slides\">Abertura e fechamento de slides<\/a><\/li>\n<\/ul>","protected":false},"excerpt":{"rendered":"<p>for Co-Delivery Partners Welcome to the Managed Access + Reserves (MA+R) Design Zoning Workshop site! This site is a repository of materials and resources used at the MA+R Design Workshops in the Philippines conducted via both in-person and Zoom. You may find the recorded sessions, reading material, worksheets, quizzes, assessment [&hellip;]<\/p>\n","protected":false},"author":110,"featured_media":0,"parent":7499,"menu_order":1,"comment_status":"closed","ping_status":"closed","template":"","meta":{"footnotes":""},"folder":[],"class_list":["post-8846","page","type-page","status-publish","hentry"],"featured_image_urls":{"full":"","thumbnail":"","medium":"","medium_large":"","large":"","1536x1536":"","2048x2048":"","trp-custom-language-flag":"","homepage-slider":"","homepage-slider-small":"","page-top":"","page-small":"","loop-main":"","thumb-gallery-widget":""},"post_excerpt_stackable":"<p>for Co-Delivery Partners Welcome to the Managed Access + Reserves (MA+R) Design Zoning Workshop site! This site is a repository of materials and resources used at the MA+R Design Workshops in the Philippines conducted via both in-person and Zoom. You may find the recorded sessions, reading material, worksheets, quizzes, assessment forms, and other materials here. Please click the drop down menu to expand the file choices. If there is a file we might have missed or if you need more information, you can find us at\u00a0thehub.rare@gmail.com. Index of Downloadables (alphabetically sorted) Debrief slides Event plan How ready is the MA+R&hellip;<\/p>\n","category_list":"","author_info":{"name":"Bernice Esguerra","url":"https:\/\/portal.rare.org\/br\/author\/besguerrarare-org\/"},"comments_num":"0 coment\u00e1rio","featured_image_urls_v2":{"full":"","thumbnail":"","medium":"","medium_large":"","large":"","1536x1536":"","2048x2048":"","trp-custom-language-flag":"","homepage-slider":"","homepage-slider-small":"","page-top":"","page-small":"","loop-main":"","thumb-gallery-widget":""},"post_excerpt_stackable_v2":"<p>for Co-Delivery Partners Welcome to the Managed Access + Reserves (MA+R) Design Zoning Workshop site! This site is a repository of materials and resources used at the MA+R Design Workshops in the Philippines conducted via both in-person and Zoom. You may find the recorded sessions, reading material, worksheets, quizzes, assessment forms, and other materials here. Please click the drop down menu to expand the file choices. If there is a file we might have missed or if you need more information, you can find us at\u00a0thehub.rare@gmail.com. Index of Downloadables (alphabetically sorted) Debrief slides Event plan How ready is the MA+R&hellip;<\/p>\n","category_list_v2":"","author_info_v2":{"name":"Bernice Esguerra","url":"https:\/\/portal.rare.org\/br\/author\/besguerrarare-org\/"},"comments_num_v2":"0 coment\u00e1rio","_links":{"self":[{"href":"https:\/\/portal.rare.org\/br\/wp-json\/wp\/v2\/pages\/8846","targetHints":{"allow":["GET"]}}],"collection":[{"href":"https:\/\/portal.rare.org\/br\/wp-json\/wp\/v2\/pages"}],"about":[{"href":"https:\/\/portal.rare.org\/br\/wp-json\/wp\/v2\/types\/page"}],"author":[{"embeddable":true,"href":"https:\/\/portal.rare.org\/br\/wp-json\/wp\/v2\/users\/110"}],"replies":[{"embeddable":true,"href":"https:\/\/portal.rare.org\/br\/wp-json\/wp\/v2\/comments?post=8846"}],"version-history":[{"count":0,"href":"https:\/\/portal.rare.org\/br\/wp-json\/wp\/v2\/pages\/8846\/revisions"}],"up":[{"embeddable":true,"href":"https:\/\/portal.rare.org\/br\/wp-json\/wp\/v2\/pages\/7499"}],"wp:attachment":[{"href":"https:\/\/portal.rare.org\/br\/wp-json\/wp\/v2\/media?parent=8846"}],"wp:term":[{"taxonomy":"folder","embeddable":true,"href":"https:\/\/portal.rare.org\/br\/wp-json\/wp\/v2\/folder?post=8846"}],"curies":[{"name":"wp","href":"https:\/\/api.w.org\/{rel}","templated":true}]}}