{"id":11004,"date":"2024-05-27T15:23:48","date_gmt":"2024-05-27T15:23:48","guid":{"rendered":"https:\/\/portal.rare.org\/?page_id=11004"},"modified":"2024-05-27T15:23:49","modified_gmt":"2024-05-27T15:23:49","slug":"assess-socioeconomics","status":"publish","type":"page","link":"https:\/\/portal.rare.org\/es\/tools-and-data\/assess-socioeconomics\/","title":{"rendered":"Evaluar la socioeconom\u00eda"},"content":{"rendered":"\n<p>The tool below summarizes information collected through the Fish Forever Household Survey (HHS).  The HHS contains defined-answer questions assessing respondents&#8217; livelihoods, engagement with the local fishery, resilience to economic shocks, social capital, knowledge of fishing regulations, attitudes toward fisheries management, participation in fisheries management, and perceptions of current management approaches. <\/p>\n\n\n\n<p>See link below for the detailed protocol and survey instrument.<\/p>\n\n\n\n\n\n\n\n\n\n\n\n\n<div class=\"wp-block-button\"><a class=\"wp-block-button__link wp-element-button\" href=\"https:\/\/portal.rare.org\/wp-content\/uploads\/2021\/05\/Spanish-HHS-052121.pdf\" target=\"_blank\" rel=\"noreferrer noopener\">Descargar documento de orientaci\u00f3n<\/a><\/div>\n\n\n\n\n<div class=\"wp-block-buttons is-layout-flex wp-block-buttons-is-layout-flex\"><\/div>\n\n\n\n<div class=\"wp-block-ugb-divider ugb-divider ugb-a8063b5 ugb-divider--v2 ugb-divider--design-dots ugb-main-block\"><style>.ugb-a8063b5 .ugb-divider__dots{width:10% !important;margin-left:auto !important;margin-right:auto !important}.ugb-a8063b5 .ugb-divider__dot{height:7px !important;width:7px !important}<\/style><div class=\"ugb-inner-block\"><div class=\"ugb-block-content\"><hr class=\"ugb-divider__hr\"\/><div class=\"ugb-divider__dots\" aria-hidden=\"true\"><div class=\"ugb-divider__dot\"><\/div><div class=\"ugb-divider__dot\"><\/div><div class=\"ugb-divider__dot\"><\/div><\/div><\/div><\/div><\/div>\n\n\n\n<h3 class=\"wp-block-heading\">Survey Results<\/h3>\n\n\n\n<iframe loading=\"lazy\" width=\"100%\" src=\"https:\/\/app.powerbi.com\/view?r=eyJrIjoiNzVlYjM0MWMtODNjMC00ZmYxLWI2MTYtNWJkZWEzNWYxNWQ4IiwidCI6IjRhMTc5MTI5LWE1MWUtNDRiOC1iYzU5LTAzZTZlM2I2ZDUxZCIsImMiOjF9\" allowfullscreen=\"allowfullscreen\" height=\"1000px\" frameborder=\"0\"><\/iframe>\n\n\n\n<div class=\"wp-block-ugb-container ugb-container ugb-7670587 ugb-container--v2 ugb-container--design-basic ugb-main-block\"><style>.ugb-7670587-wrapper.ugb-container__wrapper{background-color:rgba(252,185,0,0.2) !important}.ugb-7670587-wrapper.ugb-container__wrapper:before{background-color:#fcb900 !important}.ugb-7670587-content-wrapper > h1,.ugb-7670587-content-wrapper > h2,.ugb-7670587-content-wrapper > h3,.ugb-7670587-content-wrapper > h4,.ugb-7670587-content-wrapper > h5,.ugb-7670587-content-wrapper > h6{color:#222222}.ugb-7670587-content-wrapper > p,.ugb-7670587-content-wrapper > ol li,.ugb-7670587-content-wrapper > ul li{color:#222222}@media screen and (min-width:768px){.ugb-7670587 > .ugb-inner-block > .ugb-block-content > *{min-height:0px}}@media screen and (min-width:768px){.ugb-7670587 > .ugb-inner-block > .ugb-block-content > *{padding-top:15px !important;padding-bottom:15px !important;padding-right:15px !important;padding-left:15px !important}}<\/style><div class=\"ugb-inner-block\"><div class=\"ugb-block-content\"><div class=\"ugb-container__wrapper ugb-7670587-wrapper\"><div class=\"ugb-container__side\"><div class=\"ugb-container__content-wrapper ugb-7670587-content-wrapper\">\n<p>Please cite data taken from the Fish Forever Data Portal by the dataset used and associated URL, for example:<\/p>\n\n\n\n<p><em>Fish Forever (2021). Household Survey Database. Rare. Accessed: [DATE] [URL]<\/em><\/p>\n<\/div><\/div><\/div><\/div><\/div><\/div>\n","protected":false},"excerpt":{"rendered":"<p>Obtenga una mejor comprensi\u00f3n de la vida y el trabajo de los miembros de la comunidad.<br \/>\nEsta encuesta contiene una gu\u00eda paso a paso para evaluar c\u00f3mo los miembros de la comunidad interact\u00faan con las pesquer\u00edas locales, las actitudes hacia la pesca y la gesti\u00f3n pesquera, y el bienestar econ\u00f3mico y social en general. <\/p>","protected":false},"author":1,"featured_media":0,"parent":2228,"menu_order":4,"comment_status":"closed","ping_status":"closed","template":"template-fullwidth.php","meta":{"footnotes":""},"folder":[373],"class_list":["post-11004","page","type-page","status-publish","hentry"],"featured_image_urls":{"full":"","thumbnail":"","medium":"","medium_large":"","large":"","1536x1536":"","2048x2048":"","trp-custom-language-flag":"","homepage-slider":"","homepage-slider-small":"","page-top":"","page-small":"","loop-main":"","thumb-gallery-widget":""},"post_excerpt_stackable":"<p>Get a better understanding of community members\u2019 lives and work.<br \/>\nThis survey contains a step-by-step guide to assess how community members interact with local fisheries, attitudes towards fishing and fisheries management, and overall economic and social wellbeing. <\/p>\n","category_list":"","author_info":{"name":"gstoyle@rare.org","url":"https:\/\/portal.rare.org\/es\/author\/gstoylerare-org\/"},"comments_num":"0 comments","featured_image_urls_v2":{"full":"","thumbnail":"","medium":"","medium_large":"","large":"","1536x1536":"","2048x2048":"","trp-custom-language-flag":"","homepage-slider":"","homepage-slider-small":"","page-top":"","page-small":"","loop-main":"","thumb-gallery-widget":""},"post_excerpt_stackable_v2":"<p>Get a better understanding of community members\u2019 lives and work.<br \/>\nThis survey contains a step-by-step guide to assess how community members interact with local fisheries, attitudes towards fishing and fisheries management, and overall economic and social wellbeing. <\/p>\n","category_list_v2":"","author_info_v2":{"name":"gstoyle@rare.org","url":"https:\/\/portal.rare.org\/es\/author\/gstoylerare-org\/"},"comments_num_v2":"0 comments","_links":{"self":[{"href":"https:\/\/portal.rare.org\/es\/wp-json\/wp\/v2\/pages\/11004","targetHints":{"allow":["GET"]}}],"collection":[{"href":"https:\/\/portal.rare.org\/es\/wp-json\/wp\/v2\/pages"}],"about":[{"href":"https:\/\/portal.rare.org\/es\/wp-json\/wp\/v2\/types\/page"}],"author":[{"embeddable":true,"href":"https:\/\/portal.rare.org\/es\/wp-json\/wp\/v2\/users\/1"}],"replies":[{"embeddable":true,"href":"https:\/\/portal.rare.org\/es\/wp-json\/wp\/v2\/comments?post=11004"}],"version-history":[{"count":1,"href":"https:\/\/portal.rare.org\/es\/wp-json\/wp\/v2\/pages\/11004\/revisions"}],"predecessor-version":[{"id":11005,"href":"https:\/\/portal.rare.org\/es\/wp-json\/wp\/v2\/pages\/11004\/revisions\/11005"}],"up":[{"embeddable":true,"href":"https:\/\/portal.rare.org\/es\/wp-json\/wp\/v2\/pages\/2228"}],"wp:attachment":[{"href":"https:\/\/portal.rare.org\/es\/wp-json\/wp\/v2\/media?parent=11004"}],"wp:term":[{"taxonomy":"folder","embeddable":true,"href":"https:\/\/portal.rare.org\/es\/wp-json\/wp\/v2\/folder?post=11004"}],"curies":[{"name":"wp","href":"https:\/\/api.w.org\/{rel}","templated":true}]}}