{"id":1244,"date":"2019-05-20T19:04:23","date_gmt":"2019-05-20T19:04:23","guid":{"rendered":"https:\/\/portal.rare.org\/?page_id=1244"},"modified":"2021-05-20T18:06:40","modified_gmt":"2021-05-20T18:06:40","slug":"program-implementation-roadmap","status":"publish","type":"page","link":"https:\/\/portal.rare.org\/es\/program-resources\/program-implementation-roadmap\/","title":{"rendered":"Hoja de ruta de implementaci\u00f3n del programa"},"content":{"rendered":"<div class=\"wp-block-ugb-columns ugb-columns ugb-2862bd7 ugb-columns--design-plain ugb-columns--columns-2 ugb-main-block\"><div class=\"ugb-inner-block\"><div class=\"ugb-block-content\"><div class=\"ugb-columns__item ugb-2862bd7-content-wrapper\">\n<div class=\"wp-block-ugb-column ugb-column ugb-a2ec2bc ugb-column--design-plain ugb-main-block\"><div class=\"ugb-inner-block\"><div class=\"ugb-block-content\"><div class=\"ugb-column__item ugb-a2ec2bc-column-wrapper\"><div class=\"ugb-column__content-wrapper\">\n<h4 class=\"wp-block-heading\">Salvando la naturaleza con la ciencia del comportamiento<\/h4>\n\n\n\n<p>Erik Thulin, cient\u00edfico del comportamiento en Rare, comparte un proceso de tres pasos para aplicar conocimientos psicol\u00f3gicos para superar los desaf\u00edos que enfrentamos al actuar de manera cooperativa, para que la humanidad y la naturaleza prosperen.<\/p>\n<\/div><\/div><\/div><\/div><\/div>\n\n\n\n<div class=\"wp-block-ugb-column ugb-column ugb-4637145 ugb-column--design-plain ugb-main-block\"><div class=\"ugb-inner-block\"><div class=\"ugb-block-content\"><div class=\"ugb-column__item ugb-4637145-column-wrapper\"><div class=\"ugb-column__content-wrapper\">\n<figure class=\"wp-block-embed is-type-video is-provider-youtube wp-block-embed-youtube wp-embed-aspect-16-9 wp-has-aspect-ratio\"><div class=\"wp-block-embed__wrapper\">\n<iframe loading=\"lazy\" title=\"Salvar la naturaleza con la ciencia del comportamiento | Erik Thulin | Sal\u00f3n TEDxCambridge\" width=\"887\" height=\"499\" src=\"https:\/\/www.youtube.com\/embed\/Olv5LVIyjk4?feature=oembed\" frameborder=\"0\" allow=\"accelerometer; autoplay; clipboard-write; encrypted-media; gyroscope; picture-in-picture; web-share\" allowfullscreen><\/iframe>\n<\/div><\/figure>\n<\/div><\/div><\/div><\/div><\/div>\n<\/div><\/div><\/div><\/div>","protected":false},"excerpt":{"rendered":"","protected":false},"author":1,"featured_media":0,"parent":448,"menu_order":2,"comment_status":"closed","ping_status":"closed","template":"template-fullwidth.php","meta":{"footnotes":""},"folder":[368],"class_list":["post-1244","page","type-page","status-publish","hentry"],"featured_image_urls":{"full":"","thumbnail":"","medium":"","medium_large":"","large":"","1536x1536":"","2048x2048":"","trp-custom-language-flag":"","homepage-slider":"","homepage-slider-small":"","page-top":"","page-small":"","loop-main":"","thumb-gallery-widget":""},"post_excerpt_stackable":"<p>Saving Nature With Behavioral Science Erik Thulin, Behavioral Scientist at Rare, shares a three-step process for applying psychological insights to overcome the challenges we face in acting cooperatively, so humanity and nature thrive.<\/p>\n","category_list":"","author_info":{"name":"gstoyle@rare.org","url":"https:\/\/portal.rare.org\/es\/author\/gstoylerare-org\/"},"comments_num":"0 comments","featured_image_urls_v2":{"full":"","thumbnail":"","medium":"","medium_large":"","large":"","1536x1536":"","2048x2048":"","trp-custom-language-flag":"","homepage-slider":"","homepage-slider-small":"","page-top":"","page-small":"","loop-main":"","thumb-gallery-widget":""},"post_excerpt_stackable_v2":"<p>Saving Nature With Behavioral Science Erik Thulin, Behavioral Scientist at Rare, shares a three-step process for applying psychological insights to overcome the challenges we face in acting cooperatively, so humanity and nature thrive.<\/p>\n","category_list_v2":"","author_info_v2":{"name":"gstoyle@rare.org","url":"https:\/\/portal.rare.org\/es\/author\/gstoylerare-org\/"},"comments_num_v2":"0 comments","_links":{"self":[{"href":"https:\/\/portal.rare.org\/es\/wp-json\/wp\/v2\/pages\/1244","targetHints":{"allow":["GET"]}}],"collection":[{"href":"https:\/\/portal.rare.org\/es\/wp-json\/wp\/v2\/pages"}],"about":[{"href":"https:\/\/portal.rare.org\/es\/wp-json\/wp\/v2\/types\/page"}],"author":[{"embeddable":true,"href":"https:\/\/portal.rare.org\/es\/wp-json\/wp\/v2\/users\/1"}],"replies":[{"embeddable":true,"href":"https:\/\/portal.rare.org\/es\/wp-json\/wp\/v2\/comments?post=1244"}],"version-history":[{"count":0,"href":"https:\/\/portal.rare.org\/es\/wp-json\/wp\/v2\/pages\/1244\/revisions"}],"up":[{"embeddable":true,"href":"https:\/\/portal.rare.org\/es\/wp-json\/wp\/v2\/pages\/448"}],"wp:attachment":[{"href":"https:\/\/portal.rare.org\/es\/wp-json\/wp\/v2\/media?parent=1244"}],"wp:term":[{"taxonomy":"folder","embeddable":true,"href":"https:\/\/portal.rare.org\/es\/wp-json\/wp\/v2\/folder?post=1244"}],"curies":[{"name":"wp","href":"https:\/\/api.w.org\/{rel}","templated":true}]}}