{"id":1351,"date":"2019-05-21T17:08:10","date_gmt":"2019-05-21T17:08:10","guid":{"rendered":"https:\/\/portal.rare.org\/?p=1351"},"modified":"2020-04-29T02:46:37","modified_gmt":"2020-04-29T02:46:37","slug":"community-enterprises","status":"publish","type":"page","link":"https:\/\/portal.rare.org\/es\/program-resources\/community-enterprises\/","title":{"rendered":"Empresas comunitarias"},"content":{"rendered":"<p>Rare aprovechar\u00e1 el sistema de clubes de ahorro para desarrollar empresas comunitarias, negocios que est\u00e1n anclados en la comunidad y son propiedad de varios miembros de esa comunidad. Las empresas comunitarias tendr\u00e1n como objetivo mejorar las cadenas de valor locales de manera que maximicen el valor retenido por los hogares de pescadores y mantengan importantes lazos sociales y la cohesi\u00f3n.<\/p>\n<p>Las empresas se planifican en torno a una necesidad comunitaria identificada y generalmente brindan servicios que mejoran la cadena de valor, ya sea agregando valor despu\u00e9s de la cosecha, como operaciones de secado \/ envasado de pescado, o brindando servicios para mejorar la pesca, como producci\u00f3n de hielo, almacenamiento en fr\u00edo.<\/p>\n\n\n<p><a href=\"https:\/\/portal.rare.org\/wp-content\/uploads\/2019\/05\/Commuity-Enterprises.pdf\">Empresas comunitarias: planificaci\u00f3n e implementaci\u00f3n<\/a><\/p>","protected":false},"excerpt":{"rendered":"<p>Rare will leverage the savings club system to develop community enterprises \u2013 businesses that are anchored in the community and owned by multiple members of that community. Community enterprises will aim to improve local value chains in ways that maximize value retained by fisher households and maintain important social ties [&hellip;]<\/p>\n","protected":false},"author":1,"featured_media":0,"parent":448,"menu_order":6,"comment_status":"closed","ping_status":"closed","template":"template-fullwidth.php","meta":{"footnotes":""},"folder":[],"class_list":["post-1351","page","type-page","status-publish","hentry"],"featured_image_urls":{"full":"","thumbnail":"","medium":"","medium_large":"","large":"","1536x1536":"","2048x2048":"","trp-custom-language-flag":"","homepage-slider":"","homepage-slider-small":"","page-top":"","page-small":"","loop-main":"","thumb-gallery-widget":""},"post_excerpt_stackable":"<p>Rare will leverage the savings club system to develop community enterprises \u2013 businesses that are anchored in the community and owned by multiple members of that community. Community enterprises will aim to improve local value chains in ways that maximize value retained by fisher households and maintain important social ties and cohesion. The enterprises are planned around an identified community need and generally provide services that improve the value chain, either adding value post-harvest such as fish drying\/packaging operations or providing services to improve the fishery such as ice production, cold storage. Community Enterprises &#8211; Planning &amp; Implementation<\/p>\n","category_list":"","author_info":{"name":"gstoyle@rare.org","url":"https:\/\/portal.rare.org\/es\/author\/gstoylerare-org\/"},"comments_num":"0 comments","featured_image_urls_v2":{"full":"","thumbnail":"","medium":"","medium_large":"","large":"","1536x1536":"","2048x2048":"","trp-custom-language-flag":"","homepage-slider":"","homepage-slider-small":"","page-top":"","page-small":"","loop-main":"","thumb-gallery-widget":""},"post_excerpt_stackable_v2":"<p>Rare will leverage the savings club system to develop community enterprises \u2013 businesses that are anchored in the community and owned by multiple members of that community. Community enterprises will aim to improve local value chains in ways that maximize value retained by fisher households and maintain important social ties and cohesion. The enterprises are planned around an identified community need and generally provide services that improve the value chain, either adding value post-harvest such as fish drying\/packaging operations or providing services to improve the fishery such as ice production, cold storage. Community Enterprises &#8211; Planning &amp; Implementation<\/p>\n","category_list_v2":"","author_info_v2":{"name":"gstoyle@rare.org","url":"https:\/\/portal.rare.org\/es\/author\/gstoylerare-org\/"},"comments_num_v2":"0 comments","_links":{"self":[{"href":"https:\/\/portal.rare.org\/es\/wp-json\/wp\/v2\/pages\/1351","targetHints":{"allow":["GET"]}}],"collection":[{"href":"https:\/\/portal.rare.org\/es\/wp-json\/wp\/v2\/pages"}],"about":[{"href":"https:\/\/portal.rare.org\/es\/wp-json\/wp\/v2\/types\/page"}],"author":[{"embeddable":true,"href":"https:\/\/portal.rare.org\/es\/wp-json\/wp\/v2\/users\/1"}],"replies":[{"embeddable":true,"href":"https:\/\/portal.rare.org\/es\/wp-json\/wp\/v2\/comments?post=1351"}],"version-history":[{"count":0,"href":"https:\/\/portal.rare.org\/es\/wp-json\/wp\/v2\/pages\/1351\/revisions"}],"up":[{"embeddable":true,"href":"https:\/\/portal.rare.org\/es\/wp-json\/wp\/v2\/pages\/448"}],"wp:attachment":[{"href":"https:\/\/portal.rare.org\/es\/wp-json\/wp\/v2\/media?parent=1351"}],"wp:term":[{"taxonomy":"folder","embeddable":true,"href":"https:\/\/portal.rare.org\/es\/wp-json\/wp\/v2\/folder?post=1351"}],"curies":[{"name":"wp","href":"https:\/\/api.w.org\/{rel}","templated":true}]}}