{"id":18,"date":"2013-03-11T10:15:27","date_gmt":"2013-03-11T10:15:27","guid":{"rendered":"http:\/\/demo.wpzoom.com\/academica-pro\/?page_id=18"},"modified":"2024-02-16T16:20:28","modified_gmt":"2024-02-16T16:20:28","slug":"strategy","status":"publish","type":"page","link":"https:\/\/portal.rare.org\/es\/program-resources\/strategy\/","title":{"rendered":"Estrategia del programa"},"content":{"rendered":"<div class=\"wp-block-ugb-columns ugb-columns ugb-679c0ee ugb-columns--design-plain ugb-columns--columns-2 ugb-main-block\"><style>.ugb-679c0ee > .ugb-inner-block > .ugb-block-content > .ugb-columns__item{grid-template-columns:0.90fr 1.10fr !important}<\/style><div class=\"ugb-inner-block\"><div class=\"ugb-block-content\"><div class=\"ugb-columns__item ugb-679c0ee-content-wrapper\">\n<div class=\"wp-block-ugb-column ugb-column ugb-9280ddc ugb-column--design-plain ugb-main-block\"><style>@media screen and (min-width:768px){.ugb-9280ddc > .ugb-inner-block > .ugb-block-content > *{justify-content:center}}.ugb-9280ddc > .ugb-inner-block > .ugb-block-content > *{justify-content:center !important}<\/style><div class=\"ugb-inner-block\"><div class=\"ugb-block-content\"><div class=\"ugb-column__item ugb-9280ddc-column-wrapper\"><div class=\"ugb-column__content-wrapper\">\n<div class=\"wp-block-stackable-heading stk-block-heading stk-block-heading--v2 stk-block stk-67e1c88\" id=\"were-building-a-movement-for-change\" data-block-id=\"67e1c88\"><h2 class=\"stk-block-heading__text\">Estamos construyendo un movimiento para el cambio<\/h2><\/div>\n\n\n\n<p><strong>Fish Forever: <\/strong>El programa mundial de Rare para transformar la forma en que protegemos y gestionamos los mares territoriales del mundo.<\/p>\n\n\n\n<p><br><strong>Nuestra soluci\u00f3n: <\/strong>Gesti\u00f3n comunitaria de pesquer\u00edas y ecosistemas costeros.<\/p>\n\n\n\n<p><br><strong>Nuestro trabajo: <\/strong>Fish Forever revitaliza los h\u00e1bitats marinos costeros, como los arrecifes de coral, los manglares y las praderas marinas, protege la biodiversidad y asegura los medios de subsistencia de las familias de pescadores y sus comunidades. Junto con socios y l\u00edderes locales, reforzamos la gesti\u00f3n de la pesca dirigida por las comunidades. Para ello, utilizamos las ciencias biol\u00f3gicas, sociales y del comportamiento, un enfoque de gesti\u00f3n marina basado en los derechos y las zonas, la participaci\u00f3n de las comunidades, datos para la toma de decisiones, la inclusi\u00f3n financiera y del mercado, la financiaci\u00f3n combinada y pol\u00edticas y normativas propicias.<\/p>\n\n\n\n<p><br><strong>Nuestro impacto: <\/strong>El trabajo beneficia a las personas, la naturaleza y el clima, ayudando a garantizar un suministro de alimentos m\u00e1s sostenible, mejorar la equidad social y lograr una mayor resistencia a impactos externos como el cambio clim\u00e1tico.<\/p>\n<\/div><\/div><\/div><\/div><\/div>\n\n\n\n<div class=\"wp-block-ugb-column ugb-column ugb-5e7c455 ugb-column--design-plain ugb-main-block\"><style>@media screen and (min-width:768px){.ugb-5e7c455.ugb-column{margin-top:-35px !important}.ugb-5e7c455 > .ugb-inner-block > .ugb-block-content > *{justify-content:center}}.ugb-5e7c455 > .ugb-inner-block > .ugb-block-content > *{justify-content:center !important}<\/style><div class=\"ugb-inner-block\"><div class=\"ugb-block-content\"><div class=\"ugb-column__item ugb-5e7c455-column-wrapper\"><div class=\"ugb-column__content-wrapper\">\n<div class=\"wp-block-stackable-image stk-block-image stk-block stk-b04f6e6\" data-block-id=\"b04f6e6\"><style>.stk-b04f6e6{align-items:center !important;display:flex !important}<\/style><figure><span class=\"stk-img-wrapper stk-image--shape-stretch\"><img loading=\"lazy\" decoding=\"async\" class=\"stk-img wp-image-10850\" src=\"https:\/\/portal.rare.org\/wp-content\/uploads\/2024\/02\/FF-approach-elements.png\" width=\"1500\" height=\"1500\" srcset=\"https:\/\/portal.rare.org\/wp-content\/uploads\/2024\/02\/FF-approach-elements.png 1500w, https:\/\/portal.rare.org\/wp-content\/uploads\/2024\/02\/FF-approach-elements-300x300.png 300w, https:\/\/portal.rare.org\/wp-content\/uploads\/2024\/02\/FF-approach-elements-1024x1024.png 1024w, https:\/\/portal.rare.org\/wp-content\/uploads\/2024\/02\/FF-approach-elements-150x150.png 150w, https:\/\/portal.rare.org\/wp-content\/uploads\/2024\/02\/FF-approach-elements-768x768.png 768w, https:\/\/portal.rare.org\/wp-content\/uploads\/2024\/02\/FF-approach-elements-12x12.png 12w, https:\/\/portal.rare.org\/wp-content\/uploads\/2024\/02\/FF-approach-elements-947x947.png 947w, https:\/\/portal.rare.org\/wp-content\/uploads\/2024\/02\/FF-approach-elements-624x624.png 624w\" sizes=\"auto, (max-width: 1500px) 100vw, 1500px\" \/><\/span><\/figure><\/div>\n<\/div><\/div><\/div><\/div><\/div>\n<\/div><\/div><\/div><\/div>\n\n\n\n<div class=\"wp-block-ugb-divider ugb-divider ugb-f0a1c8a ugb-divider--v2 ugb-divider--design-dots ugb-main-block\"><style>.ugb-f0a1c8a .ugb-divider__dots{width:10% !important;margin-left:auto !important;margin-right:auto !important}.ugb-f0a1c8a .ugb-divider__dot{height:7px !important;width:7px !important}<\/style><div class=\"ugb-inner-block\"><div class=\"ugb-block-content\"><hr class=\"ugb-divider__hr\"\/><div class=\"ugb-divider__dots\" aria-hidden=\"true\"><div class=\"ugb-divider__dot\"><\/div><div class=\"ugb-divider__dot\"><\/div><div class=\"ugb-divider__dot\"><\/div><\/div><\/div><\/div><\/div>\n\n\n\n<h4 class=\"wp-block-heading\">El modelo Fish Forever: Una red de zonas de acceso controlado con reservas<\/h4>\n\n\n\n<p>Fish Forever utiliza un enfoque de la gesti\u00f3n de las aguas territoriales dirigido por la comunidad, centrado en el comportamiento y basado en los derechos. Nuestro enfoque se basa en un sistema de gesti\u00f3n marina en red denominado Acceso Gestionado con Reservas (MA+R), que combina \u00e1reas totalmente protegidas con zonas de uso sostenible, conectadas en red a la escala ecol\u00f3gica y de gobernanza adecuada.<\/p>\n\n\n\n<div id=\"image-map-pro-3865\"><\/div>\n\n\n\n<p><\/p>","protected":false},"excerpt":{"rendered":"<p>We&#8217;re building a movement for change Fish Forever: Rare&#8217;s global program to transform how we protect and manage the world&#8217;s territorial seas. Our Solution: Community-led management of coastal fisheries and ecosystems. Our Work: Fish Forever revitalizes coastal marine habitats, such as coral reefs, mangroves, and seagrasses, protects biodiversity, and secures [&hellip;]<\/p>\n","protected":false},"author":1,"featured_media":0,"parent":448,"menu_order":1,"comment_status":"closed","ping_status":"closed","template":"template-fullwidth.php","meta":{"footnotes":""},"folder":[368],"class_list":["post-18","page","type-page","status-publish","hentry"],"featured_image_urls":{"full":"","thumbnail":"","medium":"","medium_large":"","large":"","1536x1536":"","2048x2048":"","trp-custom-language-flag":"","homepage-slider":"","homepage-slider-small":"","page-top":"","page-small":"","loop-main":"","thumb-gallery-widget":""},"post_excerpt_stackable":"<p>We&#8217;re building a movement for change Fish Forever: Rare&#8217;s global program to transform how we protect and manage the world&#8217;s territorial seas. Our Solution: Community-led management of coastal fisheries and ecosystems. Our Work: Fish Forever revitalizes coastal marine habitats, such as coral reefs, mangroves, and seagrasses, protects biodiversity, and secures the livelihoods of fisher households and their communities. Together with partners and local leaders, we strengthen community-led fisheries management. We do this by using behavioral, social, and biological sciences, an area- and rights-based marine management approach, community engagement, data for decision-making, financial and market inclusion, blended finance, and enabling policies&hellip;<\/p>\n","category_list":"","author_info":{"name":"gstoyle@rare.org","url":"https:\/\/portal.rare.org\/es\/author\/gstoylerare-org\/"},"comments_num":"0 comments","featured_image_urls_v2":{"full":"","thumbnail":"","medium":"","medium_large":"","large":"","1536x1536":"","2048x2048":"","trp-custom-language-flag":"","homepage-slider":"","homepage-slider-small":"","page-top":"","page-small":"","loop-main":"","thumb-gallery-widget":""},"post_excerpt_stackable_v2":"<p>We&#8217;re building a movement for change Fish Forever: Rare&#8217;s global program to transform how we protect and manage the world&#8217;s territorial seas. Our Solution: Community-led management of coastal fisheries and ecosystems. Our Work: Fish Forever revitalizes coastal marine habitats, such as coral reefs, mangroves, and seagrasses, protects biodiversity, and secures the livelihoods of fisher households and their communities. Together with partners and local leaders, we strengthen community-led fisheries management. We do this by using behavioral, social, and biological sciences, an area- and rights-based marine management approach, community engagement, data for decision-making, financial and market inclusion, blended finance, and enabling policies&hellip;<\/p>\n","category_list_v2":"","author_info_v2":{"name":"gstoyle@rare.org","url":"https:\/\/portal.rare.org\/es\/author\/gstoylerare-org\/"},"comments_num_v2":"0 comments","_links":{"self":[{"href":"https:\/\/portal.rare.org\/es\/wp-json\/wp\/v2\/pages\/18","targetHints":{"allow":["GET"]}}],"collection":[{"href":"https:\/\/portal.rare.org\/es\/wp-json\/wp\/v2\/pages"}],"about":[{"href":"https:\/\/portal.rare.org\/es\/wp-json\/wp\/v2\/types\/page"}],"author":[{"embeddable":true,"href":"https:\/\/portal.rare.org\/es\/wp-json\/wp\/v2\/users\/1"}],"replies":[{"embeddable":true,"href":"https:\/\/portal.rare.org\/es\/wp-json\/wp\/v2\/comments?post=18"}],"version-history":[{"count":0,"href":"https:\/\/portal.rare.org\/es\/wp-json\/wp\/v2\/pages\/18\/revisions"}],"up":[{"embeddable":true,"href":"https:\/\/portal.rare.org\/es\/wp-json\/wp\/v2\/pages\/448"}],"wp:attachment":[{"href":"https:\/\/portal.rare.org\/es\/wp-json\/wp\/v2\/media?parent=18"}],"wp:term":[{"taxonomy":"folder","embeddable":true,"href":"https:\/\/portal.rare.org\/es\/wp-json\/wp\/v2\/folder?post=18"}],"curies":[{"name":"wp","href":"https:\/\/api.w.org\/{rel}","templated":true}]}}