{"id":1815,"date":"2019-08-12T16:12:07","date_gmt":"2019-08-12T16:12:07","guid":{"rendered":"https:\/\/portal.rare.org\/?page_id=1815"},"modified":"2022-03-24T17:24:37","modified_gmt":"2022-03-24T17:24:37","slug":"monitoring-evaluation","status":"publish","type":"page","link":"https:\/\/portal.rare.org\/es\/program-resources\/monitoring-evaluation\/","title":{"rendered":"Monitoreo y evaluaci\u00f3n"},"content":{"rendered":"<h2 class=\"wp-block-heading\"><strong>Midiendo el \u00e9xito<\/strong><\/h2>\n\n\n\n<p>Fish Forever tiene que ver con los datos, incluidos los datos que utilizamos para responsabilizarnos. Para 2022, nuestro objetivo es llegar a 10 pa\u00edses y 1 mill\u00f3n de pescadores, proteger 32 millones de hect\u00e1reas de h\u00e1bitats costeros y asegurar 500 compromisos del gobierno local para la reforma pesquera.&nbsp; <\/p>\n\n\n\n<p>Debajo de estos objetivos generales, tenemos una serie de m\u00e9tricas que aseguran que estamos constantemente aprendiendo y adapt\u00e1ndonos a la realidad de las \u00e1reas donde trabajamos. Llevamos un registro de las acciones, el conocimiento y las percepciones de la comunidad. Adem\u00e1s, medimos las demandas econ\u00f3micas de las pesquer\u00edas y las respuestas a estas demandas para identificar patrones y motores del cambio. <\/p>\n\n\n\n<p>Obtenga m\u00e1s informaci\u00f3n sobre c\u00f3mo nuestras m\u00e9tricas, resultados e indicadores de impacto y c\u00f3mo puede incorporar algunos de estos en su propia programaci\u00f3n a trav\u00e9s del siguiente enlace. <\/p>\n\n\n\n<div class=\"wp-block-buttons is-layout-flex wp-block-buttons-is-layout-flex\">\n<div class=\"wp-block-button\"><a class=\"wp-block-button__link\" href=\"https:\/\/portal.rare.org\/wp-content\/uploads\/2021\/05\/Spanish-FF-2.0-Global-ME-Plan_updated_052521.pdf\" target=\"_blank\" rel=\"noreferrer noopener\">Descargar plan M&amp;E<\/a><\/div>\n<\/div>","protected":false},"excerpt":{"rendered":"<p>Measuring Success Fish Forever is all about the data, including the data we use to hold ourselves to account. By 2022, we aim to reach 10 countries and 1 million fishers, to protect 32 million hectares of coastal habitats, and to secure 500 local government commitments for fisheries reform.&nbsp; Beneath [&hellip;]<\/p>\n","protected":false},"author":1,"featured_media":0,"parent":448,"menu_order":3,"comment_status":"closed","ping_status":"closed","template":"template-fullwidth.php","meta":{"footnotes":""},"folder":[368],"class_list":["post-1815","page","type-page","status-publish","hentry"],"featured_image_urls":{"full":"","thumbnail":"","medium":"","medium_large":"","large":"","1536x1536":"","2048x2048":"","trp-custom-language-flag":"","homepage-slider":"","homepage-slider-small":"","page-top":"","page-small":"","loop-main":"","thumb-gallery-widget":""},"post_excerpt_stackable":"<p>Measuring Success Fish Forever is all about the data, including the data we use to hold ourselves to account. By 2022, we aim to reach 10 countries and 1 million fishers, to protect 32 million hectares of coastal habitats, and to secure 500 local government commitments for fisheries reform.&nbsp; Beneath these big picture goals, we have a series of metrics that ensure we are constantly learning and adapting to the reality of the areas where we work. We keep track of community actions, knowledge, and perceptions. In addition, we measure economic demands on fisheries and responses to these demands to&hellip;<\/p>\n","category_list":"","author_info":{"name":"gstoyle@rare.org","url":"https:\/\/portal.rare.org\/es\/author\/gstoylerare-org\/"},"comments_num":"0 comments","featured_image_urls_v2":{"full":"","thumbnail":"","medium":"","medium_large":"","large":"","1536x1536":"","2048x2048":"","trp-custom-language-flag":"","homepage-slider":"","homepage-slider-small":"","page-top":"","page-small":"","loop-main":"","thumb-gallery-widget":""},"post_excerpt_stackable_v2":"<p>Measuring Success Fish Forever is all about the data, including the data we use to hold ourselves to account. By 2022, we aim to reach 10 countries and 1 million fishers, to protect 32 million hectares of coastal habitats, and to secure 500 local government commitments for fisheries reform.&nbsp; Beneath these big picture goals, we have a series of metrics that ensure we are constantly learning and adapting to the reality of the areas where we work. We keep track of community actions, knowledge, and perceptions. In addition, we measure economic demands on fisheries and responses to these demands to&hellip;<\/p>\n","category_list_v2":"","author_info_v2":{"name":"gstoyle@rare.org","url":"https:\/\/portal.rare.org\/es\/author\/gstoylerare-org\/"},"comments_num_v2":"0 comments","_links":{"self":[{"href":"https:\/\/portal.rare.org\/es\/wp-json\/wp\/v2\/pages\/1815","targetHints":{"allow":["GET"]}}],"collection":[{"href":"https:\/\/portal.rare.org\/es\/wp-json\/wp\/v2\/pages"}],"about":[{"href":"https:\/\/portal.rare.org\/es\/wp-json\/wp\/v2\/types\/page"}],"author":[{"embeddable":true,"href":"https:\/\/portal.rare.org\/es\/wp-json\/wp\/v2\/users\/1"}],"replies":[{"embeddable":true,"href":"https:\/\/portal.rare.org\/es\/wp-json\/wp\/v2\/comments?post=1815"}],"version-history":[{"count":0,"href":"https:\/\/portal.rare.org\/es\/wp-json\/wp\/v2\/pages\/1815\/revisions"}],"up":[{"embeddable":true,"href":"https:\/\/portal.rare.org\/es\/wp-json\/wp\/v2\/pages\/448"}],"wp:attachment":[{"href":"https:\/\/portal.rare.org\/es\/wp-json\/wp\/v2\/media?parent=1815"}],"wp:term":[{"taxonomy":"folder","embeddable":true,"href":"https:\/\/portal.rare.org\/es\/wp-json\/wp\/v2\/folder?post=1815"}],"curies":[{"name":"wp","href":"https:\/\/api.w.org\/{rel}","templated":true}]}}