{"id":194,"date":"2019-02-05T04:03:27","date_gmt":"2019-02-05T04:03:27","guid":{"rendered":"http:\/\/rare.georgestoyle.com\/?page_id=194"},"modified":"2024-12-18T15:56:58","modified_gmt":"2024-12-18T15:56:58","slug":"where-we-work","status":"publish","type":"page","link":"https:\/\/portal.rare.org\/es\/where-we-work\/","title":{"rendered":"Donde trabajamos"},"content":{"rendered":"<p>Explore la red de acceso administrado y \u00e1reas de reserva en todo el mundo que respaldan los ecosistemas marinos y las pesquer\u00edas que aseguran los medios de vida de las comunidades locales. <\/p>\n\n\n\n<p>Las estad\u00edsticas globales a continuaci\u00f3n incluyen \u00e1reas y reservas de acceso administrado establecidas y propuestas.<\/p>\n\n\n\r\n<div class=\"ff-dashboard\">\r\n    <div class=\"ff-loading-indicator\">Loading dashboard data...<\/div>\r\n<\/div>\r\n<div class=\"ff-info-text\">* Management Bodies count includes all Managed Access areas irrespective of status<\/div>\n\n\n\n<div class=\"iframe-container\" style=\"height: 500px;\">\n<iframe src=\"https:\/\/portal.rare.org\/data-management\/footprint_stats\/map.html\"><\/iframe>","protected":false},"excerpt":{"rendered":"<p>Explore the network of managed access and reserve areas across the globe that support marine ecosystems and fisheries that secure livelihoods for local communities. The global statistics below include both established and proposed managed access areas and reserves.<\/p>","protected":false},"author":1,"featured_media":0,"parent":0,"menu_order":4,"comment_status":"closed","ping_status":"closed","template":"template-fullwidth.php","meta":{"footnotes":""},"folder":[370],"class_list":["post-194","page","type-page","status-publish","hentry"],"featured_image_urls":{"full":"","thumbnail":"","medium":"","medium_large":"","large":"","1536x1536":"","2048x2048":"","trp-custom-language-flag":"","homepage-slider":"","homepage-slider-small":"","page-top":"","page-small":"","loop-main":"","thumb-gallery-widget":""},"post_excerpt_stackable":"<p>Explore the network of managed access and reserve areas across the globe that support marine ecosystems and fisheries that secure livelihoods for local communities. The global statistics below include both established and proposed managed access areas and reserves.<\/p>\n","category_list":"","author_info":{"name":"gstoyle@rare.org","url":"https:\/\/portal.rare.org\/es\/author\/gstoylerare-org\/"},"comments_num":"0 comments","featured_image_urls_v2":{"full":"","thumbnail":"","medium":"","medium_large":"","large":"","1536x1536":"","2048x2048":"","trp-custom-language-flag":"","homepage-slider":"","homepage-slider-small":"","page-top":"","page-small":"","loop-main":"","thumb-gallery-widget":""},"post_excerpt_stackable_v2":"<p>Explore the network of managed access and reserve areas across the globe that support marine ecosystems and fisheries that secure livelihoods for local communities. The global statistics below include both established and proposed managed access areas and reserves.<\/p>\n","category_list_v2":"","author_info_v2":{"name":"gstoyle@rare.org","url":"https:\/\/portal.rare.org\/es\/author\/gstoylerare-org\/"},"comments_num_v2":"0 comments","_links":{"self":[{"href":"https:\/\/portal.rare.org\/es\/wp-json\/wp\/v2\/pages\/194","targetHints":{"allow":["GET"]}}],"collection":[{"href":"https:\/\/portal.rare.org\/es\/wp-json\/wp\/v2\/pages"}],"about":[{"href":"https:\/\/portal.rare.org\/es\/wp-json\/wp\/v2\/types\/page"}],"author":[{"embeddable":true,"href":"https:\/\/portal.rare.org\/es\/wp-json\/wp\/v2\/users\/1"}],"replies":[{"embeddable":true,"href":"https:\/\/portal.rare.org\/es\/wp-json\/wp\/v2\/comments?post=194"}],"version-history":[{"count":12,"href":"https:\/\/portal.rare.org\/es\/wp-json\/wp\/v2\/pages\/194\/revisions"}],"predecessor-version":[{"id":11159,"href":"https:\/\/portal.rare.org\/es\/wp-json\/wp\/v2\/pages\/194\/revisions\/11159"}],"wp:attachment":[{"href":"https:\/\/portal.rare.org\/es\/wp-json\/wp\/v2\/media?parent=194"}],"wp:term":[{"taxonomy":"folder","embeddable":true,"href":"https:\/\/portal.rare.org\/es\/wp-json\/wp\/v2\/folder?post=194"}],"curies":[{"name":"wp","href":"https:\/\/api.w.org\/{rel}","templated":true}]}}