{"id":20,"date":"2013-03-11T10:16:17","date_gmt":"2013-03-11T10:16:17","guid":{"rendered":"http:\/\/demo.wpzoom.com\/academica-pro\/?page_id=20"},"modified":"2024-12-17T21:29:17","modified_gmt":"2024-12-17T21:29:17","slug":"full-width","status":"publish","type":"page","link":"https:\/\/portal.rare.org\/es\/","title":{"rendered":"Pesca sostenible con protecci\u00f3n efectiva"},"content":{"rendered":"<p><strong><a rel=\"noreferrer noopener\" href=\"https:\/\/rare.org\/program\/fish-forever\/\" target=\"_blank\">Fish Forever<\/a> utiliza un proceso impulsado por la comunidad, anclado en los principios de adopci\u00f3n de comportamiento y respaldado por un dise\u00f1o cient\u00edfico para establecer el acceso administrado con \u00e1reas de reserva en aguas costeras.<\/strong><\/p>\n\n\n\n<p>El acceso administrado brinda derechos exclusivos para que las comunidades locales pesquen en \u00e1reas espec\u00edficas. Las reservas proporcionan una protecci\u00f3n efectiva del h\u00e1bitat, mantienen las poblaciones de peces y reponen los caladeros. Las redes de acceso gestionado con reservas equilibran la protecci\u00f3n con la producci\u00f3n sostenible para la pesca de especies m\u00faltiples.<\/p>\n\n\n\n<p>Registrar la cantidad de personas que pescan en las aguas costeras, la cantidad de peces que se captura y los cambios en la extensi\u00f3n y calidad de los h\u00e1bitats son datos esenciales para medir el estado de los recursos que sustentan el bienestar y la capacidad de recuperaci\u00f3n de las comunidades costeras.&nbsp;<\/p>\n\n\n\n<p>Este conjunto de herramientas lo ayudar\u00e1 a desarrollar la capacidad local, comprender y evaluar las pesquer\u00edas, establecer la conexi\u00f3n entre los datos ecol\u00f3gicos y la producci\u00f3n pesquera, y aprender a utilizar los datos para administrar sus pesquer\u00edas de manera efectiva.<\/p>\n\n\n\n<div class=\"wp-block-ugb-divider ugb-divider ugb-38659d2 ugb-divider--v2 ugb-divider--design-dots ugb-main-block\"><style>.ugb-38659d2 .ugb-divider__dots{width:10% !important;margin-left:auto !important;margin-right:auto !important}.ugb-38659d2 .ugb-divider__dot{height:7px !important;width:7px !important}<\/style><div class=\"ugb-inner-block\"><div class=\"ugb-block-content\"><hr class=\"ugb-divider__hr\"\/><div class=\"ugb-divider__dots\" aria-hidden=\"true\"><div class=\"ugb-divider__dot\"><\/div><div class=\"ugb-divider__dot\"><\/div><div class=\"ugb-divider__dot\"><\/div><\/div><\/div><\/div><\/div>\n\n\n\n<div class=\"wp-block-ugb-columns ugb-columns ugb-78ef75f ugb-columns--design-plain ugb-columns--columns-2 ugb-main-block\"><div class=\"ugb-inner-block\"><div class=\"ugb-block-content\"><div class=\"ugb-columns__item ugb-78ef75f-content-wrapper\">\n<div class=\"wp-block-ugb-column ugb-column ugb-1fcd068 ugb-column--design-plain ugb-main-block\"><div class=\"ugb-inner-block\"><div class=\"ugb-block-content\"><div class=\"ugb-column__item ugb-1fcd068-column-wrapper\"><div class=\"ugb-column__content-wrapper\">\n<h3 class=\"wp-block-heading\">Introducci\u00f3n al portal<\/h3>\n\n\n\n<p>Mire nuestro breve video para obtener m\u00e1s informaci\u00f3n sobre el portal de datos, sus funciones, datos, paneles, informes y m\u00e1s. <\/p>\n\n\n\n<p>Conozca lo que el portal de datos puede hacer por usted y c\u00f3mo nuestras herramientas pueden ayudarlo a comprender m\u00e1s sobre sus pesquer\u00edas y ayudarlo a mejorar sus ecosistemas.<\/p>\n\n\n\n\n\n\n\n\n\n\n\n\n<iframe loading=\"lazy\" width=\"560\" height=\"315\" src=\"https:\/\/www.youtube.com\/embed\/owSdS9owtY0?hl=es&amp;cc_lang_pref=es&amp;cc_load_policy=1&amp;rel=0\" frameborder=\"0\" allow=\"accelerometer; autoplay; clipboard-write; encrypted-media; gyroscope; picture-in-picture\" allowfullscreen=\"\"><\/iframe>\n\n<\/div><\/div><\/div><\/div><\/div>\n\n\n\n<div class=\"wp-block-ugb-column ugb-column ugb-a56ee7b ugb-column--design-plain ugb-main-block\"><div class=\"ugb-inner-block\"><div class=\"ugb-block-content\"><div class=\"ugb-column__item ugb-a56ee7b-column-wrapper\"><div class=\"ugb-column__content-wrapper\">\n<h3 class=\"wp-block-heading\">Fish Forever: imprescindibles<\/h3>\n\n\n\n<p><a href=\"https:\/\/rare.org\/program\/fish-forever\/\" data-type=\"URL\" data-id=\"https:\/\/rare.org\/program\/fish-forever\/\" target=\"_blank\" rel=\"noreferrer noopener\">Fish Forever<\/a> es la soluci\u00f3n liderada por la comunidad de Rare para revitalizar los h\u00e1bitats marinos costeros, como arrecifes de coral, manglares y pastos marinos, proteger la biodiversidad y asegurar los medios de vida de los hogares de pescadores y sus comunidades.&nbsp;<\/p>\n\n\n\n<p>Obtenga m\u00e1s informaci\u00f3n sobre el programa con este breve video.<\/p>\n\n\n\n\n\n\n\n\n\n\n\n\n<iframe loading=\"lazy\" width=\"560\" height=\"315\" src=\"https:\/\/www.youtube.com\/embed\/DJVvbL5OAzo?hl=es&amp;cc_load_policy=1&amp;cc_lang_pref=es&amp;rel=0\" frameborder=\"0\" allow=\"accelerometer; autoplay; clipboard-write; encrypted-media; gyroscope; picture-in-picture\" allowfullscreen=\"\"><\/iframe>\n\n<\/div><\/div><\/div><\/div><\/div>\n<\/div><\/div><\/div><\/div>\n\n\n\n<div class=\"wp-block-ugb-divider ugb-divider ugb-7410d5a ugb-divider--v2 ugb-divider--design-dots ugb-main-block\"><style>.ugb-7410d5a .ugb-divider__dots{width:10% !important;margin-left:auto !important;margin-right:auto !important}.ugb-7410d5a .ugb-divider__dot{height:7px !important;width:7px !important}<\/style><div class=\"ugb-inner-block\"><div class=\"ugb-block-content\"><hr class=\"ugb-divider__hr\"\/><div class=\"ugb-divider__dots\" aria-hidden=\"true\"><div class=\"ugb-divider__dot\"><\/div><div class=\"ugb-divider__dot\"><\/div><div class=\"ugb-divider__dot\"><\/div><\/div><\/div><\/div><\/div>\n\n\n\n<div class=\"wp-block-ugb-columns ugb-columns ugb-8510292 ugb-columns--design-plain ugb-columns--columns-2 ugb-main-block\"><div class=\"ugb-inner-block\"><div class=\"ugb-block-content\"><div class=\"ugb-columns__item ugb-8510292-content-wrapper\">\n<div class=\"wp-block-ugb-column ugb-column ugb-e444447 ugb-column--design-plain ugb-main-block\"><div class=\"ugb-inner-block\"><div class=\"ugb-block-content\"><div class=\"ugb-column__item ugb-e444447-column-wrapper\"><div class=\"ugb-column__content-wrapper\">\n<figure class=\"wp-block-image size-large\"><a href=\"https:\/\/portal.rare.org\/es\/program-resources\/\"><img loading=\"lazy\" decoding=\"async\" width=\"1024\" height=\"683\" src=\"https:\/\/portal.rare.org\/wp-content\/uploads\/2020\/05\/GWS-00500-1024x683.jpg\" alt=\"\" class=\"wp-image-5008\" srcset=\"https:\/\/portal.rare.org\/wp-content\/uploads\/2020\/05\/GWS-00500-1024x683.jpg 1024w, https:\/\/portal.rare.org\/wp-content\/uploads\/2020\/05\/GWS-00500-300x200.jpg 300w, https:\/\/portal.rare.org\/wp-content\/uploads\/2020\/05\/GWS-00500-768x512.jpg 768w, https:\/\/portal.rare.org\/wp-content\/uploads\/2020\/05\/GWS-00500-1536x1024.jpg 1536w, https:\/\/portal.rare.org\/wp-content\/uploads\/2020\/05\/GWS-00500-947x631.jpg 947w, https:\/\/portal.rare.org\/wp-content\/uploads\/2020\/05\/GWS-00500-624x416.jpg 624w, https:\/\/portal.rare.org\/wp-content\/uploads\/2020\/05\/GWS-00500-84x56.jpg 84w, https:\/\/portal.rare.org\/wp-content\/uploads\/2020\/05\/GWS-00500.jpg 2048w\" sizes=\"auto, (max-width: 1024px) 100vw, 1024px\" \/><\/a><\/figure>\n\n\n\n<h2 class=\"wp-block-heading\">Recursos del programa<\/h2>\n\n\n\n<p>Acceda a documentos de orientaci\u00f3n y materiales de formaci\u00f3n para su viaje hacia la pesca sostenible y la protecci\u00f3n eficaz.<\/p>\n\n\n\n<div class=\"wp-block-buttons is-layout-flex wp-block-buttons-is-layout-flex\">\n<div class=\"wp-block-button\"><a class=\"wp-block-button__link wp-element-button\" href=\"https:\/\/portal.rare.org\/es\/program-resources\/\">Empezar<\/a><\/div>\n<\/div>\n<\/div><\/div><\/div><\/div><\/div>\n\n\n\n<div class=\"wp-block-ugb-column ugb-column ugb-56379b0 ugb-column--design-plain ugb-main-block\"><div class=\"ugb-inner-block\"><div class=\"ugb-block-content\"><div class=\"ugb-column__item ugb-56379b0-column-wrapper\"><div class=\"ugb-column__content-wrapper\">\n<figure class=\"wp-block-image size-full\"><a href=\"https:\/\/portal.rare.org\/es\/tools-and-data\/\"><img loading=\"lazy\" decoding=\"async\" width=\"640\" height=\"426\" src=\"https:\/\/portal.rare.org\/wp-content\/uploads\/2019\/04\/MOZ_GWS-176.jpg\" alt=\"\" class=\"wp-image-3990\" srcset=\"https:\/\/portal.rare.org\/wp-content\/uploads\/2019\/04\/MOZ_GWS-176.jpg 640w, https:\/\/portal.rare.org\/wp-content\/uploads\/2019\/04\/MOZ_GWS-176-300x200.jpg 300w, https:\/\/portal.rare.org\/wp-content\/uploads\/2019\/04\/MOZ_GWS-176-624x415.jpg 624w, https:\/\/portal.rare.org\/wp-content\/uploads\/2019\/04\/MOZ_GWS-176-84x56.jpg 84w\" sizes=\"auto, (max-width: 640px) 100vw, 640px\" \/><\/a><\/figure>\n\n\n\n<h2 class=\"wp-block-heading\">Herramientas y datos<\/h2>\n\n\n\n<p>Comprenda su pesquer\u00eda, ecosistemas y comunidad con estas herramientas interactivas y use esta informaci\u00f3n para tomar decisiones informadas.<\/p>\n\n\n\n<div class=\"wp-block-buttons is-layout-flex wp-block-buttons-is-layout-flex\">\n<div class=\"wp-block-button\"><a class=\"wp-block-button__link wp-element-button\" href=\"https:\/\/portal.rare.org\/es\/tools-and-data\/\">Empezar<\/a><\/div>\n<\/div>\n<\/div><\/div><\/div><\/div><\/div>\n<\/div><\/div><\/div><\/div>\n\n\n\n<div class=\"wp-block-ugb-divider ugb-divider ugb-053bcbf ugb-divider--v2 ugb-divider--design-dots ugb-main-block\"><style>.ugb-053bcbf .ugb-divider__dots{width:10% !important;margin-left:auto !important;margin-right:auto !important}.ugb-053bcbf .ugb-divider__dot{height:7px !important;width:7px !important}<\/style><div class=\"ugb-inner-block\"><div class=\"ugb-block-content\"><hr class=\"ugb-divider__hr\"\/><div class=\"ugb-divider__dots\" aria-hidden=\"true\"><div class=\"ugb-divider__dot\"><\/div><div class=\"ugb-divider__dot\"><\/div><div class=\"ugb-divider__dot\"><\/div><\/div><\/div><\/div><\/div>\n\n\n\n<div class=\"wp-block-ugb-container ugb-container ugb-ca9dec8 ugb-container--v2 ugb-container--design-image3 ugb-container--collapse-on-mobile ugb-main-block\"><style>.ugb-ca9dec8-wrapper.ugb-container__wrapper{border-radius:0px !important;background-color:#ffffff !important}.ugb-ca9dec8-wrapper.ugb-container__wrapper:before{background-color:#ffffff !important}.ugb-ca9dec8-content-wrapper > h1,.ugb-ca9dec8-content-wrapper > h2,.ugb-ca9dec8-content-wrapper > h3,.ugb-ca9dec8-content-wrapper > h4,.ugb-ca9dec8-content-wrapper > h5,.ugb-ca9dec8-content-wrapper > h6{color:#222222}.ugb-ca9dec8-content-wrapper > p,.ugb-ca9dec8-content-wrapper > ol li,.ugb-ca9dec8-content-wrapper > ul li{color:#222222}.ugb-ca9dec8-wrapper > .ugb-container__image{background-image:url(https:\/\/portal.rare.org\/wp-content\/uploads\/2023\/05\/9411_Center-for-Behavior-_-the-Environment_Honduras_IMG_6278.jpg)}@media screen and (max-width:768px){.ugb-ca9dec8-wrapper > .ugb-container__image{height:300px !important}}@media screen and (min-width:768px){.ugb-ca9dec8 > .ugb-inner-block > .ugb-block-content > .ugb-container__wrapper > .ugb-container__side{padding-top:15px !important;padding-bottom:15px !important;padding-right:15px !important;padding-left:15px !important}}<\/style><div class=\"ugb-inner-block\"><div class=\"ugb-block-content\"><div class=\"ugb-container__wrapper ugb-ca9dec8-wrapper ugb--shadow-0\"><div class=\"ugb-container__image\"><\/div><div class=\"ugb-container__side\"><div class=\"ugb-container__content-wrapper ugb-ca9dec8-content-wrapper\">\n<h2 class=\"wp-block-heading has-text-align-left\"><span style=\"color: #003b7a;\" class=\"stk-highlight\">Biblioteca de recursos para ejecutores<\/span><\/h2>\n\n\n\n<p>En el Centro Global Fish Forever nos dedicamos a compartir conocimientos e inspirar acciones. <\/p>\n\n\n\n<p>Presentamos la Biblioteca de Recursos para el Implementador, su colecci\u00f3n de referencia para establecer y apoyar la gesti\u00f3n comunitaria de los recursos costeros. Con nuestras orientaciones de alto nivel, gu\u00edas para facilitadores y recursos atractivos, dispondr\u00e1 de las herramientas necesarias para inspirar el cambio que permita prosperar a las personas y a la naturaleza. \u00bfListo para sumergirte? Haga clic y explore la impresionante biblioteca de recursos para implementadores.<\/p>\n\n\n\n<div class=\"wp-block-buttons is-horizontal is-layout-flex wp-block-buttons-is-layout-flex\">\n<div class=\"wp-block-button\"><a class=\"wp-block-button__link wp-element-button\" href=\"https:\/\/portal.rare.org\/es\/tools-and-data\/implementer_resources_search\/\">Recursos<\/a><\/div>\n<\/div>\n<\/div><\/div><\/div><\/div><\/div><\/div>\n\n\n\n<div class=\"wp-block-ugb-divider ugb-divider ugb-7f97d5e ugb-divider--v2 ugb-divider--design-dots ugb-main-block\"><style>.ugb-7f97d5e .ugb-divider__dots{width:10% !important;margin-left:auto !important;margin-right:auto !important}.ugb-7f97d5e .ugb-divider__dot{height:7px !important;width:7px !important}<\/style><div class=\"ugb-inner-block\"><div class=\"ugb-block-content\"><hr class=\"ugb-divider__hr\"\/><div class=\"ugb-divider__dots\" aria-hidden=\"true\"><div class=\"ugb-divider__dot\"><\/div><div class=\"ugb-divider__dot\"><\/div><div class=\"ugb-divider__dot\"><\/div><\/div><\/div><\/div><\/div>\n\n\n\n<h2 class=\"wp-block-heading\">Donde trabajamos<\/h2>\n\n\n\n<p>Vea los pa\u00edses y comunidades donde actualmente trabaja Fish Forever y recopila datos sobre la salud del ecosistema y la resiliencia econ\u00f3mica. Las estad\u00edsticas globales a continuaci\u00f3n incluyen \u00e1reas y reservas de acceso administrado establecidas y propuestas. <\/p>\n\n\n\r\n<div class=\"ff-dashboard\">\r\n    <div class=\"ff-loading-indicator\">Loading dashboard data...<\/div>\r\n<\/div>\r\n<div class=\"ff-info-text\">* Management Bodies count includes all Managed Access areas irrespective of status<\/div>\n\n\n\n<div class=\"iframe-container\"><iframe src=\"https:\/\/portal.rare.org\/data-management\/footprint_stats\/map.html\"><\/iframe><\/div>","protected":false},"excerpt":{"rendered":"<p>Fish Forever uses a community-driven process, anchored in behavior adoption principles and supported by scientific design to establish Managed Access with Reserve areas in coastal waters. Managed Access delivers exclusive rights for local communities to fish in specific areas. The reserves provide effective protection of habitat, sustain fish populations, and [&hellip;]<\/p>\n","protected":false},"author":1,"featured_media":0,"parent":0,"menu_order":0,"comment_status":"closed","ping_status":"closed","template":"","meta":{"footnotes":""},"folder":[],"class_list":["post-20","page","type-page","status-publish","hentry"],"featured_image_urls":{"full":"","thumbnail":"","medium":"","medium_large":"","large":"","1536x1536":"","2048x2048":"","trp-custom-language-flag":"","homepage-slider":"","homepage-slider-small":"","page-top":"","page-small":"","loop-main":"","thumb-gallery-widget":""},"post_excerpt_stackable":"<p>Fish Forever uses a community-driven process, anchored in behavior adoption principles and supported by scientific design to establish Managed Access with Reserve areas in coastal waters. Managed Access delivers exclusive rights for local communities to fish in specific areas. The reserves provide effective protection of habitat, sustain fish populations, and replenish fishing grounds. Networks of Managed Access with Reserves balance protection with sustainable production for multi-species fisheries. Recording how many people fish in coastal waters, how much fish is being caught and changes in the extent and quality of habitats are essential data to measure the status of the resources&hellip;<\/p>\n","category_list":"","author_info":{"name":"gstoyle@rare.org","url":"https:\/\/portal.rare.org\/es\/author\/gstoylerare-org\/"},"comments_num":"0 comments","featured_image_urls_v2":{"full":"","thumbnail":"","medium":"","medium_large":"","large":"","1536x1536":"","2048x2048":"","trp-custom-language-flag":"","homepage-slider":"","homepage-slider-small":"","page-top":"","page-small":"","loop-main":"","thumb-gallery-widget":""},"post_excerpt_stackable_v2":"<p>Fish Forever uses a community-driven process, anchored in behavior adoption principles and supported by scientific design to establish Managed Access with Reserve areas in coastal waters. Managed Access delivers exclusive rights for local communities to fish in specific areas. The reserves provide effective protection of habitat, sustain fish populations, and replenish fishing grounds. Networks of Managed Access with Reserves balance protection with sustainable production for multi-species fisheries. Recording how many people fish in coastal waters, how much fish is being caught and changes in the extent and quality of habitats are essential data to measure the status of the resources&hellip;<\/p>\n","category_list_v2":"","author_info_v2":{"name":"gstoyle@rare.org","url":"https:\/\/portal.rare.org\/es\/author\/gstoylerare-org\/"},"comments_num_v2":"0 comments","_links":{"self":[{"href":"https:\/\/portal.rare.org\/es\/wp-json\/wp\/v2\/pages\/20","targetHints":{"allow":["GET"]}}],"collection":[{"href":"https:\/\/portal.rare.org\/es\/wp-json\/wp\/v2\/pages"}],"about":[{"href":"https:\/\/portal.rare.org\/es\/wp-json\/wp\/v2\/types\/page"}],"author":[{"embeddable":true,"href":"https:\/\/portal.rare.org\/es\/wp-json\/wp\/v2\/users\/1"}],"replies":[{"embeddable":true,"href":"https:\/\/portal.rare.org\/es\/wp-json\/wp\/v2\/comments?post=20"}],"version-history":[{"count":28,"href":"https:\/\/portal.rare.org\/es\/wp-json\/wp\/v2\/pages\/20\/revisions"}],"predecessor-version":[{"id":11148,"href":"https:\/\/portal.rare.org\/es\/wp-json\/wp\/v2\/pages\/20\/revisions\/11148"}],"wp:attachment":[{"href":"https:\/\/portal.rare.org\/es\/wp-json\/wp\/v2\/media?parent=20"}],"wp:term":[{"taxonomy":"folder","embeddable":true,"href":"https:\/\/portal.rare.org\/es\/wp-json\/wp\/v2\/folder?post=20"}],"curies":[{"name":"wp","href":"https:\/\/api.w.org\/{rel}","templated":true}]}}