{"id":2121,"date":"2020-02-04T16:40:33","date_gmt":"2020-02-04T16:40:04","guid":{"rendered":"https:\/\/portal-dev.rare.org\/financial-market-inclusion\/"},"modified":"2021-03-24T13:09:07","modified_gmt":"2021-03-24T13:09:07","slug":"financial-resilience","status":"publish","type":"page","link":"https:\/\/portal.rare.org\/es\/program-resources\/financial-resilience\/","title":{"rendered":"Inclusi\u00f3n financiera y de mercado"},"content":{"rendered":"<p>Las comunidades pesqueras costeras a menudo son remotas, marginadas y vulnerables a impactos externos como desastres naturales, disminuci\u00f3n de la productividad pesquera y m\u00e1s. Para aumentar y mejorar los ingresos y el bienestar de los hogares de pescadores y ayudar a las comunidades a resistir mejor las crisis externas, utilice el conjunto de herramientas a continuaci\u00f3n para abordar cuatro aspectos esenciales de la inclusi\u00f3n financiera y de mercado. <\/p>\n\n\n\n<div class=\"wp-block-ugb-columns ugb-columns ugb-d8cec91 ugb-columns--design-plain ugb-columns--columns-2 ugb-main-block\"><div class=\"ugb-inner-block\"><div class=\"ugb-block-content\"><div class=\"ugb-columns__item ugb-d8cec91-content-wrapper\">\n<div class=\"wp-block-ugb-column ugb-column ugb-b32e599 ugb-column--design-plain ugb-main-block\"><div class=\"ugb-inner-block\"><div class=\"ugb-block-content\"><div class=\"ugb-column__item ugb-b32e599-column-wrapper\"><div class=\"ugb-column__content-wrapper\">\n<figure class=\"wp-block-image size-large is-style-default\"><img loading=\"lazy\" decoding=\"async\" width=\"640\" height=\"426\" src=\"https:\/\/portal.rare.org\/wp-content\/uploads\/2019\/04\/GWS00473.jpg\" alt=\"\" class=\"wp-image-3741\" srcset=\"https:\/\/portal.rare.org\/wp-content\/uploads\/2019\/04\/GWS00473.jpg 640w, https:\/\/portal.rare.org\/wp-content\/uploads\/2019\/04\/GWS00473-300x200.jpg 300w, https:\/\/portal.rare.org\/wp-content\/uploads\/2019\/04\/GWS00473-624x415.jpg 624w, https:\/\/portal.rare.org\/wp-content\/uploads\/2019\/04\/GWS00473-84x56.jpg 84w\" sizes=\"auto, (max-width: 640px) 100vw, 640px\" \/><\/figure>\n\n\n\n<h4 class=\"wp-block-heading\">Clubes de ahorro<\/h4>\n\n\n\n<p>Los clubes de ahorro ayudan a crear un colch\u00f3n financiero frente a la incertidumbre y las conmociones externas y ayudan a fortalecer la confianza entre los miembros de la comunidad. A largo plazo, ayudan a las comunidades a recuperarse m\u00e1s r\u00e1pido cuando ocurre algo inesperado, lo que reduce la necesidad de pescar en exceso para compensar la p\u00e9rdida de ingresos.<\/p>\n\n\n\n<div class=\"wp-block-buttons is-layout-flex wp-block-buttons-is-layout-flex\">\n<div class=\"wp-block-button\"><a class=\"wp-block-button__link\" href=\"https:\/\/portal.rare.org\/wp-content\/uploads\/2021\/03\/Savings Clubs.pdf\" target=\"_blank\" rel=\"noreferrer noopener\">Descargar documento de orientaci\u00f3n<\/a><\/div>\n<\/div>\n<\/div><\/div><\/div><\/div><\/div>\n\n\n\n<div class=\"wp-block-ugb-column ugb-column ugb-768565c ugb-column--design-plain ugb-main-block\"><div class=\"ugb-inner-block\"><div class=\"ugb-block-content\"><div class=\"ugb-column__item ugb-768565c-column-wrapper\"><div class=\"ugb-column__content-wrapper\">\n<figure class=\"wp-block-image size-large is-style-default\"><img loading=\"lazy\" decoding=\"async\" width=\"1024\" height=\"684\" src=\"https:\/\/portal.rare.org\/wp-content\/uploads\/2019\/04\/myanmar-fisheries-215-1024x684.jpg\" alt=\"\" class=\"wp-image-817\" srcset=\"https:\/\/portal.rare.org\/wp-content\/uploads\/2019\/04\/myanmar-fisheries-215-1024x684.jpg 1024w, https:\/\/portal.rare.org\/wp-content\/uploads\/2019\/04\/myanmar-fisheries-215-300x200.jpg 300w, https:\/\/portal.rare.org\/wp-content\/uploads\/2019\/04\/myanmar-fisheries-215-768x513.jpg 768w, https:\/\/portal.rare.org\/wp-content\/uploads\/2019\/04\/myanmar-fisheries-215-947x632.jpg 947w, https:\/\/portal.rare.org\/wp-content\/uploads\/2019\/04\/myanmar-fisheries-215-624x417.jpg 624w, https:\/\/portal.rare.org\/wp-content\/uploads\/2019\/04\/myanmar-fisheries-215-84x56.jpg 84w, https:\/\/portal.rare.org\/wp-content\/uploads\/2019\/04\/myanmar-fisheries-215.jpg 2048w\" sizes=\"auto, (max-width: 1024px) 100vw, 1024px\" \/><\/figure>\n\n\n\n<h4 class=\"wp-block-heading\">Empresas comunitarias<\/h4>\n\n\n\n<p>Las empresas comunitarias aprovechar\u00e1n el sistema de clubes de ahorro de Fish Forever para ayudar a mejorar las cadenas de valor locales mientras mantienen importantes v\u00ednculos sociales.<\/p>\n\n\n\n<div class=\"wp-block-buttons is-layout-flex wp-block-buttons-is-layout-flex\">\n<div class=\"wp-block-button\"><a class=\"wp-block-button__link\" href=\"https:\/\/portal.rare.org\/wp-content\/uploads\/2021\/03\/Commuity-Enterprises.pdf\" target=\"_blank\" rel=\"noreferrer noopener\">Descargar documento de orientaci\u00f3n<\/a><\/div>\n<\/div>\n<\/div><\/div><\/div><\/div><\/div>\n<\/div><\/div><\/div><\/div>\n\n\n\n<div class=\"wp-block-ugb-columns ugb-columns ugb-4462bc4 ugb-columns--design-plain ugb-columns--columns-2 ugb-main-block\"><div class=\"ugb-inner-block\"><div class=\"ugb-block-content\"><div class=\"ugb-columns__item ugb-4462bc4-content-wrapper\">\n<div class=\"wp-block-ugb-column ugb-column ugb-557b7d9 ugb-column--design-plain ugb-main-block\"><div class=\"ugb-inner-block\"><div class=\"ugb-block-content\"><div class=\"ugb-column__item ugb-557b7d9-column-wrapper\"><div class=\"ugb-column__content-wrapper\">\n<figure class=\"wp-block-image size-large is-style-default\"><img loading=\"lazy\" decoding=\"async\" width=\"640\" height=\"426\" src=\"https:\/\/portal.rare.org\/wp-content\/uploads\/2019\/04\/GWS00432.jpg\" alt=\"\" class=\"wp-image-3738\" srcset=\"https:\/\/portal.rare.org\/wp-content\/uploads\/2019\/04\/GWS00432.jpg 640w, https:\/\/portal.rare.org\/wp-content\/uploads\/2019\/04\/GWS00432-300x200.jpg 300w, https:\/\/portal.rare.org\/wp-content\/uploads\/2019\/04\/GWS00432-624x415.jpg 624w, https:\/\/portal.rare.org\/wp-content\/uploads\/2019\/04\/GWS00432-84x56.jpg 84w\" sizes=\"auto, (max-width: 640px) 100vw, 640px\" \/><\/figure>\n\n\n\n<h4 class=\"wp-block-heading\">Educaci\u00f3n financiera<\/h4>\n\n\n\n<p>La educaci\u00f3n financiera es fundamental para mejorar el acceso a los servicios financieros y fortalecer la ordenaci\u00f3n pesquera. Estas herramientas tambi\u00e9n ponen un \u00e9nfasis especial en ense\u00f1ar a las mujeres habilidades para administrar los presupuestos dom\u00e9sticos y administrar microempresas y peque\u00f1as empresas.<\/p>\n\n\n\n<div class=\"wp-block-buttons is-layout-flex wp-block-buttons-is-layout-flex\">\n<div class=\"wp-block-button\"><a class=\"wp-block-button__link\" href=\"https:\/\/portal.rare.org\/wp-content\/uploads\/2021\/03\/Financial-Literacy.pdf\" target=\"_blank\" rel=\"noreferrer noopener\">Descargar documento de orientaci\u00f3n<\/a><\/div>\n<\/div>\n<\/div><\/div><\/div><\/div><\/div>\n\n\n\n<div class=\"wp-block-ugb-column ugb-column ugb-2b16984 ugb-column--design-plain ugb-main-block\"><div class=\"ugb-inner-block\"><div class=\"ugb-block-content\"><div class=\"ugb-column__item ugb-2b16984-column-wrapper\"><div class=\"ugb-column__content-wrapper\">\n<figure class=\"wp-block-image size-large is-style-default\"><img loading=\"lazy\" decoding=\"async\" width=\"1024\" height=\"683\" src=\"https:\/\/portal.rare.org\/wp-content\/uploads\/2019\/04\/GWS-09631-1024x683.jpg\" alt=\"\" class=\"wp-image-761\" srcset=\"https:\/\/portal.rare.org\/wp-content\/uploads\/2019\/04\/GWS-09631.jpg 1024w, https:\/\/portal.rare.org\/wp-content\/uploads\/2019\/04\/GWS-09631-300x200.jpg 300w, https:\/\/portal.rare.org\/wp-content\/uploads\/2019\/04\/GWS-09631-768x512.jpg 768w, https:\/\/portal.rare.org\/wp-content\/uploads\/2019\/04\/GWS-09631-947x632.jpg 947w, https:\/\/portal.rare.org\/wp-content\/uploads\/2019\/04\/GWS-09631-624x416.jpg 624w, https:\/\/portal.rare.org\/wp-content\/uploads\/2019\/04\/GWS-09631-84x56.jpg 84w\" sizes=\"auto, (max-width: 1024px) 100vw, 1024px\" \/><\/figure>\n\n\n\n<h4 class=\"wp-block-heading\">An\u00e1lisis de la cadena de valor (VCA)<\/h4>\n\n\n\n<p>Comprender y evaluar las relaciones entre los pescadores y compradores para mejorar el valor que la pesca proporciona a los pescadores y al siguiente nivel en la cadena de valor de los productos del mar.<\/p>\n\n\n\n<div class=\"wp-block-buttons is-layout-flex wp-block-buttons-is-layout-flex\">\n<div class=\"wp-block-button\"><a class=\"wp-block-button__link\" href=\"https:\/\/portal.rare.org\/wp-content\/uploads\/2021\/03\/VCA-guidelines.pdf\" target=\"_blank\" rel=\"noreferrer noopener\">Descargar documento de orientaci\u00f3n<\/a><\/div>\n<\/div>\n<\/div><\/div><\/div><\/div><\/div>\n<\/div><\/div><\/div><\/div>\n\n\n\n<p><\/p>","protected":false},"excerpt":{"rendered":"<p>Coastal fishing communities are often remote, marginalized, and vulnerable to external shocks such as natural disasters, declining fishing productivity, and more. To increase and improve fisher household incomes and wellbeing and help communities better withstand outside shocks, use the set of tools below to address four essential aspects of financial [&hellip;]<\/p>\n","protected":false},"author":1,"featured_media":0,"parent":448,"menu_order":5,"comment_status":"closed","ping_status":"closed","template":"template-fullwidth.php","meta":{"footnotes":""},"folder":[],"class_list":["post-2121","page","type-page","status-publish","hentry"],"featured_image_urls":{"full":"","thumbnail":"","medium":"","medium_large":"","large":"","1536x1536":"","2048x2048":"","trp-custom-language-flag":"","homepage-slider":"","homepage-slider-small":"","page-top":"","page-small":"","loop-main":"","thumb-gallery-widget":""},"post_excerpt_stackable":"<p>Coastal fishing communities are often remote, marginalized, and vulnerable to external shocks such as natural disasters, declining fishing productivity, and more. To increase and improve fisher household incomes and wellbeing and help communities better withstand outside shocks, use the set of tools below to address four essential aspects of financial and market inclusion. Savings Clubs Savings clubs help create a financial cushion in the face of uncertainty and external shocks and help strengthen trust among community members. In the long run, they help communities recover faster when the unexpected happens, reducing a need to overfish to make up for lost&hellip;<\/p>\n","category_list":"","author_info":{"name":"gstoyle@rare.org","url":"https:\/\/portal.rare.org\/es\/author\/gstoylerare-org\/"},"comments_num":"0 comments","featured_image_urls_v2":{"full":"","thumbnail":"","medium":"","medium_large":"","large":"","1536x1536":"","2048x2048":"","trp-custom-language-flag":"","homepage-slider":"","homepage-slider-small":"","page-top":"","page-small":"","loop-main":"","thumb-gallery-widget":""},"post_excerpt_stackable_v2":"<p>Coastal fishing communities are often remote, marginalized, and vulnerable to external shocks such as natural disasters, declining fishing productivity, and more. To increase and improve fisher household incomes and wellbeing and help communities better withstand outside shocks, use the set of tools below to address four essential aspects of financial and market inclusion. Savings Clubs Savings clubs help create a financial cushion in the face of uncertainty and external shocks and help strengthen trust among community members. In the long run, they help communities recover faster when the unexpected happens, reducing a need to overfish to make up for lost&hellip;<\/p>\n","category_list_v2":"","author_info_v2":{"name":"gstoyle@rare.org","url":"https:\/\/portal.rare.org\/es\/author\/gstoylerare-org\/"},"comments_num_v2":"0 comments","_links":{"self":[{"href":"https:\/\/portal.rare.org\/es\/wp-json\/wp\/v2\/pages\/2121","targetHints":{"allow":["GET"]}}],"collection":[{"href":"https:\/\/portal.rare.org\/es\/wp-json\/wp\/v2\/pages"}],"about":[{"href":"https:\/\/portal.rare.org\/es\/wp-json\/wp\/v2\/types\/page"}],"author":[{"embeddable":true,"href":"https:\/\/portal.rare.org\/es\/wp-json\/wp\/v2\/users\/1"}],"replies":[{"embeddable":true,"href":"https:\/\/portal.rare.org\/es\/wp-json\/wp\/v2\/comments?post=2121"}],"version-history":[{"count":0,"href":"https:\/\/portal.rare.org\/es\/wp-json\/wp\/v2\/pages\/2121\/revisions"}],"up":[{"embeddable":true,"href":"https:\/\/portal.rare.org\/es\/wp-json\/wp\/v2\/pages\/448"}],"wp:attachment":[{"href":"https:\/\/portal.rare.org\/es\/wp-json\/wp\/v2\/media?parent=2121"}],"wp:term":[{"taxonomy":"folder","embeddable":true,"href":"https:\/\/portal.rare.org\/es\/wp-json\/wp\/v2\/folder?post=2121"}],"curies":[{"name":"wp","href":"https:\/\/api.w.org\/{rel}","templated":true}]}}