{"id":434,"date":"2019-02-11T08:59:38","date_gmt":"2019-02-11T08:59:38","guid":{"rendered":"http:\/\/rare.georgestoyle.com\/?page_id=434"},"modified":"2021-05-27T18:00:01","modified_gmt":"2021-05-27T18:00:01","slug":"build-effective-management-bodies","status":"publish","type":"page","link":"https:\/\/portal.rare.org\/es\/tools-and-data\/build-effective-management-bodies\/","title":{"rendered":"Crear \u00f3rganos de gesti\u00f3n eficaces"},"content":{"rendered":"<p>Las pesquer\u00edas costeras basadas en la comunidad son una actividad inherentemente local, pero el enfoque de gesti\u00f3n predominante para estas pesquer\u00edas no ha reflejado esa caracter\u00edstica central. Existe una brecha cr\u00edtica para las pesquer\u00edas costeras de base comunitaria porque los marcos de gobernanza y la toma de decisiones en torno a ellos no han sido claros, demasiado complejos o centralizados en las autoridades nacionales. Incluso en pa\u00edses donde la autoridad para gestionar la pesca costera se ha delegado a nivel local, sigue existiendo una brecha cr\u00f3nica de capacidad en la organizaci\u00f3n y ejecuci\u00f3n de una gesti\u00f3n eficaz en este sector pesquero dispar y diverso.<\/p>\n<p>La estrategia de Fish Forever es desarrollar la capacidad de los grupos de gesti\u00f3n para garantizar una toma de decisiones transparente, equitativa y representativa para las pesquer\u00edas locales que reflejen los deseos de las comunidades constituyentes y las partes interesadas.<\/p>\n\n\n<div class=\"wp-block-buttons is-layout-flex wp-block-buttons-is-layout-flex\">\n<div class=\"wp-block-button\"><a class=\"wp-block-button__link\" href=\"https:\/\/portal.rare.org\/wp-content\/uploads\/2021\/05\/Spanish-Building-Effective-Management-Bodies052121.pdf\" target=\"_blank\" rel=\"noreferrer noopener\">Descargar documento de orientaci\u00f3n<\/a><\/div>\n<\/div>","protected":false},"excerpt":{"rendered":"<p>Coastal community-based fisheries are an inherently local activity, but the prevailing management approach to these fisheries has not reflected that central characteristic. A critical gap exists for coastal community-based fisheries because the governance frameworks and decision making around them have been unclear, overly complex or centralized in national authorities. Even [&hellip;]<\/p>\n","protected":false},"author":1,"featured_media":0,"parent":2228,"menu_order":3,"comment_status":"closed","ping_status":"closed","template":"template-fullwidth.php","meta":{"footnotes":""},"folder":[373],"class_list":["post-434","page","type-page","status-publish","hentry"],"featured_image_urls":{"full":"","thumbnail":"","medium":"","medium_large":"","large":"","1536x1536":"","2048x2048":"","trp-custom-language-flag":"","homepage-slider":"","homepage-slider-small":"","page-top":"","page-small":"","loop-main":"","thumb-gallery-widget":""},"post_excerpt_stackable":"<p>Coastal community-based fisheries are an inherently local activity, but the prevailing management approach to these fisheries has not reflected that central characteristic. A critical gap exists for coastal community-based fisheries because the governance frameworks and decision making around them have been unclear, overly complex or centralized in national authorities. Even in countries where authority to manage coastal fisheries has been devolved to a local level, there remains a chronic capacity gap in the organization and execution of effective management over this disparate and diverse fisheries sector. Fish Forever\u2019s strategy is to build the capacity of management groups to ensure transparent,&hellip;<\/p>\n","category_list":"","author_info":{"name":"gstoyle@rare.org","url":"https:\/\/portal.rare.org\/es\/author\/gstoylerare-org\/"},"comments_num":"0 comments","featured_image_urls_v2":{"full":"","thumbnail":"","medium":"","medium_large":"","large":"","1536x1536":"","2048x2048":"","trp-custom-language-flag":"","homepage-slider":"","homepage-slider-small":"","page-top":"","page-small":"","loop-main":"","thumb-gallery-widget":""},"post_excerpt_stackable_v2":"<p>Coastal community-based fisheries are an inherently local activity, but the prevailing management approach to these fisheries has not reflected that central characteristic. A critical gap exists for coastal community-based fisheries because the governance frameworks and decision making around them have been unclear, overly complex or centralized in national authorities. Even in countries where authority to manage coastal fisheries has been devolved to a local level, there remains a chronic capacity gap in the organization and execution of effective management over this disparate and diverse fisheries sector. Fish Forever\u2019s strategy is to build the capacity of management groups to ensure transparent,&hellip;<\/p>\n","category_list_v2":"","author_info_v2":{"name":"gstoyle@rare.org","url":"https:\/\/portal.rare.org\/es\/author\/gstoylerare-org\/"},"comments_num_v2":"0 comments","_links":{"self":[{"href":"https:\/\/portal.rare.org\/es\/wp-json\/wp\/v2\/pages\/434","targetHints":{"allow":["GET"]}}],"collection":[{"href":"https:\/\/portal.rare.org\/es\/wp-json\/wp\/v2\/pages"}],"about":[{"href":"https:\/\/portal.rare.org\/es\/wp-json\/wp\/v2\/types\/page"}],"author":[{"embeddable":true,"href":"https:\/\/portal.rare.org\/es\/wp-json\/wp\/v2\/users\/1"}],"replies":[{"embeddable":true,"href":"https:\/\/portal.rare.org\/es\/wp-json\/wp\/v2\/comments?post=434"}],"version-history":[{"count":0,"href":"https:\/\/portal.rare.org\/es\/wp-json\/wp\/v2\/pages\/434\/revisions"}],"up":[{"embeddable":true,"href":"https:\/\/portal.rare.org\/es\/wp-json\/wp\/v2\/pages\/2228"}],"wp:attachment":[{"href":"https:\/\/portal.rare.org\/es\/wp-json\/wp\/v2\/media?parent=434"}],"wp:term":[{"taxonomy":"folder","embeddable":true,"href":"https:\/\/portal.rare.org\/es\/wp-json\/wp\/v2\/folder?post=434"}],"curies":[{"name":"wp","href":"https:\/\/api.w.org\/{rel}","templated":true}]}}