{"id":448,"date":"2019-02-11T09:08:27","date_gmt":"2019-02-11T09:08:27","guid":{"rendered":"http:\/\/rare.georgestoyle.com\/?page_id=448"},"modified":"2023-07-18T18:45:36","modified_gmt":"2023-07-18T18:45:36","slug":"program-resources","status":"publish","type":"page","link":"https:\/\/portal.rare.org\/es\/program-resources\/","title":{"rendered":"Recursos del programa"},"content":{"rendered":"<p>Estamos aqu\u00ed para ayudarlo en su viaje hacia una pesca sostenible y una protecci\u00f3n eficaz. <\/p>\n\n\n\n<p>Estos recursos son para socios e implementadores de Fish Forever. <\/p>\n\n\n\n<div class=\"wp-block-ugb-columns ugb-columns ugb-ebe364b ugb-columns--design-plain ugb-columns--columns-3 ugb-main-block\"><div class=\"ugb-inner-block\"><div class=\"ugb-block-content\"><div class=\"ugb-columns__item ugb-ebe364b-content-wrapper\">\n<div class=\"wp-block-ugb-column ugb-column ugb-b108149 ugb-column--design-plain ugb-main-block\"><div class=\"ugb-inner-block\"><div class=\"ugb-block-content\"><div class=\"ugb-column__item ugb-b108149-column-wrapper\"><div class=\"ugb-column__content-wrapper\">\n<figure class=\"wp-block-image size-large is-style-default\"><a href=\"https:\/\/portal.rare.org\/es\/program-resources\/strategy\/\"><img loading=\"lazy\" decoding=\"async\" width=\"522\" height=\"522\" src=\"https:\/\/portal.rare.org\/wp-content\/uploads\/2021\/05\/program-strategy.jpg\" alt=\"\" class=\"wp-image-7706\" srcset=\"https:\/\/portal.rare.org\/wp-content\/uploads\/2021\/05\/program-strategy.jpg 522w, https:\/\/portal.rare.org\/wp-content\/uploads\/2021\/05\/program-strategy-300x300.jpg 300w, https:\/\/portal.rare.org\/wp-content\/uploads\/2021\/05\/program-strategy-150x150.jpg 150w, https:\/\/portal.rare.org\/wp-content\/uploads\/2021\/05\/program-strategy-12x12.jpg 12w\" sizes=\"auto, (max-width: 522px) 100vw, 522px\" \/><\/a><\/figure>\n\n\n\n<h3 class=\"wp-block-heading has-text-align-center plain-link\">Estrategia del programa<\/h3>\n\n\n\n<p class=\"has-text-align-center\">Familiar\u00edcese con los principios en los que se basa el enfoque que empleamos y aprenda a integrar perfectamente esta estrategia en sus interacciones con las comunidades pesqueras y los gobiernos locales.<\/p>\n<\/div><\/div><\/div><\/div><\/div>\n\n\n\n<div class=\"wp-block-ugb-column ugb-column ugb-63981de ugb-column--design-plain ugb-main-block\"><div class=\"ugb-inner-block\"><div class=\"ugb-block-content\"><div class=\"ugb-column__item ugb-63981de-column-wrapper\"><div class=\"ugb-column__content-wrapper\">\n<figure class=\"wp-block-image size-large is-style-default\"><a href=\"https:\/\/portal.rare.org\/es\/program-resources\/program-delivery\/\"><img loading=\"lazy\" decoding=\"async\" width=\"522\" height=\"522\" src=\"https:\/\/portal.rare.org\/wp-content\/uploads\/2021\/05\/program-delivery.jpg\" alt=\"\" class=\"wp-image-7705\" srcset=\"https:\/\/portal.rare.org\/wp-content\/uploads\/2021\/05\/program-delivery.jpg 522w, https:\/\/portal.rare.org\/wp-content\/uploads\/2021\/05\/program-delivery-300x300.jpg 300w, https:\/\/portal.rare.org\/wp-content\/uploads\/2021\/05\/program-delivery-150x150.jpg 150w, https:\/\/portal.rare.org\/wp-content\/uploads\/2021\/05\/program-delivery-12x12.jpg 12w\" sizes=\"auto, (max-width: 522px) 100vw, 522px\" \/><\/a><\/figure>\n\n\n\n<h3 class=\"wp-block-heading has-text-align-center plain-link\">Recursos del implementador<\/h3>\n\n\n\n<p class=\"has-text-align-center\">Explore la Biblioteca de recursos para ejecutores, su plataforma de acceso que ofrece una amplia gama de informaci\u00f3n y herramientas para apoyar la gesti\u00f3n comunitaria de la pesca costera sostenible.<\/p>\n<\/div><\/div><\/div><\/div><\/div>\n\n\n\n<div class=\"wp-block-ugb-column ugb-column ugb-8a4d3c3 ugb-column--design-plain ugb-main-block\"><div class=\"ugb-inner-block\"><div class=\"ugb-block-content\"><div class=\"ugb-column__item ugb-8a4d3c3-column-wrapper\"><div class=\"ugb-column__content-wrapper\">\n<figure class=\"wp-block-image size-large is-style-default\"><a href=\"https:\/\/portal.rare.org\/es\/program-resources\/monitoring-evaluation\/\"><img loading=\"lazy\" decoding=\"async\" width=\"522\" height=\"522\" src=\"https:\/\/portal.rare.org\/wp-content\/uploads\/2021\/05\/m-and-e.jpg\" alt=\"\" class=\"wp-image-7703\" srcset=\"https:\/\/portal.rare.org\/wp-content\/uploads\/2021\/05\/m-and-e.jpg 522w, https:\/\/portal.rare.org\/wp-content\/uploads\/2021\/05\/m-and-e-300x300.jpg 300w, https:\/\/portal.rare.org\/wp-content\/uploads\/2021\/05\/m-and-e-150x150.jpg 150w, https:\/\/portal.rare.org\/wp-content\/uploads\/2021\/05\/m-and-e-12x12.jpg 12w\" sizes=\"auto, (max-width: 522px) 100vw, 522px\" \/><\/a><\/figure>\n\n\n\n<h3 class=\"wp-block-heading has-text-align-center plain-link\">ME<\/h3>\n\n\n\n<p class=\"has-text-align-center\">Descargue la Gu\u00eda, la Matriz y los Hitos de M&amp;E de Fish Forever y obtenga m\u00e1s informaci\u00f3n sobre nuestras m\u00e9tricas, resultados e indicadores de impacto y c\u00f3mo puede incorporar algunos de estos en su propia programaci\u00f3n.<\/p>\n<\/div><\/div><\/div><\/div><\/div>\n<\/div><\/div><\/div><\/div>","protected":false},"excerpt":{"rendered":"<p>We are here to help on your journey to sustainable fisheries and effective protection. These resources are for Fish Forever partners and implementers. Program Strategy Familiarize yourself with the principles behind the approach we employ, and learn how to seamlessly integrate this strategy into your interactions with fishing communities and [&hellip;]<\/p>\n","protected":false},"author":1,"featured_media":0,"parent":0,"menu_order":2,"comment_status":"closed","ping_status":"closed","template":"template-fullwidth.php","meta":{"footnotes":""},"folder":[368],"class_list":["post-448","page","type-page","status-publish","hentry"],"featured_image_urls":{"full":"","thumbnail":"","medium":"","medium_large":"","large":"","1536x1536":"","2048x2048":"","trp-custom-language-flag":"","homepage-slider":"","homepage-slider-small":"","page-top":"","page-small":"","loop-main":"","thumb-gallery-widget":""},"post_excerpt_stackable":"<p>We are here to help on your journey to sustainable fisheries and effective protection. These resources are for Fish Forever partners and implementers. Program Strategy Familiarize yourself with the principles behind the approach we employ, and learn how to seamlessly integrate this strategy into your interactions with fishing communities and local governments. Implementer Resources Explore the Implementer Resources Library, your go-to platform offering a comprehensive array of information and tools to support community-led management for sustainable coastal fisheries. M&amp;E Download the Fish Forever M&amp;E Guide, Matrix, and Milestones and learn more about how our metrics, outcomes, and impact indicators and&hellip;<\/p>\n","category_list":"","author_info":{"name":"gstoyle@rare.org","url":"https:\/\/portal.rare.org\/es\/author\/gstoylerare-org\/"},"comments_num":"0 comments","featured_image_urls_v2":{"full":"","thumbnail":"","medium":"","medium_large":"","large":"","1536x1536":"","2048x2048":"","trp-custom-language-flag":"","homepage-slider":"","homepage-slider-small":"","page-top":"","page-small":"","loop-main":"","thumb-gallery-widget":""},"post_excerpt_stackable_v2":"<p>We are here to help on your journey to sustainable fisheries and effective protection. These resources are for Fish Forever partners and implementers. Program Strategy Familiarize yourself with the principles behind the approach we employ, and learn how to seamlessly integrate this strategy into your interactions with fishing communities and local governments. Implementer Resources Explore the Implementer Resources Library, your go-to platform offering a comprehensive array of information and tools to support community-led management for sustainable coastal fisheries. M&amp;E Download the Fish Forever M&amp;E Guide, Matrix, and Milestones and learn more about how our metrics, outcomes, and impact indicators and&hellip;<\/p>\n","category_list_v2":"","author_info_v2":{"name":"gstoyle@rare.org","url":"https:\/\/portal.rare.org\/es\/author\/gstoylerare-org\/"},"comments_num_v2":"0 comments","_links":{"self":[{"href":"https:\/\/portal.rare.org\/es\/wp-json\/wp\/v2\/pages\/448","targetHints":{"allow":["GET"]}}],"collection":[{"href":"https:\/\/portal.rare.org\/es\/wp-json\/wp\/v2\/pages"}],"about":[{"href":"https:\/\/portal.rare.org\/es\/wp-json\/wp\/v2\/types\/page"}],"author":[{"embeddable":true,"href":"https:\/\/portal.rare.org\/es\/wp-json\/wp\/v2\/users\/1"}],"replies":[{"embeddable":true,"href":"https:\/\/portal.rare.org\/es\/wp-json\/wp\/v2\/comments?post=448"}],"version-history":[{"count":0,"href":"https:\/\/portal.rare.org\/es\/wp-json\/wp\/v2\/pages\/448\/revisions"}],"wp:attachment":[{"href":"https:\/\/portal.rare.org\/es\/wp-json\/wp\/v2\/media?parent=448"}],"wp:term":[{"taxonomy":"folder","embeddable":true,"href":"https:\/\/portal.rare.org\/es\/wp-json\/wp\/v2\/folder?post=448"}],"curies":[{"name":"wp","href":"https:\/\/api.w.org\/{rel}","templated":true}]}}