{"id":4802,"date":"2020-05-05T12:51:43","date_gmt":"2020-05-05T12:51:43","guid":{"rendered":"https:\/\/portal-dev.rare.org\/?page_id=4802"},"modified":"2024-01-04T19:41:58","modified_gmt":"2024-01-04T19:41:58","slug":"program-delivery","status":"publish","type":"page","link":"https:\/\/portal.rare.org\/es\/program-resources\/program-delivery\/","title":{"rendered":"Recursos del implementador"},"content":{"rendered":"<div class=\"wp-block-ugb-columns ugb-columns ugb-8d05003 ugb-columns--design-plain ugb-columns--columns-2 ugb-main-block\"><style>.ugb-8d05003 > .ugb-inner-block > .ugb-block-content > .ugb-columns__item{grid-template-columns:0.90fr 1.10fr !important}@media screen and (min-width:768px){.ugb-8d05003.ugb-columns{margin-bottom:-30px !important}}<\/style><div class=\"ugb-inner-block\"><div class=\"ugb-block-content\"><div class=\"ugb-columns__item ugb-8d05003-content-wrapper\">\n<div class=\"wp-block-ugb-column ugb-column ugb-0bdd94d ugb-column--design-plain ugb-main-block\"><style>@media screen and (min-width:768px){.ugb-0bdd94d > .ugb-inner-block > .ugb-block-content > *{padding-top:0px !important;padding-bottom:33px !important;padding-right:0px !important;padding-left:0px !important}}<\/style><div class=\"ugb-inner-block\"><div class=\"ugb-block-content\"><div class=\"ugb-column__item ugb-0bdd94d-column-wrapper\"><div class=\"ugb-column__content-wrapper\">\n<h3 class=\"wp-block-heading\">Poner la estrategia en acci\u00f3n<\/h3>\n\n\n\n<p>Hace falta algo m\u00e1s que un pueblo.<\/p>\n\n\n\n<p>Se necesitan pueblos, l\u00edderes y socios que trabajen juntos por un objetivo com\u00fan.&nbsp;&nbsp;<\/p>\n\n\n\n<p>Se necesitan recursos para que personas comprometidas y capacitadas creen ondas de cambio en sus hogares, comunidades y organizaciones.<\/p>\n\n\n\n<p>En Fish Forever's Hub creemos en el poder del intercambio de conocimientos y experiencias para inspirar el cambio que permita prosperar a las personas y a la naturaleza.<\/p>\n\n\n\n<p><\/p>\n<\/div><\/div><\/div><\/div><\/div>\n\n\n\n<div class=\"wp-block-ugb-column ugb-column ugb-d356715 ugb-column--design-plain ugb-main-block\"><style>@media screen and (min-width:768px){.ugb-d356715.ugb-column{margin-top:62px !important}}<\/style><div class=\"ugb-inner-block\"><div class=\"ugb-block-content\"><div class=\"ugb-column__item ugb-d356715-column-wrapper\"><div class=\"ugb-column__content-wrapper\">\n<figure class=\"wp-block-embed is-type-video is-provider-youtube wp-block-embed-youtube wp-embed-aspect-16-9 wp-has-aspect-ratio\"><div class=\"wp-block-embed__wrapper\">\n<iframe loading=\"lazy\" title=\"Fish Forever: Guardianes del mar\" width=\"887\" height=\"499\" src=\"https:\/\/www.youtube.com\/embed\/zJ7HWT5fKFw?feature=oembed\" frameborder=\"0\" allow=\"accelerometer; autoplay; clipboard-write; encrypted-media; gyroscope; picture-in-picture; web-share\" allowfullscreen><\/iframe>\n<\/div><\/figure>\n<\/div><\/div><\/div><\/div><\/div>\n<\/div><\/div><\/div><\/div>\n\n\n\n<div class=\"wp-block-ugb-divider ugb-divider ugb-2ff327b ugb-divider--v2 ugb-divider--design-dots ugb-main-block\"><style>.ugb-2ff327b .ugb-divider__dots{width:10% !important;margin-left:auto !important;margin-right:auto !important}.ugb-2ff327b .ugb-divider__dot{height:7px !important;width:7px !important}<\/style><div class=\"ugb-inner-block\"><div class=\"ugb-block-content\"><hr class=\"ugb-divider__hr\"\/><div class=\"ugb-divider__dots\" aria-hidden=\"true\"><div class=\"ugb-divider__dot\"><\/div><div class=\"ugb-divider__dot\"><\/div><div class=\"ugb-divider__dot\"><\/div><\/div><\/div><\/div><\/div>\n\n\n\n<div class=\"wp-block-stackable-columns stk-block-columns stk-block stk-80e90ab\" data-block-id=\"80e90ab\"><style>.stk-80e90ab{border-top-left-radius:12px !important;border-top-right-radius:12px !important;border-bottom-right-radius:12px !important;border-bottom-left-radius:12px !important;overflow:hidden !important;box-shadow:0 5px 5px 0 rgba(18,63,82,0.035) !important;border-style:solid !important;border-color:#e3e3e3 !important;border-top-width:0px !important;border-right-width:0px !important;border-bottom-width:0px !important;border-left-width:0px !important;margin-bottom:27px !important}.stk-80e90ab > .stk-separator__top .stk-separator__wrapper{transform:scaleX(1) !important;height:30px !important}.stk-80e90ab > .stk-separator__top svg{filter:none !important}<\/style><div class=\"stk-row stk-inner-blocks stk-block-content stk-content-align stk-80e90ab-column\">\n<div class=\"wp-block-stackable-column stk-block-column stk-column stk-block stk-92fc09e\" data-v=\"4\" data-block-id=\"92fc09e\"><style>@media screen and (min-width:768px){.stk-92fc09e{flex:1 1 calc(40.7% - var(--stk-column-gap,0px) * 1 \/ 2 ) !important}}<\/style><div class=\"stk-column-wrapper stk-block-column__content stk-container stk-92fc09e-container stk--no-background stk--no-padding\"><div class=\"stk-block-content stk-inner-blocks stk-92fc09e-inner-blocks\">\n<h2 class=\"wp-block-heading has-text-align-center\"><span style=\"color: #003b7a;\" class=\"ugb-highlight\">Biblioteca de recursos para ejecutores<\/span><\/h2>\n\n\n\n<p>La Biblioteca de Recursos del Implementador es una colecci\u00f3n de herramientas creadas para dar vida al enfoque Fish Forever con coherencia, claridad y diversi\u00f3n.<\/p>\n\n\n\n<p>Los hemos dise\u00f1ado para personas como usted, que trabajan con comunidades y socios para establecer una gesti\u00f3n sostenible de los recursos costeros dirigida por la comunidad.  Navegue por las orientaciones de alto nivel, las gu\u00edas del facilitador, los m\u00f3dulos introductorios y los juegos; elija, mezcle, combine y adapte los que mejor se ajusten a su contexto.<\/p>\n\n\n\n<div class=\"wp-block-buttons is-horizontal is-content-justification-center is-layout-flex wp-container-core-buttons-is-layout-499968f5 wp-block-buttons-is-layout-flex\">\n<div class=\"wp-block-button\"><a class=\"wp-block-button__link wp-element-button\" href=\"https:\/\/portal.rare.org\/es\/tools-and-data\/implementer_resources_search\/\">Recursos<\/a><\/div>\n<\/div>\n<\/div><\/div><\/div>\n\n\n\n<div class=\"wp-block-stackable-column stk-block-column stk-column stk-block stk-fcd319a stk-block-background\" data-v=\"4\" data-block-id=\"fcd319a\"><style>.stk-fcd319a-container{margin-top:0px !important;margin-right:0px !important;margin-bottom:0px !important;margin-left:0px !important}.stk-fcd319a{align-self:stretch !important}.stk-fcd319a-inner-blocks{align-items:center !important;justify-content:center !important;row-gap:0px !important}@media screen and (min-width:768px){.stk-fcd319a{flex:1 1 calc(59.3% - var(--stk-column-gap,0px) * 1 \/ 2 ) !important}}<\/style><div class=\"stk-column-wrapper stk-block-column__content stk-container stk-fcd319a-container stk--no-background stk--no-padding\"><div class=\"has-text-align-center stk--column-flex stk-block-content stk-inner-blocks stk-fcd319a-inner-blocks\">\n<figure class=\"wp-block-video aligncenter\"><video height=\"720\" style=\"aspect-ratio: 1280 \/ 720;\" width=\"1280\" autoplay controls loop muted src=\"https:\/\/portal.rare.org\/wp-content\/uploads\/2023\/05\/2023-05-22-21-19-27.mp4\" playsinline><\/video><\/figure>\n<\/div><\/div><\/div>\n<\/div><\/div>\n\n\n\n<div class=\"wp-block-ugb-divider ugb-divider ugb-49c0e89 ugb-divider--v2 ugb-divider--design-dots ugb-main-block\"><style>.ugb-49c0e89 .ugb-divider__dots{width:10% !important;margin-left:auto !important;margin-right:auto !important}.ugb-49c0e89 .ugb-divider__dot{height:7px !important;width:7px !important}<\/style><div class=\"ugb-inner-block\"><div class=\"ugb-block-content\"><hr class=\"ugb-divider__hr\"\/><div class=\"ugb-divider__dots\" aria-hidden=\"true\"><div class=\"ugb-divider__dot\"><\/div><div class=\"ugb-divider__dot\"><\/div><div class=\"ugb-divider__dot\"><\/div><\/div><\/div><\/div><\/div>\n\n\n\n<h3 class=\"wp-block-heading\">The Global Hub... \u00a1Consistente, claro y divertido! <\/h3>\n\n\n\n<p>Bienvenido al Hub Global para la Colaboraci\u00f3n y el Aprendizaje, donde el poder de la acci\u00f3n colectiva cobra vida. Establecido en 2018 para apoyar el programa Fish Forever, nuestro Hub sirve como un centro din\u00e1mico para el servicio, la creaci\u00f3n de redes y el liderazgo. Invol\u00facrese con nosotros y experimente nuestra receta secreta: una mezcla de colaboraci\u00f3n interfuncional, conocimiento del comportamiento, pensamiento creativo, participaci\u00f3n activa y dise\u00f1o centrado en el usuario. <\/p>\n\n\n\n<p>Juntos, creemos un futuro mejor para nuestros oc\u00e9anos en m\u00faltiples geograf\u00edas.<\/p>\n\n\n\n<figure class=\"wp-block-embed is-type-video is-provider-youtube wp-block-embed-youtube wp-embed-aspect-16-9 wp-has-aspect-ratio\"><div class=\"wp-block-embed__wrapper\">\n<iframe loading=\"lazy\" title=\"Rare Quotes with Claudia Quintanilla, Rare&#039;s Global Hub for Collaboration &amp; Learning\" width=\"887\" height=\"499\" src=\"https:\/\/www.youtube.com\/embed\/oaPi8dqlmAA?feature=oembed\" frameborder=\"0\" allow=\"accelerometer; autoplay; clipboard-write; encrypted-media; gyroscope; picture-in-picture; web-share\" allowfullscreen><\/iframe>\n<\/div><figcaption class=\"wp-element-caption\">Claudia Quintanilla es la Vicepresidenta del Centro Global de Colaboraci\u00f3n y Aprendizaje; dirige un equipo multidisciplinar dedicado a hacer que la implementaci\u00f3n del programa sea coherente, clara y agradable en todos los pa\u00edses en los que opera Fish Forever. En este v\u00eddeo, Claudia comparte sus valiosos puntos de vista sobre los retos a los que nos enfrentamos para mantener una gesti\u00f3n eficaz de la pesca a peque\u00f1a escala y el enfoque \u00fanico de Rare para capacitar a las comunidades para proteger y preservar sus preciadas pesquer\u00edas.<\/figcaption><\/figure>\n\n\n\n<p><\/p>","protected":false},"excerpt":{"rendered":"<p>Putting Strategy Into Action It takes more than a village. It takes villages, leaders and partners working together for a common goal.&nbsp;&nbsp; It takes resources for committed and empowered individuals to create ripples of change in their homes, communities and organizations. At Fish Forever&#8217;s Hub, we believe in the power [&hellip;]<\/p>\n","protected":false},"author":1,"featured_media":0,"parent":448,"menu_order":4,"comment_status":"closed","ping_status":"closed","template":"template-fullwidth.php","meta":{"footnotes":""},"folder":[368],"class_list":["post-4802","page","type-page","status-publish","hentry"],"featured_image_urls":{"full":"","thumbnail":"","medium":"","medium_large":"","large":"","1536x1536":"","2048x2048":"","trp-custom-language-flag":"","homepage-slider":"","homepage-slider-small":"","page-top":"","page-small":"","loop-main":"","thumb-gallery-widget":""},"post_excerpt_stackable":"<p>Putting Strategy Into Action It takes more than a village. It takes villages, leaders and partners working together for a common goal.&nbsp;&nbsp; It takes resources for committed and empowered individuals to create ripples of change in their homes, communities and organizations. At Fish Forever&#8217;s Hub, we believe in the power of sharing knowledge and expertise to inspire change for people and nature to thrive. Implementer Resources Library The Implementer\u2019s Resources Library is a collection of tools created to bring the Fish Forever approach to life with consistency, clarity, and fun! We\u2019ve designed them for people like you, working alongside communities&hellip;<\/p>\n","category_list":"","author_info":{"name":"gstoyle@rare.org","url":"https:\/\/portal.rare.org\/es\/author\/gstoylerare-org\/"},"comments_num":"0 comments","featured_image_urls_v2":{"full":"","thumbnail":"","medium":"","medium_large":"","large":"","1536x1536":"","2048x2048":"","trp-custom-language-flag":"","homepage-slider":"","homepage-slider-small":"","page-top":"","page-small":"","loop-main":"","thumb-gallery-widget":""},"post_excerpt_stackable_v2":"<p>Putting Strategy Into Action It takes more than a village. It takes villages, leaders and partners working together for a common goal.&nbsp;&nbsp; It takes resources for committed and empowered individuals to create ripples of change in their homes, communities and organizations. At Fish Forever&#8217;s Hub, we believe in the power of sharing knowledge and expertise to inspire change for people and nature to thrive. Implementer Resources Library The Implementer\u2019s Resources Library is a collection of tools created to bring the Fish Forever approach to life with consistency, clarity, and fun! We\u2019ve designed them for people like you, working alongside communities&hellip;<\/p>\n","category_list_v2":"","author_info_v2":{"name":"gstoyle@rare.org","url":"https:\/\/portal.rare.org\/es\/author\/gstoylerare-org\/"},"comments_num_v2":"0 comments","_links":{"self":[{"href":"https:\/\/portal.rare.org\/es\/wp-json\/wp\/v2\/pages\/4802","targetHints":{"allow":["GET"]}}],"collection":[{"href":"https:\/\/portal.rare.org\/es\/wp-json\/wp\/v2\/pages"}],"about":[{"href":"https:\/\/portal.rare.org\/es\/wp-json\/wp\/v2\/types\/page"}],"author":[{"embeddable":true,"href":"https:\/\/portal.rare.org\/es\/wp-json\/wp\/v2\/users\/1"}],"replies":[{"embeddable":true,"href":"https:\/\/portal.rare.org\/es\/wp-json\/wp\/v2\/comments?post=4802"}],"version-history":[{"count":0,"href":"https:\/\/portal.rare.org\/es\/wp-json\/wp\/v2\/pages\/4802\/revisions"}],"up":[{"embeddable":true,"href":"https:\/\/portal.rare.org\/es\/wp-json\/wp\/v2\/pages\/448"}],"wp:attachment":[{"href":"https:\/\/portal.rare.org\/es\/wp-json\/wp\/v2\/media?parent=4802"}],"wp:term":[{"taxonomy":"folder","embeddable":true,"href":"https:\/\/portal.rare.org\/es\/wp-json\/wp\/v2\/folder?post=4802"}],"curies":[{"name":"wp","href":"https:\/\/api.w.org\/{rel}","templated":true}]}}