{"id":5219,"date":"2020-07-23T14:58:55","date_gmt":"2020-07-23T14:58:55","guid":{"rendered":"https:\/\/portal.rare.org\/?page_id=5219"},"modified":"2023-09-06T11:30:42","modified_gmt":"2023-09-06T11:30:42","slug":"global-covid-19-fisheries-survey","status":"publish","type":"page","link":"https:\/\/portal.rare.org\/es\/global-covid-19-fisheries-survey\/","title":{"rendered":"COVID-19 y pesca costera"},"content":{"rendered":"<p>Se realizaron encuestas en los pa\u00edses Fish Forever para evaluar las percepciones de las comunidades pesqueras costeras sobre 1) el grado de impacto causado en sus vidas; 2) causas de interrupci\u00f3n de las pr\u00e1cticas pesqueras que creen que est\u00e1n asociadas con cambios en su comunidad, y 3) estrategias de afrontamiento que adoptaron para mitigar estas interrupciones percibidas.<\/p>\n\n\n\n<div class=\"iframe-container\" style=\"height:1650px;\">\n<iframe src=\"https:\/\/app.powerbi.com\/view?r=eyJrIjoiZTA4ZGY5MGItOWUzMi00ZDRmLWI4MWYtZTcxM2YxMTM2NTkxIiwidCI6IjRhMTc5MTI5LWE1MWUtNDRiOC1iYzU5LTAzZTZlM2I2ZDUxZCIsImMiOjF9\" frameborder=\"0\" allowfullscreen=\"allowfullscreen\"><\/iframe>\n<div id=\"Blocker\"><\/div>\n<\/div>","protected":false},"excerpt":{"rendered":"<p>Surveys were conducted across Fish Forever countries to assess perceptions of coastal fishing communities on 1) degree of impact caused to their lives; 2) causes of disruption to the fisheries practices they believe are associated with changes in their community, and 3) coping strategies they adopted to mitigate these perceived [&hellip;]<\/p>\n","protected":false},"author":1,"featured_media":0,"parent":0,"menu_order":12,"comment_status":"closed","ping_status":"closed","template":"template-fullwidth.php","meta":{"footnotes":""},"folder":[374],"class_list":["post-5219","page","type-page","status-publish","hentry"],"featured_image_urls":{"full":"","thumbnail":"","medium":"","medium_large":"","large":"","1536x1536":"","2048x2048":"","trp-custom-language-flag":"","homepage-slider":"","homepage-slider-small":"","page-top":"","page-small":"","loop-main":"","thumb-gallery-widget":""},"post_excerpt_stackable":"<p>Surveys were conducted across Fish Forever countries to assess perceptions of coastal fishing communities on 1) degree of impact caused to their lives; 2) causes of disruption to the fisheries practices they believe are associated with changes in their community, and 3) coping strategies they adopted to mitigate these perceived disruptions.<\/p>\n","category_list":"","author_info":{"name":"gstoyle@rare.org","url":"https:\/\/portal.rare.org\/es\/author\/gstoylerare-org\/"},"comments_num":"0 comments","featured_image_urls_v2":{"full":"","thumbnail":"","medium":"","medium_large":"","large":"","1536x1536":"","2048x2048":"","trp-custom-language-flag":"","homepage-slider":"","homepage-slider-small":"","page-top":"","page-small":"","loop-main":"","thumb-gallery-widget":""},"post_excerpt_stackable_v2":"<p>Surveys were conducted across Fish Forever countries to assess perceptions of coastal fishing communities on 1) degree of impact caused to their lives; 2) causes of disruption to the fisheries practices they believe are associated with changes in their community, and 3) coping strategies they adopted to mitigate these perceived disruptions.<\/p>\n","category_list_v2":"","author_info_v2":{"name":"gstoyle@rare.org","url":"https:\/\/portal.rare.org\/es\/author\/gstoylerare-org\/"},"comments_num_v2":"0 comments","_links":{"self":[{"href":"https:\/\/portal.rare.org\/es\/wp-json\/wp\/v2\/pages\/5219","targetHints":{"allow":["GET"]}}],"collection":[{"href":"https:\/\/portal.rare.org\/es\/wp-json\/wp\/v2\/pages"}],"about":[{"href":"https:\/\/portal.rare.org\/es\/wp-json\/wp\/v2\/types\/page"}],"author":[{"embeddable":true,"href":"https:\/\/portal.rare.org\/es\/wp-json\/wp\/v2\/users\/1"}],"replies":[{"embeddable":true,"href":"https:\/\/portal.rare.org\/es\/wp-json\/wp\/v2\/comments?post=5219"}],"version-history":[{"count":0,"href":"https:\/\/portal.rare.org\/es\/wp-json\/wp\/v2\/pages\/5219\/revisions"}],"wp:attachment":[{"href":"https:\/\/portal.rare.org\/es\/wp-json\/wp\/v2\/media?parent=5219"}],"wp:term":[{"taxonomy":"folder","embeddable":true,"href":"https:\/\/portal.rare.org\/es\/wp-json\/wp\/v2\/folder?post=5219"}],"curies":[{"name":"wp","href":"https:\/\/api.w.org\/{rel}","templated":true}]}}