{"id":5374,"date":"2020-08-18T02:14:37","date_gmt":"2020-08-18T02:14:37","guid":{"rendered":"https:\/\/portal.rare.org\/?page_id=5374"},"modified":"2022-10-18T02:34:51","modified_gmt":"2022-10-18T02:34:51","slug":"policy-governance","status":"publish","type":"page","link":"https:\/\/portal.rare.org\/es\/policy-governance\/","title":{"rendered":"Pol\u00edtica y gobernanza"},"content":{"rendered":"<p>Las decisiones y prioridades gubernamentales juegan un papel fundamental en la gesti\u00f3n y protecci\u00f3n de los ecosistemas costeros. Con una fuerte voluntad pol\u00edtica, capacidad e incentivos sociales, los gobiernos pueden sostener y escalar intervenciones que ayuden tanto a los ecosistemas costeros como a las comunidades que dependen de ellos.<\/p>\n\n\n\n<figure class=\"wp-block-image size-full\"><img loading=\"lazy\" decoding=\"async\" width=\"1920\" height=\"1080\" src=\"https:\/\/portal.rare.org\/wp-content\/uploads\/2022\/04\/7119_Fish-Forever_Philippines_DSC_9083_cc-1.jpg\" alt=\"\" class=\"wp-image-8763\" srcset=\"https:\/\/portal.rare.org\/wp-content\/uploads\/2022\/04\/7119_Fish-Forever_Philippines_DSC_9083_cc-1.jpg 1920w, https:\/\/portal.rare.org\/wp-content\/uploads\/2022\/04\/7119_Fish-Forever_Philippines_DSC_9083_cc-1-300x169.jpg 300w, https:\/\/portal.rare.org\/wp-content\/uploads\/2022\/04\/7119_Fish-Forever_Philippines_DSC_9083_cc-1-1024x576.jpg 1024w, https:\/\/portal.rare.org\/wp-content\/uploads\/2022\/04\/7119_Fish-Forever_Philippines_DSC_9083_cc-1-768x432.jpg 768w, https:\/\/portal.rare.org\/wp-content\/uploads\/2022\/04\/7119_Fish-Forever_Philippines_DSC_9083_cc-1-1536x864.jpg 1536w, https:\/\/portal.rare.org\/wp-content\/uploads\/2022\/04\/7119_Fish-Forever_Philippines_DSC_9083_cc-1-18x10.jpg 18w, https:\/\/portal.rare.org\/wp-content\/uploads\/2022\/04\/7119_Fish-Forever_Philippines_DSC_9083_cc-1-947x533.jpg 947w, https:\/\/portal.rare.org\/wp-content\/uploads\/2022\/04\/7119_Fish-Forever_Philippines_DSC_9083_cc-1-624x351.jpg 624w\" sizes=\"auto, (max-width: 1920px) 100vw, 1920px\" \/><\/figure>\n\n\n\n<p>Fish Forever reconoce que para lograr y mantener esta misi\u00f3n, deben existir las condiciones pol\u00edticas adecuadas y un entorno propicio. Sobre la base de la implementaci\u00f3n exitosa sobre el terreno y mostrando pruebas de concepto y resultados, Fish Forever <strong><span style=\"color: #0693e3;\" class=\"stk-highlight\">Pol\u00edtica, Gobernanza y Asociaci\u00f3n<\/span><\/strong> trabajo se caracteriza por lo siguiente:<\/p>\n\n\n\n<ul class=\"wp-block-list\"><li><strong><span style=\"color: #0693e3;\" class=\"stk-highlight\">Enfoque de pol\u00edtica multinivel <\/span><\/strong> Fish Forever coordina los v\u00ednculos de pol\u00edtica verticalmente entre los niveles gubernamentales y horizontalmente entre las unidades y agencias gubernamentales.<\/li><\/ul>\n\n\n\n<ul class=\"wp-block-list\"><li><em><span style=\"color: #0693e3;\" class=\"stk-highlight\"><strong>Espacio para innovaciones pol\u00edticas<\/strong><\/span><\/em> &nbsp;Fish Forever reconoce que existen m\u00faltiples caminos para lograr un objetivo de pol\u00edtica y que existe una variedad de instrumentos de pol\u00edtica disponibles para lograr el trabajo de pol\u00edtica m\u00e1s importante para apoyar los ecosistemas costeros.&nbsp;&nbsp;<\/li><\/ul>\n\n\n\n<ul class=\"wp-block-list\"><li><em><span style=\"color: #0693e3;\" class=\"stk-highlight\"><strong>Colaborativo y participativo<\/strong><\/span><\/em>  Fish Forever es un socio de pensamiento respetado de los gobiernos y ha trabajado con ellos y otras partes interesadas para garantizar que las pol\u00edticas sigan los principios del dise\u00f1o de pol\u00edticas, incluidos los principios transparentes, participativos, basados en evidencia y ciencia, y con visi\u00f3n de futuro.<\/li><\/ul>\n\n\n\n<div class=\"wp-block-stackable-divider stk-block-divider stk-block stk-ea8f33f is-style-dots\" data-block-id=\"ea8f33f\"><style>.stk-ea8f33f{bottom:-23px !important}<\/style><div class=\"stk-block-divider__dots\" aria-hidden=\"true\"><div class=\"stk-block-divider__dot\"><\/div><div class=\"stk-block-divider__dot\"><\/div><div class=\"stk-block-divider__dot\"><\/div><\/div><\/div>\n\n\n\n<div style=\"height:5px\" aria-hidden=\"true\" class=\"wp-block-spacer\"><\/div>\n\n\n\n<div class=\"wp-block-stackable-columns stk-block-columns stk-block stk-918b3cc\" data-block-id=\"918b3cc\"><style>.stk-918b3cc{bottom:-2px !important}<\/style><div class=\"stk-row stk-inner-blocks stk-block-content stk-content-align stk-918b3cc-column\">\n<div class=\"wp-block-stackable-column stk-block-column stk-block-column--v2 stk-column stk-block stk-db040f0\" data-block-id=\"db040f0\"><div class=\"stk-column-wrapper stk-block-column__content stk-container stk-db040f0-container stk--no-background stk--no-padding\"><div class=\"stk-block-content stk-inner-blocks stk-db040f0-inner-blocks\">\n<figure class=\"wp-block-image size-full\"><a href=\"http:\/\/coastal500.org\/\" target=\"_blank\" rel=\"noopener\"><img loading=\"lazy\" decoding=\"async\" width=\"865\" height=\"525\" src=\"https:\/\/portal.rare.org\/wp-content\/uploads\/2022\/04\/Coastal500-Logo-Tagline-EN-3-2-4.png\" alt=\"\" class=\"wp-image-8769\" srcset=\"https:\/\/portal.rare.org\/wp-content\/uploads\/2022\/04\/Coastal500-Logo-Tagline-EN-3-2-4.png 865w, https:\/\/portal.rare.org\/wp-content\/uploads\/2022\/04\/Coastal500-Logo-Tagline-EN-3-2-4-300x182.png 300w, https:\/\/portal.rare.org\/wp-content\/uploads\/2022\/04\/Coastal500-Logo-Tagline-EN-3-2-4-768x466.png 768w, https:\/\/portal.rare.org\/wp-content\/uploads\/2022\/04\/Coastal500-Logo-Tagline-EN-3-2-4-18x12.png 18w, https:\/\/portal.rare.org\/wp-content\/uploads\/2022\/04\/Coastal500-Logo-Tagline-EN-3-2-4-624x379.png 624w\" sizes=\"auto, (max-width: 865px) 100vw, 865px\" \/><\/a><\/figure>\n<\/div><\/div><\/div>\n\n\n\n<div class=\"wp-block-stackable-column stk-block-column stk-block-column--v2 stk-column stk-block stk-2a15303\" data-block-id=\"2a15303\"><div class=\"stk-column-wrapper stk-block-column__content stk-container stk-2a15303-container stk--no-background stk--no-padding\"><div class=\"stk-block-content stk-inner-blocks stk-2a15303-inner-blocks\">\n<p><strong><a style=\"\" href=\"http:\/\/coastal500.org\/\" target=\"_blank\" rel=\"noreferrer noopener\">Costero500<\/a><\/strong> es la red mundial m\u00e1s grande de alcaldes y l\u00edderes de gobiernos locales comprometidos a trabajar por comunidades costeras pr\u00f3speras y pr\u00f3speras. Est\u00e1n unidos en la recuperaci\u00f3n y el mantenimiento de los mares costeros, compartiendo las mejores pr\u00e1cticas y lecciones clave en todo el mundo. Su objetivo es ayudar a todos los miembros a lograr una pesca sostenible que construya la prosperidad de la comunidad al tiempo que protege el medio ambiente.<\/p>\n\n\n\n<div class=\"wp-block-buttons is-content-justification-left is-layout-flex wp-container-core-buttons-is-layout-fdcfc74e wp-block-buttons-is-layout-flex\">\n<div class=\"wp-block-button\"><a class=\"wp-block-button__link\" href=\"https:\/\/coastal500.org\" target=\"_blank\" rel=\"noreferrer noopener\">M\u00e1s informaci\u00f3n sobre Coastal500<\/a><\/div>\n<\/div>\n<\/div><\/div><\/div>\n<\/div><\/div>\n\n\n\n<div style=\"height:5px\" aria-hidden=\"true\" class=\"wp-block-spacer\"><\/div>\n\n\n\n<div class=\"wp-block-stackable-divider stk-block-divider stk-block stk-ef4bdf0 is-style-dots\" data-block-id=\"ef4bdf0\"><div class=\"stk-block-divider__dots\" aria-hidden=\"true\"><div class=\"stk-block-divider__dot\"><\/div><div class=\"stk-block-divider__dot\"><\/div><div class=\"stk-block-divider__dot\"><\/div><\/div><\/div>\n\n\n\n<div style=\"height:5px\" aria-hidden=\"true\" class=\"wp-block-spacer\"><\/div>\n\n\n\n<div class=\"wp-block-columns is-layout-flex wp-container-core-columns-is-layout-9d6595d7 wp-block-columns-is-layout-flex\">\n<div class=\"wp-block-column is-layout-flow wp-block-column-is-layout-flow\">\n<figure class=\"wp-block-image size-large\"><img loading=\"lazy\" decoding=\"async\" width=\"1024\" height=\"690\" src=\"https:\/\/portal.rare.org\/wp-content\/uploads\/2021\/06\/10239_Fish-Forever_Philippines_Siargao-mayors-pledge-copy-1024x690.jpg\" alt=\"\" class=\"wp-image-7966\" srcset=\"https:\/\/portal.rare.org\/wp-content\/uploads\/2021\/06\/10239_Fish-Forever_Philippines_Siargao-mayors-pledge-copy-1024x690.jpg 1024w, https:\/\/portal.rare.org\/wp-content\/uploads\/2021\/06\/10239_Fish-Forever_Philippines_Siargao-mayors-pledge-copy-300x202.jpg 300w, https:\/\/portal.rare.org\/wp-content\/uploads\/2021\/06\/10239_Fish-Forever_Philippines_Siargao-mayors-pledge-copy-768x518.jpg 768w, https:\/\/portal.rare.org\/wp-content\/uploads\/2021\/06\/10239_Fish-Forever_Philippines_Siargao-mayors-pledge-copy-1536x1035.jpg 1536w, https:\/\/portal.rare.org\/wp-content\/uploads\/2021\/06\/10239_Fish-Forever_Philippines_Siargao-mayors-pledge-copy-16x12.jpg 16w, https:\/\/portal.rare.org\/wp-content\/uploads\/2021\/06\/10239_Fish-Forever_Philippines_Siargao-mayors-pledge-copy-947x638.jpg 947w, https:\/\/portal.rare.org\/wp-content\/uploads\/2021\/06\/10239_Fish-Forever_Philippines_Siargao-mayors-pledge-copy-624x420.jpg 624w, https:\/\/portal.rare.org\/wp-content\/uploads\/2021\/06\/10239_Fish-Forever_Philippines_Siargao-mayors-pledge-copy-84x56.jpg 84w, https:\/\/portal.rare.org\/wp-content\/uploads\/2021\/06\/10239_Fish-Forever_Philippines_Siargao-mayors-pledge-copy.jpg 2048w\" sizes=\"auto, (max-width: 1024px) 100vw, 1024px\" \/><\/figure>\n\n\n\n<h2 class=\"wp-block-heading\" id=\"our-commitment\">Nuestro Compromiso<\/h2>\n\n\n\n<p>Nos unimos a l\u00edderes de gobiernos locales de todo el mundo que buscan construir comunidades costeras saludables, pr\u00f3speras y sostenibles.<\/p>\n\n\n\n<div class=\"wp-block-buttons is-layout-flex wp-block-buttons-is-layout-flex\">\n<div class=\"wp-block-button\"><a class=\"wp-block-button__link\" href=\"https:\/\/www.coastal500.org\/our-pledge\">Lee mas\u2026<\/a><\/div>\n<\/div>\n<\/div>\n\n\n\n<div class=\"wp-block-column is-layout-flow wp-block-column-is-layout-flow\">\n<figure class=\"wp-block-image size-large is-resized\"><img loading=\"lazy\" decoding=\"async\" src=\"https:\/\/portal.rare.org\/wp-content\/uploads\/2022\/04\/Action-Book-edited.png\" alt=\"\" class=\"wp-image-8764\" width=\"371\" height=\"271\" srcset=\"https:\/\/portal.rare.org\/wp-content\/uploads\/2022\/04\/Action-Book-edited.png 1411w, https:\/\/portal.rare.org\/wp-content\/uploads\/2022\/04\/Action-Book-edited-300x220.png 300w, https:\/\/portal.rare.org\/wp-content\/uploads\/2022\/04\/Action-Book-edited-1024x751.png 1024w, https:\/\/portal.rare.org\/wp-content\/uploads\/2022\/04\/Action-Book-edited-768x563.png 768w, https:\/\/portal.rare.org\/wp-content\/uploads\/2022\/04\/Action-Book-edited-16x12.png 16w, https:\/\/portal.rare.org\/wp-content\/uploads\/2022\/04\/Action-Book-edited-947x695.png 947w, https:\/\/portal.rare.org\/wp-content\/uploads\/2022\/04\/Action-Book-edited-624x458.png 624w\" sizes=\"auto, (max-width: 371px) 100vw, 371px\" \/><\/figure>\n\n\n\n<h2 class=\"wp-block-heading\" id=\"our-resources\">Nuestras acciones<\/h2>\n\n\n\n<p>Obtenga m\u00e1s informaci\u00f3n sobre lo que est\u00e1n haciendo los miembros de Coastal 500 para apoyar la pesca sostenible a peque\u00f1a escala, la protecci\u00f3n costera y la resiliencia clim\u00e1tica.<\/p>\n\n\n\n<div class=\"wp-block-buttons is-layout-flex wp-block-buttons-is-layout-flex\">\n<div class=\"wp-block-button\"><a class=\"wp-block-button__link\" href=\"https:\/\/www.coastal500.org\/action-guidebook\">Lee mas\u2026<\/a><\/div>\n<\/div>\n<\/div>\n<\/div>\n\n\n\n<div class=\"wp-block-stackable-divider stk-block-divider stk-block stk-f09961f is-style-dots\" data-block-id=\"f09961f\"><div class=\"stk-block-divider__dots\" aria-hidden=\"true\"><div class=\"stk-block-divider__dot\"><\/div><div class=\"stk-block-divider__dot\"><\/div><div class=\"stk-block-divider__dot\"><\/div><\/div><\/div>\n\n\n\n<h2 class=\"has-text-align-center wp-block-heading\" id=\"together-we-are-empowering-our-constituencies\">Juntos estamos empoderando a nuestros electores<\/h2>\n\n\n\n<iframe loading=\"lazy\" src=\"https:\/\/portal.rare.org\/data-management\/leadership\/leaders.php\" width=\"100%\" height=\"4500px\" frameborder=\"0\" scrolling=\"yes\" style=\"margin-top:10px;\"><\/iframe>\n\n\n\n<p><\/p>","protected":false},"excerpt":{"rendered":"<p>Government decisions and priorities play a critical role in the management and protection of coastal ecosystems. With strong political will, capacity and social incentives, governments can sustain and scale interventions that help both coastal ecosystems and the communities who depend on them. Fish Forever recognizes that in order to achieve [&hellip;]<\/p>\n","protected":false},"author":1,"featured_media":0,"parent":0,"menu_order":5,"comment_status":"closed","ping_status":"closed","template":"template-fullwidth.php","meta":{"footnotes":""},"folder":[371],"class_list":["post-5374","page","type-page","status-publish","hentry"],"featured_image_urls":{"full":"","thumbnail":"","medium":"","medium_large":"","large":"","1536x1536":"","2048x2048":"","trp-custom-language-flag":"","homepage-slider":"","homepage-slider-small":"","page-top":"","page-small":"","loop-main":"","thumb-gallery-widget":""},"post_excerpt_stackable":"<p>Government decisions and priorities play a critical role in the management and protection of coastal ecosystems. With strong political will, capacity and social incentives, governments can sustain and scale interventions that help both coastal ecosystems and the communities who depend on them. Fish Forever recognizes that in order to achieve and sustain this&nbsp; mission, the right policy conditions and enabling environment should be in place. Building on the successful implementation on the ground and showing proof of concept and results, Fish Forever&#8217;s Policy, Governance and Partnership work is characterized by the following: Multi &#8211; level policy approach Fish Forever coordinates&hellip;<\/p>\n","category_list":"","author_info":{"name":"gstoyle@rare.org","url":"https:\/\/portal.rare.org\/es\/author\/gstoylerare-org\/"},"comments_num":"0 comments","featured_image_urls_v2":{"full":"","thumbnail":"","medium":"","medium_large":"","large":"","1536x1536":"","2048x2048":"","trp-custom-language-flag":"","homepage-slider":"","homepage-slider-small":"","page-top":"","page-small":"","loop-main":"","thumb-gallery-widget":""},"post_excerpt_stackable_v2":"<p>Government decisions and priorities play a critical role in the management and protection of coastal ecosystems. With strong political will, capacity and social incentives, governments can sustain and scale interventions that help both coastal ecosystems and the communities who depend on them. Fish Forever recognizes that in order to achieve and sustain this&nbsp; mission, the right policy conditions and enabling environment should be in place. Building on the successful implementation on the ground and showing proof of concept and results, Fish Forever&#8217;s Policy, Governance and Partnership work is characterized by the following: Multi &#8211; level policy approach Fish Forever coordinates&hellip;<\/p>\n","category_list_v2":"","author_info_v2":{"name":"gstoyle@rare.org","url":"https:\/\/portal.rare.org\/es\/author\/gstoylerare-org\/"},"comments_num_v2":"0 comments","_links":{"self":[{"href":"https:\/\/portal.rare.org\/es\/wp-json\/wp\/v2\/pages\/5374","targetHints":{"allow":["GET"]}}],"collection":[{"href":"https:\/\/portal.rare.org\/es\/wp-json\/wp\/v2\/pages"}],"about":[{"href":"https:\/\/portal.rare.org\/es\/wp-json\/wp\/v2\/types\/page"}],"author":[{"embeddable":true,"href":"https:\/\/portal.rare.org\/es\/wp-json\/wp\/v2\/users\/1"}],"replies":[{"embeddable":true,"href":"https:\/\/portal.rare.org\/es\/wp-json\/wp\/v2\/comments?post=5374"}],"version-history":[{"count":0,"href":"https:\/\/portal.rare.org\/es\/wp-json\/wp\/v2\/pages\/5374\/revisions"}],"wp:attachment":[{"href":"https:\/\/portal.rare.org\/es\/wp-json\/wp\/v2\/media?parent=5374"}],"wp:term":[{"taxonomy":"folder","embeddable":true,"href":"https:\/\/portal.rare.org\/es\/wp-json\/wp\/v2\/folder?post=5374"}],"curies":[{"name":"wp","href":"https:\/\/api.w.org\/{rel}","templated":true}]}}