{"id":5510,"date":"2020-08-19T20:33:12","date_gmt":"2020-08-19T20:33:12","guid":{"rendered":"https:\/\/portal.rare.org\/?page_id=5510"},"modified":"2020-10-23T18:45:38","modified_gmt":"2020-10-23T18:45:38","slug":"our-commitment","status":"publish","type":"page","link":"https:\/\/portal.rare.org\/es\/policy-governance\/our-commitment\/","title":{"rendered":"Nuestro compromiso"},"content":{"rendered":"<div class=\"wp-block-image\"><figure class=\"aligncenter size-full is-resized\"><img loading=\"lazy\" decoding=\"async\" src=\"https:\/\/portal.rare.org\/wp-content\/uploads\/2020\/10\/Mayors-pledge_wide.jpg\" alt=\"\" class=\"wp-image-5742\" width=\"1620\" height=\"730\" srcset=\"https:\/\/portal.rare.org\/wp-content\/uploads\/2020\/10\/Mayors-pledge_wide.jpg 1620w, https:\/\/portal.rare.org\/wp-content\/uploads\/2020\/10\/Mayors-pledge_wide-300x135.jpg 300w, https:\/\/portal.rare.org\/wp-content\/uploads\/2020\/10\/Mayors-pledge_wide-1024x461.jpg 1024w, https:\/\/portal.rare.org\/wp-content\/uploads\/2020\/10\/Mayors-pledge_wide-768x346.jpg 768w, https:\/\/portal.rare.org\/wp-content\/uploads\/2020\/10\/Mayors-pledge_wide-1536x692.jpg 1536w, https:\/\/portal.rare.org\/wp-content\/uploads\/2020\/10\/Mayors-pledge_wide-16x7.jpg 16w, https:\/\/portal.rare.org\/wp-content\/uploads\/2020\/10\/Mayors-pledge_wide-947x427.jpg 947w, https:\/\/portal.rare.org\/wp-content\/uploads\/2020\/10\/Mayors-pledge_wide-624x281.jpg 624w\" sizes=\"auto, (max-width: 1620px) 100vw, 1620px\" \/><\/figure><\/div>\n\n\n\n<h2 class=\"has-text-align-center wp-block-heading\">Compromiso de liderazgo local<\/h2>\n\n\n\n<h3 class=\"has-text-align-center wp-block-heading\">Apoyar comunidades pesqueras saludables y sostenibles<\/h3>\n\n\n\n<p class=\"has-text-align-center\"><strong>UN DESAF\u00cdO GLOBAL CON UNA SOLUCI\u00d3N LOCAL<\/strong><\/p>\n\n\n\n<p class=\"has-text-align-center\">Nuestras comunidades costeras dependen de oc\u00e9anos saludables y productivos. Como l\u00edder en mi comunidad, reconozco que la pesca costera es esencial para Nuestra alimentaci\u00f3n, sustenta nuestra econom\u00eda y es una parte importante de nuestra cultura y forma de vida.<\/p>\n\n\n\n<p class=\"has-text-align-center\">Como signatario de este compromiso, me uno a los l\u00edderes locales de todo el mundo que buscan construir comunidades costeras saludables, pr\u00f3speras y sostenibles. Juntos estamos empoderando a nuestros electores para que tengan derechos de acceso claros a sus pesquer\u00edas, buen gobierno, liderazgo local y manejo participativo para recuperar y sostener nuestros recursos costeros.<\/p>\n\n\n\n<div class=\"wp-block-ugb-divider ugb-divider ugb-c4fbdbd ugb-divider--v2 ugb-divider--design-basic ugb-main-block\" id=\"\"><style>.ugb-c4fbdbd hr.ugb-divider__hr{background-color:#d1d9df !important;margin-left:auto !important;margin-right:auto !important}<\/style><div class=\"ugb-inner-block\"><div class=\"ugb-block-content\"><hr class=\"ugb-divider__hr\"\/><\/div><\/div><\/div>\n\n\n\n<p><strong>A trav\u00e9s de mi liderazgo y en apoyo a mi comunidad, me comprometo a:<\/strong><\/p>\n\n\n\n<p>1. Promover comportamientos de pescadores responsables que incluyan el registro, el seguimiento de las capturas, la participaci\u00f3n en la gesti\u00f3n y el cumplimiento de las regulaciones;<\/p>\n\n\n\n<p>2. Reconocer, priorizar y defender a las comunidades locales en su acceso y uso de la pesca costera;<\/p>\n\n\n\n<p>3. Construir una Comunidad empoderada e informada a trav\u00e9s de una gesti\u00f3n pesquera participativa que regule el esfuerzo de forma justa y equitativa y emplee un proceso de toma de decisiones responsable y transparente;<\/p>\n\n\n\n<p>4. Apoyar las reservas prohibidas para reponer y mantener las poblaciones de peces protegiendo los h\u00e1bitats costeros como los arrecifes de coral, los bosques de manglares y los lechos de pastos marinos;<\/p>\n\n\n\n<p>5. Invertir en el fortalecimiento de la capacidad humana y los recursos financieros para sostener la ordenaci\u00f3n pesquera comunitaria;<\/p>\n\n\n\n<p>6. Continuar aprendiendo, ense\u00f1ando e inspirando a otros, compartiendo lecciones y experiencias de mi comunidad con l\u00edderes de todo el pa\u00eds y del mundo.<\/p>","protected":false},"excerpt":{"rendered":"<p>Local Leadership Pledge To support healthy and sustainable fishing communities A GLOBAL CHALLENGE WITH A LOCAL SOLUTION Our coastal communities depend on healthy, productive oceans. As a leader in my community I recognize that coastal fisheries are essential for Our food, underpin Our economy and are an important part of [&hellip;]<\/p>\n","protected":false},"author":1,"featured_media":0,"parent":5374,"menu_order":3,"comment_status":"closed","ping_status":"closed","template":"template-fullwidth.php","meta":{"footnotes":""},"folder":[371],"class_list":["post-5510","page","type-page","status-publish","hentry"],"featured_image_urls":{"full":"","thumbnail":"","medium":"","medium_large":"","large":"","1536x1536":"","2048x2048":"","trp-custom-language-flag":"","homepage-slider":"","homepage-slider-small":"","page-top":"","page-small":"","loop-main":"","thumb-gallery-widget":""},"post_excerpt_stackable":"<p>Local Leadership Pledge To support healthy and sustainable fishing communities A GLOBAL CHALLENGE WITH A LOCAL SOLUTION Our coastal communities depend on healthy, productive oceans. As a leader in my community I recognize that coastal fisheries are essential for Our food, underpin Our economy and are an important part of our culture and way of life. As a signatory to this pledge I am joining local leaders from around the world who seek to build healthy, prosperous, and sustainable coastal communities. Together we are empowering our constituencies to have clear access rights to their fisheries, good governance, local leadership, and&hellip;<\/p>\n","category_list":"","author_info":{"name":"gstoyle@rare.org","url":"https:\/\/portal.rare.org\/es\/author\/gstoylerare-org\/"},"comments_num":"0 comments","featured_image_urls_v2":{"full":"","thumbnail":"","medium":"","medium_large":"","large":"","1536x1536":"","2048x2048":"","trp-custom-language-flag":"","homepage-slider":"","homepage-slider-small":"","page-top":"","page-small":"","loop-main":"","thumb-gallery-widget":""},"post_excerpt_stackable_v2":"<p>Local Leadership Pledge To support healthy and sustainable fishing communities A GLOBAL CHALLENGE WITH A LOCAL SOLUTION Our coastal communities depend on healthy, productive oceans. As a leader in my community I recognize that coastal fisheries are essential for Our food, underpin Our economy and are an important part of our culture and way of life. As a signatory to this pledge I am joining local leaders from around the world who seek to build healthy, prosperous, and sustainable coastal communities. Together we are empowering our constituencies to have clear access rights to their fisheries, good governance, local leadership, and&hellip;<\/p>\n","category_list_v2":"","author_info_v2":{"name":"gstoyle@rare.org","url":"https:\/\/portal.rare.org\/es\/author\/gstoylerare-org\/"},"comments_num_v2":"0 comments","_links":{"self":[{"href":"https:\/\/portal.rare.org\/es\/wp-json\/wp\/v2\/pages\/5510","targetHints":{"allow":["GET"]}}],"collection":[{"href":"https:\/\/portal.rare.org\/es\/wp-json\/wp\/v2\/pages"}],"about":[{"href":"https:\/\/portal.rare.org\/es\/wp-json\/wp\/v2\/types\/page"}],"author":[{"embeddable":true,"href":"https:\/\/portal.rare.org\/es\/wp-json\/wp\/v2\/users\/1"}],"replies":[{"embeddable":true,"href":"https:\/\/portal.rare.org\/es\/wp-json\/wp\/v2\/comments?post=5510"}],"version-history":[{"count":0,"href":"https:\/\/portal.rare.org\/es\/wp-json\/wp\/v2\/pages\/5510\/revisions"}],"up":[{"embeddable":true,"href":"https:\/\/portal.rare.org\/es\/wp-json\/wp\/v2\/pages\/5374"}],"wp:attachment":[{"href":"https:\/\/portal.rare.org\/es\/wp-json\/wp\/v2\/media?parent=5510"}],"wp:term":[{"taxonomy":"folder","embeddable":true,"href":"https:\/\/portal.rare.org\/es\/wp-json\/wp\/v2\/folder?post=5510"}],"curies":[{"name":"wp","href":"https:\/\/api.w.org\/{rel}","templated":true}]}}