{"id":5758,"date":"2020-10-28T18:09:38","date_gmt":"2020-10-28T18:09:38","guid":{"rendered":"https:\/\/portal.rare.org\/?page_id=5758"},"modified":"2020-11-06T13:23:38","modified_gmt":"2020-11-06T13:23:38","slug":"cookies","status":"publish","type":"page","link":"https:\/\/portal.rare.org\/es\/cookies\/","title":{"rendered":"Galletas"},"content":{"rendered":"<h5 class=\"wp-block-heading\">Pol\u00edtica de cookies de portal.rare.org<\/h5>\n\n\n\n<p>Las cookies consisten en porciones de c\u00f3digo instaladas en el navegador que ayudan al Propietario a proporcionar el Servicio de acuerdo con los fines descritos. Algunos de los fines para los que se instalan las cookies tambi\u00e9n pueden requerir el consentimiento del usuario.<\/p>\n\n\n\n<p>Cuando la instalaci\u00f3n de cookies se basa en el consentimiento, dicho consentimiento puede retirarse libremente en cualquier momento siguiendo las instrucciones proporcionadas en este documento.<\/p>\n\n\n\n<h5 class=\"wp-block-heading\" id=\"technical_cookies\">Cookies t\u00e9cnicas y cookies con fines estad\u00edsticos agregados<\/h5>\n\n\n\n<ul class=\"wp-block-list\"><li>Actividad estrictamente necesaria para el funcionamiento del Servicio Esta Aplicaci\u00f3n utiliza Cookies para guardar la sesi\u00f3n del Usuario y para realizar otras actividades que son estrictamente necesarias para el funcionamiento de esta Aplicaci\u00f3n, por ejemplo en relaci\u00f3n con la distribuci\u00f3n del tr\u00e1fico.<\/li><li>Actividad relacionada con el almacenamiento de preferencias, optimizaci\u00f3n y estad\u00edsticas Esta Aplicaci\u00f3n utiliza Cookies para guardar las preferencias de navegaci\u00f3n y optimizar la experiencia de navegaci\u00f3n del Usuario. Entre estas cookies se encuentran, por ejemplo, las que se utilizan para configurar las preferencias de idioma y moneda o para la gesti\u00f3n de estad\u00edsticas propias empleadas directamente por el propietario del sitio.<\/li><\/ul>\n\n\n\n<h5 class=\"wp-block-heading\" id=\"other_types_cookies\">Otros tipos de Cookies o de terceros que instalan Cookies<\/h5>\n\n\n\n<p>Algunos de los servicios que se enumeran a continuaci\u00f3n recopilan estad\u00edsticas de forma an\u00f3nima y agregada y pueden no requerir el consentimiento del Usuario o pueden ser administrados directamente por el Propietario, seg\u00fan c\u00f3mo se describan, sin la ayuda de terceros.<\/p>\n\n\n\n<p>Si los servicios operados por terceros se enumeran entre las herramientas a continuaci\u00f3n, estos pueden usarse para rastrear los h\u00e1bitos de navegaci\u00f3n de los Usuarios, adem\u00e1s de la informaci\u00f3n especificada en este documento y sin el conocimiento del Propietario. Consulte la pol\u00edtica de privacidad de los servicios enumerados para obtener informaci\u00f3n detallada.<\/p>\n\n\n\n<ul class=\"wp-block-list\"><li>An\u00e1lisis Los servicios contenidos en esta secci\u00f3n permiten al Propietario monitorear y analizar el tr\u00e1fico web y se pueden utilizar para realizar un seguimiento del comportamiento del Usuario. Google Analytics Google Analytics es un servicio de an\u00e1lisis web proporcionado por Google Inc. (&quot;Google&quot;). Google utiliza los Datos recopilados para rastrear y examinar el uso de esta Aplicaci\u00f3n, para preparar informes sobre sus actividades y compartirlos con otros servicios de Google.<br>Google puede utilizar los Datos recopilados para contextualizar y personalizar los anuncios de su propia red publicitaria. Datos personales recopilados: Cookies y datos de uso. Lugar de procesamiento: Estados Unidos -&nbsp;<a href=\"https:\/\/policies.google.com\/privacy\" target=\"_blank\" rel=\"noreferrer noopener\">Pol\u00edtica de privacidad<\/a>&nbsp;-&nbsp;<a href=\"https:\/\/tools.google.com\/dlpage\/gaoptout?hl=en\" target=\"_blank\" rel=\"noreferrer noopener\">Optar por no<\/a>; Irlanda -&nbsp;<a href=\"https:\/\/policies.google.com\/privacy\" target=\"_blank\" rel=\"noreferrer noopener\">Pol\u00edtica de privacidad<\/a>. Participante del Escudo de privacidad.<\/li><li>Mapas de calor y grabaci\u00f3n de sesiones Los servicios de mapas de calor se utilizan para mostrar las \u00e1reas de una p\u00e1gina donde los usuarios mueven el mouse o hacen clic con m\u00e1s frecuencia. Esto muestra d\u00f3nde est\u00e1n los puntos de inter\u00e9s. Estos servicios permiten monitorear y analizar el tr\u00e1fico web y realizar un seguimiento del comportamiento del usuario.<br>Algunos de estos servicios pueden grabar sesiones y ponerlas a disposici\u00f3n para su posterior reproducci\u00f3n visual. Hotjar Heat Maps &amp; Recordings (Hotjar Ltd.) Hotjar es un servicio de grabaci\u00f3n de sesiones y mapas de calor proporcionado por Hotjar Ltd.<br>Hotjar respeta los encabezados gen\u00e9ricos &quot;No rastrear&quot;. Esto significa que el navegador puede decirle a su script que no recopile ninguno de los datos del usuario. Esta es una configuraci\u00f3n que est\u00e1 disponible en todos los navegadores principales. Encuentra Hotjar&#039;s&nbsp;<a href=\"https:\/\/www.hotjar.com\/opt-out\">informaci\u00f3n de exclusi\u00f3n voluntaria aqu\u00ed<\/a>.Datos personales recopilados: cookies, datos de uso y varios tipos de datos seg\u00fan se especifica en la pol\u00edtica de privacidad del servicio Lugar de procesamiento: Malta -&nbsp;<a href=\"https:\/\/www.hotjar.com\/privacy\" target=\"_blank\" rel=\"noreferrer noopener\">Pol\u00edtica de privacidad<\/a>&nbsp;-&nbsp;<a href=\"https:\/\/www.hotjar.com\/opt-out\" target=\"_blank\" rel=\"noreferrer noopener\">Optar por no<\/a>.<\/li><\/ul>\n\n\n\n<h5 class=\"wp-block-heading\" id=\"manage_cookies\">C\u00f3mo otorgar o retirar el consentimiento para la instalaci\u00f3n de Cookies<\/h5>\n\n\n\n<p>Adem\u00e1s de lo especificado en este documento, el Usuario puede gestionar las preferencias de Cookies directamente desde su propio navegador y evitar, por ejemplo, que terceros instalen Cookies.<br>A trav\u00e9s de las preferencias del navegador, tambi\u00e9n es posible eliminar las Cookies instaladas en el pasado, incluidas las Cookies que pueden haber guardado el consentimiento inicial para la instalaci\u00f3n de Cookies por parte de este sitio web.<br>Los usuarios pueden, por ejemplo, encontrar informaci\u00f3n sobre c\u00f3mo gestionar las Cookies en los navegadores m\u00e1s utilizados en las siguientes direcciones:&nbsp;<a href=\"https:\/\/support.google.com\/chrome\/answer\/95647?hl=en&amp;p=cpn_cookies\">Google Chrome<\/a>,&nbsp;<a href=\"https:\/\/support.mozilla.org\/en-US\/kb\/enable-and-disable-cookies-website-preferences\">Mozilla Firefox<\/a>,&nbsp;<a href=\"https:\/\/support.apple.com\/guide\/safari\/manage-cookies-and-website-data-sfri11471\/\">Safari de manzana<\/a>&nbsp;y&nbsp;<a href=\"http:\/\/windows.microsoft.com\/en-us\/windows-vista\/block-or-allow-cookies\">Microsoft Internet Explorer<\/a>.<\/p>\n\n\n\n<p>Con respecto a las Cookies instaladas por terceros, los Usuarios pueden administrar sus preferencias y retirar su consentimiento haciendo clic en el enlace de exclusi\u00f3n voluntaria (si se proporciona), utilizando los medios provistos en la pol\u00edtica de privacidad del tercero o contactando al tercero. .<\/p>\n\n\n\n<p>No obstante lo anterior, el Titular informa que los Usuarios podr\u00e1n seguir las instrucciones que sobre las iniciativas posteriormente vinculadas por el&nbsp;<a href=\"http:\/\/www.youronlinechoices.eu\/\">EDAA<\/a>&nbsp;(UE), el&nbsp;<a href=\"https:\/\/www.networkadvertising.org\/understanding-digital-advertising\">Iniciativa de publicidad en red<\/a>&nbsp;(EE. UU.) Y el&nbsp;<a href=\"https:\/\/www.aboutads.info\/consumers\/\">Alianza de publicidad digital<\/a>&nbsp;(NOS),&nbsp;<a href=\"https:\/\/youradchoices.ca\/understanding-online-advertising\/\">DAAC<\/a>&nbsp;(Canad\u00e1),&nbsp;<a href=\"http:\/\/www.ddai.info\/optout\">DDAI<\/a>&nbsp;(Jap\u00f3n) u otros servicios similares. Estas iniciativas permiten a los usuarios seleccionar sus preferencias de seguimiento para la mayor\u00eda de las herramientas publicitarias. Por tanto, el Titular recomienda que los Usuarios hagan uso de estos recursos adem\u00e1s de la informaci\u00f3n proporcionada en este documento.<\/p>\n\n\n\n<h5 class=\"wp-block-heading\" id=\"owner_of_the_data\">Titular y responsable del tratamiento<\/h5>\n\n\n\n<p>RARO<br>1310 North Courthouse Road<br>Suite 110<br>Arlington, VA 22201<\/p>\n\n\n\n<p>Dado que la instalaci\u00f3n de Cookies de terceros y otros sistemas de seguimiento a trav\u00e9s de los servicios utilizados dentro de esta Aplicaci\u00f3n no puede ser t\u00e9cnicamente controlada por el Titular, cualquier referencia espec\u00edfica a Cookies y sistemas de seguimiento instalados por terceros debe considerarse indicativa. Para obtener informaci\u00f3n completa, se ruega al Usuario que consulte la pol\u00edtica de privacidad de los respectivos servicios de terceros enumerados en este documento.<\/p>\n\n\n\n<p>Dada la complejidad objetiva que rodea a la identificaci\u00f3n de tecnolog\u00edas basadas en Cookies, se anima a los Usuarios a ponerse en contacto con el Titular si desean recibir m\u00e1s informaci\u00f3n sobre el uso de Cookies por parte de esta Aplicaci\u00f3n.<\/p>\n\n\n\n<h5 class=\"wp-block-heading\">Definiciones y referencias legales<\/h5>\n\n\n\n<h5 class=\"wp-block-heading\">Datos personales (o datos)<\/h5>\n\n\n\n<p>Cualquier informaci\u00f3n que directa, indirectamente o en conexi\u00f3n con otra informaci\u00f3n, incluido un n\u00famero de identificaci\u00f3n personal, permita la identificaci\u00f3n o identificabilidad de una persona f\u00edsica.<\/p>\n\n\n\n<h5 class=\"wp-block-heading\">Datos de uso<\/h5>\n\n\n\n<p>Informaci\u00f3n recopilada autom\u00e1ticamente a trav\u00e9s de esta Aplicaci\u00f3n (o servicios de terceros empleados en esta Aplicaci\u00f3n), que puede incluir: las direcciones IP o los nombres de dominio de las computadoras utilizadas por los Usuarios que usan esta Aplicaci\u00f3n, las direcciones URI (Identificador Uniforme de Recursos), el hora de la solicitud, el m\u00e9todo utilizado para enviar la solicitud al servidor, el tama\u00f1o del archivo recibido en respuesta, el c\u00f3digo num\u00e9rico que indica el estado de la respuesta del servidor (resultado exitoso, error, etc.), el pa\u00eds de origen, las caracter\u00edsticas del navegador y el sistema operativo utilizado por el Usuario, los diversos detalles de tiempo por visita (por ejemplo, el tiempo dedicado a cada p\u00e1gina dentro de la Aplicaci\u00f3n) y los detalles sobre la ruta seguida dentro de la Aplicaci\u00f3n con especial referencia a la secuencia de p\u00e1ginas visitadas y otros par\u00e1metros sobre el sistema operativo del dispositivo y \/ o el entorno de TI del Usuario.<\/p>\n\n\n\n<h5 class=\"wp-block-heading\">Usuario<\/h5>\n\n\n\n<p>La persona que usa esta Aplicaci\u00f3n que, a menos que se especifique lo contrario, coincide con el Interesado.<\/p>\n\n\n\n<h5 class=\"wp-block-heading\">Sujeto de datos<\/h5>\n\n\n\n<p>La persona f\u00edsica a la que se refieren los Datos Personales.<\/p>\n\n\n\n<h5 class=\"wp-block-heading\">Procesador de datos (o supervisor de datos)<\/h5>\n\n\n\n<p>La persona f\u00edsica o jur\u00eddica, autoridad p\u00fablica, agencia u otro organismo que procesa Datos personales en nombre del Controlador, como se describe en esta pol\u00edtica de privacidad.<\/p>\n\n\n\n<h5 class=\"wp-block-heading\">Controlador de datos (o propietario)<\/h5>\n\n\n\n<p>La persona f\u00edsica o jur\u00eddica, autoridad p\u00fablica, agencia u otro organismo que, solo o conjuntamente con otros, determine los fines y medios del procesamiento de los Datos Personales, incluidas las medidas de seguridad relativas al funcionamiento y uso de esta Aplicaci\u00f3n. El controlador de datos, a menos que se especifique lo contrario, es el propietario de esta aplicaci\u00f3n.<\/p>\n\n\n\n<h5 class=\"wp-block-heading\">Esta aplicaci\u00f3n<\/h5>\n\n\n\n<p>Los medios por los cuales se recopilan y procesan los Datos Personales del Usuario.<\/p>\n\n\n\n<h5 class=\"wp-block-heading\">Servicio<\/h5>\n\n\n\n<p>El servicio proporcionado por esta Aplicaci\u00f3n como se describe en los t\u00e9rminos relativos (si est\u00e1n disponibles) y en este sitio \/ aplicaci\u00f3n.<\/p>\n\n\n\n<h5 class=\"wp-block-heading\">Uni\u00f3n Europea (o UE)<\/h5>\n\n\n\n<p>A menos que se especifique lo contrario, todas las referencias hechas en este documento a la Uni\u00f3n Europea incluyen todos los estados miembros actuales de la Uni\u00f3n Europea y el Espacio Econ\u00f3mico Europeo.<\/p>\n\n\n\n<h5 class=\"wp-block-heading\">Galletas<\/h5>\n\n\n\n<p>Peque\u00f1os conjuntos de datos almacenados en el dispositivo del usuario.<\/p>\n\n\n\n<hr class=\"wp-block-separator\"\/>\n\n\n\n<h5 class=\"wp-block-heading\">Informaci\u00f3n legal<\/h5>\n\n\n\n<p>Esta declaraci\u00f3n de privacidad ha sido preparada en base a disposiciones de m\u00faltiples legislaciones, incluido el art. 13\/14 del Reglamento (UE) 2016\/679 (Reglamento general de protecci\u00f3n de datos).<\/p>\n\n\n\n<p>Esta pol\u00edtica de privacidad se refiere \u00fanicamente a esta Aplicaci\u00f3n, si no se indica lo contrario en este documento.<\/p>\n\n\n\n<p>\u00daltima actualizaci\u00f3n: 28 de enero de 2019<\/p>\n\n\n\n<p><a href=\"https:\/\/www.iubenda.com\/\">iubenda<\/a>&nbsp;aloja este contenido y solo recopila&nbsp;<a href=\"https:\/\/www.iubenda.com\/privacy-policy\/65675001\">los datos personales estrictamente necesarios<\/a>&nbsp;para que sea proporcionado.<\/p>","protected":false},"excerpt":{"rendered":"<p>Cookie Policy of portal.rare.org Cookies consist of portions of code installed in the browser that assist the Owner in providing the Service according to the purposes described. Some of the purposes for which Cookies are installed may also require the User\u2019s consent. Where the installation of Cookies is based on [&hellip;]<\/p>\n","protected":false},"author":1,"featured_media":0,"parent":0,"menu_order":15,"comment_status":"closed","ping_status":"closed","template":"","meta":{"footnotes":""},"folder":[],"class_list":["post-5758","page","type-page","status-publish","hentry"],"featured_image_urls":{"full":"","thumbnail":"","medium":"","medium_large":"","large":"","1536x1536":"","2048x2048":"","trp-custom-language-flag":"","homepage-slider":"","homepage-slider-small":"","page-top":"","page-small":"","loop-main":"","thumb-gallery-widget":""},"post_excerpt_stackable":"<p>Cookie Policy of portal.rare.org Cookies consist of portions of code installed in the browser that assist the Owner in providing the Service according to the purposes described. Some of the purposes for which Cookies are installed may also require the User\u2019s consent. Where the installation of Cookies is based on consent, such consent can be freely withdrawn at any time following the instructions provided in this document. Technical Cookies and Cookies serving aggregated statistical purposes Activity strictly necessary for the functioning of the ServiceThis Application uses Cookies to save the User\u2019s session and to carry out other activities that are&hellip;<\/p>\n","category_list":"","author_info":{"name":"gstoyle@rare.org","url":"https:\/\/portal.rare.org\/es\/author\/gstoylerare-org\/"},"comments_num":"0 comments","featured_image_urls_v2":{"full":"","thumbnail":"","medium":"","medium_large":"","large":"","1536x1536":"","2048x2048":"","trp-custom-language-flag":"","homepage-slider":"","homepage-slider-small":"","page-top":"","page-small":"","loop-main":"","thumb-gallery-widget":""},"post_excerpt_stackable_v2":"<p>Cookie Policy of portal.rare.org Cookies consist of portions of code installed in the browser that assist the Owner in providing the Service according to the purposes described. Some of the purposes for which Cookies are installed may also require the User\u2019s consent. Where the installation of Cookies is based on consent, such consent can be freely withdrawn at any time following the instructions provided in this document. Technical Cookies and Cookies serving aggregated statistical purposes Activity strictly necessary for the functioning of the ServiceThis Application uses Cookies to save the User\u2019s session and to carry out other activities that are&hellip;<\/p>\n","category_list_v2":"","author_info_v2":{"name":"gstoyle@rare.org","url":"https:\/\/portal.rare.org\/es\/author\/gstoylerare-org\/"},"comments_num_v2":"0 comments","_links":{"self":[{"href":"https:\/\/portal.rare.org\/es\/wp-json\/wp\/v2\/pages\/5758","targetHints":{"allow":["GET"]}}],"collection":[{"href":"https:\/\/portal.rare.org\/es\/wp-json\/wp\/v2\/pages"}],"about":[{"href":"https:\/\/portal.rare.org\/es\/wp-json\/wp\/v2\/types\/page"}],"author":[{"embeddable":true,"href":"https:\/\/portal.rare.org\/es\/wp-json\/wp\/v2\/users\/1"}],"replies":[{"embeddable":true,"href":"https:\/\/portal.rare.org\/es\/wp-json\/wp\/v2\/comments?post=5758"}],"version-history":[{"count":0,"href":"https:\/\/portal.rare.org\/es\/wp-json\/wp\/v2\/pages\/5758\/revisions"}],"wp:attachment":[{"href":"https:\/\/portal.rare.org\/es\/wp-json\/wp\/v2\/media?parent=5758"}],"wp:term":[{"taxonomy":"folder","embeddable":true,"href":"https:\/\/portal.rare.org\/es\/wp-json\/wp\/v2\/folder?post=5758"}],"curies":[{"name":"wp","href":"https:\/\/api.w.org\/{rel}","templated":true}]}}