{"id":6430,"date":"2021-02-28T16:26:50","date_gmt":"2021-02-28T16:26:50","guid":{"rendered":"https:\/\/portal.rare.org\/?page_id=6430"},"modified":"2021-11-22T20:08:16","modified_gmt":"2021-11-22T20:08:16","slug":"global-guidance-documents","status":"publish","type":"page","link":"https:\/\/portal.rare.org\/es\/program-resources\/program-delivery\/global-guidance-documents\/","title":{"rendered":"Documentos de orientaci\u00f3n global"},"content":{"rendered":"<p>Expanda los men\u00fas a continuaci\u00f3n para revelar informaci\u00f3n y enlaces a documentos de orientaci\u00f3n y otros recursos relacionados con la implementaci\u00f3n del programa Fish Forever, as\u00ed como manuales de instrucciones y detalles sobre los enfoques utilizados para lograr los objetivos del programa. <\/p>\n\n\n\n<p>Si no puede encontrar el documento que busca aqu\u00ed, intente <a href=\"#sg-popup-id-6258\">buscando en el sitio<\/a>, de lo contrario si\u00e9ntete libre de <a href=\"mailto:scitech@rare.org\" data-type=\"mailto\" data-id=\"mailto:scitech@rare.org\">Cont\u00e1ctenos<\/a>.<\/p>\n\n\n\n<div class=\"wp-block-ugb-accordion ugb-accordion ugb-44675d1 ugb-accordion--v2 ugb-accordion--design-basic ugb-accordion--single-open ugb-main-block\" aria-expanded=\"false\"><style>.ugb-44675d1 .ugb-accordion__arrow{fill:#0693e3}<\/style><style>.ugb-44675d1.ugb-accordion{outline:none !important}<\/style><div class=\"ugb-inner-block\"><div class=\"ugb-block-content\"><div class=\"ugb-accordion__item\"><div class=\"ugb-accordion__heading\" role=\"button\" tabindex=\"0\"><h4 class=\"ugb-accordion__title\">Participaci\u00f3n comunitaria y adopci\u00f3n de comportamientos<\/h4><svg xmlns=\"http:\/\/www.w3.org\/2000\/svg\" viewbox=\"0 0 20 20\" class=\"ugb-accordion__arrow\" width=\"20\" height=\"20\"><path d=\"M16.7 3.3L10 10 3.3 3.4 0 6.7l10 10v-.1l10-9.9z\"><\/path><\/svg><\/div><div class=\"ugb-accordion__content\" role=\"region\"><div class=\"ugb-accordion__content-inner\">\n<p>Este conjunto de herramientas est\u00e1 dise\u00f1ado para ser una recopilaci\u00f3n de recursos que utilizar\u00e1 principalmente el personal de implementaci\u00f3n de pa\u00eds de Rare en la capacitaci\u00f3n y el trabajo con socios locales a nivel nacional, subnacional, local y comunitario.<\/p>\n\n\n\n<p><a href=\"https:\/\/view.genial.ly\/5fdd46c817246a0d8cd25279\/interactive-image-original-behavior-levers-in-action\" data-type=\"URL\" data-id=\"https:\/\/view.genial.ly\/5fdd46c817246a0d8cd25279\/interactive-image-original-behavior-levers-in-action\" target=\"_blank\" rel=\"noreferrer noopener\">Vea ejemplos de palancas de comportamiento aplicadas en el lanzamiento de una campa\u00f1a en Brasil.<\/a><\/p>\n\n\n\n<div class=\"wp-block-group\"><div class=\"wp-block-group__inner-container is-layout-flow wp-block-group-is-layout-flow\">\n<div class=\"wp-block-group\"><div class=\"wp-block-group__inner-container is-layout-flow wp-block-group-is-layout-flow\">\n<div class=\"wp-block-buttons is-layout-flex wp-block-buttons-is-layout-flex\">\n<div class=\"wp-block-button\"><a class=\"wp-block-button__link\" href=\"https:\/\/portal.rare.org\/wp-content\/uploads\/2021\/05\/Spanish-BA-Toolkit_052421.pdf\" target=\"_blank\" rel=\"noreferrer noopener\">Descargar el kit de herramientas<\/a><\/div>\n<\/div>\n<\/div><\/div>\n<\/div><\/div>\n\n\n\n<div class=\"wp-block-ugb-columns ugb-columns ugb-350c57c ugb-columns--design-plain ugb-columns--columns-2 ugb-main-block\"><style>.ugb-350c57c > .ugb-inner-block > .ugb-block-content > .ugb-columns__item{grid-template-columns:0.80fr 1.20fr !important}<\/style><div class=\"ugb-inner-block\"><div class=\"ugb-block-content\"><div class=\"ugb-columns__item ugb-350c57c-content-wrapper\">\n<div class=\"wp-block-ugb-column ugb-column ugb-cd2ff65 ugb-column--design-plain ugb-main-block\"><div class=\"ugb-inner-block\"><div class=\"ugb-block-content\"><div class=\"ugb-column__item ugb-cd2ff65-column-wrapper\"><div class=\"ugb-column__content-wrapper\">\n<h1 class=\"wp-block-heading\">Salvando la naturaleza con la ciencia del comportamiento<\/h1>\n\n\n\n<p>Los desaf\u00edos ambientales son fundamentalmente desaf\u00edos para las personas. Si queremos proteger la naturaleza, a menudo necesitamos que la gente coopere. <\/p>\n\n\n\n<p>Erik Thulin, cient\u00edfico del comportamiento en Rare, comparte un proceso de tres pasos para aplicar conocimientos psicol\u00f3gicos para superar los desaf\u00edos que enfrentamos al actuar de manera cooperativa, para que la humanidad y la naturaleza prosperen.<\/p>\n<\/div><\/div><\/div><\/div><\/div>\n\n\n\n<div class=\"wp-block-ugb-column ugb-column ugb-47cbff7 ugb-column--design-plain ugb-main-block\"><div class=\"ugb-inner-block\"><div class=\"ugb-block-content\"><div class=\"ugb-column__item ugb-47cbff7-column-wrapper\"><div class=\"ugb-column__content-wrapper\">\n<div class=\"wp-block-ugb-video-popup ugb-video-popup ugb-ffe3985 ugb-video-popup--v3 ugb-main-block\"><style>.ugb-ffe3985 .ugb-video-popup__wrapper{height:350px !important;border-radius:0px;background-color:#000000;background-image:url(https:\/\/portal.rare.org\/wp-content\/uploads\/2021\/05\/2021-05-20_16-15-29.jpg)}.ugb-ffe3985 .ugb-video-popup__wrapper:before{background-color:#000000;opacity:0.5}.ugb-ffe3985 .ugb-video-popup__wrapper:hover:before{opacity:0.2}@media screen and (min-width:768px){.ugb-ffe3985.ugb-video-popup{margin-top:1px !important}}<\/style><div class=\"ugb-inner-block\"><div class=\"ugb-block-content\"><div class=\"ugb-video-popup__wrapper ugb--has-background-overlay\" data-video=\"Olv5LVIyjk4\"><button class=\"ugb-video-popup__overlay\" aria-label=\"Tocar\"><span class=\"ugb-video-popup__play-button\"><svg xmlns=\"http:\/\/www.w3.org\/2000\/svg\" viewbox=\"0 0 256 320\" class=\"ugb-play-button-normal\" width=\"30\" height=\"30\"><path d=\"M0 0v320l256-160L0 0z\"><\/path><\/svg><\/span><\/button><\/div><\/div><\/div><\/div>\n<\/div><\/div><\/div><\/div><\/div>\n<\/div><\/div><\/div><\/div>\n<\/div><\/div><\/div><\/div><\/div><\/div>\n\n\n\n<div class=\"wp-block-ugb-accordion ugb-accordion ugb-840eac2 ugb-accordion--v2 ugb-accordion--design-basic ugb-accordion--single-open ugb-main-block\" aria-expanded=\"false\"><style>.ugb-840eac2 .ugb-accordion__arrow{fill:#0693e3}<\/style><div class=\"ugb-inner-block\"><div class=\"ugb-block-content\"><div class=\"ugb-accordion__item\"><div class=\"ugb-accordion__heading ugb--shadow-3\" role=\"button\" tabindex=\"0\"><h4 class=\"ugb-accordion__title\">Organismos de gesti\u00f3n eficaces<\/h4><svg xmlns=\"http:\/\/www.w3.org\/2000\/svg\" viewbox=\"0 0 20 20\" class=\"ugb-accordion__arrow\" width=\"20\" height=\"20\"><path d=\"M16.7 3.3L10 10 3.3 3.4 0 6.7l10 10v-.1l10-9.9z\"><\/path><\/svg><\/div><div class=\"ugb-accordion__content\" role=\"region\"><div class=\"ugb-accordion__content-inner\">\n<p>Las pesquer\u00edas costeras basadas en la comunidad son una actividad inherentemente local, pero el enfoque de gesti\u00f3n predominante para estas pesquer\u00edas no ha reflejado esa caracter\u00edstica central. Existe una brecha cr\u00edtica para las pesquer\u00edas costeras de base comunitaria porque los marcos de gobernanza y la toma de decisiones en torno a ellos no han sido claros, demasiado complejos o centralizados en las autoridades nacionales. Incluso en pa\u00edses donde la autoridad para gestionar la pesca costera se ha delegado a nivel local, sigue existiendo una brecha cr\u00f3nica de capacidad en la organizaci\u00f3n y ejecuci\u00f3n de una gesti\u00f3n eficaz en este sector pesquero dispar y diverso.<\/p>\n\n\n\n<div class=\"wp-block-buttons is-layout-flex wp-block-buttons-is-layout-flex\">\n<div class=\"wp-block-button\"><a class=\"wp-block-button__link\" href=\"https:\/\/portal.rare.org\/wp-content\/uploads\/2021\/05\/Spanish-Building-Effective-Management-Bodies052121.pdf\" target=\"_blank\" rel=\"noreferrer noopener\">Descargar la gu\u00eda de gesti\u00f3n eficaz<\/a><\/div>\n<\/div>\n<\/div><\/div><\/div><\/div><\/div><\/div>\n\n\n\n<div class=\"wp-block-ugb-accordion ugb-accordion ugb-55e7921 ugb-accordion--v2 ugb-accordion--design-basic ugb-accordion--single-open ugb-main-block\" aria-expanded=\"false\"><style>.ugb-55e7921 .ugb-accordion__arrow{fill:#0693e3}<\/style><div class=\"ugb-inner-block\"><div class=\"ugb-block-content\"><div class=\"ugb-accordion__item\"><div class=\"ugb-accordion__heading\" role=\"button\" tabindex=\"0\"><h4 class=\"ugb-accordion__title\">Acceso administrado<\/h4><svg xmlns=\"http:\/\/www.w3.org\/2000\/svg\" viewbox=\"0 0 20 20\" class=\"ugb-accordion__arrow\" width=\"20\" height=\"20\"><path d=\"M16.7 3.3L10 10 3.3 3.4 0 6.7l10 10v-.1l10-9.9z\"><\/path><\/svg><\/div><div class=\"ugb-accordion__content\" role=\"region\"><div class=\"ugb-accordion__content-inner\">\n<p>El enfoque de Acceso Administrado otorga privilegios de acceso exclusivo para la pesca en \u00e1reas definidas a los pescadores beneficiarios que cumplen con las regulaciones de pesca y participan en actividades de conservaci\u00f3n y manejo costero. Las \u00e1reas de acceso administrado est\u00e1n dise\u00f1adas en torno a componentes geopol\u00edticos, sociales y ecol\u00f3gicos y dependen de la participaci\u00f3n de las partes interesadas. Las \u00e1reas de acceso administrado se declaran legalmente a trav\u00e9s de un instrumento de pol\u00edtica apropiado para hacerlas defendibles y ejecutables.<\/p>\n\n\n\n<div class=\"wp-block-buttons is-layout-flex wp-block-buttons-is-layout-flex\">\n<div class=\"wp-block-button\"><a class=\"wp-block-button__link\" href=\"https:\/\/portal.rare.org\/wp-content\/uploads\/2021\/05\/Spanish-Managed-Access-Area-Design_052121.pdf\" target=\"_blank\" rel=\"noreferrer noopener\">Descargar la gu\u00eda de acceso administrado<\/a><\/div>\n<\/div>\n<\/div><\/div><\/div><\/div><\/div><\/div>\n\n\n\n<div class=\"wp-block-ugb-accordion ugb-accordion ugb-97aa207 ugb-accordion--v2 ugb-accordion--design-basic ugb-main-block\" aria-expanded=\"false\"><style>.ugb-97aa207 .ugb-accordion__arrow{fill:#0693e3}<\/style><div class=\"ugb-inner-block\"><div class=\"ugb-block-content\"><div class=\"ugb-accordion__item\"><div class=\"ugb-accordion__heading\" role=\"button\" tabindex=\"0\"><h4 class=\"ugb-accordion__title\">Datos para la toma de decisiones<\/h4><svg xmlns=\"http:\/\/www.w3.org\/2000\/svg\" viewbox=\"0 0 20 20\" class=\"ugb-accordion__arrow\" width=\"20\" height=\"20\"><path d=\"M16.7 3.3L10 10 3.3 3.4 0 6.7l10 10v-.1l10-9.9z\"><\/path><\/svg><\/div><div class=\"ugb-accordion__content\" role=\"region\"><div class=\"ugb-accordion__content-inner\">\n<p>Proporcionar datos esenciales y cient\u00edficamente s\u00f3lidos sobre el estado de las pesquer\u00edas locales y el h\u00e1bitat cr\u00edtico, utilizando tecnolog\u00eda digital para proporcionar informaci\u00f3n de manera f\u00e1cil de usar, a hogares, empresas y \u00f3rganos de gesti\u00f3n de pescadores y no pescadores para respaldar la toma de decisiones efectiva.<\/p>\n\n\n\n<div class=\"wp-block-buttons is-layout-flex wp-block-buttons-is-layout-flex\">\n<div class=\"wp-block-button\"><a class=\"wp-block-button__link\" href=\"https:\/\/portal.rare.org\/es\/program-resources\/ourfish\/\">OurFish<\/a><\/div>\n\n\n\n<div class=\"wp-block-button\"><a class=\"wp-block-button__link\" href=\"https:\/\/portal.rare.org\/es\/program-resources\/fisher-registration\/\">Registro de Fisher<\/a><\/div>\n\n\n\n<div class=\"wp-block-button\"><a class=\"wp-block-button__link\" href=\"https:\/\/portal.rare.org\/wp-content\/uploads\/2021\/05\/Spanish-Ecological-Monitoring-_-updated052521.pdf\" target=\"_blank\" rel=\"noreferrer noopener\">Monitoreo ecol\u00f3gico<\/a><\/div>\n\n\n\n<div class=\"wp-block-button\"><a class=\"wp-block-button__link\" href=\"https:\/\/portal.rare.org\/wp-content\/uploads\/2021\/05\/Spanish-HHS-052121.pdf\" target=\"_blank\" rel=\"noreferrer noopener\">Encuestas de hogares<\/a><\/div>\n<\/div>\n<\/div><\/div><\/div><\/div><\/div><\/div>\n\n\n\n<div class=\"wp-block-ugb-accordion ugb-accordion ugb-b13ce50 ugb-accordion--v2 ugb-accordion--design-basic ugb-accordion--single-open ugb-main-block\" aria-expanded=\"false\"><style>.ugb-b13ce50 .ugb-accordion__arrow{fill:#0693e3}<\/style><div class=\"ugb-inner-block\"><div class=\"ugb-block-content\"><div class=\"ugb-accordion__item\"><div class=\"ugb-accordion__heading\" role=\"button\" tabindex=\"0\"><h4 class=\"ugb-accordion__title\">Inclusi\u00f3n financiera y de mercado<\/h4><svg xmlns=\"http:\/\/www.w3.org\/2000\/svg\" viewbox=\"0 0 20 20\" class=\"ugb-accordion__arrow\" width=\"20\" height=\"20\"><path d=\"M16.7 3.3L10 10 3.3 3.4 0 6.7l10 10v-.1l10-9.9z\"><\/path><\/svg><\/div><div class=\"ugb-accordion__content\" role=\"region\"><div class=\"ugb-accordion__content-inner\">\n<p>Crear conocimientos y herramientas financieras que permitan a los hogares de pescadores, los propietarios operadores, las peque\u00f1as empresas y la comunidad en general maximizar el valor y la retenci\u00f3n de los ingresos generados por la pesca. Brindar acceso a servicios y oportunidades financieros (por ejemplo, ahorros, seguros y cr\u00e9dito e inversiones formales) para expandir el horizonte de planificaci\u00f3n financiera y los mecanismos para que la comunidad retenga y acumule riqueza.<\/p>\n\n\n\n<div class=\"wp-block-buttons is-layout-flex wp-block-buttons-is-layout-flex\">\n<div class=\"wp-block-button\"><a class=\"wp-block-button__link\" href=\"https:\/\/portal.rare.org\/wp-content\/uploads\/2021\/06\/Spanish-Savings-Clubs-planning052121.pdf\" target=\"_blank\" rel=\"noreferrer noopener\">Clubes de ahorro<\/a><\/div>\n\n\n\n<div class=\"wp-block-button\"><a class=\"wp-block-button__link\" href=\"https:\/\/portal.rare.org\/wp-content\/uploads\/2021\/06\/Spanish-Financial-Literacy052121.pdf\" target=\"_blank\" rel=\"noreferrer noopener\">Educaci\u00f3n financiera<\/a><\/div>\n\n\n\n<div class=\"wp-block-button\"><a class=\"wp-block-button__link\" href=\"https:\/\/portal.rare.org\/wp-content\/uploads\/2021\/05\/Spanish-Commuity-Enterprises_052121.pdf\" target=\"_blank\" rel=\"noreferrer noopener\">Empresas comunitarias<\/a><\/div>\n\n\n\n<div class=\"wp-block-button\"><a class=\"wp-block-button__link\" href=\"https:\/\/portal.rare.org\/wp-content\/uploads\/2021\/05\/Spanish-VCA-guidelines_052121.pdf\" target=\"_blank\" rel=\"noreferrer noopener\">An\u00e1lisis de la cadena de valor<\/a><\/div>\n<\/div>\n<\/div><\/div><\/div><\/div><\/div><\/div>\n\n\n\n<div class=\"wp-block-ugb-accordion ugb-accordion ugb-800c8b4 ugb-accordion--v2 ugb-accordion--design-basic ugb-accordion--single-open ugb-main-block\" aria-expanded=\"false\"><style>.ugb-800c8b4 .ugb-accordion__arrow{fill:#0693e3}<\/style><div class=\"ugb-inner-block\"><div class=\"ugb-block-content\"><div class=\"ugb-accordion__item\"><div class=\"ugb-accordion__heading\" role=\"button\" tabindex=\"0\"><h4 class=\"ugb-accordion__title\">Redes de reservas marinas<\/h4><svg xmlns=\"http:\/\/www.w3.org\/2000\/svg\" viewbox=\"0 0 20 20\" class=\"ugb-accordion__arrow\" width=\"20\" height=\"20\"><path d=\"M16.7 3.3L10 10 3.3 3.4 0 6.7l10 10v-.1l10-9.9z\"><\/path><\/svg><\/div><div class=\"ugb-accordion__content\" role=\"region\"><div class=\"ugb-accordion__content-inner\">\n<div class=\"wp-block-ugb-columns ugb-columns ugb-020171b ugb-columns--design-plain ugb-columns--columns-2 ugb-main-block\"><style>.ugb-020171b > .ugb-inner-block > .ugb-block-content > .ugb-columns__item{grid-template-columns:0.70fr 1.30fr !important}<\/style><div class=\"ugb-inner-block\"><div class=\"ugb-block-content\"><div class=\"ugb-columns__item ugb-020171b-content-wrapper\">\n<div class=\"wp-block-ugb-column ugb-column ugb-9d2c2f4 ugb-column--design-plain ugb-main-block\"><div class=\"ugb-inner-block\"><div class=\"ugb-block-content\"><div class=\"ugb-column__item ugb-9d2c2f4-column-wrapper\"><div class=\"ugb-column__content-wrapper\">\n<p>El enfoque de dise\u00f1o de reservas de Fish Forever desarrolla redes de reservas en m\u00faltiples comunidades que reflejan la conectividad ecol\u00f3gica y brindan condiciones \u00f3ptimas para la recuperaci\u00f3n y sostenibilidad de las especies, al tiempo que brindan beneficios econ\u00f3micos y ecol\u00f3gicos en los caladeros adyacentes.<\/p>\n\n\n\n<div class=\"wp-block-buttons is-layout-flex wp-block-buttons-is-layout-flex\">\n<div class=\"wp-block-button\"><a class=\"wp-block-button__link\" href=\"https:\/\/portal.rare.org\/wp-content\/uploads\/2021\/05\/Spanish-Marine-Reserve-Design_052121.pdf\" target=\"_blank\" rel=\"noreferrer noopener\">Descargar la gu\u00eda de dise\u00f1o de la reserva marina<\/a><\/div>\n<\/div>\n<\/div><\/div><\/div><\/div><\/div>\n\n\n\n<div class=\"wp-block-ugb-column ugb-column ugb-892e44b ugb-column--design-plain ugb-main-block\"><div class=\"ugb-inner-block\"><div class=\"ugb-block-content\"><div class=\"ugb-column__item ugb-892e44b-column-wrapper\"><div class=\"ugb-column__content-wrapper\">\n\n\n\n\n\n\n\n\n\n<iframe loading=\"lazy\" width=\"560\" height=\"315\" src=\"https:\/\/www.youtube.com\/embed\/q5XUzqofdQ8?hl=es&amp;cc_load_policy=1&amp;cc_lang_pref=es\" frameborder=\"0\" allow=\"accelerometer; autoplay; clipboard-write; encrypted-media; gyroscope; picture-in-picture\" allowfullscreen=\"\"><\/iframe>\n\n<\/div><\/div><\/div><\/div><\/div>\n<\/div><\/div><\/div><\/div>\n<\/div><\/div><\/div><\/div><\/div><\/div>\n\n\n\n<div class=\"wp-block-ugb-accordion ugb-accordion ugb-b1b4c11 ugb-accordion--v2 ugb-accordion--design-basic ugb-accordion--single-open ugb-main-block\" aria-expanded=\"false\"><style>.ugb-b1b4c11 .ugb-accordion__arrow{fill:#0693e3}<\/style><div class=\"ugb-inner-block\"><div class=\"ugb-block-content\"><div class=\"ugb-accordion__item\"><div class=\"ugb-accordion__heading\" role=\"button\" tabindex=\"0\"><h4 class=\"ugb-accordion__title\">Pol\u00edtica y gobernanza<\/h4><svg xmlns=\"http:\/\/www.w3.org\/2000\/svg\" viewbox=\"0 0 20 20\" class=\"ugb-accordion__arrow\" width=\"20\" height=\"20\"><path d=\"M16.7 3.3L10 10 3.3 3.4 0 6.7l10 10v-.1l10-9.9z\"><\/path><\/svg><\/div><div class=\"ugb-accordion__content\" role=\"region\"><div class=\"ugb-accordion__content-inner\">\n<div class=\"wp-block-buttons is-layout-flex wp-block-buttons-is-layout-flex\">\n<div class=\"wp-block-button\"><a class=\"wp-block-button__link\" href=\"https:\/\/portal.rare.org\/es\/program-resources\/program-delivery\/global-guidance-documents\/policy-governance\/\">Inicie sesi\u00f3n para ver documentos ...<\/a><\/div>\n<\/div>\n<\/div><\/div><\/div><\/div><\/div><\/div>\n\n\n\n<div class=\"wp-block-ugb-accordion ugb-accordion ugb-0224bac ugb-accordion--v2 ugb-accordion--design-basic ugb-accordion--single-open ugb-main-block\" aria-expanded=\"false\"><style>.ugb-0224bac .ugb-accordion__arrow{fill:#0693e3}<\/style><div class=\"ugb-inner-block\"><div class=\"ugb-block-content\"><div class=\"ugb-accordion__item\"><div class=\"ugb-accordion__heading\" role=\"button\" tabindex=\"0\"><h4 class=\"ugb-accordion__title\">Cambio clim\u00e1tico<\/h4><svg xmlns=\"http:\/\/www.w3.org\/2000\/svg\" viewbox=\"0 0 20 20\" class=\"ugb-accordion__arrow\" width=\"20\" height=\"20\"><path d=\"M16.7 3.3L10 10 3.3 3.4 0 6.7l10 10v-.1l10-9.9z\"><\/path><\/svg><\/div><div class=\"ugb-accordion__content\" role=\"region\"><div class=\"ugb-accordion__content-inner\">\n<div class=\"wp-block-ugb-columns ugb-columns ugb-521629d ugb-columns--design-plain ugb-columns--columns-2 ugb-main-block\"><div class=\"ugb-inner-block\"><div class=\"ugb-block-content\"><div class=\"ugb-columns__item ugb-521629d-content-wrapper\">\n<div class=\"wp-block-ugb-column ugb-column ugb-f77583a ugb-column--design-plain ugb-main-block\"><div class=\"ugb-inner-block\"><div class=\"ugb-block-content\"><div class=\"ugb-column__item ugb-f77583a-column-wrapper\"><div class=\"ugb-column__content-wrapper\">\n<p>Obras raras con comunidades que dependen de la producci\u00f3n pesquera local para su seguridad alimentaria y sus medios de vida. Las Evaluaciones de vulnerabilidad al cambio clim\u00e1tico funcionan para identificar la magnitud de las amenazas que plantea el cambio clim\u00e1tico y las oportunidades para adaptarse activamente y prosperar en condiciones cambiantes.<\/p>\n\n\n\n<div class=\"wp-block-buttons is-layout-flex wp-block-buttons-is-layout-flex\">\n<div class=\"wp-block-button\"><a class=\"wp-block-button__link\" href=\"https:\/\/portal.rare.org\/wp-content\/uploads\/2021\/05\/Spanish-Climate-Change-Vulnerability-Assessment_updated052121.docx.pdf\" target=\"_blank\" rel=\"noreferrer noopener\">Descarga CCVA Guidance<\/a><\/div>\n<\/div>\n<\/div><\/div><\/div><\/div><\/div>\n\n\n\n<div class=\"wp-block-ugb-column ugb-column ugb-834ce39 ugb-column--design-plain ugb-main-block\"><div class=\"ugb-inner-block\"><div class=\"ugb-block-content\"><div class=\"ugb-column__item ugb-834ce39-column-wrapper\"><div class=\"ugb-column__content-wrapper\">\n\n\n\n\n\n\n\n\n\n<iframe loading=\"lazy\" width=\"560\" height=\"315\" src=\"https:\/\/www.youtube.com\/embed\/dFP-v_Ung7I?hl=es&amp;cc_load_policy=1&amp;cc_lang_pref=es\" frameborder=\"0\" allow=\"accelerometer; autoplay; clipboard-write; encrypted-media; gyroscope; picture-in-picture\" allowfullscreen=\"\"><\/iframe>\n\n<\/div><\/div><\/div><\/div><\/div>\n<\/div><\/div><\/div><\/div>\n<\/div><\/div><\/div><\/div><\/div><\/div>\n\n\n\n<div class=\"wp-block-ugb-accordion ugb-accordion ugb-00bb12c ugb-accordion--v2 ugb-accordion--design-basic ugb-accordion--single-open ugb-main-block\" aria-expanded=\"false\"><style>.ugb-00bb12c .ugb-accordion__arrow{fill:#0693e3}<\/style><div class=\"ugb-inner-block\"><div class=\"ugb-block-content\"><div class=\"ugb-accordion__item\"><div class=\"ugb-accordion__heading\" role=\"button\" tabindex=\"0\"><h4 class=\"ugb-accordion__title\">Igualdad de g\u00e9nero<\/h4><svg xmlns=\"http:\/\/www.w3.org\/2000\/svg\" viewbox=\"0 0 20 20\" class=\"ugb-accordion__arrow\" width=\"20\" height=\"20\"><path d=\"M16.7 3.3L10 10 3.3 3.4 0 6.7l10 10v-.1l10-9.9z\"><\/path><\/svg><\/div><div class=\"ugb-accordion__content\" role=\"region\"><div class=\"ugb-accordion__content-inner\">\n<p>La igualdad de g\u00e9nero es el quinto Objetivo de Desarrollo Sostenible que insta a empoderar a todas las mujeres y ni\u00f1as. Uno de sus objetivos es &quot;emprender reformas para dar a las mujeres los mismos derechos sobre los recursos econ\u00f3micos, as\u00ed como el acceso a la propiedad y el control de la tierra y otras formas de propiedad, servicios financieros, herencias y recursos naturales, de conformidad con las leyes nacionales&quot;. (Naciones Unidas, 2015).<\/p>\n\n\n\n<div class=\"wp-block-buttons is-layout-flex wp-block-buttons-is-layout-flex\">\n<div class=\"wp-block-button\"><a class=\"wp-block-button__link\" href=\"https:\/\/portal.rare.org\/wp-content\/uploads\/2021\/05\/Spanish-Global-gender-strategy-FishForever052121.pdf\" target=\"_blank\" rel=\"noreferrer noopener\">Descargar la estrategia global de g\u00e9nero<\/a><\/div>\n<\/div>\n<\/div><\/div><\/div><\/div><\/div><\/div>","protected":false},"excerpt":{"rendered":"<p>Expand the menus below to reveal information and links to guidance documents and other resources relating to implementation of the Fish Forever program as well as instruction manuals and details regarding the approaches used to achieve program objectives. If you cannot find the document you are looking for here please [&hellip;]<\/p>\n","protected":false},"author":1,"featured_media":0,"parent":4802,"menu_order":0,"comment_status":"closed","ping_status":"closed","template":"template-fullwidth.php","meta":{"footnotes":""},"folder":[368],"class_list":["post-6430","page","type-page","status-publish","hentry"],"featured_image_urls":{"full":"","thumbnail":"","medium":"","medium_large":"","large":"","1536x1536":"","2048x2048":"","trp-custom-language-flag":"","homepage-slider":"","homepage-slider-small":"","page-top":"","page-small":"","loop-main":"","thumb-gallery-widget":""},"post_excerpt_stackable":"<p>Expand the menus below to reveal information and links to guidance documents and other resources relating to implementation of the Fish Forever program as well as instruction manuals and details regarding the approaches used to achieve program objectives. If you cannot find the document you are looking for here please try searching the site, otherwise feel free to contact us. Community Engagement &amp; Behavior Adoption This toolkit is designed to be a compilation of resources to be used primarily by Rare\u2019s country implementation staff in training and working with local partners at the national, sub-national, site and community levels. See&hellip;<\/p>\n","category_list":"","author_info":{"name":"gstoyle@rare.org","url":"https:\/\/portal.rare.org\/es\/author\/gstoylerare-org\/"},"comments_num":"0 comments","featured_image_urls_v2":{"full":"","thumbnail":"","medium":"","medium_large":"","large":"","1536x1536":"","2048x2048":"","trp-custom-language-flag":"","homepage-slider":"","homepage-slider-small":"","page-top":"","page-small":"","loop-main":"","thumb-gallery-widget":""},"post_excerpt_stackable_v2":"<p>Expand the menus below to reveal information and links to guidance documents and other resources relating to implementation of the Fish Forever program as well as instruction manuals and details regarding the approaches used to achieve program objectives. If you cannot find the document you are looking for here please try searching the site, otherwise feel free to contact us. Community Engagement &amp; Behavior Adoption This toolkit is designed to be a compilation of resources to be used primarily by Rare\u2019s country implementation staff in training and working with local partners at the national, sub-national, site and community levels. See&hellip;<\/p>\n","category_list_v2":"","author_info_v2":{"name":"gstoyle@rare.org","url":"https:\/\/portal.rare.org\/es\/author\/gstoylerare-org\/"},"comments_num_v2":"0 comments","_links":{"self":[{"href":"https:\/\/portal.rare.org\/es\/wp-json\/wp\/v2\/pages\/6430","targetHints":{"allow":["GET"]}}],"collection":[{"href":"https:\/\/portal.rare.org\/es\/wp-json\/wp\/v2\/pages"}],"about":[{"href":"https:\/\/portal.rare.org\/es\/wp-json\/wp\/v2\/types\/page"}],"author":[{"embeddable":true,"href":"https:\/\/portal.rare.org\/es\/wp-json\/wp\/v2\/users\/1"}],"replies":[{"embeddable":true,"href":"https:\/\/portal.rare.org\/es\/wp-json\/wp\/v2\/comments?post=6430"}],"version-history":[{"count":0,"href":"https:\/\/portal.rare.org\/es\/wp-json\/wp\/v2\/pages\/6430\/revisions"}],"up":[{"embeddable":true,"href":"https:\/\/portal.rare.org\/es\/wp-json\/wp\/v2\/pages\/4802"}],"wp:attachment":[{"href":"https:\/\/portal.rare.org\/es\/wp-json\/wp\/v2\/media?parent=6430"}],"wp:term":[{"taxonomy":"folder","embeddable":true,"href":"https:\/\/portal.rare.org\/es\/wp-json\/wp\/v2\/folder?post=6430"}],"curies":[{"name":"wp","href":"https:\/\/api.w.org\/{rel}","templated":true}]}}