{"id":7752,"date":"2021-05-27T17:45:11","date_gmt":"2021-05-27T17:45:11","guid":{"rendered":"https:\/\/portal.rare.org\/?page_id=7752"},"modified":"2021-05-28T17:07:14","modified_gmt":"2021-05-28T17:07:14","slug":"fisher-registration","status":"publish","type":"page","link":"https:\/\/portal.rare.org\/es\/program-resources\/fisher-registration\/","title":{"rendered":"Registro de Fisher"},"content":{"rendered":"<p>El registro de pescadores es el proceso de inscribir a los pescadores en un registro que permite a los gobiernos y grupos de gesti\u00f3n otorgar derechos de pesca, monitorear la actividad pesquera y regular la entrada a la pesquer\u00eda. El registro de pescadores es fundamental para una ordenaci\u00f3n pesquera eficaz. Sin el conocimiento de qui\u00e9n est\u00e1 pescando, los administradores no pueden medir con precisi\u00f3n la presi\u00f3n ejercida sobre las pesquer\u00edas que sustentan el bienestar y la resiliencia de las comunidades costeras.<\/p>\n\n\n\n<div class=\"wp-block-ugb-columns ugb-columns ugb-a1683eb ugb-columns--design-plain ugb-columns--columns-2 ugb-main-block\"><div class=\"ugb-inner-block\"><div class=\"ugb-block-content\"><div class=\"ugb-columns__item ugb-a1683eb-content-wrapper\">\n<div class=\"wp-block-ugb-column ugb-column ugb-8b92f03 ugb-column--design-plain ugb-main-block\"><div class=\"ugb-inner-block\"><div class=\"ugb-block-content\"><div class=\"ugb-column__item ugb-8b92f03-column-wrapper\"><div class=\"ugb-column__content-wrapper\">\n<figure class=\"wp-block-image size-large\"><img loading=\"lazy\" decoding=\"async\" width=\"640\" height=\"426\" src=\"https:\/\/portal.rare.org\/wp-content\/uploads\/2019\/04\/MOZ_GWS-97.jpg\" alt=\"\" class=\"wp-image-3956\" srcset=\"https:\/\/portal.rare.org\/wp-content\/uploads\/2019\/04\/MOZ_GWS-97.jpg 640w, https:\/\/portal.rare.org\/wp-content\/uploads\/2019\/04\/MOZ_GWS-97-300x200.jpg 300w, https:\/\/portal.rare.org\/wp-content\/uploads\/2019\/04\/MOZ_GWS-97-624x415.jpg 624w, https:\/\/portal.rare.org\/wp-content\/uploads\/2019\/04\/MOZ_GWS-97-84x56.jpg 84w\" sizes=\"auto, (max-width: 640px) 100vw, 640px\" \/><\/figure>\n\n\n\n<h3 class=\"wp-block-heading\">Gesti\u00f3n eficaz<\/h3>\n\n\n\n<p>Si bien muchos pa\u00edses han establecido sistemas de registro de pescadores, pocos contribuyen activamente a una ordenaci\u00f3n eficaz de la pesca en peque\u00f1a escala. A trav\u00e9s del trabajo de Fish Forever con las comunidades pesqueras y los gobiernos locales, hemos descubierto que las razones principales de esto son:<\/p>\n\n\n\n<ol class=\"wp-block-list\"><li>no todos los pescadores est\u00e1n registrados.<\/li><li>los administradores locales no tienen acceso ni capacidad para administrar los datos de registro.<\/li><li>los pescadores no registrados o sin licencia no son penalizados.&nbsp;<\/li><\/ol>\n<\/div><\/div><\/div><\/div><\/div>\n\n\n\n<div class=\"wp-block-ugb-column ugb-column ugb-707755d ugb-column--design-plain ugb-main-block\"><div class=\"ugb-inner-block\"><div class=\"ugb-block-content\"><div class=\"ugb-column__item ugb-707755d-column-wrapper\"><div class=\"ugb-column__content-wrapper\">\n<figure class=\"wp-block-image size-large\"><img loading=\"lazy\" decoding=\"async\" width=\"1024\" height=\"684\" src=\"https:\/\/portal.rare.org\/wp-content\/uploads\/2019\/04\/myanmar-fisheries-040-1024x684.jpg\" alt=\"\" class=\"wp-image-4002\" srcset=\"https:\/\/portal.rare.org\/wp-content\/uploads\/2019\/04\/myanmar-fisheries-040-1024x684.jpg 1024w, https:\/\/portal.rare.org\/wp-content\/uploads\/2019\/04\/myanmar-fisheries-040-300x200.jpg 300w, https:\/\/portal.rare.org\/wp-content\/uploads\/2019\/04\/myanmar-fisheries-040-768x513.jpg 768w, https:\/\/portal.rare.org\/wp-content\/uploads\/2019\/04\/myanmar-fisheries-040-947x632.jpg 947w, https:\/\/portal.rare.org\/wp-content\/uploads\/2019\/04\/myanmar-fisheries-040-624x417.jpg 624w, https:\/\/portal.rare.org\/wp-content\/uploads\/2019\/04\/myanmar-fisheries-040-84x56.jpg 84w, https:\/\/portal.rare.org\/wp-content\/uploads\/2019\/04\/myanmar-fisheries-040.jpg 2048w\" sizes=\"auto, (max-width: 1024px) 100vw, 1024px\" \/><\/figure>\n\n\n\n<h3 class=\"wp-block-heading\">Derecho a pescar<\/h3>\n\n\n\n<p>El enfoque de acceso administrado de Fish Forever otorga privilegios de acceso exclusivo para pescar en \u00e1reas definidas a los pescadores beneficiarios que cumplen con las regulaciones de pesca y participan en actividades de conservaci\u00f3n y manejo costero. El registro de pescadores es la plataforma para identificar a los pescadores con derecho a pescar. Fish Forever trabaja con comunidades pesqueras a peque\u00f1a escala y gobiernos locales para construir <strong>una lista precisa de qui\u00e9n tiene derecho a pescar en cada \u00e1rea de acceso gestionada<\/strong> registrando a todos los pescadores a trav\u00e9s de un sistema centralizado al que pueden acceder los \u00f3rganos de ordenaci\u00f3n pesquera. <strong>En \u00faltima instancia, el punto final del registro de pescadores es <a href=\"https:\/\/portal.rare.org\/es\/tools-and-data\/build-effective-management-bodies\/\">ordenaci\u00f3n pesquera eficaz<\/a> junto con beneficios tangibles para los pescadores locales.<\/strong><\/p>\n<\/div><\/div><\/div><\/div><\/div>\n<\/div><\/div><\/div><\/div>","protected":false},"excerpt":{"rendered":"<p>Fisher registration is the process of enlisting fishers in a registry that enables governments and management groups to grant fishing rights, monitor fishing activity and regulate entry to the fishery. Fisher registration is at the core of effective fisheries management. Without knowledge of who is fishing, managers are not able [&hellip;]<\/p>\n","protected":false},"author":1,"featured_media":0,"parent":448,"menu_order":0,"comment_status":"closed","ping_status":"closed","template":"template-fullwidth.php","meta":{"footnotes":""},"folder":[368],"class_list":["post-7752","page","type-page","status-publish","hentry"],"featured_image_urls":{"full":"","thumbnail":"","medium":"","medium_large":"","large":"","1536x1536":"","2048x2048":"","trp-custom-language-flag":"","homepage-slider":"","homepage-slider-small":"","page-top":"","page-small":"","loop-main":"","thumb-gallery-widget":""},"post_excerpt_stackable":"<p>Fisher registration is the process of enlisting fishers in a registry that enables governments and management groups to grant fishing rights, monitor fishing activity and regulate entry to the fishery. Fisher registration is at the core of effective fisheries management. Without knowledge of who is fishing, managers are not able to accurately measure the pressure exerted on the fisheries that underpin the wellbeing and resilience of coastal communities. Effective Management While many countries have established fisher registration systems, few are actively contributing to effective small-scale fisheries management. Through Fish Forever\u2019s work with local fishing communities and governments, we\u2019ve discovered that&hellip;<\/p>\n","category_list":"","author_info":{"name":"gstoyle@rare.org","url":"https:\/\/portal.rare.org\/es\/author\/gstoylerare-org\/"},"comments_num":"0 comments","featured_image_urls_v2":{"full":"","thumbnail":"","medium":"","medium_large":"","large":"","1536x1536":"","2048x2048":"","trp-custom-language-flag":"","homepage-slider":"","homepage-slider-small":"","page-top":"","page-small":"","loop-main":"","thumb-gallery-widget":""},"post_excerpt_stackable_v2":"<p>Fisher registration is the process of enlisting fishers in a registry that enables governments and management groups to grant fishing rights, monitor fishing activity and regulate entry to the fishery. Fisher registration is at the core of effective fisheries management. Without knowledge of who is fishing, managers are not able to accurately measure the pressure exerted on the fisheries that underpin the wellbeing and resilience of coastal communities. Effective Management While many countries have established fisher registration systems, few are actively contributing to effective small-scale fisheries management. Through Fish Forever\u2019s work with local fishing communities and governments, we\u2019ve discovered that&hellip;<\/p>\n","category_list_v2":"","author_info_v2":{"name":"gstoyle@rare.org","url":"https:\/\/portal.rare.org\/es\/author\/gstoylerare-org\/"},"comments_num_v2":"0 comments","_links":{"self":[{"href":"https:\/\/portal.rare.org\/es\/wp-json\/wp\/v2\/pages\/7752","targetHints":{"allow":["GET"]}}],"collection":[{"href":"https:\/\/portal.rare.org\/es\/wp-json\/wp\/v2\/pages"}],"about":[{"href":"https:\/\/portal.rare.org\/es\/wp-json\/wp\/v2\/types\/page"}],"author":[{"embeddable":true,"href":"https:\/\/portal.rare.org\/es\/wp-json\/wp\/v2\/users\/1"}],"replies":[{"embeddable":true,"href":"https:\/\/portal.rare.org\/es\/wp-json\/wp\/v2\/comments?post=7752"}],"version-history":[{"count":0,"href":"https:\/\/portal.rare.org\/es\/wp-json\/wp\/v2\/pages\/7752\/revisions"}],"up":[{"embeddable":true,"href":"https:\/\/portal.rare.org\/es\/wp-json\/wp\/v2\/pages\/448"}],"wp:attachment":[{"href":"https:\/\/portal.rare.org\/es\/wp-json\/wp\/v2\/media?parent=7752"}],"wp:term":[{"taxonomy":"folder","embeddable":true,"href":"https:\/\/portal.rare.org\/es\/wp-json\/wp\/v2\/folder?post=7752"}],"curies":[{"name":"wp","href":"https:\/\/api.w.org\/{rel}","templated":true}]}}