{"id":7812,"date":"2021-05-27T19:51:31","date_gmt":"2021-05-27T19:51:31","guid":{"rendered":"https:\/\/portal.rare.org\/?page_id=7812"},"modified":"2021-06-08T12:49:10","modified_gmt":"2021-06-08T12:49:10","slug":"coastal-500-faq","status":"publish","type":"page","link":"https:\/\/portal.rare.org\/es\/policy-governance\/coastal-500-faq\/","title":{"rendered":"Preguntas frecuentes sobre Coastal 500"},"content":{"rendered":"<div class=\"wp-block-ugb-accordion ugb-accordion ugb-5700596 ugb-accordion--v2 ugb-accordion--design-basic ugb-main-block\" aria-expanded=\"false\"><div class=\"ugb-inner-block\"><div class=\"ugb-block-content\"><div class=\"ugb-accordion__item\"><div class=\"ugb-accordion__heading\" role=\"button\" tabindex=\"0\"><h4 class=\"ugb-accordion__title\">\u00bfQu\u00e9 es el Coastal 500?<\/h4><svg viewbox=\"0 0 20 20\" xmlns=\"http:\/\/www.w3.org\/2000\/svg\" class=\"ugb-accordion__arrow\" width=\"20\" height=\"20\"><path d=\"M16.7 3.3L10 10 3.3 3.4 0 6.7l10 10v-.1l10-9.9z\"><\/path><\/svg><\/div><div class=\"ugb-accordion__content\" role=\"region\"><div class=\"ugb-accordion__content-inner\">\n<p>Coastal 500 es la red mundial m\u00e1s grande de alcaldes y l\u00edderes de gobiernos locales comprometidos a trabajar por comunidades costeras pr\u00f3speras y pr\u00f3speras. Est\u00e1n unidos para recuperar y mantener los mares costeros y compartir las mejores pr\u00e1cticas y lecciones clave en todo el mundo. La red tiene como objetivo ayudar a todos los miembros a lograr una pesca sostenible que construya la prosperidad de la comunidad, al tiempo que protege el medio ambiente.<\/p>\n<\/div><\/div><\/div><\/div><\/div><\/div>\n\n\n\n<div class=\"wp-block-ugb-accordion ugb-accordion ugb-0383b76 ugb-accordion--v2 ugb-accordion--design-basic ugb-main-block\" aria-expanded=\"false\"><div class=\"ugb-inner-block\"><div class=\"ugb-block-content\"><div class=\"ugb-accordion__item\"><div class=\"ugb-accordion__heading\" role=\"button\" tabindex=\"0\"><h4 class=\"ugb-accordion__title\">\u00bfQui\u00e9n es parte de Coastal 500?<\/h4><svg viewbox=\"0 0 20 20\" xmlns=\"http:\/\/www.w3.org\/2000\/svg\" class=\"ugb-accordion__arrow\" width=\"20\" height=\"20\"><path d=\"M16.7 3.3L10 10 3.3 3.4 0 6.7l10 10v-.1l10-9.9z\"><\/path><\/svg><\/div><div class=\"ugb-accordion__content\" role=\"region\"><div class=\"ugb-accordion__content-inner\">\n<p>El Coastal 500 est\u00e1 compuesto por alcaldes y otros l\u00edderes de gobiernos locales de pa\u00edses de los tr\u00f3picos en desarrollo. Los miembros proceden de Filipinas, Indonesia, Mozambique, Guatemala, Brasil, Honduras, los Estados Federados de Micronesia y Palau.<\/p>\n<\/div><\/div><\/div><\/div><\/div><\/div>\n\n\n\n<div class=\"wp-block-ugb-accordion ugb-accordion ugb-a5e5f80 ugb-accordion--v2 ugb-accordion--design-basic ugb-main-block\" aria-expanded=\"false\"><div class=\"ugb-inner-block\"><div class=\"ugb-block-content\"><div class=\"ugb-accordion__item\"><div class=\"ugb-accordion__heading\" role=\"button\" tabindex=\"0\"><h4 class=\"ugb-accordion__title\">Cuales son sus metas?<\/h4><svg viewbox=\"0 0 20 20\" xmlns=\"http:\/\/www.w3.org\/2000\/svg\" class=\"ugb-accordion__arrow\" width=\"20\" height=\"20\"><path d=\"M16.7 3.3L10 10 3.3 3.4 0 6.7l10 10v-.1l10-9.9z\"><\/path><\/svg><\/div><div class=\"ugb-accordion__content\" role=\"region\"><div class=\"ugb-accordion__content-inner\">\n<p>El Coastal 500 tiene como objetivo cambiar dr\u00e1sticamente la forma en que las comunidades protegen sus aguas costeras e influir en la forma en que naciones y regiones enteras gestionan sus pesquer\u00edas. La red establecer\u00e1 un liderazgo mundial para la pesca en peque\u00f1a escala y trabajar\u00e1 en conjunto para influir en las partes interesadas del sector pesquero, lo que generar\u00e1 cambios positivos en la opini\u00f3n p\u00fablica, la voluntad pol\u00edtica y las pol\u00edticas gubernamentales. Tambi\u00e9n servir\u00e1 como una plataforma valiosa para el aprendizaje entre pares, el apoyo t\u00e9cnico y de redes, y el desarrollo de la promoci\u00f3n para los l\u00edderes costeros de todo el mundo.<\/p>\n\n\n\n<p>La acci\u00f3n colectiva y el liderazgo sirven como fuerza motivadora para un cambio efectivo. El objetivo es tener como miembros a 500 alcaldes y otros l\u00edderes del gobierno local, que representen una circunscripci\u00f3n de un mill\u00f3n de pescadores, todos alineados en torno a una visi\u00f3n compartida y una promoci\u00f3n colectiva.<\/p>\n<\/div><\/div><\/div><\/div><\/div><\/div>\n\n\n\n<div class=\"wp-block-ugb-accordion ugb-accordion ugb-8b0bbe9 ugb-accordion--v2 ugb-accordion--design-basic ugb-main-block\" aria-expanded=\"false\"><div class=\"ugb-inner-block\"><div class=\"ugb-block-content\"><div class=\"ugb-accordion__item\"><div class=\"ugb-accordion__heading\" role=\"button\" tabindex=\"0\"><h4 class=\"ugb-accordion__title\">\u00bfPor qu\u00e9 es necesario?<\/h4><svg viewbox=\"0 0 20 20\" xmlns=\"http:\/\/www.w3.org\/2000\/svg\" class=\"ugb-accordion__arrow\" width=\"20\" height=\"20\"><path d=\"M16.7 3.3L10 10 3.3 3.4 0 6.7l10 10v-.1l10-9.9z\"><\/path><\/svg><\/div><div class=\"ugb-accordion__content\" role=\"region\"><div class=\"ugb-accordion__content-inner\">\n<p>Los medios de subsistencia de aproximadamente 200 millones de personas en todo el mundo est\u00e1n vinculados directa o indirectamente a las pesquer\u00edas costeras, ubicadas en la delgada franja de oc\u00e9ano, a 12 km de la costa. Esta \u00e1rea tambi\u00e9n alberga la mayor parte de la biodiversidad del oc\u00e9ano. Seg\u00fan la Organizaci\u00f3n de las Naciones Unidas para la Agricultura y la Alimentaci\u00f3n, aproximadamente una de cada cinco personas en todo el mundo depende del pescado para una parte significativa de su prote\u00edna animal. Al mismo tiempo, en muchos de los pa\u00edses menos desarrollados de \u00c1frica y Asia, ese n\u00famero est\u00e1 m\u00e1s cerca de 50%.<\/p>\n\n\n\n<p>Sin embargo, el oc\u00e9ano est\u00e1 bajo una enorme presi\u00f3n. El cambio clim\u00e1tico, la sobrepesca, la contaminaci\u00f3n y otras actividades humanas est\u00e1n provocando un calentamiento de las temperaturas oce\u00e1nicas y la acidificaci\u00f3n, lo que a su vez conduce a la p\u00e9rdida de biodiversidad, la degradaci\u00f3n del h\u00e1bitat, los patrones migratorios cambiantes y otros desaf\u00edos que afectan directamente la viabilidad a largo plazo de las pesquer\u00edas costeras. . La presi\u00f3n solo ha aumentado con la pandemia mundial de COVID-19. Con las cadenas de suministro cortadas, los pescadores locales se convirtieron en el respaldo de la seguridad alimentaria y el empleo.<\/p>\n\n\n\n<p>En este momento, los gobiernos, las ONG y las fundaciones est\u00e1n planeando una \u201crecuperaci\u00f3n verde\u201d de empleos sostenibles para reemplazar los perdidos por la pandemia. Los defensores de los oc\u00e9anos tambi\u00e9n est\u00e1n presionando por una &quot;recuperaci\u00f3n azul&quot; que restaure la salud de los oc\u00e9anos. Coastal 500 ayudar\u00e1 a garantizar que la pesca en peque\u00f1a escala y la red de microempresas que apoyan sean plenamente reconocidas como la base de la econom\u00eda rural. Se construir\u00e1 una recuperaci\u00f3n sostenida a trav\u00e9s de comunidades rurales pr\u00f3speras que equilibren la producci\u00f3n con la protecci\u00f3n del medio ambiente.<\/p>\n<\/div><\/div><\/div><\/div><\/div><\/div>\n\n\n\n<div class=\"wp-block-ugb-accordion ugb-accordion ugb-cf953d4 ugb-accordion--v2 ugb-accordion--design-basic ugb-main-block\" aria-expanded=\"false\"><div class=\"ugb-inner-block\"><div class=\"ugb-block-content\"><div class=\"ugb-accordion__item\"><div class=\"ugb-accordion__heading\" role=\"button\" tabindex=\"0\"><h4 class=\"ugb-accordion__title\">\u00bfQu\u00e9 har\u00e1 el Coastal 500?<\/h4><svg viewbox=\"0 0 20 20\" xmlns=\"http:\/\/www.w3.org\/2000\/svg\" class=\"ugb-accordion__arrow\" width=\"20\" height=\"20\"><path d=\"M16.7 3.3L10 10 3.3 3.4 0 6.7l10 10v-.1l10-9.9z\"><\/path><\/svg><\/div><div class=\"ugb-accordion__content\" role=\"region\"><div class=\"ugb-accordion__content-inner\">\n<p>Los miembros de Coastal 500 se han comprometido con los principios clave para apoyar una pesca saludable y sostenible. Cada miembro de Coastal 500 asume un compromiso p\u00fablico id\u00e9ntico de construir comunidades costeras saludables, pr\u00f3speras y sostenibles a trav\u00e9s de actividades enfocadas en:<\/p>\n\n\n\n<ul class=\"wp-block-list\"><li>Promover comportamientos de pescadores responsables que incluyan el registro, el seguimiento de las capturas, la participaci\u00f3n en la gesti\u00f3n y el cumplimiento de las regulaciones;<\/li><li>Reconocer, priorizar y defender a las comunidades locales en su acceso y uso de la pesca costera;<\/li><li>Construir una comunidad empoderada e informada a trav\u00e9s de la ordenaci\u00f3n pesquera participativa que regula el esfuerzo de manera justa y equitativa y emplea un proceso de toma de decisiones responsable y transparente;<\/li><li>Respaldar las reservas de pesca prohibida para reponer y mantener las poblaciones de peces protegiendo los h\u00e1bitats costeros como los arrecifes de coral, los bosques de manglares y los lechos de pastos marinos;<\/li><li>Invertir en el fortalecimiento de la capacidad humana y los recursos financieros para sostener la ordenaci\u00f3n pesquera comunitaria;<\/li><li>Continuar aprendiendo, ense\u00f1ando e inspirando a otros al compartir lecciones y experiencias de mi comunidad con l\u00edderes de todo el pa\u00eds y del mundo.<\/li><\/ul>\n\n\n\n<p>Los miembros tambi\u00e9n est\u00e1n comprometidos con el logro de estos compromisos mediante la adopci\u00f3n de acciones program\u00e1ticas espec\u00edficas, la obtenci\u00f3n de compromisos pol\u00edticos y la movilizaci\u00f3n de asignaciones financieras para la pesca costera, como se refleja en la Gu\u00eda de acci\u00f3n de Coastal 500.<\/p>\n<\/div><\/div><\/div><\/div><\/div><\/div>\n\n\n\n<div class=\"wp-block-ugb-accordion ugb-accordion ugb-2395636 ugb-accordion--v2 ugb-accordion--design-basic ugb-main-block\" aria-expanded=\"false\"><div class=\"ugb-inner-block\"><div class=\"ugb-block-content\"><div class=\"ugb-accordion__item\"><div class=\"ugb-accordion__heading\" role=\"button\" tabindex=\"0\"><h4 class=\"ugb-accordion__title\">\u00bfQui\u00e9n apoya al Coastal 500?<\/h4><svg viewbox=\"0 0 20 20\" xmlns=\"http:\/\/www.w3.org\/2000\/svg\" class=\"ugb-accordion__arrow\" width=\"20\" height=\"20\"><path d=\"M16.7 3.3L10 10 3.3 3.4 0 6.7l10 10v-.1l10-9.9z\"><\/path><\/svg><\/div><div class=\"ugb-accordion__content\" role=\"region\"><div class=\"ugb-accordion__content-inner\">\n<p>Rare es el principal convocante y secretar\u00eda de Coastal 500. Rare es una ONG internacional, con sede en las afueras de Washington, DC, EE. UU., Y el l\u00edder mundial en impulsar el cambio social para ayudar a las personas y la naturaleza a prosperar. Con un enfoque centrado en las personas arraigado en la ciencia del comportamiento y el pensamiento de dise\u00f1o, Rare se asocia con l\u00edderes locales y sus comunidades para identificar y derribar las barreras para adoptar pr\u00e1cticas ambientales sostenibles y hacer que el cambio sea m\u00e1s f\u00e1cil de adoptar.<\/p>\n\n\n\n<p>El programa Fish Forever de Rare es una soluci\u00f3n liderada por la comunidad para revitalizar los h\u00e1bitats marinos costeros, como los arrecifes de coral, manglares y pastos marinos, previniendo la sobrepesca costera y asegurando los medios de vida de los pescadores en peque\u00f1a escala, sus hogares y sus comunidades. Fish Forever ha involucrado a m\u00e1s de 1,000 comunidades en 8 pa\u00edses y ha ayudado o est\u00e1 en el proceso de ayudar a colocar cerca de 4 millones de hect\u00e1reas de agua del oc\u00e9ano costero bajo una gesti\u00f3n sostenible.<\/p>\n\n\n\n<p>Rare es socio de la iniciativa Vibrant Oceans de Bloomberg Philanthropies para proteger y restaurar los oc\u00e9anos del mundo promoviendo la conservaci\u00f3n de los oc\u00e9anos, protegiendo los h\u00e1bitats resistentes de los arrecifes de coral y reduciendo la pr\u00e1ctica de la sobrepesca da\u00f1ina e ilegal. Bloomberg Philanthropies tambi\u00e9n es l\u00edder en la defensa de alcaldes y l\u00edderes locales en la primera l\u00ednea de desaf\u00edos a trav\u00e9s de iniciativas como C40 y el Pacto Global de Alcaldes por el Clima y la Energ\u00eda.<\/p>\n<\/div><\/div><\/div><\/div><\/div><\/div>\n\n\n\n<div class=\"wp-block-ugb-accordion ugb-accordion ugb-9009e24 ugb-accordion--v2 ugb-accordion--design-basic ugb-main-block\" aria-expanded=\"false\"><div class=\"ugb-inner-block\"><div class=\"ugb-block-content\"><div class=\"ugb-accordion__item\"><div class=\"ugb-accordion__heading\" role=\"button\" tabindex=\"0\"><h4 class=\"ugb-accordion__title\">\u00bfCu\u00e1ndo se lanza oficialmente el Coastal 500?<\/h4><svg viewbox=\"0 0 20 20\" xmlns=\"http:\/\/www.w3.org\/2000\/svg\" class=\"ugb-accordion__arrow\" width=\"20\" height=\"20\"><path d=\"M16.7 3.3L10 10 3.3 3.4 0 6.7l10 10v-.1l10-9.9z\"><\/path><\/svg><\/div><div class=\"ugb-accordion__content\" role=\"region\"><div class=\"ugb-accordion__content-inner\">\n<p>El Coastal 500 se lanzar\u00e1 oficialmente el 8 de junio de 2021 (D\u00eda Mundial de los Oc\u00e9anos), con un evento al que asistir\u00e1n alcaldes y l\u00edderes locales de todo el mundo. Gregor Robertson, Embajador Global del Pacto Global de Alcaldes y ex alcalde de Vancouver, Canad\u00e1, pronunciar\u00e1 un discurso de apertura. Otros oradores incluyen a Antha Williams, directora del programa medioambiental Bloomberg Philanthropies, y a la Dra. Christiane Paulus, directora general del Ministerio Federal de Medio Ambiente, Conservaci\u00f3n de la Naturaleza, Construcci\u00f3n y Seguridad Nuclear (BMU) de Alemania. Si bien la red no se lanza oficialmente hasta el 8 de junio, m\u00e1s de 100 alcaldes y l\u00edderes de gobiernos locales ya se han comprometido a proteger y defender a las comunidades costeras.<\/p>\n<\/div><\/div><\/div><\/div><\/div><\/div>\n\n\n\n<div class=\"wp-block-ugb-accordion ugb-accordion ugb-ee0488d ugb-accordion--v2 ugb-accordion--design-basic ugb-main-block\" aria-expanded=\"false\"><div class=\"ugb-inner-block\"><div class=\"ugb-block-content\"><div class=\"ugb-accordion__item\"><div class=\"ugb-accordion__heading\" role=\"button\" tabindex=\"0\"><h4 class=\"ugb-accordion__title\">\u00bfPorqu\u00e9 ahora?<\/h4><svg viewbox=\"0 0 20 20\" xmlns=\"http:\/\/www.w3.org\/2000\/svg\" class=\"ugb-accordion__arrow\" width=\"20\" height=\"20\"><path d=\"M16.7 3.3L10 10 3.3 3.4 0 6.7l10 10v-.1l10-9.9z\"><\/path><\/svg><\/div><div class=\"ugb-accordion__content\" role=\"region\"><div class=\"ugb-accordion__content-inner\">\n<p>Las presiones del COVID-19 y el cambio clim\u00e1tico exigen una acci\u00f3n inmediata. Pero las conversaciones globales sobre la conservaci\u00f3n de los oc\u00e9anos tambi\u00e9n est\u00e1n llegando a una coyuntura cr\u00edtica. Las Naciones Unidas han declarado 2022 como el A\u00f1o Internacional de la Pesca y la Acuicultura Artesanales (IYAFA), y \u201ctiene como objetivo centrar la atenci\u00f3n mundial en el papel que desempe\u00f1an la pesca en peque\u00f1a escala, los piscicultores y los trabajadores de la pesca en la seguridad alimentaria y la nutrici\u00f3n, la erradicaci\u00f3n de la pobreza y uso sostenible de los recursos naturales, aumentando as\u00ed la comprensi\u00f3n mundial y la acci\u00f3n para apoyarlos &quot;.<\/p>\n\n\n\n<p>El trabajo de Coastal 500 tambi\u00e9n se alinea con los Objetivos de Desarrollo Sostenible, en particular el ODS 1 (Fin de la pobreza), el ODS 2 (Hambre cero), el ODS 5 (Igualdad de g\u00e9nero) y el ODS 14 (Vida submarina).<\/p>\n<\/div><\/div><\/div><\/div><\/div><\/div>","protected":false},"excerpt":{"rendered":"<p>The Coastal 500 is the largest global network of mayors and local government leaders committed to working towards thriving and prosperous coastal communities. They are united in recovering and sustaining coastal seas and sharing best practices and key lessons worldwide. The network aims to help all members achieve sustainable fisheries [&hellip;]<\/p>\n","protected":false},"author":1,"featured_media":0,"parent":5374,"menu_order":2,"comment_status":"closed","ping_status":"closed","template":"","meta":{"footnotes":""},"folder":[371],"class_list":["post-7812","page","type-page","status-publish","hentry"],"featured_image_urls":{"full":"","thumbnail":"","medium":"","medium_large":"","large":"","1536x1536":"","2048x2048":"","trp-custom-language-flag":"","homepage-slider":"","homepage-slider-small":"","page-top":"","page-small":"","loop-main":"","thumb-gallery-widget":""},"post_excerpt_stackable":"<p>What is the Coastal 500? The Coastal 500 is the largest global network of mayors and local government leaders committed to working towards thriving and prosperous coastal communities. They are united in recovering and sustaining coastal seas and sharing best practices and key lessons worldwide. The network aims to help all members achieve sustainable fisheries that build community prosperity, while safeguarding the environment. Who is a part of the Coastal 500? The Coastal 500 is comprised of mayors and other local government leaders from countries across the developing tropics. Members hail from the Philippines, Indonesia, Mozambique, Guatemala, Brazil, Honduras, Federated&hellip;<\/p>\n","category_list":"","author_info":{"name":"gstoyle@rare.org","url":"https:\/\/portal.rare.org\/es\/author\/gstoylerare-org\/"},"comments_num":"0 comments","featured_image_urls_v2":{"full":"","thumbnail":"","medium":"","medium_large":"","large":"","1536x1536":"","2048x2048":"","trp-custom-language-flag":"","homepage-slider":"","homepage-slider-small":"","page-top":"","page-small":"","loop-main":"","thumb-gallery-widget":""},"post_excerpt_stackable_v2":"<p>What is the Coastal 500? The Coastal 500 is the largest global network of mayors and local government leaders committed to working towards thriving and prosperous coastal communities. They are united in recovering and sustaining coastal seas and sharing best practices and key lessons worldwide. The network aims to help all members achieve sustainable fisheries that build community prosperity, while safeguarding the environment. Who is a part of the Coastal 500? The Coastal 500 is comprised of mayors and other local government leaders from countries across the developing tropics. Members hail from the Philippines, Indonesia, Mozambique, Guatemala, Brazil, Honduras, Federated&hellip;<\/p>\n","category_list_v2":"","author_info_v2":{"name":"gstoyle@rare.org","url":"https:\/\/portal.rare.org\/es\/author\/gstoylerare-org\/"},"comments_num_v2":"0 comments","_links":{"self":[{"href":"https:\/\/portal.rare.org\/es\/wp-json\/wp\/v2\/pages\/7812","targetHints":{"allow":["GET"]}}],"collection":[{"href":"https:\/\/portal.rare.org\/es\/wp-json\/wp\/v2\/pages"}],"about":[{"href":"https:\/\/portal.rare.org\/es\/wp-json\/wp\/v2\/types\/page"}],"author":[{"embeddable":true,"href":"https:\/\/portal.rare.org\/es\/wp-json\/wp\/v2\/users\/1"}],"replies":[{"embeddable":true,"href":"https:\/\/portal.rare.org\/es\/wp-json\/wp\/v2\/comments?post=7812"}],"version-history":[{"count":0,"href":"https:\/\/portal.rare.org\/es\/wp-json\/wp\/v2\/pages\/7812\/revisions"}],"up":[{"embeddable":true,"href":"https:\/\/portal.rare.org\/es\/wp-json\/wp\/v2\/pages\/5374"}],"wp:attachment":[{"href":"https:\/\/portal.rare.org\/es\/wp-json\/wp\/v2\/media?parent=7812"}],"wp:term":[{"taxonomy":"folder","embeddable":true,"href":"https:\/\/portal.rare.org\/es\/wp-json\/wp\/v2\/folder?post=7812"}],"curies":[{"name":"wp","href":"https:\/\/api.w.org\/{rel}","templated":true}]}}