{"id":8254,"date":"2021-07-09T17:00:00","date_gmt":"2021-07-09T17:00:07","guid":{"rendered":"https:\/\/portal.rare.org\/?page_id=8254"},"modified":"2024-10-24T13:59:14","modified_gmt":"2024-10-24T13:59:14","slug":"saving-clubs","status":"publish","type":"page","link":"https:\/\/portal.rare.org\/es\/saving-clubs\/","title":{"rendered":"Clubes de ahorro"},"content":{"rendered":"<p>Savings clubs are local, community-led groups that empower&nbsp;members to manage their resources (both financial and&nbsp;environmental) and provide training and support to households&nbsp;for&nbsp;long-term planning and investment which are critical for&nbsp;the well-being of their communities and the ecosystems they&nbsp;rely on. At Rare, savings clubs act as a steppingstone for rural&nbsp;communities to the formal economy, facilitating adoption of&nbsp;sustainable financial behaviors to prepare households to&nbsp;engage with financial institutions.\u200b<\/p>\n\n\n\n<p>The first Rare savings clubs were introduced by Fish&nbsp;Forever&nbsp; in the Philippines in 2017 to provide small-scale&nbsp;fishing communities access to financial services. Since then,&nbsp;over 700 savings clubs have been established in six countries,&nbsp;reaching nearly 15,000 community members.&nbsp;\u200b<\/p>\n\n\n\n<p>Los clubes de ahorro proporcionan herramientas que crean comunidades m\u00e1s resistentes, m\u00e1s capaces de recuperarse de las crisis sin recurrir a pr\u00e1cticas pesqueras o agr\u00edcolas insostenibles.<\/p>\n\n\n\n<p>Hoy en d\u00eda, para muchas comunidades rurales, los clubes de ahorro son la primera introducci\u00f3n de un hogar a un m\u00e9todo sistem\u00e1tico para ahorrar, acceder a protecciones sociales y endeudarse mediante pr\u00e9stamos. Los clubes son tambi\u00e9n plataformas para que los miembros accedan a la formaci\u00f3n financiera impartida por Rare, se conecten a los servicios financieros y aprendan sobre la creaci\u00f3n de capacidades y el desarrollo de peque\u00f1as empresas.<\/p>\n\n\n\n<div class=\"iframe-container\" style=\"height: 800px;\">\n<iframe src=\"https:\/\/portal.rare.org\/data-management\/savings_clubs_stats\/map.php\"><\/iframe>\n<\/div>","protected":false},"excerpt":{"rendered":"<p>Savings clubs are local, community-led groups that empower&nbsp;members to manage their resources (both financial and&nbsp;environmental) and provide training and support to households&nbsp;for&nbsp;long-term planning and investment which are critical for&nbsp;the well-being of their communities and the ecosystems they&nbsp;rely on. At Rare, savings clubs act as a steppingstone for rural&nbsp;communities to the [&hellip;]<\/p>\n","protected":false},"author":1,"featured_media":0,"parent":0,"menu_order":7,"comment_status":"closed","ping_status":"closed","template":"template-fullwidth.php","meta":{"footnotes":""},"folder":[],"class_list":["post-8254","page","type-page","status-publish","hentry"],"featured_image_urls":{"full":"","thumbnail":"","medium":"","medium_large":"","large":"","1536x1536":"","2048x2048":"","trp-custom-language-flag":"","homepage-slider":"","homepage-slider-small":"","page-top":"","page-small":"","loop-main":"","thumb-gallery-widget":""},"post_excerpt_stackable":"<p>Savings clubs are local, community-led groups that empower&nbsp;members to manage their resources (both financial and&nbsp;environmental) and provide training and support to households&nbsp;for&nbsp;long-term planning and investment which are critical for&nbsp;the well-being of their communities and the ecosystems they&nbsp;rely on. At Rare, savings clubs act as a steppingstone for rural&nbsp;communities to the formal economy, facilitating adoption of&nbsp;sustainable financial behaviors to prepare households to&nbsp;engage with financial institutions.\u200b The first Rare savings clubs were introduced by Fish&nbsp;Forever&nbsp; in the Philippines in 2017 to provide small-scale&nbsp;fishing communities access to financial services. Since then,&nbsp;over 700 savings clubs have been established in six countries,&nbsp;reaching nearly 15,000 community&hellip;<\/p>\n","category_list":"","author_info":{"name":"gstoyle@rare.org","url":"https:\/\/portal.rare.org\/es\/author\/gstoylerare-org\/"},"comments_num":"0 comments","featured_image_urls_v2":{"full":"","thumbnail":"","medium":"","medium_large":"","large":"","1536x1536":"","2048x2048":"","trp-custom-language-flag":"","homepage-slider":"","homepage-slider-small":"","page-top":"","page-small":"","loop-main":"","thumb-gallery-widget":""},"post_excerpt_stackable_v2":"<p>Savings clubs are local, community-led groups that empower&nbsp;members to manage their resources (both financial and&nbsp;environmental) and provide training and support to households&nbsp;for&nbsp;long-term planning and investment which are critical for&nbsp;the well-being of their communities and the ecosystems they&nbsp;rely on. At Rare, savings clubs act as a steppingstone for rural&nbsp;communities to the formal economy, facilitating adoption of&nbsp;sustainable financial behaviors to prepare households to&nbsp;engage with financial institutions.\u200b The first Rare savings clubs were introduced by Fish&nbsp;Forever&nbsp; in the Philippines in 2017 to provide small-scale&nbsp;fishing communities access to financial services. Since then,&nbsp;over 700 savings clubs have been established in six countries,&nbsp;reaching nearly 15,000 community&hellip;<\/p>\n","category_list_v2":"","author_info_v2":{"name":"gstoyle@rare.org","url":"https:\/\/portal.rare.org\/es\/author\/gstoylerare-org\/"},"comments_num_v2":"0 comments","_links":{"self":[{"href":"https:\/\/portal.rare.org\/es\/wp-json\/wp\/v2\/pages\/8254","targetHints":{"allow":["GET"]}}],"collection":[{"href":"https:\/\/portal.rare.org\/es\/wp-json\/wp\/v2\/pages"}],"about":[{"href":"https:\/\/portal.rare.org\/es\/wp-json\/wp\/v2\/types\/page"}],"author":[{"embeddable":true,"href":"https:\/\/portal.rare.org\/es\/wp-json\/wp\/v2\/users\/1"}],"replies":[{"embeddable":true,"href":"https:\/\/portal.rare.org\/es\/wp-json\/wp\/v2\/comments?post=8254"}],"version-history":[{"count":2,"href":"https:\/\/portal.rare.org\/es\/wp-json\/wp\/v2\/pages\/8254\/revisions"}],"predecessor-version":[{"id":11090,"href":"https:\/\/portal.rare.org\/es\/wp-json\/wp\/v2\/pages\/8254\/revisions\/11090"}],"wp:attachment":[{"href":"https:\/\/portal.rare.org\/es\/wp-json\/wp\/v2\/media?parent=8254"}],"wp:term":[{"taxonomy":"folder","embeddable":true,"href":"https:\/\/portal.rare.org\/es\/wp-json\/wp\/v2\/folder?post=8254"}],"curies":[{"name":"wp","href":"https:\/\/api.w.org\/{rel}","templated":true}]}}