{"id":8285,"date":"2021-08-03T01:50:13","date_gmt":"2021-08-03T01:50:13","guid":{"rendered":"https:\/\/portal.rare.org\/?page_id=8285"},"modified":"2021-11-23T14:22:46","modified_gmt":"2021-11-23T14:22:46","slug":"resources","status":"publish","type":"page","link":"https:\/\/portal.rare.org\/es\/where-we-work\/philippines\/resources\/","title":{"rendered":"Recursos"},"content":{"rendered":"<h3 class=\"wp-block-heading\">Kit de calificaci\u00f3n de la evaluaci\u00f3n de la ordenaci\u00f3n pesquera<\/h3>\n\n\n\n<p>Una herramienta de evaluaci\u00f3n para rastrear el progreso en la gesti\u00f3n pesquera para las Unidades de Gobierno Local.<\/p>\n\n\n\n<div class=\"wp-block-buttons is-layout-flex wp-block-buttons-is-layout-flex\">\n<div class=\"wp-block-button\"><a class=\"wp-block-button__link\" href=\"https:\/\/portal.rare.org\/wp-content\/uploads\/2021\/08\/FishMark2021_final.pdf\" target=\"_blank\" rel=\"noreferrer noopener\">Descargar PDF<\/a><\/div>\n<\/div>\n\n\n\n<div class=\"wp-block-stackable-divider is-style-dots stk-block-divider stk-block stk-507f6ad\" data-block-id=\"507f6ad\"><div class=\"stk-block-divider__dots\" aria-hidden=\"true\"><div class=\"stk-block-divider__dot\"><\/div><div class=\"stk-block-divider__dot\"><\/div><div class=\"stk-block-divider__dot\"><\/div><\/div><\/div>\n\n\n\n<h3 class=\"wp-block-heading\">Taller de Zonificaci\u00f3n de Dise\u00f1o MA + R<\/h3>\n\n\n\n<p>Un repositorio de materiales y recursos utilizados en el Taller de Dise\u00f1o MA + R.<\/p>\n\n\n\n<div class=\"wp-block-buttons is-layout-flex wp-block-buttons-is-layout-flex\">\n<div class=\"wp-block-button\"><a class=\"wp-block-button__link\" href=\"https:\/\/sites.google.com\/view\/raremardesign\/\" target=\"_blank\" rel=\"noreferrer noopener\">Recurso de acceso<\/a><\/div>\n<\/div>","protected":false},"excerpt":{"rendered":"<p>Fisheries Management Assessment Rating Kit An assessment tool to track progress in fisheries management for Local Government Units. MA+R Design Zoning Workshop A repository of materials and resources used at the MA+R Design Workshop.<\/p>","protected":false},"author":1,"featured_media":0,"parent":7499,"menu_order":5,"comment_status":"closed","ping_status":"closed","template":"","meta":{"footnotes":""},"folder":[390,370],"class_list":["post-8285","page","type-page","status-publish","hentry"],"featured_image_urls":{"full":"","thumbnail":"","medium":"","medium_large":"","large":"","1536x1536":"","2048x2048":"","trp-custom-language-flag":"","homepage-slider":"","homepage-slider-small":"","page-top":"","page-small":"","loop-main":"","thumb-gallery-widget":""},"post_excerpt_stackable":"<p>Fisheries Management Assessment Rating Kit An assessment tool to track progress in fisheries management for Local Government Units. Download PDF MA+R Design Zoning Workshop A repository of materials and resources used at the MA+R Design Workshop. Access Resource<\/p>\n","category_list":"","author_info":{"name":"gstoyle@rare.org","url":"https:\/\/portal.rare.org\/es\/author\/gstoylerare-org\/"},"comments_num":"0 comments","featured_image_urls_v2":{"full":"","thumbnail":"","medium":"","medium_large":"","large":"","1536x1536":"","2048x2048":"","trp-custom-language-flag":"","homepage-slider":"","homepage-slider-small":"","page-top":"","page-small":"","loop-main":"","thumb-gallery-widget":""},"post_excerpt_stackable_v2":"<p>Fisheries Management Assessment Rating Kit An assessment tool to track progress in fisheries management for Local Government Units. Download PDF MA+R Design Zoning Workshop A repository of materials and resources used at the MA+R Design Workshop. Access Resource<\/p>\n","category_list_v2":"","author_info_v2":{"name":"gstoyle@rare.org","url":"https:\/\/portal.rare.org\/es\/author\/gstoylerare-org\/"},"comments_num_v2":"0 comments","_links":{"self":[{"href":"https:\/\/portal.rare.org\/es\/wp-json\/wp\/v2\/pages\/8285","targetHints":{"allow":["GET"]}}],"collection":[{"href":"https:\/\/portal.rare.org\/es\/wp-json\/wp\/v2\/pages"}],"about":[{"href":"https:\/\/portal.rare.org\/es\/wp-json\/wp\/v2\/types\/page"}],"author":[{"embeddable":true,"href":"https:\/\/portal.rare.org\/es\/wp-json\/wp\/v2\/users\/1"}],"replies":[{"embeddable":true,"href":"https:\/\/portal.rare.org\/es\/wp-json\/wp\/v2\/comments?post=8285"}],"version-history":[{"count":0,"href":"https:\/\/portal.rare.org\/es\/wp-json\/wp\/v2\/pages\/8285\/revisions"}],"up":[{"embeddable":true,"href":"https:\/\/portal.rare.org\/es\/wp-json\/wp\/v2\/pages\/7499"}],"wp:attachment":[{"href":"https:\/\/portal.rare.org\/es\/wp-json\/wp\/v2\/media?parent=8285"}],"wp:term":[{"taxonomy":"folder","embeddable":true,"href":"https:\/\/portal.rare.org\/es\/wp-json\/wp\/v2\/folder?post=8285"}],"curies":[{"name":"wp","href":"https:\/\/api.w.org\/{rel}","templated":true}]}}