{"id":9295,"date":"2023-03-17T21:04:45","date_gmt":"2023-03-17T21:04:45","guid":{"rendered":"https:\/\/portal.rare.org\/?page_id=9295"},"modified":"2023-05-24T23:08:50","modified_gmt":"2023-05-24T23:08:50","slug":"program_delivery_to_modify","status":"publish","type":"page","link":"https:\/\/portal.rare.org\/es\/program-resources\/program_delivery_to_modify\/","title":{"rendered":"Recursos del ejecutor - para modificar"},"content":{"rendered":"<div class=\"wp-block-ugb-columns ugb-columns ugb-8d05003 ugb-columns--design-plain ugb-columns--columns-2 ugb-main-block\"><style>.ugb-8d05003 > .ugb-inner-block > .ugb-block-content > .ugb-columns__item{grid-template-columns:1.04fr 0.96fr !important}@media screen and (min-width:768px){.ugb-8d05003.ugb-columns{margin-bottom:-30px !important}}<\/style><div class=\"ugb-inner-block\"><div class=\"ugb-block-content\"><div class=\"ugb-columns__item ugb-8d05003-content-wrapper\">\n<div class=\"wp-block-ugb-column ugb-column ugb-0bdd94d ugb-column--design-plain ugb-main-block\"><div class=\"ugb-inner-block\"><div class=\"ugb-block-content\"><div class=\"ugb-column__item ugb-0bdd94d-column-wrapper\"><div class=\"ugb-column__content-wrapper\">\n<h3 class=\"wp-block-heading\">Poner la estrategia en acci\u00f3n<\/h3>\n\n\n\n<p>La p\u00e1gina de recursos para los implementadores del Fish Forever es su fuente de informaci\u00f3n y herramientas para ayudar a conseguir una gesti\u00f3n comunitaria de la pesca costera sostenible. Somos conscientes de la importancia de tener acceso a los recursos y la orientaci\u00f3n adecuados para marcar la diferencia. <\/p>\n\n\n\n<p>Nuestra biblioteca est\u00e1 dise\u00f1ada para proporcionarle documentos de orientaci\u00f3n de alto nivel, protocolos est\u00e1ndar y directrices que pueden utilizarse en distintos pa\u00edses. Al compartir conocimientos y experiencia, podemos trabajar juntos para cambiar dr\u00e1sticamente la forma en que las comunidades protegen sus aguas costeras, e influir en la forma en que naciones y regiones enteras gestionan sus pesquer\u00edas.<\/p>\n\n\n\n<p><\/p>\n<\/div><\/div><\/div><\/div><\/div>\n\n\n\n<div class=\"wp-block-ugb-column ugb-column ugb-d356715 ugb-column--design-plain ugb-main-block\"><style>@media screen and (min-width:768px){.ugb-d356715.ugb-column{margin-top:62px !important;margin-right:-77px !important}}<\/style><div class=\"ugb-inner-block\"><div class=\"ugb-block-content\"><div class=\"ugb-column__item ugb-d356715-column-wrapper\"><div class=\"ugb-column__content-wrapper\">\n<figure class=\"wp-block-embed is-type-video is-provider-youtube wp-block-embed-youtube wp-embed-aspect-16-9 wp-has-aspect-ratio\"><div class=\"wp-block-embed__wrapper\">\n<iframe loading=\"lazy\" title=\"Fish Forever: imprescindibles\" width=\"887\" height=\"499\" src=\"https:\/\/www.youtube.com\/embed\/UTd3KHTW8e4?feature=oembed\" frameborder=\"0\" allow=\"accelerometer; autoplay; clipboard-write; encrypted-media; gyroscope; picture-in-picture; web-share\" allowfullscreen><\/iframe>\n<\/div><\/figure>\n<\/div><\/div><\/div><\/div><\/div>\n<\/div><\/div><\/div><\/div>\n\n\n\n<div class=\"wp-block-ugb-divider ugb-divider ugb-2ff327b ugb-divider--v2 ugb-divider--design-dots ugb-main-block\"><style>.ugb-2ff327b .ugb-divider__dots{width:10% !important;margin-left:auto !important;margin-right:auto !important}.ugb-2ff327b .ugb-divider__dot{height:7px !important;width:7px !important}<\/style><div class=\"ugb-inner-block\"><div class=\"ugb-block-content\"><hr class=\"ugb-divider__hr\"\/><div class=\"ugb-divider__dots\" aria-hidden=\"true\"><div class=\"ugb-divider__dot\"><\/div><div class=\"ugb-divider__dot\"><\/div><div class=\"ugb-divider__dot\"><\/div><\/div><\/div><\/div><\/div>\n\n\n<style>.kb-gallery-id-_362694-0d .kadence-blocks-gallery-item .kb-gal-image-radius, .kb-gallery-id-_362694-0d .kb-slide-item .kb-gal-image-radius img{border-radius:0px 0px 0px 0px;;}.kb-gallery-wrap-id-_362694-0d.wp-block-kadence-advancedgallery{overflow:visible;}.kb-gallery-wrap-id-_362694-0d.wp-block-kadence-advancedgallery .kt-blocks-carousel{overflow:visible;}<\/style><div class=\"kb-gallery-wrap-id-_362694-0d alignnone wp-block-kadence-advancedgallery\"><div class=\"kb-gallery-ul kb-gallery-non-static kb-gallery-type-slider kb-gallery-id-_362694-0d kb-gallery-caption-style-bottom-hover kb-gallery-filter-none\" data-image-filter=\"none\" data-lightbox-caption=\"true\"><div class=\"kt-blocks-carousel splide kt-carousel-container-dotstyle-dark kt-carousel-arrowstyle-whiteondark kt-carousel-dotstyle-dark kb-slider-group-arrow kb-slider-arrow-position-center\" data-slider-anim-speed=\"400\" data-slider-scroll=\"1\" data-slider-arrows=\"true\" data-slider-fade=\"true\" data-slider-dots=\"true\" data-slider-type=\"slider\" data-slider-hover-pause=\"false\" data-slider-auto=\"1\" data-slider-speed=\"7000\" data-show-pause-button=\"false\"><div class=\"splide__track\"><ul class=\"kt-blocks-carousel-init kb-blocks-slider splide__list\"><li class=\"kb-slide-item kb-gallery-slide-item splide__slide\"><div class=\"kadence-blocks-gallery-item\"><div class=\"kadence-blocks-gallery-item-inner\"><figure class=\"kb-gallery-figure kadence-blocks-gallery-item-hide-caption\"><div class=\"kb-gal-image-radius\"><div class=\"kb-gallery-image-contain kadence-blocks-gallery-intrinsic kb-gallery-image-ratio-land169 kb-has-image-ratio-land169\" ><img loading=\"lazy\" decoding=\"async\" src=\"https:\/\/portal.rare.org\/wp-content\/uploads\/2023\/05\/Hub-Icon-Diagram1-1024x683.png\" width=\"887\" height=\"592\" alt=\"\" data-full-image=\"https:\/\/portal.rare.org\/wp-content\/uploads\/2023\/05\/Hub-Icon-Diagram1.png\" data-light-image=\"https:\/\/portal.rare.org\/wp-content\/uploads\/2023\/05\/Hub-Icon-Diagram1.png\" data-id=\"10515\" class=\"wp-image-10515 skip-lazy\" srcset=\"https:\/\/portal.rare.org\/wp-content\/uploads\/2023\/05\/Hub-Icon-Diagram1-1024x683.png 1024w, https:\/\/portal.rare.org\/wp-content\/uploads\/2023\/05\/Hub-Icon-Diagram1-300x200.png 300w, https:\/\/portal.rare.org\/wp-content\/uploads\/2023\/05\/Hub-Icon-Diagram1-768x512.png 768w, https:\/\/portal.rare.org\/wp-content\/uploads\/2023\/05\/Hub-Icon-Diagram1-1536x1024.png 1536w, https:\/\/portal.rare.org\/wp-content\/uploads\/2023\/05\/Hub-Icon-Diagram1-2048x1365.png 2048w, https:\/\/portal.rare.org\/wp-content\/uploads\/2023\/05\/Hub-Icon-Diagram1-18x12.png 18w, https:\/\/portal.rare.org\/wp-content\/uploads\/2023\/05\/Hub-Icon-Diagram1-200x133.png 200w, https:\/\/portal.rare.org\/wp-content\/uploads\/2023\/05\/Hub-Icon-Diagram1-947x631.png 947w, https:\/\/portal.rare.org\/wp-content\/uploads\/2023\/05\/Hub-Icon-Diagram1-624x416.png 624w, https:\/\/portal.rare.org\/wp-content\/uploads\/2023\/05\/Hub-Icon-Diagram1-84x56.png 84w\" sizes=\"auto, (max-width: 887px) 100vw, 887px\" \/><\/div><\/div><\/figure><\/div><\/div><\/li><li class=\"kb-slide-item kb-gallery-slide-item splide__slide\"><div class=\"kadence-blocks-gallery-item\"><div class=\"kadence-blocks-gallery-item-inner\"><figure class=\"kb-gallery-figure kadence-blocks-gallery-item-hide-caption\"><div class=\"kb-gal-image-radius\"><div class=\"kb-gallery-image-contain kadence-blocks-gallery-intrinsic kb-gallery-image-ratio-land169 kb-has-image-ratio-land169\" ><img loading=\"lazy\" decoding=\"async\" src=\"https:\/\/portal.rare.org\/wp-content\/uploads\/2023\/05\/12277_Fish-Forever_Mozambique_2022_RARE_MozambiqueDJI_0844_163-1024x682.jpg\" width=\"887\" height=\"591\" alt=\"\" data-full-image=\"https:\/\/portal.rare.org\/wp-content\/uploads\/2023\/05\/12277_Fish-Forever_Mozambique_2022_RARE_MozambiqueDJI_0844_163.jpg\" data-light-image=\"https:\/\/portal.rare.org\/wp-content\/uploads\/2023\/05\/12277_Fish-Forever_Mozambique_2022_RARE_MozambiqueDJI_0844_163.jpg\" data-id=\"10522\" class=\"wp-image-10522 skip-lazy\" srcset=\"https:\/\/portal.rare.org\/wp-content\/uploads\/2023\/05\/12277_Fish-Forever_Mozambique_2022_RARE_MozambiqueDJI_0844_163-1024x682.jpg 1024w, https:\/\/portal.rare.org\/wp-content\/uploads\/2023\/05\/12277_Fish-Forever_Mozambique_2022_RARE_MozambiqueDJI_0844_163-300x200.jpg 300w, https:\/\/portal.rare.org\/wp-content\/uploads\/2023\/05\/12277_Fish-Forever_Mozambique_2022_RARE_MozambiqueDJI_0844_163-768x512.jpg 768w, https:\/\/portal.rare.org\/wp-content\/uploads\/2023\/05\/12277_Fish-Forever_Mozambique_2022_RARE_MozambiqueDJI_0844_163-1536x1023.jpg 1536w, https:\/\/portal.rare.org\/wp-content\/uploads\/2023\/05\/12277_Fish-Forever_Mozambique_2022_RARE_MozambiqueDJI_0844_163-18x12.jpg 18w, https:\/\/portal.rare.org\/wp-content\/uploads\/2023\/05\/12277_Fish-Forever_Mozambique_2022_RARE_MozambiqueDJI_0844_163-200x133.jpg 200w, https:\/\/portal.rare.org\/wp-content\/uploads\/2023\/05\/12277_Fish-Forever_Mozambique_2022_RARE_MozambiqueDJI_0844_163-947x631.jpg 947w, https:\/\/portal.rare.org\/wp-content\/uploads\/2023\/05\/12277_Fish-Forever_Mozambique_2022_RARE_MozambiqueDJI_0844_163-624x416.jpg 624w, https:\/\/portal.rare.org\/wp-content\/uploads\/2023\/05\/12277_Fish-Forever_Mozambique_2022_RARE_MozambiqueDJI_0844_163-84x56.jpg 84w, https:\/\/portal.rare.org\/wp-content\/uploads\/2023\/05\/12277_Fish-Forever_Mozambique_2022_RARE_MozambiqueDJI_0844_163.jpg 1599w\" sizes=\"auto, (max-width: 887px) 100vw, 887px\" \/><\/div><\/div><\/figure><\/div><\/div><\/li><li class=\"kb-slide-item kb-gallery-slide-item splide__slide\"><div class=\"kadence-blocks-gallery-item\"><div class=\"kadence-blocks-gallery-item-inner\"><figure class=\"kb-gallery-figure kadence-blocks-gallery-item-hide-caption\"><div class=\"kb-gal-image-radius\"><div class=\"kb-gallery-image-contain kadence-blocks-gallery-intrinsic kb-gallery-image-ratio-land169 kb-has-image-ratio-land169\" ><img loading=\"lazy\" decoding=\"async\" src=\"https:\/\/portal.rare.org\/wp-content\/uploads\/2023\/05\/7088_Fish-Forever_Philippines_IMG_0327_cc-1024x768.jpg\" width=\"887\" height=\"665\" alt=\"\" data-full-image=\"https:\/\/portal.rare.org\/wp-content\/uploads\/2023\/05\/7088_Fish-Forever_Philippines_IMG_0327_cc.jpg\" data-light-image=\"https:\/\/portal.rare.org\/wp-content\/uploads\/2023\/05\/7088_Fish-Forever_Philippines_IMG_0327_cc.jpg\" data-id=\"10440\" class=\"wp-image-10440 skip-lazy\" srcset=\"https:\/\/portal.rare.org\/wp-content\/uploads\/2023\/05\/7088_Fish-Forever_Philippines_IMG_0327_cc-1024x768.jpg 1024w, https:\/\/portal.rare.org\/wp-content\/uploads\/2023\/05\/7088_Fish-Forever_Philippines_IMG_0327_cc-300x225.jpg 300w, https:\/\/portal.rare.org\/wp-content\/uploads\/2023\/05\/7088_Fish-Forever_Philippines_IMG_0327_cc-768x576.jpg 768w, https:\/\/portal.rare.org\/wp-content\/uploads\/2023\/05\/7088_Fish-Forever_Philippines_IMG_0327_cc-1536x1152.jpg 1536w, https:\/\/portal.rare.org\/wp-content\/uploads\/2023\/05\/7088_Fish-Forever_Philippines_IMG_0327_cc-16x12.jpg 16w, https:\/\/portal.rare.org\/wp-content\/uploads\/2023\/05\/7088_Fish-Forever_Philippines_IMG_0327_cc-947x710.jpg 947w, https:\/\/portal.rare.org\/wp-content\/uploads\/2023\/05\/7088_Fish-Forever_Philippines_IMG_0327_cc-624x468.jpg 624w, https:\/\/portal.rare.org\/wp-content\/uploads\/2023\/05\/7088_Fish-Forever_Philippines_IMG_0327_cc.jpg 1600w\" sizes=\"auto, (max-width: 887px) 100vw, 887px\" \/><\/div><\/div><\/figure><\/div><\/div><\/li><li class=\"kb-slide-item kb-gallery-slide-item splide__slide\"><div class=\"kadence-blocks-gallery-item\"><div class=\"kadence-blocks-gallery-item-inner\"><figure class=\"kb-gallery-figure kadence-blocks-gallery-item-hide-caption\"><div class=\"kb-gal-image-radius\"><div class=\"kb-gallery-image-contain kadence-blocks-gallery-intrinsic kb-gallery-image-ratio-land169 kb-has-image-ratio-land169\" ><img loading=\"lazy\" decoding=\"async\" src=\"https:\/\/portal.rare.org\/wp-content\/uploads\/2023\/05\/8381_Fish-Forever_Mozambique_JHOUSTON_180921_06592-1024x683.jpg\" width=\"887\" height=\"592\" alt=\"\" data-full-image=\"https:\/\/portal.rare.org\/wp-content\/uploads\/2023\/05\/8381_Fish-Forever_Mozambique_JHOUSTON_180921_06592.jpg\" data-light-image=\"https:\/\/portal.rare.org\/wp-content\/uploads\/2023\/05\/8381_Fish-Forever_Mozambique_JHOUSTON_180921_06592.jpg\" data-id=\"10441\" class=\"wp-image-10441 skip-lazy\" srcset=\"https:\/\/portal.rare.org\/wp-content\/uploads\/2023\/05\/8381_Fish-Forever_Mozambique_JHOUSTON_180921_06592-1024x683.jpg 1024w, https:\/\/portal.rare.org\/wp-content\/uploads\/2023\/05\/8381_Fish-Forever_Mozambique_JHOUSTON_180921_06592-300x200.jpg 300w, https:\/\/portal.rare.org\/wp-content\/uploads\/2023\/05\/8381_Fish-Forever_Mozambique_JHOUSTON_180921_06592-768x512.jpg 768w, https:\/\/portal.rare.org\/wp-content\/uploads\/2023\/05\/8381_Fish-Forever_Mozambique_JHOUSTON_180921_06592-1536x1024.jpg 1536w, https:\/\/portal.rare.org\/wp-content\/uploads\/2023\/05\/8381_Fish-Forever_Mozambique_JHOUSTON_180921_06592-18x12.jpg 18w, https:\/\/portal.rare.org\/wp-content\/uploads\/2023\/05\/8381_Fish-Forever_Mozambique_JHOUSTON_180921_06592-947x631.jpg 947w, https:\/\/portal.rare.org\/wp-content\/uploads\/2023\/05\/8381_Fish-Forever_Mozambique_JHOUSTON_180921_06592-624x416.jpg 624w, https:\/\/portal.rare.org\/wp-content\/uploads\/2023\/05\/8381_Fish-Forever_Mozambique_JHOUSTON_180921_06592-84x56.jpg 84w, https:\/\/portal.rare.org\/wp-content\/uploads\/2023\/05\/8381_Fish-Forever_Mozambique_JHOUSTON_180921_06592.jpg 1599w\" sizes=\"auto, (max-width: 887px) 100vw, 887px\" \/><\/div><\/div><\/figure><\/div><\/div><\/li><\/ul><\/div><\/div><\/div><\/div>\n\n\n<p><\/p>\n\n\n\n<div class=\"wp-block-ugb-divider ugb-divider ugb-b76a862 ugb-divider--v2 ugb-divider--design-dots ugb-main-block\"><style>.ugb-b76a862 .ugb-divider__dots{width:10% !important;margin-left:auto !important;margin-right:auto !important}.ugb-b76a862 .ugb-divider__dot{height:7px !important;width:7px !important}<\/style><div class=\"ugb-inner-block\"><div class=\"ugb-block-content\"><hr class=\"ugb-divider__hr\"\/><div class=\"ugb-divider__dots\" aria-hidden=\"true\"><div class=\"ugb-divider__dot\"><\/div><div class=\"ugb-divider__dot\"><\/div><div class=\"ugb-divider__dot\"><\/div><\/div><\/div><\/div><\/div>\n\n\n\n<figure class=\"wp-block-video\"><\/figure>\n\n\n\n<div class=\"wp-block-ugb-container ugb-container ugb-ca9dec8 ugb-container--v2 ugb-container--design-image3 ugb-container--collapse-on-mobile ugb-main-block\"><style>.ugb-ca9dec8-wrapper.ugb-container__wrapper{background-color:#ffffff !important;background-image:url(https:\/\/portal.rare.org\/wp-content\/uploads\/2023\/05\/Wordpress-Test33.png)}.ugb-ca9dec8-wrapper.ugb-container__wrapper:before{background-color:#ffffff !important;opacity:0}.ugb-ca9dec8-content-wrapper > h1,.ugb-ca9dec8-content-wrapper > h2,.ugb-ca9dec8-content-wrapper > h3,.ugb-ca9dec8-content-wrapper > h4,.ugb-ca9dec8-content-wrapper > h5,.ugb-ca9dec8-content-wrapper > h6{color:#222222}.ugb-ca9dec8-content-wrapper > p,.ugb-ca9dec8-content-wrapper > ol li,.ugb-ca9dec8-content-wrapper > ul li{color:#222222}.ugb-ca9dec8-wrapper > .ugb-container__image{background-image:url(https:\/\/portal.rare.org\/wp-content\/uploads\/2023\/05\/9410_Center-for-Behavior-_-the-Environment_Honduras_IMG_6277.jpg)}@media screen and (max-width:768px){.ugb-ca9dec8-wrapper > .ugb-container__image{height:300px !important}}@media screen and (min-width:768px){.ugb-ca9dec8 > .ugb-inner-block > .ugb-block-content > .ugb-container__wrapper > .ugb-container__side{padding-top:15px !important;padding-bottom:15px !important;padding-right:15px !important;padding-left:15px !important}}<\/style><div class=\"ugb-inner-block\"><div class=\"ugb-block-content\"><div class=\"ugb-container__wrapper ugb-ca9dec8-wrapper ugb--has-background-overlay\"><div class=\"ugb-container__image\"><\/div><div class=\"ugb-container__side\"><div class=\"ugb-container__content-wrapper ugb-ca9dec8-content-wrapper\">\n<h2 class=\"wp-block-heading has-text-align-center\"><span style=\"color: #003b7a;\" class=\"ugb-highlight\">Biblioteca de recursos para ejecutores<\/span><\/h2>\n\n\n\n<p>En Hub creemos en el poder de compartir conocimientos y experiencias que inspiren el cambio para que prosperen las personas y la naturaleza.<\/p>\n\n\n\n<p>La Biblioteca de Recursos del Implementador es una colecci\u00f3n de herramientas creadas para dar vida al enfoque Fish Forever con coherencia, claridad y diversi\u00f3n.<\/p>\n\n\n\n<p>Los hemos dise\u00f1ado para personas como usted, que trabajan junto a comunidades y socios para establecer una gesti\u00f3n sostenible de los recursos costeros dirigida por la comunidad.  Navegue por las orientaciones de alto nivel, las gu\u00edas del facilitador, los m\u00f3dulos introductorios y los juegos; elija, mezcle, combine y adapte los que mejor se ajusten a su contexto.<\/p>\n\n\n\n<div class=\"wp-block-buttons is-horizontal is-content-justification-center is-layout-flex wp-container-core-buttons-is-layout-499968f5 wp-block-buttons-is-layout-flex\">\n<div class=\"wp-block-button\"><a class=\"wp-block-button__link wp-element-button\" href=\"https:\/\/portal.rare.org\/es\/tools-and-data\/implementer_resources_search\/\">Ir a la p\u00e1gina de b\u00fasqueda<\/a><\/div>\n<\/div>\n<\/div><\/div><\/div><\/div><\/div><\/div>\n\n\n\n<div class=\"wp-block-ugb-columns ugb-columns ugb-a092c07 ugb-columns--design-plain ugb-columns--columns-3 ugb-main-block\"><div class=\"ugb-inner-block\"><div class=\"ugb-block-content\"><div class=\"ugb-columns__item ugb-a092c07-content-wrapper\">\n<div class=\"wp-block-ugb-column ugb-column ugb-5bda9d8 ugb-column--design-plain ugb-main-block\"><div class=\"ugb-inner-block\"><div class=\"ugb-block-content\"><div class=\"ugb-column__item ugb-5bda9d8-column-wrapper\"><div class=\"ugb-column__content-wrapper\"><\/div><\/div><\/div><\/div><\/div>\n\n\n\n<div class=\"wp-block-ugb-column ugb-column ugb-9b521c5 ugb-column--design-plain ugb-main-block\"><div class=\"ugb-inner-block\"><div class=\"ugb-block-content\"><div class=\"ugb-column__item ugb-9b521c5-column-wrapper\"><div class=\"ugb-column__content-wrapper\"><\/div><\/div><\/div><\/div><\/div>\n\n\n\n<div class=\"wp-block-ugb-column ugb-column ugb-4867720 ugb-column--design-plain ugb-main-block\"><div class=\"ugb-inner-block\"><div class=\"ugb-block-content\"><div class=\"ugb-column__item ugb-4867720-column-wrapper\"><div class=\"ugb-column__content-wrapper\"><\/div><\/div><\/div><\/div><\/div>\n<\/div><\/div><\/div><\/div>\n\n\n\n<div class=\"wp-block-ugb-divider ugb-divider ugb-49c0e89 ugb-divider--v2 ugb-divider--design-dots ugb-main-block\"><style>.ugb-49c0e89 .ugb-divider__dots{width:10% !important;margin-left:auto !important;margin-right:auto !important}.ugb-49c0e89 .ugb-divider__dot{height:7px !important;width:7px !important}<\/style><div class=\"ugb-inner-block\"><div class=\"ugb-block-content\"><hr class=\"ugb-divider__hr\"\/><div class=\"ugb-divider__dots\" aria-hidden=\"true\"><div class=\"ugb-divider__dot\"><\/div><div class=\"ugb-divider__dot\"><\/div><div class=\"ugb-divider__dot\"><\/div><\/div><\/div><\/div><\/div>\n\n\n\n<h3 class=\"wp-block-heading\">The Global Hub... \u00a1Consistente, claro y divertido! <\/h3>\n\n\n\n<p>Bienvenido al Hub Global para la Colaboraci\u00f3n y el Aprendizaje, donde el poder de la acci\u00f3n colectiva cobra vida. Establecido en 2018 para apoyar el programa Fish Forever, nuestro Hub sirve como un centro din\u00e1mico para el servicio, la creaci\u00f3n de redes y el liderazgo. Invol\u00facrese con nosotros y experimente nuestra receta secreta: una mezcla de colaboraci\u00f3n interfuncional, conocimiento del comportamiento, pensamiento creativo, participaci\u00f3n activa y dise\u00f1o centrado en el usuario. <\/p>\n\n\n\n<p>Juntos, creemos un futuro mejor para nuestros oc\u00e9anos en m\u00faltiples geograf\u00edas. <\/p>\n\n\n\n<figure class=\"wp-block-embed is-type-video is-provider-youtube wp-block-embed-youtube wp-embed-aspect-16-9 wp-has-aspect-ratio\"><div class=\"wp-block-embed__wrapper\">\n<iframe loading=\"lazy\" title=\"Rare Quotes with Claudia Quintanilla, Rare&#039;s Global Hub for Collaboration &amp; Learning\" width=\"887\" height=\"499\" src=\"https:\/\/www.youtube.com\/embed\/oaPi8dqlmAA?feature=oembed\" frameborder=\"0\" allow=\"accelerometer; autoplay; clipboard-write; encrypted-media; gyroscope; picture-in-picture; web-share\" allowfullscreen><\/iframe>\n<\/div><figcaption class=\"wp-element-caption\">Claudia Quintanilla es la Vicepresidenta del Centro Global de Colaboraci\u00f3n y Aprendizaje; dirige un equipo multidisciplinar dedicado a hacer que la implementaci\u00f3n del programa sea coherente, clara y agradable en todos los pa\u00edses en los que opera Fish Forever. En este v\u00eddeo, Claudia comparte sus valiosos puntos de vista sobre los retos a los que nos enfrentamos para mantener una gesti\u00f3n eficaz de la pesca a peque\u00f1a escala y el enfoque \u00fanico de Rare para capacitar a las comunidades para proteger y preservar sus preciadas pesquer\u00edas.<\/figcaption><\/figure>","protected":false},"excerpt":{"rendered":"<p>Putting Strategy Into Action The Fish Forever Implementer Resources page is your go-to resource for information and tools to help attain community-led management for sustainable coastal fisheries. We understand the importance of having access to the right resources and guidance to make a difference. Our library is designed to provide [&hellip;]<\/p>\n","protected":false},"author":130,"featured_media":0,"parent":448,"menu_order":4,"comment_status":"closed","ping_status":"closed","template":"template-fullwidth.php","meta":{"footnotes":""},"folder":[],"class_list":["post-9295","page","type-page","status-publish","hentry"],"featured_image_urls":{"full":"","thumbnail":"","medium":"","medium_large":"","large":"","1536x1536":"","2048x2048":"","trp-custom-language-flag":"","homepage-slider":"","homepage-slider-small":"","page-top":"","page-small":"","loop-main":"","thumb-gallery-widget":""},"post_excerpt_stackable":"<p>Putting Strategy Into Action The Fish Forever Implementer Resources page is your go-to resource for information and tools to help attain community-led management for sustainable coastal fisheries. We understand the importance of having access to the right resources and guidance to make a difference. Our library is designed to provide you with high-level guidance documents, standard protocols, and guidelines that can be used across different countries. By sharing knowledge and expertise, we can work together to dramatically change the way communities protect their coastal waters, and influence the way entire nations and regions manage their fisheries. Implementer Resources Library At&hellip;<\/p>\n","category_list":"","author_info":{"name":"Jos\u00e9 Luis Portillo Nolasco","url":"https:\/\/portal.rare.org\/es\/author\/jportigmail-com\/"},"comments_num":"0 comments","featured_image_urls_v2":{"full":"","thumbnail":"","medium":"","medium_large":"","large":"","1536x1536":"","2048x2048":"","trp-custom-language-flag":"","homepage-slider":"","homepage-slider-small":"","page-top":"","page-small":"","loop-main":"","thumb-gallery-widget":""},"post_excerpt_stackable_v2":"<p>Putting Strategy Into Action The Fish Forever Implementer Resources page is your go-to resource for information and tools to help attain community-led management for sustainable coastal fisheries. We understand the importance of having access to the right resources and guidance to make a difference. Our library is designed to provide you with high-level guidance documents, standard protocols, and guidelines that can be used across different countries. By sharing knowledge and expertise, we can work together to dramatically change the way communities protect their coastal waters, and influence the way entire nations and regions manage their fisheries. Implementer Resources Library At&hellip;<\/p>\n","category_list_v2":"","author_info_v2":{"name":"Jos\u00e9 Luis Portillo Nolasco","url":"https:\/\/portal.rare.org\/es\/author\/jportigmail-com\/"},"comments_num_v2":"0 comments","_links":{"self":[{"href":"https:\/\/portal.rare.org\/es\/wp-json\/wp\/v2\/pages\/9295","targetHints":{"allow":["GET"]}}],"collection":[{"href":"https:\/\/portal.rare.org\/es\/wp-json\/wp\/v2\/pages"}],"about":[{"href":"https:\/\/portal.rare.org\/es\/wp-json\/wp\/v2\/types\/page"}],"author":[{"embeddable":true,"href":"https:\/\/portal.rare.org\/es\/wp-json\/wp\/v2\/users\/130"}],"replies":[{"embeddable":true,"href":"https:\/\/portal.rare.org\/es\/wp-json\/wp\/v2\/comments?post=9295"}],"version-history":[{"count":0,"href":"https:\/\/portal.rare.org\/es\/wp-json\/wp\/v2\/pages\/9295\/revisions"}],"up":[{"embeddable":true,"href":"https:\/\/portal.rare.org\/es\/wp-json\/wp\/v2\/pages\/448"}],"wp:attachment":[{"href":"https:\/\/portal.rare.org\/es\/wp-json\/wp\/v2\/media?parent=9295"}],"wp:term":[{"taxonomy":"folder","embeddable":true,"href":"https:\/\/portal.rare.org\/es\/wp-json\/wp\/v2\/folder?post=9295"}],"curies":[{"name":"wp","href":"https:\/\/api.w.org\/{rel}","templated":true}]}}