{"id":20,"date":"2013-03-11T10:16:17","date_gmt":"2013-03-11T10:16:17","guid":{"rendered":"http:\/\/demo.wpzoom.com\/academica-pro\/?page_id=20"},"modified":"2024-12-17T21:29:17","modified_gmt":"2024-12-17T21:29:17","slug":"full-width","status":"publish","type":"page","link":"https:\/\/portal.rare.org\/pt\/","title":{"rendered":"Pesca Sustent\u00e1vel com Prote\u00e7\u00e3o Eficaz"},"content":{"rendered":"<p><strong><a rel=\"noreferrer noopener\" href=\"https:\/\/rare.org\/program\/fish-forever\/\" target=\"_blank\">Fish Forever<\/a> usa um processo orientado pela comunidade, ancorado em princ\u00edpios de ado\u00e7\u00e3o de comportamento e apoiado por projeto cient\u00edfico para estabelecer o acesso gerenciado com \u00e1reas de reserva em \u00e1guas costeiras.<\/strong><\/p>\n\n\n\n<p>O Managed Access oferece direitos exclusivos para as comunidades locais pescarem em \u00e1reas espec\u00edficas. As reservas fornecem prote\u00e7\u00e3o eficaz ao habitat, sustentam as popula\u00e7\u00f5es de peixes e reabastecem os pesqueiros. Redes de Acesso Gerenciado com Reservas equilibram prote\u00e7\u00e3o com produ\u00e7\u00e3o sustent\u00e1vel para pescarias multiesp\u00e9cies.<\/p>\n\n\n\n<p>O registo de quantas pessoas pescam nas \u00e1guas costeiras, a quantidade de peixe que est\u00e1 a ser capturado e as altera\u00e7\u00f5es na extens\u00e3o e qualidade dos habitats s\u00e3o dados essenciais para medir o estado dos recursos que sustentam o bem-estar e a resili\u00eancia das comunidades costeiras.&nbsp;<\/p>\n\n\n\n<p>Este conjunto de ferramentas o ajudar\u00e1 a construir capacidade local, compreender e avaliar a pesca, fazer a conex\u00e3o entre os dados ecol\u00f3gicos e a produ\u00e7\u00e3o pesqueira e aprender como usar os dados para gerenciar com efic\u00e1cia a sua pesca.<\/p>\n\n\n\n<div class=\"wp-block-ugb-divider ugb-divider ugb-38659d2 ugb-divider--v2 ugb-divider--design-dots ugb-main-block\"><style>.ugb-38659d2 .ugb-divider__dots{width:10% !important;margin-left:auto !important;margin-right:auto !important}.ugb-38659d2 .ugb-divider__dot{height:7px !important;width:7px !important}<\/style><div class=\"ugb-inner-block\"><div class=\"ugb-block-content\"><hr class=\"ugb-divider__hr\"\/><div class=\"ugb-divider__dots\" aria-hidden=\"true\"><div class=\"ugb-divider__dot\"><\/div><div class=\"ugb-divider__dot\"><\/div><div class=\"ugb-divider__dot\"><\/div><\/div><\/div><\/div><\/div>\n\n\n\n<div class=\"wp-block-ugb-columns ugb-columns ugb-78ef75f ugb-columns--design-plain ugb-columns--columns-2 ugb-main-block\"><div class=\"ugb-inner-block\"><div class=\"ugb-block-content\"><div class=\"ugb-columns__item ugb-78ef75f-content-wrapper\">\n<div class=\"wp-block-ugb-column ugb-column ugb-1fcd068 ugb-column--design-plain ugb-main-block\"><div class=\"ugb-inner-block\"><div class=\"ugb-block-content\"><div class=\"ugb-column__item ugb-1fcd068-column-wrapper\"><div class=\"ugb-column__content-wrapper\">\n<h3 class=\"wp-block-heading\">Introdu\u00e7\u00e3o ao Portal<\/h3>\n\n\n\n<p>Assista ao nosso pequeno v\u00eddeo para saber mais sobre o portal de dados, seus recursos, dados, pain\u00e9is, relat\u00f3rios e muito mais. <\/p>\n\n\n\n<p>Saiba o que o portal de dados pode fazer por voc\u00ea e como nossas ferramentas podem ajud\u00e1-lo a entender mais sobre suas pescarias e ajudar a aprimorar seus ecossistemas.<\/p>\n\n\n\n\n\n\n\n\n\n\n<iframe loading=\"lazy\" width=\"560\" height=\"315\" src=\"https:\/\/www.youtube.com\/embed\/owSdS9owtY0?hl=pt&amp;cc_lang_pref=pt&amp;cc_load_policy=1&amp;rel=0\" frameborder=\"0\" allow=\"accelerometer; autoplay; clipboard-write; encrypted-media; gyroscope; picture-in-picture\" allowfullscreen=\"\"><\/iframe>\n\n\n\n<\/div><\/div><\/div><\/div><\/div>\n\n\n\n<div class=\"wp-block-ugb-column ugb-column ugb-a56ee7b ugb-column--design-plain ugb-main-block\"><div class=\"ugb-inner-block\"><div class=\"ugb-block-content\"><div class=\"ugb-column__item ugb-a56ee7b-column-wrapper\"><div class=\"ugb-column__content-wrapper\">\n<h3 class=\"wp-block-heading\">Fish Forever Essentials<\/h3>\n\n\n\n<p><a href=\"https:\/\/rare.org\/program\/fish-forever\/\" data-type=\"URL\" data-id=\"https:\/\/rare.org\/program\/fish-forever\/\" target=\"_blank\" rel=\"noreferrer noopener\">Fish Forever<\/a> \u00e9 a solu\u00e7\u00e3o da Rare liderada pela comunidade para revitalizar os habitats marinhos costeiros, como recifes de coral, manguezais e ervas marinhas, proteger a biodiversidade e garantir a subsist\u00eancia das fam\u00edlias de pescadores e suas comunidades.&nbsp;<\/p>\n\n\n\n<p>Saiba mais sobre o programa com este pequeno v\u00eddeo.<\/p>\n\n\n\n\n\n\n\n\n\n\n<iframe loading=\"lazy\" width=\"560\" height=\"315\" src=\"https:\/\/www.youtube.com\/embed\/UTd3KHTW8e4?hl=pt&amp;cc_load_policy=1&amp;cc_lang_pref=pt&amp;rel=0\" frameborder=\"0\" allow=\"accelerometer; autoplay; clipboard-write; encrypted-media; gyroscope; picture-in-picture\" allowfullscreen=\"\"><\/iframe>\n\n\n\n<\/div><\/div><\/div><\/div><\/div>\n<\/div><\/div><\/div><\/div>\n\n\n\n<div class=\"wp-block-ugb-divider ugb-divider ugb-7410d5a ugb-divider--v2 ugb-divider--design-dots ugb-main-block\"><style>.ugb-7410d5a .ugb-divider__dots{width:10% !important;margin-left:auto !important;margin-right:auto !important}.ugb-7410d5a .ugb-divider__dot{height:7px !important;width:7px !important}<\/style><div class=\"ugb-inner-block\"><div class=\"ugb-block-content\"><hr class=\"ugb-divider__hr\"\/><div class=\"ugb-divider__dots\" aria-hidden=\"true\"><div class=\"ugb-divider__dot\"><\/div><div class=\"ugb-divider__dot\"><\/div><div class=\"ugb-divider__dot\"><\/div><\/div><\/div><\/div><\/div>\n\n\n\n<div class=\"wp-block-ugb-columns ugb-columns ugb-8510292 ugb-columns--design-plain ugb-columns--columns-2 ugb-main-block\"><div class=\"ugb-inner-block\"><div class=\"ugb-block-content\"><div class=\"ugb-columns__item ugb-8510292-content-wrapper\">\n<div class=\"wp-block-ugb-column ugb-column ugb-e444447 ugb-column--design-plain ugb-main-block\"><div class=\"ugb-inner-block\"><div class=\"ugb-block-content\"><div class=\"ugb-column__item ugb-e444447-column-wrapper\"><div class=\"ugb-column__content-wrapper\">\n<figure class=\"wp-block-image size-large\"><a href=\"https:\/\/portal.rare.org\/pt\/program-resources\/\"><img loading=\"lazy\" decoding=\"async\" width=\"1024\" height=\"683\" src=\"https:\/\/portal.rare.org\/wp-content\/uploads\/2020\/05\/GWS-00500-1024x683.jpg\" alt=\"\" class=\"wp-image-5008\" srcset=\"https:\/\/portal.rare.org\/wp-content\/uploads\/2020\/05\/GWS-00500-1024x683.jpg 1024w, https:\/\/portal.rare.org\/wp-content\/uploads\/2020\/05\/GWS-00500-300x200.jpg 300w, https:\/\/portal.rare.org\/wp-content\/uploads\/2020\/05\/GWS-00500-768x512.jpg 768w, https:\/\/portal.rare.org\/wp-content\/uploads\/2020\/05\/GWS-00500-1536x1024.jpg 1536w, https:\/\/portal.rare.org\/wp-content\/uploads\/2020\/05\/GWS-00500-947x631.jpg 947w, https:\/\/portal.rare.org\/wp-content\/uploads\/2020\/05\/GWS-00500-624x416.jpg 624w, https:\/\/portal.rare.org\/wp-content\/uploads\/2020\/05\/GWS-00500-84x56.jpg 84w, https:\/\/portal.rare.org\/wp-content\/uploads\/2020\/05\/GWS-00500.jpg 2048w\" sizes=\"auto, (max-width: 1024px) 100vw, 1024px\" \/><\/a><\/figure>\n\n\n\n<h2 class=\"wp-block-heading\">Recursos do programa<\/h2>\n\n\n\n<p>Acesse documentos de orienta\u00e7\u00e3o e materiais de treinamento para sua jornada rumo \u00e0 pesca sustent\u00e1vel e prote\u00e7\u00e3o eficaz.<\/p>\n\n\n\n<div class=\"wp-block-buttons is-layout-flex wp-block-buttons-is-layout-flex\">\n<div class=\"wp-block-button\"><a class=\"wp-block-button__link wp-element-button\" href=\"https:\/\/portal.rare.org\/pt\/program-resources\/\">Iniciar<\/a><\/div>\n<\/div>\n<\/div><\/div><\/div><\/div><\/div>\n\n\n\n<div class=\"wp-block-ugb-column ugb-column ugb-56379b0 ugb-column--design-plain ugb-main-block\"><div class=\"ugb-inner-block\"><div class=\"ugb-block-content\"><div class=\"ugb-column__item ugb-56379b0-column-wrapper\"><div class=\"ugb-column__content-wrapper\">\n<figure class=\"wp-block-image size-full\"><a href=\"https:\/\/portal.rare.org\/pt\/tools-and-data\/\"><img loading=\"lazy\" decoding=\"async\" width=\"640\" height=\"426\" src=\"https:\/\/portal.rare.org\/wp-content\/uploads\/2019\/04\/MOZ_GWS-176.jpg\" alt=\"\" class=\"wp-image-3990\" srcset=\"https:\/\/portal.rare.org\/wp-content\/uploads\/2019\/04\/MOZ_GWS-176.jpg 640w, https:\/\/portal.rare.org\/wp-content\/uploads\/2019\/04\/MOZ_GWS-176-300x200.jpg 300w, https:\/\/portal.rare.org\/wp-content\/uploads\/2019\/04\/MOZ_GWS-176-624x415.jpg 624w, https:\/\/portal.rare.org\/wp-content\/uploads\/2019\/04\/MOZ_GWS-176-84x56.jpg 84w\" sizes=\"auto, (max-width: 640px) 100vw, 640px\" \/><\/a><\/figure>\n\n\n\n<h2 class=\"wp-block-heading\">Ferramentas e dados<\/h2>\n\n\n\n<p>Entenda sua pescaria, ecossistemas e comunidade com essas ferramentas interativas e use essas informa\u00e7\u00f5es para tomar decis\u00f5es informadas.<\/p>\n\n\n\n<div class=\"wp-block-buttons is-layout-flex wp-block-buttons-is-layout-flex\">\n<div class=\"wp-block-button\"><a class=\"wp-block-button__link wp-element-button\" href=\"https:\/\/portal.rare.org\/pt\/tools-and-data\/\">Iniciar<\/a><\/div>\n<\/div>\n<\/div><\/div><\/div><\/div><\/div>\n<\/div><\/div><\/div><\/div>\n\n\n\n<div class=\"wp-block-ugb-divider ugb-divider ugb-053bcbf ugb-divider--v2 ugb-divider--design-dots ugb-main-block\"><style>.ugb-053bcbf .ugb-divider__dots{width:10% !important;margin-left:auto !important;margin-right:auto !important}.ugb-053bcbf .ugb-divider__dot{height:7px !important;width:7px !important}<\/style><div class=\"ugb-inner-block\"><div class=\"ugb-block-content\"><hr class=\"ugb-divider__hr\"\/><div class=\"ugb-divider__dots\" aria-hidden=\"true\"><div class=\"ugb-divider__dot\"><\/div><div class=\"ugb-divider__dot\"><\/div><div class=\"ugb-divider__dot\"><\/div><\/div><\/div><\/div><\/div>\n\n\n\n<div class=\"wp-block-ugb-container ugb-container ugb-ca9dec8 ugb-container--v2 ugb-container--design-image3 ugb-container--collapse-on-mobile ugb-main-block\"><style>.ugb-ca9dec8-wrapper.ugb-container__wrapper{border-radius:0px !important;background-color:#ffffff !important}.ugb-ca9dec8-wrapper.ugb-container__wrapper:before{background-color:#ffffff !important}.ugb-ca9dec8-content-wrapper > h1,.ugb-ca9dec8-content-wrapper > h2,.ugb-ca9dec8-content-wrapper > h3,.ugb-ca9dec8-content-wrapper > h4,.ugb-ca9dec8-content-wrapper > h5,.ugb-ca9dec8-content-wrapper > h6{color:#222222}.ugb-ca9dec8-content-wrapper > p,.ugb-ca9dec8-content-wrapper > ol li,.ugb-ca9dec8-content-wrapper > ul li{color:#222222}.ugb-ca9dec8-wrapper > .ugb-container__image{background-image:url(https:\/\/portal.rare.org\/wp-content\/uploads\/2023\/05\/9411_Center-for-Behavior-_-the-Environment_Honduras_IMG_6278.jpg)}@media screen and (max-width:768px){.ugb-ca9dec8-wrapper > .ugb-container__image{height:300px !important}}@media screen and (min-width:768px){.ugb-ca9dec8 > .ugb-inner-block > .ugb-block-content > .ugb-container__wrapper > .ugb-container__side{padding-top:15px !important;padding-bottom:15px !important;padding-right:15px !important;padding-left:15px !important}}<\/style><div class=\"ugb-inner-block\"><div class=\"ugb-block-content\"><div class=\"ugb-container__wrapper ugb-ca9dec8-wrapper ugb--shadow-0\"><div class=\"ugb-container__image\"><\/div><div class=\"ugb-container__side\"><div class=\"ugb-container__content-wrapper ugb-ca9dec8-content-wrapper\">\n<h2 class=\"wp-block-heading has-text-align-left\"><span style=\"color: #003b7a;\" class=\"stk-highlight\">Implementer Resources Library<\/span><\/h2>\n\n\n\n<p>At the Fish Forever Global Hub, we&#8217;re all about sharing knowledge and inspiring action. <\/p>\n\n\n\n<p>Introducing the Implementer&#8217;s Resources Library, your go-to collection to establish and support community-led management of coastal resources. With our high-level guidance, facilitator&#8217;s guides, and engaging resources, you&#8217;ll have the tools to inspire change for people and nature to thrive. Ready to dive in? Just click and explore the awesome Implementer resources library!<\/p>\n\n\n\n<div class=\"wp-block-buttons is-horizontal is-layout-flex wp-block-buttons-is-layout-flex\">\n<div class=\"wp-block-button\"><a class=\"wp-block-button__link wp-element-button\" href=\"https:\/\/portal.rare.org\/pt\/tools-and-data\/implementer_resources_search\/\">Explore Resources<\/a><\/div>\n<\/div>\n<\/div><\/div><\/div><\/div><\/div><\/div>\n\n\n\n<div class=\"wp-block-ugb-divider ugb-divider ugb-7f97d5e ugb-divider--v2 ugb-divider--design-dots ugb-main-block\"><style>.ugb-7f97d5e .ugb-divider__dots{width:10% !important;margin-left:auto !important;margin-right:auto !important}.ugb-7f97d5e .ugb-divider__dot{height:7px !important;width:7px !important}<\/style><div class=\"ugb-inner-block\"><div class=\"ugb-block-content\"><hr class=\"ugb-divider__hr\"\/><div class=\"ugb-divider__dots\" aria-hidden=\"true\"><div class=\"ugb-divider__dot\"><\/div><div class=\"ugb-divider__dot\"><\/div><div class=\"ugb-divider__dot\"><\/div><\/div><\/div><\/div><\/div>\n\n\n\n<h2 class=\"wp-block-heading\">Onde trabalhamos<\/h2>\n\n\n\n<p>Veja os pa\u00edses e comunidades onde Fish Forever trabalha atualmente e coleta dados sobre a sa\u00fade do ecossistema e resili\u00eancia econ\u00f4mica. As estat\u00edsticas globais abaixo incluem \u00e1reas de acesso gerenciado estabelecidas e propostas e reservas. <\/p>\n\n\n\r\n<div class=\"ff-dashboard\">\r\n    <div class=\"ff-loading-indicator\">Loading dashboard data...<\/div>\r\n<\/div>\r\n<div class=\"ff-info-text\">* Management Bodies count includes all Managed Access areas irrespective of status<\/div>\n\n\n\n<div class=\"iframe-container\"><iframe src=\"https:\/\/portal.rare.org\/data-management\/footprint_stats\/map.html\"><\/iframe><\/div>","protected":false},"excerpt":{"rendered":"<p>Fish Forever uses a community-driven process, anchored in behavior adoption principles and supported by scientific design to establish Managed Access with Reserve areas in coastal waters. Managed Access delivers exclusive rights for local communities to fish in specific areas. The reserves provide effective protection of habitat, sustain fish populations, and [&hellip;]<\/p>\n","protected":false},"author":1,"featured_media":0,"parent":0,"menu_order":0,"comment_status":"closed","ping_status":"closed","template":"","meta":{"footnotes":""},"folder":[],"class_list":["post-20","page","type-page","status-publish","hentry"],"featured_image_urls":{"full":"","thumbnail":"","medium":"","medium_large":"","large":"","1536x1536":"","2048x2048":"","trp-custom-language-flag":"","homepage-slider":"","homepage-slider-small":"","page-top":"","page-small":"","loop-main":"","thumb-gallery-widget":""},"post_excerpt_stackable":"<p>Fish Forever uses a community-driven process, anchored in behavior adoption principles and supported by scientific design to establish Managed Access with Reserve areas in coastal waters. Managed Access delivers exclusive rights for local communities to fish in specific areas. The reserves provide effective protection of habitat, sustain fish populations, and replenish fishing grounds. Networks of Managed Access with Reserves balance protection with sustainable production for multi-species fisheries. Recording how many people fish in coastal waters, how much fish is being caught and changes in the extent and quality of habitats are essential data to measure the status of the resources&hellip;<\/p>\n","category_list":"","author_info":{"name":"gstoyle@rare.org","url":"https:\/\/portal.rare.org\/pt\/author\/gstoylerare-org\/"},"comments_num":"0 comments","featured_image_urls_v2":{"full":"","thumbnail":"","medium":"","medium_large":"","large":"","1536x1536":"","2048x2048":"","trp-custom-language-flag":"","homepage-slider":"","homepage-slider-small":"","page-top":"","page-small":"","loop-main":"","thumb-gallery-widget":""},"post_excerpt_stackable_v2":"<p>Fish Forever uses a community-driven process, anchored in behavior adoption principles and supported by scientific design to establish Managed Access with Reserve areas in coastal waters. Managed Access delivers exclusive rights for local communities to fish in specific areas. The reserves provide effective protection of habitat, sustain fish populations, and replenish fishing grounds. Networks of Managed Access with Reserves balance protection with sustainable production for multi-species fisheries. Recording how many people fish in coastal waters, how much fish is being caught and changes in the extent and quality of habitats are essential data to measure the status of the resources&hellip;<\/p>\n","category_list_v2":"","author_info_v2":{"name":"gstoyle@rare.org","url":"https:\/\/portal.rare.org\/pt\/author\/gstoylerare-org\/"},"comments_num_v2":"0 comments","_links":{"self":[{"href":"https:\/\/portal.rare.org\/pt\/wp-json\/wp\/v2\/pages\/20","targetHints":{"allow":["GET"]}}],"collection":[{"href":"https:\/\/portal.rare.org\/pt\/wp-json\/wp\/v2\/pages"}],"about":[{"href":"https:\/\/portal.rare.org\/pt\/wp-json\/wp\/v2\/types\/page"}],"author":[{"embeddable":true,"href":"https:\/\/portal.rare.org\/pt\/wp-json\/wp\/v2\/users\/1"}],"replies":[{"embeddable":true,"href":"https:\/\/portal.rare.org\/pt\/wp-json\/wp\/v2\/comments?post=20"}],"version-history":[{"count":28,"href":"https:\/\/portal.rare.org\/pt\/wp-json\/wp\/v2\/pages\/20\/revisions"}],"predecessor-version":[{"id":11148,"href":"https:\/\/portal.rare.org\/pt\/wp-json\/wp\/v2\/pages\/20\/revisions\/11148"}],"wp:attachment":[{"href":"https:\/\/portal.rare.org\/pt\/wp-json\/wp\/v2\/media?parent=20"}],"wp:term":[{"taxonomy":"folder","embeddable":true,"href":"https:\/\/portal.rare.org\/pt\/wp-json\/wp\/v2\/folder?post=20"}],"curies":[{"name":"wp","href":"https:\/\/api.w.org\/{rel}","templated":true}]}}