{"id":2121,"date":"2020-02-04T16:40:33","date_gmt":"2020-02-04T16:40:04","guid":{"rendered":"https:\/\/portal-dev.rare.org\/financial-market-inclusion\/"},"modified":"2021-03-24T13:09:07","modified_gmt":"2021-03-24T13:09:07","slug":"financial-resilience","status":"publish","type":"page","link":"https:\/\/portal.rare.org\/pt\/program-resources\/financial-resilience\/","title":{"rendered":"Inclus\u00e3o Financeira e de Mercado"},"content":{"rendered":"<p>As comunidades pesqueiras costeiras s\u00e3o freq\u00fcentemente remotas, marginalizadas e vulner\u00e1veis a choques externos, como desastres naturais, diminui\u00e7\u00e3o da produtividade da pesca e muito mais. Para aumentar e melhorar a renda familiar e o bem-estar dos pescadores e ajudar as comunidades a resistir melhor a choques externos, use o conjunto de ferramentas abaixo para abordar quatro aspectos essenciais da inclus\u00e3o financeira e de mercado. <\/p>\n\n\n\n<div class=\"wp-block-ugb-columns ugb-columns ugb-d8cec91 ugb-columns--design-plain ugb-columns--columns-2 ugb-main-block\"><div class=\"ugb-inner-block\"><div class=\"ugb-block-content\"><div class=\"ugb-columns__item ugb-d8cec91-content-wrapper\">\n<div class=\"wp-block-ugb-column ugb-column ugb-b32e599 ugb-column--design-plain ugb-main-block\"><div class=\"ugb-inner-block\"><div class=\"ugb-block-content\"><div class=\"ugb-column__item ugb-b32e599-column-wrapper\"><div class=\"ugb-column__content-wrapper\">\n<figure class=\"wp-block-image size-large is-style-default\"><img loading=\"lazy\" decoding=\"async\" width=\"640\" height=\"426\" src=\"https:\/\/portal.rare.org\/wp-content\/uploads\/2019\/04\/GWS00473.jpg\" alt=\"\" class=\"wp-image-3741\" srcset=\"https:\/\/portal.rare.org\/wp-content\/uploads\/2019\/04\/GWS00473.jpg 640w, https:\/\/portal.rare.org\/wp-content\/uploads\/2019\/04\/GWS00473-300x200.jpg 300w, https:\/\/portal.rare.org\/wp-content\/uploads\/2019\/04\/GWS00473-624x415.jpg 624w, https:\/\/portal.rare.org\/wp-content\/uploads\/2019\/04\/GWS00473-84x56.jpg 84w\" sizes=\"auto, (max-width: 640px) 100vw, 640px\" \/><\/figure>\n\n\n\n<h4 class=\"wp-block-heading\">Clubes de poupan\u00e7a<\/h4>\n\n\n\n<p>Os clubes de poupan\u00e7a ajudam a criar um colch\u00e3o financeiro em face da incerteza e choques externos e ajudam a fortalecer a confian\u00e7a entre os membros da comunidade. No longo prazo, eles ajudam as comunidades a se recuperarem mais rapidamente quando o inesperado acontece, reduzindo a necessidade de pescar em excesso para compensar a renda perdida.<\/p>\n\n\n\n<div class=\"wp-block-buttons is-layout-flex wp-block-buttons-is-layout-flex\">\n<div class=\"wp-block-button\"><a class=\"wp-block-button__link\" href=\"https:\/\/portal.rare.org\/wp-content\/uploads\/2021\/03\/Savings Clubs.pdf\" target=\"_blank\" rel=\"noreferrer noopener\">Baixar Documento de Orienta\u00e7\u00e3o<\/a><\/div>\n<\/div>\n<\/div><\/div><\/div><\/div><\/div>\n\n\n\n<div class=\"wp-block-ugb-column ugb-column ugb-768565c ugb-column--design-plain ugb-main-block\"><div class=\"ugb-inner-block\"><div class=\"ugb-block-content\"><div class=\"ugb-column__item ugb-768565c-column-wrapper\"><div class=\"ugb-column__content-wrapper\">\n<figure class=\"wp-block-image size-large is-style-default\"><img loading=\"lazy\" decoding=\"async\" width=\"1024\" height=\"684\" src=\"https:\/\/portal.rare.org\/wp-content\/uploads\/2019\/04\/myanmar-fisheries-215-1024x684.jpg\" alt=\"\" class=\"wp-image-817\" srcset=\"https:\/\/portal.rare.org\/wp-content\/uploads\/2019\/04\/myanmar-fisheries-215-1024x684.jpg 1024w, https:\/\/portal.rare.org\/wp-content\/uploads\/2019\/04\/myanmar-fisheries-215-300x200.jpg 300w, https:\/\/portal.rare.org\/wp-content\/uploads\/2019\/04\/myanmar-fisheries-215-768x513.jpg 768w, https:\/\/portal.rare.org\/wp-content\/uploads\/2019\/04\/myanmar-fisheries-215-947x632.jpg 947w, https:\/\/portal.rare.org\/wp-content\/uploads\/2019\/04\/myanmar-fisheries-215-624x417.jpg 624w, https:\/\/portal.rare.org\/wp-content\/uploads\/2019\/04\/myanmar-fisheries-215-84x56.jpg 84w, https:\/\/portal.rare.org\/wp-content\/uploads\/2019\/04\/myanmar-fisheries-215.jpg 2048w\" sizes=\"auto, (max-width: 1024px) 100vw, 1024px\" \/><\/figure>\n\n\n\n<h4 class=\"wp-block-heading\">Empresas Comunit\u00e1rias<\/h4>\n\n\n\n<p>As empresas comunit\u00e1rias ir\u00e3o alavancar o sistema de clubes de poupan\u00e7a da Fish Forever para ajudar a melhorar as cadeias de valor locais, enquanto mant\u00eam la\u00e7os sociais importantes.<\/p>\n\n\n\n<div class=\"wp-block-buttons is-layout-flex wp-block-buttons-is-layout-flex\">\n<div class=\"wp-block-button\"><a class=\"wp-block-button__link\" href=\"https:\/\/portal.rare.org\/wp-content\/uploads\/2021\/03\/Commuity-Enterprises.pdf\" target=\"_blank\" rel=\"noreferrer noopener\">Baixar Documento de Orienta\u00e7\u00e3o<\/a><\/div>\n<\/div>\n<\/div><\/div><\/div><\/div><\/div>\n<\/div><\/div><\/div><\/div>\n\n\n\n<div class=\"wp-block-ugb-columns ugb-columns ugb-4462bc4 ugb-columns--design-plain ugb-columns--columns-2 ugb-main-block\"><div class=\"ugb-inner-block\"><div class=\"ugb-block-content\"><div class=\"ugb-columns__item ugb-4462bc4-content-wrapper\">\n<div class=\"wp-block-ugb-column ugb-column ugb-557b7d9 ugb-column--design-plain ugb-main-block\"><div class=\"ugb-inner-block\"><div class=\"ugb-block-content\"><div class=\"ugb-column__item ugb-557b7d9-column-wrapper\"><div class=\"ugb-column__content-wrapper\">\n<figure class=\"wp-block-image size-large is-style-default\"><img loading=\"lazy\" decoding=\"async\" width=\"640\" height=\"426\" src=\"https:\/\/portal.rare.org\/wp-content\/uploads\/2019\/04\/GWS00432.jpg\" alt=\"\" class=\"wp-image-3738\" srcset=\"https:\/\/portal.rare.org\/wp-content\/uploads\/2019\/04\/GWS00432.jpg 640w, https:\/\/portal.rare.org\/wp-content\/uploads\/2019\/04\/GWS00432-300x200.jpg 300w, https:\/\/portal.rare.org\/wp-content\/uploads\/2019\/04\/GWS00432-624x415.jpg 624w, https:\/\/portal.rare.org\/wp-content\/uploads\/2019\/04\/GWS00432-84x56.jpg 84w\" sizes=\"auto, (max-width: 640px) 100vw, 640px\" \/><\/figure>\n\n\n\n<h4 class=\"wp-block-heading\">Letramento financeiro<\/h4>\n\n\n\n<p>A alfabetiza\u00e7\u00e3o financeira \u00e9 cr\u00edtica para melhorar o acesso a servi\u00e7os financeiros e fortalecer a gest\u00e3o pesqueira. Essas ferramentas tamb\u00e9m d\u00e3o \u00eanfase especial ao ensino de habilidades femininas para administrar or\u00e7amentos dom\u00e9sticos e administrar micro e pequenos neg\u00f3cios.<\/p>\n\n\n\n<div class=\"wp-block-buttons is-layout-flex wp-block-buttons-is-layout-flex\">\n<div class=\"wp-block-button\"><a class=\"wp-block-button__link\" href=\"https:\/\/portal.rare.org\/wp-content\/uploads\/2021\/03\/Financial-Literacy.pdf\" target=\"_blank\" rel=\"noreferrer noopener\">Baixar Documento de Orienta\u00e7\u00e3o<\/a><\/div>\n<\/div>\n<\/div><\/div><\/div><\/div><\/div>\n\n\n\n<div class=\"wp-block-ugb-column ugb-column ugb-2b16984 ugb-column--design-plain ugb-main-block\"><div class=\"ugb-inner-block\"><div class=\"ugb-block-content\"><div class=\"ugb-column__item ugb-2b16984-column-wrapper\"><div class=\"ugb-column__content-wrapper\">\n<figure class=\"wp-block-image size-large is-style-default\"><img loading=\"lazy\" decoding=\"async\" width=\"1024\" height=\"683\" src=\"https:\/\/portal.rare.org\/wp-content\/uploads\/2019\/04\/GWS-09631-1024x683.jpg\" alt=\"\" class=\"wp-image-761\" srcset=\"https:\/\/portal.rare.org\/wp-content\/uploads\/2019\/04\/GWS-09631.jpg 1024w, https:\/\/portal.rare.org\/wp-content\/uploads\/2019\/04\/GWS-09631-300x200.jpg 300w, https:\/\/portal.rare.org\/wp-content\/uploads\/2019\/04\/GWS-09631-768x512.jpg 768w, https:\/\/portal.rare.org\/wp-content\/uploads\/2019\/04\/GWS-09631-947x632.jpg 947w, https:\/\/portal.rare.org\/wp-content\/uploads\/2019\/04\/GWS-09631-624x416.jpg 624w, https:\/\/portal.rare.org\/wp-content\/uploads\/2019\/04\/GWS-09631-84x56.jpg 84w\" sizes=\"auto, (max-width: 1024px) 100vw, 1024px\" \/><\/figure>\n\n\n\n<h4 class=\"wp-block-heading\">An\u00e1lise da Cadeia de Valor (VCA)<\/h4>\n\n\n\n<p>Compreenda e avalie as rela\u00e7\u00f5es pescador-comprador para aumentar o valor que a pesca oferece aos pescadores e o pr\u00f3ximo n\u00edvel na cadeia de valor do pescado.<\/p>\n\n\n\n<div class=\"wp-block-buttons is-layout-flex wp-block-buttons-is-layout-flex\">\n<div class=\"wp-block-button\"><a class=\"wp-block-button__link\" href=\"https:\/\/portal.rare.org\/wp-content\/uploads\/2021\/03\/VCA-guidelines.pdf\" target=\"_blank\" rel=\"noreferrer noopener\">Baixar Documento de Orienta\u00e7\u00e3o<\/a><\/div>\n<\/div>\n<\/div><\/div><\/div><\/div><\/div>\n<\/div><\/div><\/div><\/div>\n\n\n\n<p><\/p>","protected":false},"excerpt":{"rendered":"<p>Coastal fishing communities are often remote, marginalized, and vulnerable to external shocks such as natural disasters, declining fishing productivity, and more. To increase and improve fisher household incomes and wellbeing and help communities better withstand outside shocks, use the set of tools below to address four essential aspects of financial [&hellip;]<\/p>\n","protected":false},"author":1,"featured_media":0,"parent":448,"menu_order":5,"comment_status":"closed","ping_status":"closed","template":"template-fullwidth.php","meta":{"footnotes":""},"folder":[],"class_list":["post-2121","page","type-page","status-publish","hentry"],"featured_image_urls":{"full":"","thumbnail":"","medium":"","medium_large":"","large":"","1536x1536":"","2048x2048":"","trp-custom-language-flag":"","homepage-slider":"","homepage-slider-small":"","page-top":"","page-small":"","loop-main":"","thumb-gallery-widget":""},"post_excerpt_stackable":"<p>Coastal fishing communities are often remote, marginalized, and vulnerable to external shocks such as natural disasters, declining fishing productivity, and more. To increase and improve fisher household incomes and wellbeing and help communities better withstand outside shocks, use the set of tools below to address four essential aspects of financial and market inclusion. Savings Clubs Savings clubs help create a financial cushion in the face of uncertainty and external shocks and help strengthen trust among community members. In the long run, they help communities recover faster when the unexpected happens, reducing a need to overfish to make up for lost&hellip;<\/p>\n","category_list":"","author_info":{"name":"gstoyle@rare.org","url":"https:\/\/portal.rare.org\/pt\/author\/gstoylerare-org\/"},"comments_num":"0 comments","featured_image_urls_v2":{"full":"","thumbnail":"","medium":"","medium_large":"","large":"","1536x1536":"","2048x2048":"","trp-custom-language-flag":"","homepage-slider":"","homepage-slider-small":"","page-top":"","page-small":"","loop-main":"","thumb-gallery-widget":""},"post_excerpt_stackable_v2":"<p>Coastal fishing communities are often remote, marginalized, and vulnerable to external shocks such as natural disasters, declining fishing productivity, and more. To increase and improve fisher household incomes and wellbeing and help communities better withstand outside shocks, use the set of tools below to address four essential aspects of financial and market inclusion. Savings Clubs Savings clubs help create a financial cushion in the face of uncertainty and external shocks and help strengthen trust among community members. In the long run, they help communities recover faster when the unexpected happens, reducing a need to overfish to make up for lost&hellip;<\/p>\n","category_list_v2":"","author_info_v2":{"name":"gstoyle@rare.org","url":"https:\/\/portal.rare.org\/pt\/author\/gstoylerare-org\/"},"comments_num_v2":"0 comments","_links":{"self":[{"href":"https:\/\/portal.rare.org\/pt\/wp-json\/wp\/v2\/pages\/2121","targetHints":{"allow":["GET"]}}],"collection":[{"href":"https:\/\/portal.rare.org\/pt\/wp-json\/wp\/v2\/pages"}],"about":[{"href":"https:\/\/portal.rare.org\/pt\/wp-json\/wp\/v2\/types\/page"}],"author":[{"embeddable":true,"href":"https:\/\/portal.rare.org\/pt\/wp-json\/wp\/v2\/users\/1"}],"replies":[{"embeddable":true,"href":"https:\/\/portal.rare.org\/pt\/wp-json\/wp\/v2\/comments?post=2121"}],"version-history":[{"count":0,"href":"https:\/\/portal.rare.org\/pt\/wp-json\/wp\/v2\/pages\/2121\/revisions"}],"up":[{"embeddable":true,"href":"https:\/\/portal.rare.org\/pt\/wp-json\/wp\/v2\/pages\/448"}],"wp:attachment":[{"href":"https:\/\/portal.rare.org\/pt\/wp-json\/wp\/v2\/media?parent=2121"}],"wp:term":[{"taxonomy":"folder","embeddable":true,"href":"https:\/\/portal.rare.org\/pt\/wp-json\/wp\/v2\/folder?post=2121"}],"curies":[{"name":"wp","href":"https:\/\/api.w.org\/{rel}","templated":true}]}}