{"id":5758,"date":"2020-10-28T18:09:38","date_gmt":"2020-10-28T18:09:38","guid":{"rendered":"https:\/\/portal.rare.org\/?page_id=5758"},"modified":"2020-11-06T13:23:38","modified_gmt":"2020-11-06T13:23:38","slug":"cookies","status":"publish","type":"page","link":"https:\/\/portal.rare.org\/pt\/cookies\/","title":{"rendered":"Biscoitos"},"content":{"rendered":"<h5 class=\"wp-block-heading\">Pol\u00edtica de cookies de portal.rare.org<\/h5>\n\n\n\n<p>Os cookies consistem em trechos de c\u00f3digo instalados no navegador que auxiliam o Propriet\u00e1rio na presta\u00e7\u00e3o do Servi\u00e7o de acordo com os fins descritos. Algumas das finalidades para as quais os cookies s\u00e3o instalados tamb\u00e9m podem exigir o consentimento do usu\u00e1rio.<\/p>\n\n\n\n<p>Quando a instala\u00e7\u00e3o de Cookies \u00e9 baseada no consentimento, tal consentimento pode ser retirado livremente a qualquer momento seguindo as instru\u00e7\u00f5es fornecidas neste documento.<\/p>\n\n\n\n<h5 class=\"wp-block-heading\" id=\"technical_cookies\">Cookies t\u00e9cnicos e cookies que servem para fins estat\u00edsticos agregados<\/h5>\n\n\n\n<ul class=\"wp-block-list\"><li>Atividade estritamente necess\u00e1ria para o funcionamento do Servi\u00e7oEste Aplicativo utiliza Cookies para salvar a sess\u00e3o do Usu\u00e1rio e para realizar outras atividades estritamente necess\u00e1rias ao funcionamento deste Aplicativo, por exemplo, em rela\u00e7\u00e3o \u00e0 distribui\u00e7\u00e3o de tr\u00e1fego.<\/li><li>Atividade relacionada ao salvamento de prefer\u00eancias, otimiza\u00e7\u00e3o e estat\u00edsticasEste Aplicativo usa Cookies para salvar as prefer\u00eancias de navega\u00e7\u00e3o e otimizar a experi\u00eancia de navega\u00e7\u00e3o do Usu\u00e1rio. Entre esses Cookies encontram-se, por exemplo, aqueles usados para definir as prefer\u00eancias de idioma e moeda ou para a gest\u00e3o de estat\u00edsticas prim\u00e1rias empregadas diretamente pelo Propriet\u00e1rio do site.<\/li><\/ul>\n\n\n\n<h5 class=\"wp-block-heading\" id=\"other_types_cookies\">Outros tipos de cookies ou terceiros que instalam cookies<\/h5>\n\n\n\n<p>Alguns dos servi\u00e7os listados abaixo coletam estat\u00edsticas de forma an\u00f4nima e agregada e podem n\u00e3o exigir o consentimento do usu\u00e1rio ou podem ser gerenciados diretamente pelo propriet\u00e1rio - dependendo de como s\u00e3o descritos - sem a ajuda de terceiros.<\/p>\n\n\n\n<p>Se algum servi\u00e7o operado por terceiros estiver listado entre as ferramentas abaixo, elas podem ser usadas para rastrear os h\u00e1bitos de navega\u00e7\u00e3o dos Usu\u00e1rios - al\u00e9m das informa\u00e7\u00f5es aqui especificadas e sem o conhecimento do Propriet\u00e1rio. Consulte a pol\u00edtica de privacidade dos servi\u00e7os listados para obter informa\u00e7\u00f5es detalhadas.<\/p>\n\n\n\n<ul class=\"wp-block-list\"><li>AnalyticsOs servi\u00e7os contidos nesta se\u00e7\u00e3o permitem que o propriet\u00e1rio monitore e analise o tr\u00e1fego da web e podem ser usados para rastrear o comportamento do usu\u00e1rio. Google AnalyticsGoogle Analytics \u00e9 um servi\u00e7o de an\u00e1lise da web fornecido pelo Google Inc. (\u201cGoogle\u201d). O Google utiliza os Dados coletados para rastrear e examinar o uso deste Aplicativo, para preparar relat\u00f3rios sobre suas atividades e compartilh\u00e1-los com outros servi\u00e7os do Google.<br>O Google pode usar os Dados coletados para contextualizar e personalizar os an\u00fancios de sua pr\u00f3pria rede de publicidade. Dados pessoais coletados: Cookies e Dados de Uso. Local de processamento: Estados Unidos -&nbsp;<a href=\"https:\/\/policies.google.com\/privacy\" target=\"_blank\" rel=\"noreferrer noopener\">Pol\u00edtica de Privacidade<\/a>&nbsp;-&nbsp;<a href=\"https:\/\/tools.google.com\/dlpage\/gaoptout?hl=en\" target=\"_blank\" rel=\"noreferrer noopener\">Excluir<\/a>; Irlanda -&nbsp;<a href=\"https:\/\/policies.google.com\/privacy\" target=\"_blank\" rel=\"noreferrer noopener\">Pol\u00edtica de Privacidade<\/a>. Participante do Privacy Shield.<\/li><li>Mapeamento de calor e grava\u00e7\u00e3o de sess\u00e3o Os servi\u00e7os de mapeamento de calor s\u00e3o usados para exibir as \u00e1reas de uma p\u00e1gina onde os usu\u00e1rios costumam mover o mouse ou clicar. Isso mostra onde est\u00e3o os pontos de interesse. Esses servi\u00e7os permitem monitorar e analisar o tr\u00e1fego da web e acompanhar o comportamento do usu\u00e1rio.<br>Alguns desses servi\u00e7os podem gravar sess\u00f5es e torn\u00e1-las dispon\u00edveis para reprodu\u00e7\u00e3o visual posterior. Mapas e grava\u00e7\u00f5es de calor do Hotjar (Hotjar Ltd.) O Hotjar \u00e9 um servi\u00e7o de grava\u00e7\u00e3o de sess\u00e3o e mapeamento de calor fornecido pela Hotjar Ltd.<br>O Hotjar honra cabe\u00e7alhos gen\u00e9ricos \u201eDo Not Track\u201d. Isso significa que o navegador pode instruir seu script a n\u00e3o coletar nenhum dado do usu\u00e1rio. Esta \u00e9 uma configura\u00e7\u00e3o que est\u00e1 dispon\u00edvel em todos os principais navegadores. Encontre Hotjar&#039;s&nbsp;<a href=\"https:\/\/www.hotjar.com\/opt-out\">opt-out informa\u00e7\u00f5es aqui<\/a>.Dados pessoais recolhidos: Cookies, dados de utiliza\u00e7\u00e3o e v\u00e1rios tipos de dados conforme especificado na pol\u00edtica de privacidade do servi\u00e7o. Local de processamento: Malta -&nbsp;<a href=\"https:\/\/www.hotjar.com\/privacy\" target=\"_blank\" rel=\"noreferrer noopener\">Pol\u00edtica de Privacidade<\/a>&nbsp;-&nbsp;<a href=\"https:\/\/www.hotjar.com\/opt-out\" target=\"_blank\" rel=\"noreferrer noopener\">Excluir<\/a>.<\/li><\/ul>\n\n\n\n<h5 class=\"wp-block-heading\" id=\"manage_cookies\">Como fornecer ou retirar o consentimento para a instala\u00e7\u00e3o de Cookies<\/h5>\n\n\n\n<p>Al\u00e9m do que est\u00e1 especificado neste documento, o usu\u00e1rio pode gerenciar as prefer\u00eancias de cookies diretamente de seu pr\u00f3prio navegador e impedir - por exemplo - terceiros de instalar cookies.<br>Atrav\u00e9s das prefer\u00eancias do navegador, tamb\u00e9m \u00e9 poss\u00edvel excluir os Cookies instalados no passado, incluindo os Cookies que podem ter salvado o consentimento inicial para a instala\u00e7\u00e3o de Cookies por este site.<br>Os usu\u00e1rios podem, por exemplo, encontrar informa\u00e7\u00f5es sobre como gerenciar Cookies nos navegadores mais comumente usados nos seguintes endere\u00e7os:&nbsp;<a href=\"https:\/\/support.google.com\/chrome\/answer\/95647?hl=en&amp;p=cpn_cookies\">Google Chrome<\/a>,&nbsp;<a href=\"https:\/\/support.mozilla.org\/en-US\/kb\/enable-and-disable-cookies-website-preferences\">Mozilla Firefox<\/a>,&nbsp;<a href=\"https:\/\/support.apple.com\/guide\/safari\/manage-cookies-and-website-data-sfri11471\/\">Apple Safari<\/a>&nbsp;e&nbsp;<a href=\"http:\/\/windows.microsoft.com\/en-us\/windows-vista\/block-or-allow-cookies\">Microsoft Internet Explorer<\/a>.<\/p>\n\n\n\n<p>No que diz respeito aos cookies instalados por terceiros, os Usu\u00e1rios podem gerenciar suas prefer\u00eancias e a retirada de seu consentimento clicando no link de cancelamento relacionado (se fornecido), usando os meios fornecidos na pol\u00edtica de privacidade de terceiros ou entrando em contato com o terceiro .<\/p>\n\n\n\n<p>N\u00e3o obstante o acima, o propriet\u00e1rio informa que os usu\u00e1rios podem seguir as instru\u00e7\u00f5es fornecidas nas iniciativas subsequentemente vinculadas pelo&nbsp;<a href=\"http:\/\/www.youronlinechoices.eu\/\">EDAA<\/a>&nbsp;(UE), o&nbsp;<a href=\"https:\/\/www.networkadvertising.org\/understanding-digital-advertising\">Network Advertising Initiative<\/a>&nbsp;(EUA) e o&nbsp;<a href=\"https:\/\/www.aboutads.info\/consumers\/\">Digital Advertising Alliance<\/a>&nbsp;(N\u00d3S),&nbsp;<a href=\"https:\/\/youradchoices.ca\/understanding-online-advertising\/\">DAAC<\/a>&nbsp;(Canad\u00e1),&nbsp;<a href=\"http:\/\/www.ddai.info\/optout\">DDAI<\/a>&nbsp;(Jap\u00e3o) ou outros servi\u00e7os semelhantes. Essas iniciativas permitem que os usu\u00e1rios selecionem suas prefer\u00eancias de rastreamento para a maioria das ferramentas de publicidade. O propriet\u00e1rio, portanto, recomenda que os usu\u00e1rios fa\u00e7am uso desses recursos, al\u00e9m das informa\u00e7\u00f5es fornecidas neste documento.<\/p>\n\n\n\n<h5 class=\"wp-block-heading\" id=\"owner_of_the_data\">Propriet\u00e1rio e controlador de dados<\/h5>\n\n\n\n<p>CRU<br>1310 North Courthouse Road<br>Suite 110<br>Arlington, VA 22201<\/p>\n\n\n\n<p>Uma vez que a instala\u00e7\u00e3o de Cookies de terceiros e outros sistemas de rastreamento por meio dos servi\u00e7os usados neste Aplicativo n\u00e3o podem ser controlados tecnicamente pelo Propriet\u00e1rio, quaisquer refer\u00eancias espec\u00edficas a Cookies e sistemas de rastreamento instalados por terceiros devem ser consideradas indicativas. Para a obten\u00e7\u00e3o de informa\u00e7\u00f5es completas, solicita-se ao Usu\u00e1rio que consulte a pol\u00edtica de privacidade dos respectivos servi\u00e7os de terceiros listados neste documento.<\/p>\n\n\n\n<p>Dada a complexidade objetiva que envolve a identifica\u00e7\u00e3o de tecnologias baseadas em Cookies, os Usu\u00e1rios s\u00e3o encorajados a entrar em contato com o Propriet\u00e1rio caso desejem receber mais informa\u00e7\u00f5es sobre o uso de Cookies por este Aplicativo.<\/p>\n\n\n\n<h5 class=\"wp-block-heading\">Defini\u00e7\u00f5es e refer\u00eancias legais<\/h5>\n\n\n\n<h5 class=\"wp-block-heading\">Dados pessoais (ou dados)<\/h5>\n\n\n\n<p>Qualquer informa\u00e7\u00e3o que direta, indiretamente ou em conex\u00e3o com outras informa\u00e7\u00f5es - incluindo um n\u00famero de identifica\u00e7\u00e3o pessoal - permita a identifica\u00e7\u00e3o ou identificabilidade de uma pessoa f\u00edsica.<\/p>\n\n\n\n<h5 class=\"wp-block-heading\">Dados de uso<\/h5>\n\n\n\n<p>Informa\u00e7\u00f5es coletadas automaticamente por meio deste Aplicativo (ou servi\u00e7os de terceiros empregados neste Aplicativo), que podem incluir: os endere\u00e7os IP ou nomes de dom\u00ednio dos computadores utilizados pelos Usu\u00e1rios que usam este Aplicativo, os endere\u00e7os URI (Identificador Uniforme de Recursos), o hora da solicita\u00e7\u00e3o, o m\u00e9todo utilizado para enviar a solicita\u00e7\u00e3o ao servidor, o tamanho do arquivo recebido em resposta, o c\u00f3digo num\u00e9rico que indica o status da resposta do servidor (resultado bem-sucedido, erro, etc.), o pa\u00eds de origem, os recursos do navegador e o sistema operacional utilizado pelo usu\u00e1rio, os v\u00e1rios detalhes de tempo por visita (por exemplo, o tempo gasto em cada p\u00e1gina dentro do aplicativo) e os detalhes sobre o caminho seguido dentro do aplicativo com refer\u00eancia especial \u00e0 sequ\u00eancia de p\u00e1ginas visitadas e outros par\u00e2metros sobre o sistema operacional do dispositivo e \/ ou o ambiente de TI do usu\u00e1rio.<\/p>\n\n\n\n<h5 class=\"wp-block-heading\">Do utilizador<\/h5>\n\n\n\n<p>O indiv\u00edduo que usa este Aplicativo que, a menos que especificado de outra forma, coincide com o Titular dos Dados.<\/p>\n\n\n\n<h5 class=\"wp-block-heading\">Assunto dos dados<\/h5>\n\n\n\n<p>A pessoa f\u00edsica a quem os Dados Pessoais se referem.<\/p>\n\n\n\n<h5 class=\"wp-block-heading\">Processador de dados (ou supervisor de dados)<\/h5>\n\n\n\n<p>A pessoa f\u00edsica ou jur\u00eddica, autoridade p\u00fablica, ag\u00eancia ou outro \u00f3rg\u00e3o que processa Dados Pessoais em nome do Controlador, conforme descrito nesta pol\u00edtica de privacidade.<\/p>\n\n\n\n<h5 class=\"wp-block-heading\">Controlador de dados (ou propriet\u00e1rio)<\/h5>\n\n\n\n<p>A pessoa f\u00edsica ou jur\u00eddica, autoridade p\u00fablica, ag\u00eancia ou outro \u00f3rg\u00e3o que, isoladamente ou em conjunto com outros, determine as finalidades e os meios de tratamento dos Dados Pessoais, incluindo as medidas de seguran\u00e7a relativas ao funcionamento e uso deste Aplicativo. O controlador de dados, a menos que especificado de outra forma, \u00e9 o propriet\u00e1rio deste aplicativo.<\/p>\n\n\n\n<h5 class=\"wp-block-heading\">Esta aplica\u00e7\u00e3o<\/h5>\n\n\n\n<p>O meio pelo qual os Dados Pessoais do Usu\u00e1rio s\u00e3o coletados e processados.<\/p>\n\n\n\n<h5 class=\"wp-block-heading\">Servi\u00e7o<\/h5>\n\n\n\n<p>O servi\u00e7o fornecido por este Aplicativo conforme descrito nos termos relativos (se dispon\u00edveis) e neste site \/ aplicativo.<\/p>\n\n\n\n<h5 class=\"wp-block-heading\">Uni\u00e3o Europeia (ou UE)<\/h5>\n\n\n\n<p>A menos que especificado de outra forma, todas as refer\u00eancias feitas neste documento \u00e0 Uni\u00e3o Europeia incluem todos os atuais estados membros da Uni\u00e3o Europeia e do Espa\u00e7o Econ\u00f4mico Europeu.<\/p>\n\n\n\n<h5 class=\"wp-block-heading\">Biscoitos<\/h5>\n\n\n\n<p>Pequenos conjuntos de dados armazenados no dispositivo do usu\u00e1rio.<\/p>\n\n\n\n<hr class=\"wp-block-separator\"\/>\n\n\n\n<h5 class=\"wp-block-heading\">Informa\u00e7\u00e3o legal<\/h5>\n\n\n\n<p>Esta declara\u00e7\u00e3o de privacidade foi preparada com base em disposi\u00e7\u00f5es de v\u00e1rias legisla\u00e7\u00f5es, incluindo o art. 13\/14 do Regulamento (UE) 2016\/679 (Regulamento Geral de Prote\u00e7\u00e3o de Dados).<\/p>\n\n\n\n<p>Esta pol\u00edtica de privacidade se refere exclusivamente a este Aplicativo, a menos que seja declarado de outra forma neste documento.<\/p>\n\n\n\n<p>\u00daltima atualiza\u00e7\u00e3o: 28 de janeiro de 2019<\/p>\n\n\n\n<p><a href=\"https:\/\/www.iubenda.com\/\">iubenda<\/a>&nbsp;hospeda este conte\u00fado e apenas coleta&nbsp;<a href=\"https:\/\/www.iubenda.com\/privacy-policy\/65675001\">os dados pessoais estritamente necess\u00e1rios<\/a>&nbsp;para que seja fornecido.<\/p>","protected":false},"excerpt":{"rendered":"<p>Cookie Policy of portal.rare.org Cookies consist of portions of code installed in the browser that assist the Owner in providing the Service according to the purposes described. Some of the purposes for which Cookies are installed may also require the User\u2019s consent. Where the installation of Cookies is based on [&hellip;]<\/p>\n","protected":false},"author":1,"featured_media":0,"parent":0,"menu_order":15,"comment_status":"closed","ping_status":"closed","template":"","meta":{"footnotes":""},"folder":[],"class_list":["post-5758","page","type-page","status-publish","hentry"],"featured_image_urls":{"full":"","thumbnail":"","medium":"","medium_large":"","large":"","1536x1536":"","2048x2048":"","trp-custom-language-flag":"","homepage-slider":"","homepage-slider-small":"","page-top":"","page-small":"","loop-main":"","thumb-gallery-widget":""},"post_excerpt_stackable":"<p>Cookie Policy of portal.rare.org Cookies consist of portions of code installed in the browser that assist the Owner in providing the Service according to the purposes described. Some of the purposes for which Cookies are installed may also require the User\u2019s consent. Where the installation of Cookies is based on consent, such consent can be freely withdrawn at any time following the instructions provided in this document. Technical Cookies and Cookies serving aggregated statistical purposes Activity strictly necessary for the functioning of the ServiceThis Application uses Cookies to save the User\u2019s session and to carry out other activities that are&hellip;<\/p>\n","category_list":"","author_info":{"name":"gstoyle@rare.org","url":"https:\/\/portal.rare.org\/pt\/author\/gstoylerare-org\/"},"comments_num":"0 comments","featured_image_urls_v2":{"full":"","thumbnail":"","medium":"","medium_large":"","large":"","1536x1536":"","2048x2048":"","trp-custom-language-flag":"","homepage-slider":"","homepage-slider-small":"","page-top":"","page-small":"","loop-main":"","thumb-gallery-widget":""},"post_excerpt_stackable_v2":"<p>Cookie Policy of portal.rare.org Cookies consist of portions of code installed in the browser that assist the Owner in providing the Service according to the purposes described. Some of the purposes for which Cookies are installed may also require the User\u2019s consent. Where the installation of Cookies is based on consent, such consent can be freely withdrawn at any time following the instructions provided in this document. Technical Cookies and Cookies serving aggregated statistical purposes Activity strictly necessary for the functioning of the ServiceThis Application uses Cookies to save the User\u2019s session and to carry out other activities that are&hellip;<\/p>\n","category_list_v2":"","author_info_v2":{"name":"gstoyle@rare.org","url":"https:\/\/portal.rare.org\/pt\/author\/gstoylerare-org\/"},"comments_num_v2":"0 comments","_links":{"self":[{"href":"https:\/\/portal.rare.org\/pt\/wp-json\/wp\/v2\/pages\/5758","targetHints":{"allow":["GET"]}}],"collection":[{"href":"https:\/\/portal.rare.org\/pt\/wp-json\/wp\/v2\/pages"}],"about":[{"href":"https:\/\/portal.rare.org\/pt\/wp-json\/wp\/v2\/types\/page"}],"author":[{"embeddable":true,"href":"https:\/\/portal.rare.org\/pt\/wp-json\/wp\/v2\/users\/1"}],"replies":[{"embeddable":true,"href":"https:\/\/portal.rare.org\/pt\/wp-json\/wp\/v2\/comments?post=5758"}],"version-history":[{"count":0,"href":"https:\/\/portal.rare.org\/pt\/wp-json\/wp\/v2\/pages\/5758\/revisions"}],"wp:attachment":[{"href":"https:\/\/portal.rare.org\/pt\/wp-json\/wp\/v2\/media?parent=5758"}],"wp:term":[{"taxonomy":"folder","embeddable":true,"href":"https:\/\/portal.rare.org\/pt\/wp-json\/wp\/v2\/folder?post=5758"}],"curies":[{"name":"wp","href":"https:\/\/api.w.org\/{rel}","templated":true}]}}