{"id":5993,"date":"2020-11-22T18:10:48","date_gmt":"2020-11-22T18:10:48","guid":{"rendered":"https:\/\/portal.rare.org\/?page_id=5993"},"modified":"2021-05-17T18:49:27","modified_gmt":"2021-05-17T18:49:27","slug":"letter-to-our-local-government-partners","status":"publish","type":"page","link":"https:\/\/portal.rare.org\/pt\/policy-governance\/letter-to-our-local-government-partners\/","title":{"rendered":"Dia Mundial da Pesca"},"content":{"rendered":"<p>Assista ao v\u00eddeo a seguir para descobrir Fish Forever e as respostas dos parceiros durante a Covid-19\u2026<\/p>\n\n\n\n<div class=\"wp-block-ugb-video-popup ugb-video-popup ugb-7d5a624 ugb-video-popup--v3 ugb-main-block\"><style>.ugb-7d5a624 .ugb-video-popup__wrapper{background-color:#000000;background-image:url(https:\/\/portal.rare.org\/wp-content\/uploads\/2021\/05\/2021-05-17_14-46-26.jpg)}.ugb-7d5a624 .ugb-video-popup__wrapper:before{background-color:#000000;opacity:0.5}.ugb-7d5a624 .ugb-video-popup__wrapper:hover:before{opacity:0.2}<\/style><div class=\"ugb-inner-block\"><div class=\"ugb-block-content\"><div class=\"ugb-video-popup__wrapper ugb--has-background-overlay\" data-video=\"https:\/\/portal.rare.org\/wp-content\/uploads\/2020\/11\/local_leaders.mp4\"><button class=\"ugb-video-popup__overlay\" aria-label=\"Jogar\"><span class=\"ugb-video-popup__play-button\"><svg viewbox=\"0 0 256 320\" xmlns=\"http:\/\/www.w3.org\/2000\/svg\" class=\"ugb-play-button-normal\" width=\"30\" height=\"30\"><path d=\"M0 0v320l256-160L0 0z\"><\/path><\/svg><\/span><\/button><\/div><\/div><\/div><\/div>\n\n\n\n<div class=\"wp-block-ugb-container ugb-container ugb-52abc7d ugb-container--v2 ugb-container--design-basic ugb-main-block\"><style>@media screen and (min-width:768px){.ugb-52abc7d.ugb-container{padding-top:0px !important}.ugb-52abc7d > .ugb-inner-block > .ugb-block-content > *{min-height:0px}}@media screen and (min-width:768px){.ugb-52abc7d > .ugb-inner-block > .ugb-block-content > *{padding-top:19px !important;padding-bottom:24px !important}}<\/style><div class=\"ugb-inner-block\"><div class=\"ugb-block-content\"><div class=\"ugb-container__wrapper ugb-52abc7d-wrapper\"><div class=\"ugb-container__side\"><div class=\"ugb-container__content-wrapper ugb-52abc7d-content-wrapper\">\n<div class=\"wp-block-image\"><figure class=\"alignright size-large is-resized\"><img loading=\"lazy\" decoding=\"async\" src=\"https:\/\/portal.rare.org\/wp-content\/uploads\/2020\/11\/image-1.png\" alt=\"\" class=\"wp-image-6007\" width=\"59\" height=\"80\" srcset=\"https:\/\/portal.rare.org\/wp-content\/uploads\/2020\/11\/image-1.png 251w, https:\/\/portal.rare.org\/wp-content\/uploads\/2020\/11\/image-1-222x300.png 222w, https:\/\/portal.rare.org\/wp-content\/uploads\/2020\/11\/image-1-9x12.png 9w\" sizes=\"auto, (max-width: 59px) 100vw, 59px\" \/><\/figure><\/div>\n\n\n\n<p>21 de novembro de 2020<\/p>\n\n\n\n<p>Aos nossos Parceiros Governamentais Locais<\/p>\n\n\n\n<p class=\"has-text-align-center\"><strong>Dia Mundial da Pesca<br><\/strong><em>Comemorando l\u00edderes locais e comunidades em todo o mundo<\/em><\/p>\n\n\n\n<p>J\u00e1 se passaram mais de oito meses desde que a Organiza\u00e7\u00e3o Mundial da Sa\u00fade declarou a pandemia global COVID-19. Todas as na\u00e7\u00f5es e todas as comunidades sentiram os impactos econ\u00f4micos e na sa\u00fade desse v\u00edrus, e todos n\u00f3s continuamos a enfrentar desafios sem precedentes \u00e0 medida que avan\u00e7amos para o final de 2020.<\/p>\n\n\n\n<p>Hoje reconhecemos o Dia Mundial da Pesca e gostaria de aproveitar esta oportunidade para agradecer especialmente a cada um de voc\u00eas e \u00e0s comunidades costeiras que representam em todo o mundo em nome da Rare e do programa Fish Forever. Durante um ano t\u00e3o complicado, sua perseveran\u00e7a em continuar a buscar a reforma da pesca costeira com a miss\u00e3o de salvaguardar os alimentos e meios de subsist\u00eancia das comunidades costeiras e proteger os ecossistemas dos quais todos dependemos \u00e9 um testemunho poderoso de sua lideran\u00e7a.<\/p>\n\n\n\n<p>Quer\u00edamos reconhecer especificamente que esses esfor\u00e7os continuam em pa\u00edses ao redor do mundo, de parceiros em Honduras e nas Filipinas que lan\u00e7aram campanhas inspiradoras para mobilizar a a\u00e7\u00e3o comunit\u00e1ria, a l\u00edderes governamentais da Indon\u00e9sia e do Brasil que aderiram ao compromisso de apoiar comunidades pesqueiras saud\u00e1veis e sustent\u00e1veis, aos governos estaduais em Palau que se comprometem a fazer avan\u00e7ar o seu trabalho de resili\u00eancia clim\u00e1tica e a\u00e7\u00e3o para as comunidades costeiras, para a aprova\u00e7\u00e3o de um regulamento marco em Mo\u00e7ambique que reconhece \u00e1reas administradas pela comunidade e reservas designadas localmente. O movimento global continua, e cada um de voc\u00eas est\u00e1 no centro dele.<\/p>\n\n\n\n<p>Enquanto os impactos e implica\u00e7\u00f5es do COVID-19 continuam a se desdobrar em todo o mundo, Fish Forever tem ajustado e mudado abordagens para se adaptar \u00e0 nova realidade. Mas eu queria reafirmar que temos o mesmo compromisso: continuar a apoiar as comunidades e o governo neste importante esfor\u00e7o para conectar a prote\u00e7\u00e3o efetiva do habitat cr\u00edtico com a produ\u00e7\u00e3o sustent\u00e1vel da pesca local. E agora, mais do que nunca, para destacar que essas pescarias s\u00e3o uma parte essencial da economia produtiva e devem permanecer uma prioridade durante a recupera\u00e7\u00e3o que se aproxima.<\/p>\n\n\n\n<p>Para discutir essas iniciativas, as novas abordagens para 2021 e como todos n\u00f3s podemos manter o \u00edmpeto e a colabora\u00e7\u00e3o, a Rede Global de L\u00edderes do Governo Local ter\u00e1 sua primeira reuni\u00e3o e sess\u00e3o de atividades no in\u00edcio do pr\u00f3ximo ano. Ele reunir\u00e1 os prefeitos parceiros em uma plataforma virtual conectando-se de todas as partes do mundo para trocar experi\u00eancias, aprender uns com os outros e identificar solu\u00e7\u00f5es juntos.<\/p>\n\n\n\n<p>Espero que cada um de voc\u00eas tenha orgulho de fazer parte da maior coaliz\u00e3o de l\u00edderes governamentais locais comprometidos com a reforma da pesca costeira. Seu compromisso com a resposta, pol\u00edtica e a\u00e7\u00e3o local se combinam para formar uma voz coletiva e o poder de fornecer uma solu\u00e7\u00e3o verdadeiramente global. Agradecemos seu compromisso cont\u00ednuo e estamos ansiosos para trabalhar com todos voc\u00eas.<img loading=\"lazy\" decoding=\"async\" width=\"116\" height=\"63\" src=\"\">Feliz Dia Mundial da Pesca para todos.<\/p>\n\n\n\n<p>Com os melhores cumprimentos,<\/p>\n\n\n\n<div class=\"wp-block-image\"><figure class=\"alignleft size-large is-resized\"><img loading=\"lazy\" decoding=\"async\" src=\"https:\/\/portal.rare.org\/wp-content\/uploads\/2020\/11\/image.png\" alt=\"\" class=\"wp-image-5994\" width=\"197\" height=\"90\" srcset=\"https:\/\/portal.rare.org\/wp-content\/uploads\/2020\/11\/image.png 419w, https:\/\/portal.rare.org\/wp-content\/uploads\/2020\/11\/image-300x137.png 300w, https:\/\/portal.rare.org\/wp-content\/uploads\/2020\/11\/image-16x7.png 16w\" sizes=\"auto, (max-width: 197px) 100vw, 197px\" \/><\/figure><\/div>\n\n\n\n<p><\/p>\n\n\n\n<p><\/p>\n\n\n\n<p><\/p>\n\n\n\n<p><br><br><br><br><br><\/p>\n\n\n\n<p>Stephen Box<br>Diretor Administrativo, Fish Forever<\/p>\n<\/div><\/div><\/div><\/div><\/div><\/div>\n\n\n\n<div class=\"wp-block-buttons is-content-justification-center is-layout-flex wp-block-buttons-is-layout-flex\">\n<div class=\"wp-block-button\"><a class=\"wp-block-button__link\" href=\"https:\/\/portal.rare.org\/wp-content\/uploads\/2020\/11\/Nov-21-Letter-to-Local-Governments-Signed.pdf\" target=\"_blank\" rel=\"noreferrer noopener\">Baixar carta em PDF<\/a><\/div>\n<\/div>","protected":false},"excerpt":{"rendered":"<p>Watch the following video to find out Fish Forever and Partner Responses during Covid-19&#8230; November 21, 2020 To our Local Government Partners World Fisheries DayCelebrating local leaders and communities around the world It has been over eight months since the World Health Organization declared the COVID-19 global pandemic. All nations [&hellip;]<\/p>\n","protected":false},"author":1,"featured_media":0,"parent":5374,"menu_order":4,"comment_status":"closed","ping_status":"closed","template":"template-fullwidth.php","meta":{"footnotes":""},"folder":[371],"class_list":["post-5993","page","type-page","status-publish","hentry"],"featured_image_urls":{"full":"","thumbnail":"","medium":"","medium_large":"","large":"","1536x1536":"","2048x2048":"","trp-custom-language-flag":"","homepage-slider":"","homepage-slider-small":"","page-top":"","page-small":"","loop-main":"","thumb-gallery-widget":""},"post_excerpt_stackable":"<p>Watch the following video to find out Fish Forever and Partner Responses during Covid-19&#8230; November 21, 2020 To our Local Government Partners World Fisheries DayCelebrating local leaders and communities around the world It has been over eight months since the World Health Organization declared the COVID-19 global pandemic. All nations and every community have felt the health and economic impacts of this virus, and we all continue to face unprecedented challenges as we move towards the end of 2020. Today we recognize World Fisheries Day, and I wanted to take this opportunity to pay a special thanks to each of&hellip;<\/p>\n","category_list":"","author_info":{"name":"gstoyle@rare.org","url":"https:\/\/portal.rare.org\/pt\/author\/gstoylerare-org\/"},"comments_num":"0 comments","featured_image_urls_v2":{"full":"","thumbnail":"","medium":"","medium_large":"","large":"","1536x1536":"","2048x2048":"","trp-custom-language-flag":"","homepage-slider":"","homepage-slider-small":"","page-top":"","page-small":"","loop-main":"","thumb-gallery-widget":""},"post_excerpt_stackable_v2":"<p>Watch the following video to find out Fish Forever and Partner Responses during Covid-19&#8230; November 21, 2020 To our Local Government Partners World Fisheries DayCelebrating local leaders and communities around the world It has been over eight months since the World Health Organization declared the COVID-19 global pandemic. All nations and every community have felt the health and economic impacts of this virus, and we all continue to face unprecedented challenges as we move towards the end of 2020. Today we recognize World Fisheries Day, and I wanted to take this opportunity to pay a special thanks to each of&hellip;<\/p>\n","category_list_v2":"","author_info_v2":{"name":"gstoyle@rare.org","url":"https:\/\/portal.rare.org\/pt\/author\/gstoylerare-org\/"},"comments_num_v2":"0 comments","_links":{"self":[{"href":"https:\/\/portal.rare.org\/pt\/wp-json\/wp\/v2\/pages\/5993","targetHints":{"allow":["GET"]}}],"collection":[{"href":"https:\/\/portal.rare.org\/pt\/wp-json\/wp\/v2\/pages"}],"about":[{"href":"https:\/\/portal.rare.org\/pt\/wp-json\/wp\/v2\/types\/page"}],"author":[{"embeddable":true,"href":"https:\/\/portal.rare.org\/pt\/wp-json\/wp\/v2\/users\/1"}],"replies":[{"embeddable":true,"href":"https:\/\/portal.rare.org\/pt\/wp-json\/wp\/v2\/comments?post=5993"}],"version-history":[{"count":0,"href":"https:\/\/portal.rare.org\/pt\/wp-json\/wp\/v2\/pages\/5993\/revisions"}],"up":[{"embeddable":true,"href":"https:\/\/portal.rare.org\/pt\/wp-json\/wp\/v2\/pages\/5374"}],"wp:attachment":[{"href":"https:\/\/portal.rare.org\/pt\/wp-json\/wp\/v2\/media?parent=5993"}],"wp:term":[{"taxonomy":"folder","embeddable":true,"href":"https:\/\/portal.rare.org\/pt\/wp-json\/wp\/v2\/folder?post=5993"}],"curies":[{"name":"wp","href":"https:\/\/api.w.org\/{rel}","templated":true}]}}